{"id":1003,"date":"2011-08-12T23:12:33","date_gmt":"2011-08-12T21:12:33","guid":{"rendered":"http:\/\/museumek.eu\/?page_id=1003"},"modified":"2012-07-28T12:46:22","modified_gmt":"2012-07-28T10:46:22","slug":"axii2","status":"publish","type":"page","link":"http:\/\/museumek.eu\/?page_id=1003","title":{"rendered":"A\/XII\/2"},"content":{"rendered":"<p><strong>Abteilung Austria\/Ungarn\/B\u00f6hmen, Keramik 1860 \u2013 1960, Inventarnummer A\/XII\/2<\/strong><\/p>\n<p>Manufaktur Eduard Klablena (attr.), Austria, Langenzersdorf (Ausf. evtl. Magdeburg), um 1910, Krug, K\u00fcnstler Eduard Klablena, Werks.-Nr. ohne, Exemplar Nr. Unikat, gemarkt gespiegeltes EK sowie Handarbeit gemalt, signiert = gemarkt, Literatur: Waltraud Neuwirth, Wiener Keramik, Seite 476, wie Marke 169, vermutlich eine seiner ersten keramischen Arbeiten aus der Zeit um 1910, als er im Raum Magdeburg bei einem einheimischem T\u00f6pfer das Arbeiten mit Keramik gelernt hat, siehe dazu auch Literatur: Uta M. Matschiner, Wiener Kunstkeramik und Porzellanmanufaktur Keramos, Seite 206, Biografie des K\u00fcnstlers, der Krug ist noch nicht perfekt ausgef\u00fchrt, Werk eines Lernenden, H\u00f6he 24 cm, Breite 21 cm<\/p>\n<p><a href=\"http:\/\/museumek.eu\/wp-content\/uploads\/2011\/08\/Museum-Europ\u00e4ischer-Keramikkunst-866.jpg\"><img loading=\"lazy\" src=\"http:\/\/museumek.eu\/wp-content\/uploads\/2011\/08\/Museum-Europ\u00e4ischer-Keramikkunst-866-269x300.jpg\" alt=\"\" title=\"Museum Europ\u00e4ischer Keramikkunst 866\" width=\"269\" height=\"300\" class=\"alignnone size-medium wp-image-2413\" srcset=\"http:\/\/museumek.eu\/wp-content\/uploads\/2011\/08\/Museum-Europ\u00e4ischer-Keramikkunst-866-269x300.jpg 269w, http:\/\/museumek.eu\/wp-content\/uploads\/2011\/08\/Museum-Europ\u00e4ischer-Keramikkunst-866.jpg 633w\" sizes=\"(max-width: 269px) 100vw, 269px\" \/><\/a><\/p>\n<p><a href=\"http:\/\/museumek.eu\/wp-content\/uploads\/2011\/08\/Museum-Europ\u00e4ischer-Keramikkunst-868.jpg\"><img loading=\"lazy\" src=\"http:\/\/museumek.eu\/wp-content\/uploads\/2011\/08\/Museum-Europ\u00e4ischer-Keramikkunst-868-300x164.jpg\" alt=\"\" title=\"Museum Europ\u00e4ischer Keramikkunst 868\" width=\"300\" height=\"164\" class=\"alignnone size-medium wp-image-2414\" srcset=\"http:\/\/museumek.eu\/wp-content\/uploads\/2011\/08\/Museum-Europ\u00e4ischer-Keramikkunst-868-300x164.jpg 300w, http:\/\/museumek.eu\/wp-content\/uploads\/2011\/08\/Museum-Europ\u00e4ischer-Keramikkunst-868-500x274.jpg 500w, http:\/\/museumek.eu\/wp-content\/uploads\/2011\/08\/Museum-Europ\u00e4ischer-Keramikkunst-868.jpg 764w\" sizes=\"(max-width: 300px) 100vw, 300px\" \/><\/a><\/p>\n","protected":false},"excerpt":{"rendered":"<p>Abteilung Austria\/Ungarn\/B\u00f6hmen, Keramik 1860 \u2013 1960, Inventarnummer A\/XII\/2 Manufaktur Eduard Klablena (attr.), Austria, Langenzersdorf (Ausf. evtl. Magdeburg), um 1910, Krug, K\u00fcnstler Eduard Klablena, Werks.-Nr. ohne, Exemplar Nr. Unikat, gemarkt gespiegeltes EK sowie Handarbeit gemalt, signiert = gemarkt, Literatur: Waltraud Neuwirth, &hellip; <a href=\"http:\/\/museumek.eu\/?page_id=1003\">Weiterlesen <span class=\"meta-nav\">&rarr;<\/span><\/a><\/p>\n","protected":false},"author":1,"featured_media":0,"parent":995,"menu_order":2,"comment_status":"open","ping_status":"open","template":"","meta":[],"_links":{"self":[{"href":"http:\/\/museumek.eu\/index.php?rest_route=\/wp\/v2\/pages\/1003"}],"collection":[{"href":"http:\/\/museumek.eu\/index.php?rest_route=\/wp\/v2\/pages"}],"about":[{"href":"http:\/\/museumek.eu\/index.php?rest_route=\/wp\/v2\/types\/page"}],"author":[{"embeddable":true,"href":"http:\/\/museumek.eu\/index.php?rest_route=\/wp\/v2\/users\/1"}],"replies":[{"embeddable":true,"href":"http:\/\/museumek.eu\/index.php?rest_route=%2Fwp%2Fv2%2Fcomments&post=1003"}],"version-history":[{"count":6,"href":"http:\/\/museumek.eu\/index.php?rest_route=\/wp\/v2\/pages\/1003\/revisions"}],"predecessor-version":[{"id":12092,"href":"http:\/\/museumek.eu\/index.php?rest_route=\/wp\/v2\/pages\/1003\/revisions\/12092"}],"up":[{"embeddable":true,"href":"http:\/\/museumek.eu\/index.php?rest_route=\/wp\/v2\/pages\/995"}],"wp:attachment":[{"href":"http:\/\/museumek.eu\/index.php?rest_route=%2Fwp%2Fv2%2Fmedia&parent=1003"}],"curies":[{"name":"wp","href":"https:\/\/api.w.org\/{rel}","templated":true}]}}