{"id":10048,"date":"2012-05-28T12:25:59","date_gmt":"2012-05-28T10:25:59","guid":{"rendered":"http:\/\/museumek.eu\/?page_id=10048"},"modified":"2012-05-28T12:29:07","modified_gmt":"2012-05-28T10:29:07","slug":"fxx1","status":"publish","type":"page","link":"http:\/\/museumek.eu\/?page_id=10048","title":{"rendered":"F\/XX\/1"},"content":{"rendered":"<p><strong>Abteilung Frankreich, Keramik 1860 \u2013 1960, Inventarnummer F\/XX\/1<\/strong><\/p>\n<p>Manufaktur Arthur Goldscheider (\u00c9diteur d\u2019art), Frankreich, Paris, 1901, Vase mit floraler Bemalung und nackter Frau, K\u00fcnstler unbekannt, Werks.-Nr. nicht gedeutet, wohl Unikat, Exemplar Nr. ohne, gemarkt Rundstempel Arthur Goldscheider, weiterhin gestempelt eine flache Kanne im Jugendstildesign, diverse Beschriftungen mit Bleistift.<\/p>\n<p>Deutungsversuch: Die Beschriftung des Goldscheiderstempels ist schwer lesbar, eindeutig ist das A.G. und ceramique lesbar, dieser Stempel \u00e4hnelt den Rundstempeln im Goldscheider Werkverzeichnis, wird aber dort nicht aufgef\u00fchrt. Produktionsbedingt hat die Vase in der Bodenmitte ein Loch, dieses wurde vor dem Glasieren verschlossen. Innen befindet sich Glasur \u00fcber dem Stopfen. Von au\u00dfen wurde der Stopfen mit einer keramischen Masse versiegelt. Danach wurde gestempelt und beschriftet. Der A.G. Rundstempel ist eindeutig. Der Stempel der Kanne im Jugendstildesign ist \u00fcber den St\u00f6pselverschlu\u00df und gegen\u00fcber dem A.G. Stempel quer angebracht und schwach sichtbar. <\/p>\n<p>Aus unterschiedlichen Betrachtungsrichtungen ergeben sich unterschiedliche Interpretationen der Beschriftung. <\/p>\n<p>Bei auf den Kopf gestellten A.G. Rundstempel ergibt sich folgende Lesart: A \u2026 weiteres nicht lesbar, Bruchstrich, darunter 591 (diese Lesart wird f\u00fcr unwahrscheinlich gehalten, weil Sie zu dem A.G. Rundstempel auf dem Kopf stehen w\u00fcrde und weil man wohl 1901 so kein A geschrieben h\u00e4tte. Die zweite Beschriftung, von der eindeutig 62 lesbar ist, ist dann senkrecht \u00fcber dem A angebracht, auch eher unwahrscheinlich.<\/p>\n<p>Wahrscheinlicher ist, dass es sich um zwei Markungen handelt, die jeweils mit einem Stempel und einer zugeh\u00f6rigen Beschriftung zu deuten sind. <\/p>\n<p>Erste Beschriftung A.G. Rundstempel, dazu 165 (als Modellnummer) unter 165 nicht lesbare Buchstaben oder Zahlen, beides mit Bleistift. <\/p>\n<p>Zweite Beschriftung Kannenstempel, dazu mit Bleistift gespiegeltes ED (f\u00fcr Emile Decoeur, evtl. ausgef\u00fchrt in der Werkstatt von Edmond Lachenal) danach mit Abstand, nicht lesbare Zeichen und 62. Gespiegeltes ED ist wahrscheinlich, da man wohl ein D allein so nicht geschrieben h\u00e4tte.<br \/>\nWeiterhin wurde aus der Vasenoberfl\u00e4che ein Oval ausgeschnitten, in welches mit dem von Arthur Goldscheider 1901 in Wien patentierten Verfahren, \u201ezur Herstellung einer durchscheinenden und undurchsichtigen Email ersetzenden Masse\u201c, eine sitzende nackte Frau aufmodelliert wurde.<br \/>\nLiteratur: Robert E. Dechant\/Filipp Goldscheider, Firmengeschichte und Werkverzeichnis, Seite 228 ff. Beschreibung T\u00e4tigkeit von Arthur Goldscheider in Paris und seines Patents sowie Seite 608 Varianten des A.G. Rundstempels, weitere Literatur: Gisela Reineking von Bock u. Carl-Wolfgang Sch\u00fcmann, Kunstgewerbemuseum der Stadt K\u00f6ln, Sammlung Gertrud und Dr. Karl Funke-Kaiser, Keramik Vom Historismus bis zur Gegenwart, Seite 394, Markentafel II, Marke Nr. 14 (gemalte Marke Emile Decoeur)<br \/>\nH\u00f6he 22 cm, Breite 12 cm<\/p>\n<p><a href=\"http:\/\/museumek.eu\/wp-content\/uploads\/2012\/05\/Museum-Europ\u00e4ischer-Keramikkunst-21511.jpg\"><img loading=\"lazy\" src=\"http:\/\/museumek.eu\/wp-content\/uploads\/2012\/05\/Museum-Europ\u00e4ischer-Keramikkunst-21511-169x300.jpg\" alt=\"\" title=\"Museum Europ\u00e4ischer Keramikkunst 2151\" width=\"169\" height=\"300\" class=\"alignnone size-medium wp-image-10049\" srcset=\"http:\/\/museumek.eu\/wp-content\/uploads\/2012\/05\/Museum-Europ\u00e4ischer-Keramikkunst-21511-169x300.jpg 169w, http:\/\/museumek.eu\/wp-content\/uploads\/2012\/05\/Museum-Europ\u00e4ischer-Keramikkunst-21511.jpg 555w\" sizes=\"(max-width: 169px) 100vw, 169px\" \/><\/a><\/p>\n<p><a href=\"http:\/\/museumek.eu\/wp-content\/uploads\/2012\/05\/Museum-Europ\u00e4ischer-Keramikkunst-2138.jpg\"><img loading=\"lazy\" src=\"http:\/\/museumek.eu\/wp-content\/uploads\/2012\/05\/Museum-Europ\u00e4ischer-Keramikkunst-2138-243x300.jpg\" alt=\"\" title=\"Museum Europ\u00e4ischer Keramikkunst 2138\" width=\"243\" height=\"300\" class=\"alignnone size-medium wp-image-10050\" srcset=\"http:\/\/museumek.eu\/wp-content\/uploads\/2012\/05\/Museum-Europ\u00e4ischer-Keramikkunst-2138-243x300.jpg 243w, http:\/\/museumek.eu\/wp-content\/uploads\/2012\/05\/Museum-Europ\u00e4ischer-Keramikkunst-2138.jpg 511w\" sizes=\"(max-width: 243px) 100vw, 243px\" \/><\/a><\/p>\n<p><a href=\"http:\/\/museumek.eu\/wp-content\/uploads\/2012\/05\/Museum-Europ\u00e4ischer-Keramikkunst-2153.jpg\"><img loading=\"lazy\" src=\"http:\/\/museumek.eu\/wp-content\/uploads\/2012\/05\/Museum-Europ\u00e4ischer-Keramikkunst-2153-252x300.jpg\" alt=\"\" title=\"Museum Europ\u00e4ischer Keramikkunst 2153\" width=\"252\" height=\"300\" class=\"alignnone size-medium wp-image-10051\" srcset=\"http:\/\/museumek.eu\/wp-content\/uploads\/2012\/05\/Museum-Europ\u00e4ischer-Keramikkunst-2153-252x300.jpg 252w, http:\/\/museumek.eu\/wp-content\/uploads\/2012\/05\/Museum-Europ\u00e4ischer-Keramikkunst-2153.jpg 768w\" sizes=\"(max-width: 252px) 100vw, 252px\" \/><\/a><\/p>\n<p><a href=\"http:\/\/museumek.eu\/wp-content\/uploads\/2012\/05\/Museum-Europ\u00e4ischer-Keramikkunst-2152.jpg\"><img loading=\"lazy\" src=\"http:\/\/museumek.eu\/wp-content\/uploads\/2012\/05\/Museum-Europ\u00e4ischer-Keramikkunst-2152-139x300.jpg\" alt=\"\" title=\"Museum Europ\u00e4ischer Keramikkunst 2152\" width=\"139\" height=\"300\" class=\"alignnone size-medium wp-image-10052\" srcset=\"http:\/\/museumek.eu\/wp-content\/uploads\/2012\/05\/Museum-Europ\u00e4ischer-Keramikkunst-2152-139x300.jpg 139w, http:\/\/museumek.eu\/wp-content\/uploads\/2012\/05\/Museum-Europ\u00e4ischer-Keramikkunst-2152.jpg 260w\" sizes=\"(max-width: 139px) 100vw, 139px\" \/><\/a><\/p>\n<p><a href=\"http:\/\/museumek.eu\/wp-content\/uploads\/2012\/05\/Museum-Europ\u00e4ischer-Keramikkunst-2142.jpg\"><img loading=\"lazy\" src=\"http:\/\/museumek.eu\/wp-content\/uploads\/2012\/05\/Museum-Europ\u00e4ischer-Keramikkunst-2142-300x268.jpg\" alt=\"\" title=\"Museum Europ\u00e4ischer Keramikkunst 2142\" width=\"300\" height=\"268\" class=\"alignnone size-medium wp-image-10053\" srcset=\"http:\/\/museumek.eu\/wp-content\/uploads\/2012\/05\/Museum-Europ\u00e4ischer-Keramikkunst-2142-300x268.jpg 300w, http:\/\/museumek.eu\/wp-content\/uploads\/2012\/05\/Museum-Europ\u00e4ischer-Keramikkunst-2142-335x300.jpg 335w, http:\/\/museumek.eu\/wp-content\/uploads\/2012\/05\/Museum-Europ\u00e4ischer-Keramikkunst-2142.jpg 672w\" sizes=\"(max-width: 300px) 100vw, 300px\" \/><\/a><\/p>\n<p><a href=\"http:\/\/museumek.eu\/wp-content\/uploads\/2012\/05\/Museum-Europ\u00e4ischer-Keramikkunst-2140.jpg\"><img loading=\"lazy\" src=\"http:\/\/museumek.eu\/wp-content\/uploads\/2012\/05\/Museum-Europ\u00e4ischer-Keramikkunst-2140-300x284.jpg\" alt=\"\" title=\"Museum Europ\u00e4ischer Keramikkunst 2140\" width=\"300\" height=\"284\" class=\"alignnone size-medium wp-image-10054\" srcset=\"http:\/\/museumek.eu\/wp-content\/uploads\/2012\/05\/Museum-Europ\u00e4ischer-Keramikkunst-2140-300x284.jpg 300w, http:\/\/museumek.eu\/wp-content\/uploads\/2012\/05\/Museum-Europ\u00e4ischer-Keramikkunst-2140-316x300.jpg 316w, http:\/\/museumek.eu\/wp-content\/uploads\/2012\/05\/Museum-Europ\u00e4ischer-Keramikkunst-2140.jpg 648w\" sizes=\"(max-width: 300px) 100vw, 300px\" \/><\/a><\/p>\n<p><a href=\"http:\/\/museumek.eu\/wp-content\/uploads\/2012\/05\/Museum-Europ\u00e4ischer-Keramikkunst-2141.jpg\"><img loading=\"lazy\" src=\"http:\/\/museumek.eu\/wp-content\/uploads\/2012\/05\/Museum-Europ\u00e4ischer-Keramikkunst-2141-287x300.jpg\" alt=\"\" title=\"Museum Europ\u00e4ischer Keramikkunst 2141\" width=\"287\" height=\"300\" class=\"alignnone size-medium wp-image-10055\" srcset=\"http:\/\/museumek.eu\/wp-content\/uploads\/2012\/05\/Museum-Europ\u00e4ischer-Keramikkunst-2141-287x300.jpg 287w, http:\/\/museumek.eu\/wp-content\/uploads\/2012\/05\/Museum-Europ\u00e4ischer-Keramikkunst-2141.jpg 624w\" sizes=\"(max-width: 287px) 100vw, 287px\" \/><\/a><\/p>\n","protected":false},"excerpt":{"rendered":"<p>Abteilung Frankreich, Keramik 1860 \u2013 1960, Inventarnummer F\/XX\/1 Manufaktur Arthur Goldscheider (\u00c9diteur d\u2019art), Frankreich, Paris, 1901, Vase mit floraler Bemalung und nackter Frau, K\u00fcnstler unbekannt, Werks.-Nr. nicht gedeutet, wohl Unikat, Exemplar Nr. ohne, gemarkt Rundstempel Arthur Goldscheider, weiterhin gestempelt eine &hellip; <a href=\"http:\/\/museumek.eu\/?page_id=10048\">Weiterlesen <span class=\"meta-nav\">&rarr;<\/span><\/a><\/p>\n","protected":false},"author":1,"featured_media":0,"parent":10045,"menu_order":1,"comment_status":"closed","ping_status":"open","template":"","meta":[],"_links":{"self":[{"href":"http:\/\/museumek.eu\/index.php?rest_route=\/wp\/v2\/pages\/10048"}],"collection":[{"href":"http:\/\/museumek.eu\/index.php?rest_route=\/wp\/v2\/pages"}],"about":[{"href":"http:\/\/museumek.eu\/index.php?rest_route=\/wp\/v2\/types\/page"}],"author":[{"embeddable":true,"href":"http:\/\/museumek.eu\/index.php?rest_route=\/wp\/v2\/users\/1"}],"replies":[{"embeddable":true,"href":"http:\/\/museumek.eu\/index.php?rest_route=%2Fwp%2Fv2%2Fcomments&post=10048"}],"version-history":[{"count":4,"href":"http:\/\/museumek.eu\/index.php?rest_route=\/wp\/v2\/pages\/10048\/revisions"}],"predecessor-version":[{"id":10058,"href":"http:\/\/museumek.eu\/index.php?rest_route=\/wp\/v2\/pages\/10048\/revisions\/10058"}],"up":[{"embeddable":true,"href":"http:\/\/museumek.eu\/index.php?rest_route=\/wp\/v2\/pages\/10045"}],"wp:attachment":[{"href":"http:\/\/museumek.eu\/index.php?rest_route=%2Fwp%2Fv2%2Fmedia&parent=10048"}],"curies":[{"name":"wp","href":"https:\/\/api.w.org\/{rel}","templated":true}]}}