{"id":10262,"date":"2012-06-06T00:07:05","date_gmt":"2012-06-05T22:07:05","guid":{"rendered":"http:\/\/museumek.eu\/?page_id=10262"},"modified":"2013-04-17T00:28:01","modified_gmt":"2013-04-16T22:28:01","slug":"fotos-und-beschreibung","status":"publish","type":"page","link":"http:\/\/museumek.eu\/?page_id=10262","title":{"rendered":"Fotos und Beschreibung"},"content":{"rendered":"<p><strong>Abteilung Deutschland, Keramik 1860 \u2013 1960, Inventarnummer D\/XLIV\/1<\/strong><\/p>\n<p>Manufaktur K\u00f6nigliche Porzellan-Manufaktur Nymphenburg, Deutschland, M\u00fcnchen, 1902, Deckelterrine, K\u00fcnstler Max Rossbach und Hermann Gradl, Werks.-Nr. 1334 (Dekornummer), Exemplar Nr. ohne, gemarkt Manufakturmarke Nymphenburg blauer Stempel unter Glasur, gesetzlich gesch\u00fctzt roter Stempel auf Glasur, 1334, 128 sowie XVIII gr\u00fcn auf Glasur gemalt, nicht signiert, Formentwurf Max Rossbach, Dekorentwurf Anton Gradl (Gradl schuf f\u00fcr das Dekor \u201eModern\u201c bzw. \u201eModern S\u201c verschiedene Blumendekore), Dekor bezeichnet mit \u201eModern S\u201c als Nachfolger des Dekor\u2019s \u201eModern\u201c, welches f\u00fcr die Weltausstellung 1900 in Paris entworfen wurde, 1902 \u00e4nderte Rossbach etwas die Form in \u201eModern S\u201c, siehe auch Auktionshaus Quittenbaum, Jugendstil \u2013 Art D\u00e9co, Jubil\u00e4umsauktion vom 29.04.2008, Seite 251, Lot 605, identische Deckelterrine, H\u00f6he 13,7 cm, Breite 29,7 cm<\/p>\n<p><a href=\"http:\/\/museumek.eu\/wp-content\/uploads\/2012\/06\/Museum-Europ\u00e4ischer-Keramikkunst-2025.jpg\"><img loading=\"lazy\" src=\"http:\/\/museumek.eu\/wp-content\/uploads\/2012\/06\/Museum-Europ\u00e4ischer-Keramikkunst-2025-300x180.jpg\" alt=\"\" title=\"Museum Europ\u00e4ischer Keramikkunst 2025\" width=\"300\" height=\"180\" class=\"alignnone size-medium wp-image-10252\" srcset=\"http:\/\/museumek.eu\/wp-content\/uploads\/2012\/06\/Museum-Europ\u00e4ischer-Keramikkunst-2025-300x180.jpg 300w, http:\/\/museumek.eu\/wp-content\/uploads\/2012\/06\/Museum-Europ\u00e4ischer-Keramikkunst-2025-500x300.jpg 500w, http:\/\/museumek.eu\/wp-content\/uploads\/2012\/06\/Museum-Europ\u00e4ischer-Keramikkunst-2025.jpg 901w\" sizes=\"(max-width: 300px) 100vw, 300px\" \/><\/a><\/p>\n<p><a href=\"http:\/\/museumek.eu\/wp-content\/uploads\/2012\/06\/Museum-Europ\u00e4ischer-Keramikkunst-2027.jpg\"><img loading=\"lazy\" src=\"http:\/\/museumek.eu\/wp-content\/uploads\/2012\/06\/Museum-Europ\u00e4ischer-Keramikkunst-2027-300x192.jpg\" alt=\"\" title=\"Museum Europ\u00e4ischer Keramikkunst 2027\" width=\"300\" height=\"192\" class=\"alignnone size-medium wp-image-10253\" srcset=\"http:\/\/museumek.eu\/wp-content\/uploads\/2012\/06\/Museum-Europ\u00e4ischer-Keramikkunst-2027-300x192.jpg 300w, http:\/\/museumek.eu\/wp-content\/uploads\/2012\/06\/Museum-Europ\u00e4ischer-Keramikkunst-2027-468x300.jpg 468w, http:\/\/museumek.eu\/wp-content\/uploads\/2012\/06\/Museum-Europ\u00e4ischer-Keramikkunst-2027.jpg 604w\" sizes=\"(max-width: 300px) 100vw, 300px\" \/><\/a><\/p>\n<p><a href=\"http:\/\/museumek.eu\/wp-content\/uploads\/2012\/06\/Museum-Europ\u00e4ischer-Keramikkunst-2026.jpg\"><img loading=\"lazy\" src=\"http:\/\/museumek.eu\/wp-content\/uploads\/2012\/06\/Museum-Europ\u00e4ischer-Keramikkunst-2026-300x175.jpg\" alt=\"\" title=\"Museum Europ\u00e4ischer Keramikkunst 2026\" width=\"300\" height=\"175\" class=\"alignnone size-medium wp-image-10254\" srcset=\"http:\/\/museumek.eu\/wp-content\/uploads\/2012\/06\/Museum-Europ\u00e4ischer-Keramikkunst-2026-300x175.jpg 300w, http:\/\/museumek.eu\/wp-content\/uploads\/2012\/06\/Museum-Europ\u00e4ischer-Keramikkunst-2026-500x292.jpg 500w, http:\/\/museumek.eu\/wp-content\/uploads\/2012\/06\/Museum-Europ\u00e4ischer-Keramikkunst-2026.jpg 685w\" sizes=\"(max-width: 300px) 100vw, 300px\" \/><\/a><\/p>\n<p><a href=\"http:\/\/museumek.eu\/wp-content\/uploads\/2012\/06\/Museum-Europ\u00e4ischer-Keramikkunst-2111.jpg\"><img loading=\"lazy\" src=\"http:\/\/museumek.eu\/wp-content\/uploads\/2012\/06\/Museum-Europ\u00e4ischer-Keramikkunst-2111-300x140.jpg\" alt=\"\" title=\"Museum Europ\u00e4ischer Keramikkunst 2111\" width=\"300\" height=\"140\" class=\"alignnone size-medium wp-image-10255\" srcset=\"http:\/\/museumek.eu\/wp-content\/uploads\/2012\/06\/Museum-Europ\u00e4ischer-Keramikkunst-2111-300x140.jpg 300w, http:\/\/museumek.eu\/wp-content\/uploads\/2012\/06\/Museum-Europ\u00e4ischer-Keramikkunst-2111-500x234.jpg 500w, http:\/\/museumek.eu\/wp-content\/uploads\/2012\/06\/Museum-Europ\u00e4ischer-Keramikkunst-2111.jpg 948w\" sizes=\"(max-width: 300px) 100vw, 300px\" \/><\/a><\/p>\n<p><strong>Abteilung Deutschland, Keramik 1860 \u2013 1960, Inventarnummer D\/XLIV\/2<\/strong><\/p>\n<p>Manufaktur K\u00f6nigliche Porzellan-Manufaktur Nymphenburg, Deutschland, M\u00fcnchen, vor 1930, Vase, K\u00fcnstler Josef Wackerle, Werks.-Nr. ohne, Exemplar Nr. ohne, gemarkt Firmenmarke mit Krone, Schild sowie Nymphenburg gr\u00fcner Stempel unter Glasur, Prof. Wackerle, O. L. sowie 29 (Jahr 1929 ?) schwarz auf Glasur gemalt, eingepr\u00e4gte Schildmarke als Blindstempel sowie 3 gepresst, signiert Prof. Wackerle, Literatur: Dr. Hans Thoma, Staatliche Porzellanmanufaktur Nymphenburg 1747 \u2013 1947, Markenanhang, beide o. g. Marken identisch, siehe auch Auktionshaus Kunst &#038; Kuriosa, Heidelberg, Auktion vom 28.11.2009, \u00e4hnliche Vase mit Deckel,<br \/>\nH\u00f6he 17 cm, Breite 11 cm<\/p>\n<p><a href=\"http:\/\/museumek.eu\/wp-content\/uploads\/2012\/12\/Museum-Europ\u00e4ischer-Keramikkunst-2460.jpg\"><img loading=\"lazy\" src=\"http:\/\/museumek.eu\/wp-content\/uploads\/2012\/12\/Museum-Europ\u00e4ischer-Keramikkunst-2460-211x300.jpg\" alt=\"\" title=\"Museum Europ\u00e4ischer Keramikkunst 2460\" width=\"211\" height=\"300\" class=\"alignnone size-medium wp-image-17126\" srcset=\"http:\/\/museumek.eu\/wp-content\/uploads\/2012\/12\/Museum-Europ\u00e4ischer-Keramikkunst-2460-211x300.jpg 211w, http:\/\/museumek.eu\/wp-content\/uploads\/2012\/12\/Museum-Europ\u00e4ischer-Keramikkunst-2460.jpg 566w\" sizes=\"(max-width: 211px) 100vw, 211px\" \/><\/a><\/p>\n<p><a href=\"http:\/\/museumek.eu\/wp-content\/uploads\/2012\/12\/Museum-Europ\u00e4ischer-Keramikkunst-2461.jpg\"><img loading=\"lazy\" src=\"http:\/\/museumek.eu\/wp-content\/uploads\/2012\/12\/Museum-Europ\u00e4ischer-Keramikkunst-2461-284x300.jpg\" alt=\"\" title=\"Museum Europ\u00e4ischer Keramikkunst 2461\" width=\"284\" height=\"300\" class=\"alignnone size-medium wp-image-17127\" srcset=\"http:\/\/museumek.eu\/wp-content\/uploads\/2012\/12\/Museum-Europ\u00e4ischer-Keramikkunst-2461-284x300.jpg 284w, http:\/\/museumek.eu\/wp-content\/uploads\/2012\/12\/Museum-Europ\u00e4ischer-Keramikkunst-2461.jpg 449w\" sizes=\"(max-width: 284px) 100vw, 284px\" \/><\/a><\/p>\n<p><a href=\"http:\/\/museumek.eu\/wp-content\/uploads\/2012\/12\/Museum-Europ\u00e4ischer-Keramikkunst-2462.jpg\"><img loading=\"lazy\" src=\"http:\/\/museumek.eu\/wp-content\/uploads\/2012\/12\/Museum-Europ\u00e4ischer-Keramikkunst-2462-300x246.jpg\" alt=\"\" title=\"Museum Europ\u00e4ischer Keramikkunst 2462\" width=\"300\" height=\"246\" class=\"alignnone size-medium wp-image-17128\" srcset=\"http:\/\/museumek.eu\/wp-content\/uploads\/2012\/12\/Museum-Europ\u00e4ischer-Keramikkunst-2462-300x246.jpg 300w, http:\/\/museumek.eu\/wp-content\/uploads\/2012\/12\/Museum-Europ\u00e4ischer-Keramikkunst-2462-365x300.jpg 365w, http:\/\/museumek.eu\/wp-content\/uploads\/2012\/12\/Museum-Europ\u00e4ischer-Keramikkunst-2462.jpg 682w\" sizes=\"(max-width: 300px) 100vw, 300px\" \/><\/a><\/p>\n<p><a href=\"http:\/\/museumek.eu\/wp-content\/uploads\/2012\/12\/Museum-Europ\u00e4ischer-Keramikkunst-3074.jpg\"><img loading=\"lazy\" src=\"http:\/\/museumek.eu\/wp-content\/uploads\/2012\/12\/Museum-Europ\u00e4ischer-Keramikkunst-3074-183x300.jpg\" alt=\"\" title=\"Museum Europ\u00e4ischer Keramikkunst 3074\" width=\"183\" height=\"300\" class=\"alignnone size-medium wp-image-17131\" srcset=\"http:\/\/museumek.eu\/wp-content\/uploads\/2012\/12\/Museum-Europ\u00e4ischer-Keramikkunst-3074-183x300.jpg 183w, http:\/\/museumek.eu\/wp-content\/uploads\/2012\/12\/Museum-Europ\u00e4ischer-Keramikkunst-3074.jpg 410w\" sizes=\"(max-width: 183px) 100vw, 183px\" \/><\/a><\/p>\n<p><strong>Abteilung Deutschland, Keramik 1860 \u2013 1960, Inventarnummer D\/XLIV\/3<\/strong><\/p>\n<p>Manufaktur K\u00f6nigliche Porzellan-Manufaktur Nymphenburg, Deutschland, M\u00fcnchen, um 1900, Zierteller, K\u00fcnstler unbekannt, Werks.-Nr. 1327 (Dekornummer), Exemplar Nr. ohne, gemarkt Manufakturmarke Nymphenburg blauer Stempel unter Glasur, gesetzlich gesch\u00fctzt roter Stempel auf Glasur, 1327, X 1 sowie 55 in einem Kreis gr\u00fcn auf Glasur gemalt , nicht signiert, Durchmesser 19,5 cm<\/p>\n<p><a href=\"http:\/\/museumek.eu\/wp-content\/uploads\/2012\/12\/Museum-Europ\u00e4ischer-Keramikkunst-2778.jpg\"><img loading=\"lazy\" src=\"http:\/\/museumek.eu\/wp-content\/uploads\/2012\/12\/Museum-Europ\u00e4ischer-Keramikkunst-2778-300x298.jpg\" alt=\"\" title=\"Museum Europ\u00e4ischer Keramikkunst 2778\" width=\"300\" height=\"298\" class=\"alignnone size-medium wp-image-17142\" srcset=\"http:\/\/museumek.eu\/wp-content\/uploads\/2012\/12\/Museum-Europ\u00e4ischer-Keramikkunst-2778-300x298.jpg 300w, http:\/\/museumek.eu\/wp-content\/uploads\/2012\/12\/Museum-Europ\u00e4ischer-Keramikkunst-2778-150x150.jpg 150w, http:\/\/museumek.eu\/wp-content\/uploads\/2012\/12\/Museum-Europ\u00e4ischer-Keramikkunst-2778-301x300.jpg 301w, http:\/\/museumek.eu\/wp-content\/uploads\/2012\/12\/Museum-Europ\u00e4ischer-Keramikkunst-2778.jpg 729w\" sizes=\"(max-width: 300px) 100vw, 300px\" \/><\/a><\/p>\n<p><a href=\"http:\/\/museumek.eu\/wp-content\/uploads\/2012\/12\/Museum-Europ\u00e4ischer-Keramikkunst-2779.jpg\"><img loading=\"lazy\" src=\"http:\/\/museumek.eu\/wp-content\/uploads\/2012\/12\/Museum-Europ\u00e4ischer-Keramikkunst-2779-300x184.jpg\" alt=\"\" title=\"Museum Europ\u00e4ischer Keramikkunst 2779\" width=\"300\" height=\"184\" class=\"alignnone size-medium wp-image-17143\" srcset=\"http:\/\/museumek.eu\/wp-content\/uploads\/2012\/12\/Museum-Europ\u00e4ischer-Keramikkunst-2779-300x184.jpg 300w, http:\/\/museumek.eu\/wp-content\/uploads\/2012\/12\/Museum-Europ\u00e4ischer-Keramikkunst-2779.jpg 379w\" sizes=\"(max-width: 300px) 100vw, 300px\" \/><\/a><\/p>\n<p><a href=\"http:\/\/museumek.eu\/wp-content\/uploads\/2012\/12\/Museum-Europ\u00e4ischer-Keramikkunst-2780.jpg\"><img loading=\"lazy\" src=\"http:\/\/museumek.eu\/wp-content\/uploads\/2012\/12\/Museum-Europ\u00e4ischer-Keramikkunst-2780.jpg\" alt=\"\" title=\"Museum Europ\u00e4ischer Keramikkunst 2780\" width=\"216\" height=\"272\" class=\"alignnone size-full wp-image-17144\" \/><\/a><\/p>\n","protected":false},"excerpt":{"rendered":"<p>Abteilung Deutschland, Keramik 1860 \u2013 1960, Inventarnummer D\/XLIV\/1 Manufaktur K\u00f6nigliche Porzellan-Manufaktur Nymphenburg, Deutschland, M\u00fcnchen, 1902, Deckelterrine, K\u00fcnstler Max Rossbach und Hermann Gradl, Werks.-Nr. 1334 (Dekornummer), Exemplar Nr. ohne, gemarkt Manufakturmarke Nymphenburg blauer Stempel unter Glasur, gesetzlich gesch\u00fctzt roter Stempel auf &hellip; <a href=\"http:\/\/museumek.eu\/?page_id=10262\">Weiterlesen <span class=\"meta-nav\">&rarr;<\/span><\/a><\/p>\n","protected":false},"author":1,"featured_media":0,"parent":10259,"menu_order":1,"comment_status":"closed","ping_status":"open","template":"","meta":[],"_links":{"self":[{"href":"http:\/\/museumek.eu\/index.php?rest_route=\/wp\/v2\/pages\/10262"}],"collection":[{"href":"http:\/\/museumek.eu\/index.php?rest_route=\/wp\/v2\/pages"}],"about":[{"href":"http:\/\/museumek.eu\/index.php?rest_route=\/wp\/v2\/types\/page"}],"author":[{"embeddable":true,"href":"http:\/\/museumek.eu\/index.php?rest_route=\/wp\/v2\/users\/1"}],"replies":[{"embeddable":true,"href":"http:\/\/museumek.eu\/index.php?rest_route=%2Fwp%2Fv2%2Fcomments&post=10262"}],"version-history":[{"count":8,"href":"http:\/\/museumek.eu\/index.php?rest_route=\/wp\/v2\/pages\/10262\/revisions"}],"predecessor-version":[{"id":19887,"href":"http:\/\/museumek.eu\/index.php?rest_route=\/wp\/v2\/pages\/10262\/revisions\/19887"}],"up":[{"embeddable":true,"href":"http:\/\/museumek.eu\/index.php?rest_route=\/wp\/v2\/pages\/10259"}],"wp:attachment":[{"href":"http:\/\/museumek.eu\/index.php?rest_route=%2Fwp%2Fv2%2Fmedia&parent=10262"}],"curies":[{"name":"wp","href":"https:\/\/api.w.org\/{rel}","templated":true}]}}