{"id":10276,"date":"2012-06-06T00:17:19","date_gmt":"2012-06-05T22:17:19","guid":{"rendered":"http:\/\/museumek.eu\/?page_id=10276"},"modified":"2013-04-25T21:09:10","modified_gmt":"2013-04-25T19:09:10","slug":"kurzbiografie-und-inventar-zum-kunstler","status":"publish","type":"page","link":"http:\/\/museumek.eu\/?page_id=10276","title":{"rendered":"Kurzbiografie und Inventar zum K\u00fcnstler"},"content":{"rendered":"<p>\u00dcber Hermann Gradl konnten nur wenige Lebensdaten recherchiert werden. Er wurde 1869 in Dillingen geboren. Er starb 1934 in Landsberg a. Lech. Gradl war von 1899 &#8211; 1905 f\u00fcr die K\u00f6nigliche Porzellan-Manufaktur Nymphenburg t\u00e4tig.<\/p>\n<p><strong>Abteilung Deutschland, Keramik 1860 \u2013 1960, Inventarnummer D\/XLIV\/1<\/strong><\/p>\n<p>K\u00f6nigliche Porzellan-Manufaktur Nymphenburg, Deutschland, M\u00fcnchen, 1902, Deckelterrine, K\u00fcnstler Max Rossbach und Hermann Gradl, Werks.-Nr. 1334 (Dekornummer), Exemplar Nr. ohne, gemarkt Manufakturmarke Nymphenburg blauer Stempel unter Glasur, gesetzlich gesch\u00fctzt roter Stempel auf Glasur, 1334, 128 sowie XVIII gr\u00fcn auf Glasur gemalt, nicht signiert, Formentwurf Max Rossbach, Dekorentwurf Anton Gradl (Gradl schuf f\u00fcr das Dekor \u201eModern\u201c bzw. \u201eModern S\u201c verschiedene Blumendekore), Dekor bezeichnet mit \u201eModern S\u201c als Nachfolger des Dekor\u2019s \u201eModern\u201c, welches f\u00fcr die Weltausstellung 1900 in Paris entworfen wurde, 1902 \u00e4nderte Rossbach etwas die Form in \u201eModern S\u201c, siehe auch Auktionshaus Quittenbaum, Jugendstil \u2013 Art D\u00e9co, Jubil\u00e4umsauktion vom 29.04.2008, Seite 251, Lot 605, identische Deckelterrine, H\u00f6he 13,7 cm, Breite 29,7 cm<\/p>\n<p><a href=\"http:\/\/museumek.eu\/wp-content\/uploads\/2012\/06\/Museum-Europ\u00e4ischer-Keramikkunst-2025.jpg\"><img loading=\"lazy\" src=\"http:\/\/museumek.eu\/wp-content\/uploads\/2012\/06\/Museum-Europ\u00e4ischer-Keramikkunst-2025-300x180.jpg\" alt=\"\" title=\"Museum Europ\u00e4ischer Keramikkunst 2025\" width=\"300\" height=\"180\" class=\"alignnone size-medium wp-image-10252\" srcset=\"http:\/\/museumek.eu\/wp-content\/uploads\/2012\/06\/Museum-Europ\u00e4ischer-Keramikkunst-2025-300x180.jpg 300w, http:\/\/museumek.eu\/wp-content\/uploads\/2012\/06\/Museum-Europ\u00e4ischer-Keramikkunst-2025-500x300.jpg 500w, http:\/\/museumek.eu\/wp-content\/uploads\/2012\/06\/Museum-Europ\u00e4ischer-Keramikkunst-2025.jpg 901w\" sizes=\"(max-width: 300px) 100vw, 300px\" \/><\/a><\/p>\n<p><a href=\"http:\/\/museumek.eu\/wp-content\/uploads\/2012\/06\/Museum-Europ\u00e4ischer-Keramikkunst-2027.jpg\"><img loading=\"lazy\" src=\"http:\/\/museumek.eu\/wp-content\/uploads\/2012\/06\/Museum-Europ\u00e4ischer-Keramikkunst-2027-300x192.jpg\" alt=\"\" title=\"Museum Europ\u00e4ischer Keramikkunst 2027\" width=\"300\" height=\"192\" class=\"alignnone size-medium wp-image-10253\" srcset=\"http:\/\/museumek.eu\/wp-content\/uploads\/2012\/06\/Museum-Europ\u00e4ischer-Keramikkunst-2027-300x192.jpg 300w, http:\/\/museumek.eu\/wp-content\/uploads\/2012\/06\/Museum-Europ\u00e4ischer-Keramikkunst-2027-468x300.jpg 468w, http:\/\/museumek.eu\/wp-content\/uploads\/2012\/06\/Museum-Europ\u00e4ischer-Keramikkunst-2027.jpg 604w\" sizes=\"(max-width: 300px) 100vw, 300px\" \/><\/a><\/p>\n<p><a href=\"http:\/\/museumek.eu\/wp-content\/uploads\/2012\/06\/Museum-Europ\u00e4ischer-Keramikkunst-2026.jpg\"><img loading=\"lazy\" src=\"http:\/\/museumek.eu\/wp-content\/uploads\/2012\/06\/Museum-Europ\u00e4ischer-Keramikkunst-2026-300x175.jpg\" alt=\"\" title=\"Museum Europ\u00e4ischer Keramikkunst 2026\" width=\"300\" height=\"175\" class=\"alignnone size-medium wp-image-10254\" srcset=\"http:\/\/museumek.eu\/wp-content\/uploads\/2012\/06\/Museum-Europ\u00e4ischer-Keramikkunst-2026-300x175.jpg 300w, http:\/\/museumek.eu\/wp-content\/uploads\/2012\/06\/Museum-Europ\u00e4ischer-Keramikkunst-2026-500x292.jpg 500w, http:\/\/museumek.eu\/wp-content\/uploads\/2012\/06\/Museum-Europ\u00e4ischer-Keramikkunst-2026.jpg 685w\" sizes=\"(max-width: 300px) 100vw, 300px\" \/><\/a><\/p>\n<p><a href=\"http:\/\/museumek.eu\/wp-content\/uploads\/2012\/06\/Museum-Europ\u00e4ischer-Keramikkunst-2111.jpg\"><img loading=\"lazy\" src=\"http:\/\/museumek.eu\/wp-content\/uploads\/2012\/06\/Museum-Europ\u00e4ischer-Keramikkunst-2111-300x140.jpg\" alt=\"\" title=\"Museum Europ\u00e4ischer Keramikkunst 2111\" width=\"300\" height=\"140\" class=\"alignnone size-medium wp-image-10255\" srcset=\"http:\/\/museumek.eu\/wp-content\/uploads\/2012\/06\/Museum-Europ\u00e4ischer-Keramikkunst-2111-300x140.jpg 300w, http:\/\/museumek.eu\/wp-content\/uploads\/2012\/06\/Museum-Europ\u00e4ischer-Keramikkunst-2111-500x234.jpg 500w, http:\/\/museumek.eu\/wp-content\/uploads\/2012\/06\/Museum-Europ\u00e4ischer-Keramikkunst-2111.jpg 948w\" sizes=\"(max-width: 300px) 100vw, 300px\" \/><\/a><\/p>\n","protected":false},"excerpt":{"rendered":"<p>\u00dcber Hermann Gradl konnten nur wenige Lebensdaten recherchiert werden. Er wurde 1869 in Dillingen geboren. Er starb 1934 in Landsberg a. Lech. Gradl war von 1899 &#8211; 1905 f\u00fcr die K\u00f6nigliche Porzellan-Manufaktur Nymphenburg t\u00e4tig. Abteilung Deutschland, Keramik 1860 \u2013 1960, &hellip; <a href=\"http:\/\/museumek.eu\/?page_id=10276\">Weiterlesen <span class=\"meta-nav\">&rarr;<\/span><\/a><\/p>\n","protected":false},"author":1,"featured_media":0,"parent":10273,"menu_order":1,"comment_status":"closed","ping_status":"open","template":"","meta":[],"_links":{"self":[{"href":"http:\/\/museumek.eu\/index.php?rest_route=\/wp\/v2\/pages\/10276"}],"collection":[{"href":"http:\/\/museumek.eu\/index.php?rest_route=\/wp\/v2\/pages"}],"about":[{"href":"http:\/\/museumek.eu\/index.php?rest_route=\/wp\/v2\/types\/page"}],"author":[{"embeddable":true,"href":"http:\/\/museumek.eu\/index.php?rest_route=\/wp\/v2\/users\/1"}],"replies":[{"embeddable":true,"href":"http:\/\/museumek.eu\/index.php?rest_route=%2Fwp%2Fv2%2Fcomments&post=10276"}],"version-history":[{"count":5,"href":"http:\/\/museumek.eu\/index.php?rest_route=\/wp\/v2\/pages\/10276\/revisions"}],"predecessor-version":[{"id":20487,"href":"http:\/\/museumek.eu\/index.php?rest_route=\/wp\/v2\/pages\/10276\/revisions\/20487"}],"up":[{"embeddable":true,"href":"http:\/\/museumek.eu\/index.php?rest_route=\/wp\/v2\/pages\/10273"}],"wp:attachment":[{"href":"http:\/\/museumek.eu\/index.php?rest_route=%2Fwp%2Fv2%2Fmedia&parent=10276"}],"curies":[{"name":"wp","href":"https:\/\/api.w.org\/{rel}","templated":true}]}}