{"id":10346,"date":"2012-06-08T15:33:43","date_gmt":"2012-06-08T13:33:43","guid":{"rendered":"http:\/\/museumek.eu\/?page_id=10346"},"modified":"2013-03-03T16:57:31","modified_gmt":"2013-03-03T15:57:31","slug":"axxii2","status":"publish","type":"page","link":"http:\/\/museumek.eu\/?page_id=10346","title":{"rendered":"A\/XXII\/2"},"content":{"rendered":"<p><strong>Abteilung Austria\/Ungarn\/B\u00f6hmen, Keramik 1860 \u2013 1960, Inventarnummer A\/XXII\/2<\/strong><\/p>\n<p>Manufaktur Riessner, Stellmacher &#038; Kessel K.K. privilegierte keramische Werke Amphora, B\u00f6hmen\/Austria, Turn\/Teplitz, um 1900, Vase mit romantischer Sch\u00e4ferszene, K\u00fcnstler Eduard Stellmacher (attr.), Werks.-Nr. 4838, Exemplar Nr. 32 (?), gemarkt Firmenmarken mit Imperial Amphora Turn, Austria, Amphora, Krone, 4838 sowie 32 alles gepresst, nicht signiert, Literatur: Waltraud Neuwirth, Bl\u00fchender Jugendstil, Band II, Seite 103 ff., Firmenschreibung sowie Seite 118, Abbildung Nr. 116 identische Marken, weitere Literatur: Volker M\u00f6lle Riessner, Amphora Die Porzellan- und Keramik- Manufaktur in Nordb\u00f6hmen, Seite 31, Beschreibung der Bezeichnung der Manufaktur sowie Seite 159 ff., Abbildung der identischen Marken (f\u00fcr die Zeit um 1900), weitere Literatur: Sammlung H. R. Gruber, Pirmasens, Jugendstil, Glas Keramik Zinn M\u00f6bel, Pfalzgalerie Kaiserslautern, 09.Oktber bis 20. November 1983, Seite 179, Markenabbildung Nr. 240 identische Marken, siehe auch Auktionshaus Quittenbaum, Auktion vom 30.10.2004, kleinere Vase mit plastischen Figuren, Figuren teils vergoldet, teils emailliert, H\u00f6he 34,5 cm, Breite 34,5 cm<\/p>\n<p><a href=\"http:\/\/museumek.eu\/wp-content\/uploads\/2012\/06\/Museum-Europ\u00e4ischer-Keramikkunst-2314.jpg\"><img loading=\"lazy\" src=\"http:\/\/museumek.eu\/wp-content\/uploads\/2012\/06\/Museum-Europ\u00e4ischer-Keramikkunst-2314-256x300.jpg\" alt=\"\" title=\"Museum Europ\u00e4ischer Keramikkunst 2314\" width=\"256\" height=\"300\" class=\"alignnone size-medium wp-image-10347\" srcset=\"http:\/\/museumek.eu\/wp-content\/uploads\/2012\/06\/Museum-Europ\u00e4ischer-Keramikkunst-2314-256x300.jpg 256w, http:\/\/museumek.eu\/wp-content\/uploads\/2012\/06\/Museum-Europ\u00e4ischer-Keramikkunst-2314.jpg 627w\" sizes=\"(max-width: 256px) 100vw, 256px\" \/><\/a><\/p>\n<p><a href=\"http:\/\/museumek.eu\/wp-content\/uploads\/2012\/06\/Museum-Europ\u00e4ischer-Keramikkunst-2315.jpg\"><img loading=\"lazy\" src=\"http:\/\/museumek.eu\/wp-content\/uploads\/2012\/06\/Museum-Europ\u00e4ischer-Keramikkunst-2315-225x300.jpg\" alt=\"\" title=\"Museum Europ\u00e4ischer Keramikkunst 2315\" width=\"225\" height=\"300\" class=\"alignnone size-medium wp-image-10348\" srcset=\"http:\/\/museumek.eu\/wp-content\/uploads\/2012\/06\/Museum-Europ\u00e4ischer-Keramikkunst-2315-225x300.jpg 225w, http:\/\/museumek.eu\/wp-content\/uploads\/2012\/06\/Museum-Europ\u00e4ischer-Keramikkunst-2315.jpg 768w\" sizes=\"(max-width: 225px) 100vw, 225px\" \/><\/a><\/p>\n<p><a href=\"http:\/\/museumek.eu\/wp-content\/uploads\/2012\/06\/Museum-Europ\u00e4ischer-Keramikkunst-2316.jpg\"><img loading=\"lazy\" src=\"http:\/\/museumek.eu\/wp-content\/uploads\/2012\/06\/Museum-Europ\u00e4ischer-Keramikkunst-2316-288x300.jpg\" alt=\"\" title=\"Museum Europ\u00e4ischer Keramikkunst 2316\" width=\"288\" height=\"300\" class=\"alignnone size-medium wp-image-10349\" srcset=\"http:\/\/museumek.eu\/wp-content\/uploads\/2012\/06\/Museum-Europ\u00e4ischer-Keramikkunst-2316-288x300.jpg 288w, http:\/\/museumek.eu\/wp-content\/uploads\/2012\/06\/Museum-Europ\u00e4ischer-Keramikkunst-2316.jpg 700w\" sizes=\"(max-width: 288px) 100vw, 288px\" \/><\/a><\/p>\n<p><a href=\"http:\/\/museumek.eu\/wp-content\/uploads\/2012\/06\/Museum-Europ\u00e4ischer-Keramikkunst-2326.jpg\"><img loading=\"lazy\" src=\"http:\/\/museumek.eu\/wp-content\/uploads\/2012\/06\/Museum-Europ\u00e4ischer-Keramikkunst-2326-248x300.jpg\" alt=\"\" title=\"Museum Europ\u00e4ischer Keramikkunst 2326\" width=\"248\" height=\"300\" class=\"alignnone size-medium wp-image-10350\" srcset=\"http:\/\/museumek.eu\/wp-content\/uploads\/2012\/06\/Museum-Europ\u00e4ischer-Keramikkunst-2326-248x300.jpg 248w, http:\/\/museumek.eu\/wp-content\/uploads\/2012\/06\/Museum-Europ\u00e4ischer-Keramikkunst-2326.jpg 738w\" sizes=\"(max-width: 248px) 100vw, 248px\" \/><\/a><\/p>\n<p><a href=\"http:\/\/museumek.eu\/wp-content\/uploads\/2012\/06\/Museum-Europ\u00e4ischer-Keramikkunst-2327.jpg\"><img loading=\"lazy\" src=\"http:\/\/museumek.eu\/wp-content\/uploads\/2012\/06\/Museum-Europ\u00e4ischer-Keramikkunst-2327-200x300.jpg\" alt=\"\" title=\"Museum Europ\u00e4ischer Keramikkunst 2327\" width=\"200\" height=\"300\" class=\"alignnone size-medium wp-image-10351\" srcset=\"http:\/\/museumek.eu\/wp-content\/uploads\/2012\/06\/Museum-Europ\u00e4ischer-Keramikkunst-2327-200x300.jpg 200w, http:\/\/museumek.eu\/wp-content\/uploads\/2012\/06\/Museum-Europ\u00e4ischer-Keramikkunst-2327.jpg 588w\" sizes=\"(max-width: 200px) 100vw, 200px\" \/><\/a><\/p>\n<p><a href=\"http:\/\/museumek.eu\/wp-content\/uploads\/2012\/06\/Museum-Europ\u00e4ischer-Keramikkunst-2328.jpg\"><img loading=\"lazy\" src=\"http:\/\/museumek.eu\/wp-content\/uploads\/2012\/06\/Museum-Europ\u00e4ischer-Keramikkunst-2328-263x300.jpg\" alt=\"\" title=\"Museum Europ\u00e4ischer Keramikkunst 2328\" width=\"263\" height=\"300\" class=\"alignnone size-medium wp-image-10352\" srcset=\"http:\/\/museumek.eu\/wp-content\/uploads\/2012\/06\/Museum-Europ\u00e4ischer-Keramikkunst-2328-263x300.jpg 263w, http:\/\/museumek.eu\/wp-content\/uploads\/2012\/06\/Museum-Europ\u00e4ischer-Keramikkunst-2328.jpg 656w\" sizes=\"(max-width: 263px) 100vw, 263px\" \/><\/a><\/p>\n<p><a href=\"http:\/\/museumek.eu\/wp-content\/uploads\/2012\/06\/Museum-Europ\u00e4ischer-Keramikkunst-2318.jpg\"><img loading=\"lazy\" src=\"http:\/\/museumek.eu\/wp-content\/uploads\/2012\/06\/Museum-Europ\u00e4ischer-Keramikkunst-2318-300x225.jpg\" alt=\"\" title=\"Museum Europ\u00e4ischer Keramikkunst 2318\" width=\"300\" height=\"225\" class=\"alignnone size-medium wp-image-10353\" srcset=\"http:\/\/museumek.eu\/wp-content\/uploads\/2012\/06\/Museum-Europ\u00e4ischer-Keramikkunst-2318-300x225.jpg 300w, http:\/\/museumek.eu\/wp-content\/uploads\/2012\/06\/Museum-Europ\u00e4ischer-Keramikkunst-2318-400x300.jpg 400w, http:\/\/museumek.eu\/wp-content\/uploads\/2012\/06\/Museum-Europ\u00e4ischer-Keramikkunst-2318.jpg 1024w\" sizes=\"(max-width: 300px) 100vw, 300px\" \/><\/a><\/p>\n<p><a href=\"http:\/\/museumek.eu\/wp-content\/uploads\/2012\/06\/Museum-Europ\u00e4ischer-Keramikkunst-2319.jpg\"><img loading=\"lazy\" src=\"http:\/\/museumek.eu\/wp-content\/uploads\/2012\/06\/Museum-Europ\u00e4ischer-Keramikkunst-2319-300x143.jpg\" alt=\"\" title=\"Museum Europ\u00e4ischer Keramikkunst 2319\" width=\"300\" height=\"143\" class=\"alignnone size-medium wp-image-10354\" srcset=\"http:\/\/museumek.eu\/wp-content\/uploads\/2012\/06\/Museum-Europ\u00e4ischer-Keramikkunst-2319-300x143.jpg 300w, http:\/\/museumek.eu\/wp-content\/uploads\/2012\/06\/Museum-Europ\u00e4ischer-Keramikkunst-2319-500x238.jpg 500w, http:\/\/museumek.eu\/wp-content\/uploads\/2012\/06\/Museum-Europ\u00e4ischer-Keramikkunst-2319.jpg 825w\" sizes=\"(max-width: 300px) 100vw, 300px\" \/><\/a><\/p>\n<p><a href=\"http:\/\/museumek.eu\/wp-content\/uploads\/2012\/06\/Museum-Europ\u00e4ischer-Keramikkunst-2320.jpg\"><img loading=\"lazy\" src=\"http:\/\/museumek.eu\/wp-content\/uploads\/2012\/06\/Museum-Europ\u00e4ischer-Keramikkunst-2320-300x281.jpg\" alt=\"\" title=\"Museum Europ\u00e4ischer Keramikkunst 2320\" width=\"300\" height=\"281\" class=\"alignnone size-medium wp-image-10355\" srcset=\"http:\/\/museumek.eu\/wp-content\/uploads\/2012\/06\/Museum-Europ\u00e4ischer-Keramikkunst-2320-300x281.jpg 300w, http:\/\/museumek.eu\/wp-content\/uploads\/2012\/06\/Museum-Europ\u00e4ischer-Keramikkunst-2320-320x300.jpg 320w, http:\/\/museumek.eu\/wp-content\/uploads\/2012\/06\/Museum-Europ\u00e4ischer-Keramikkunst-2320.jpg 607w\" sizes=\"(max-width: 300px) 100vw, 300px\" \/><\/a><\/p>\n<p><a href=\"http:\/\/museumek.eu\/wp-content\/uploads\/2012\/06\/Museum-Europ\u00e4ischer-Keramikkunst-23211.jpg\"><img loading=\"lazy\" src=\"http:\/\/museumek.eu\/wp-content\/uploads\/2012\/06\/Museum-Europ\u00e4ischer-Keramikkunst-23211-300x184.jpg\" alt=\"\" title=\"Museum Europ\u00e4ischer Keramikkunst 2321\" width=\"300\" height=\"184\" class=\"alignnone size-medium wp-image-10357\" srcset=\"http:\/\/museumek.eu\/wp-content\/uploads\/2012\/06\/Museum-Europ\u00e4ischer-Keramikkunst-23211-300x184.jpg 300w, http:\/\/museumek.eu\/wp-content\/uploads\/2012\/06\/Museum-Europ\u00e4ischer-Keramikkunst-23211-487x300.jpg 487w, http:\/\/museumek.eu\/wp-content\/uploads\/2012\/06\/Museum-Europ\u00e4ischer-Keramikkunst-23211.jpg 650w\" sizes=\"(max-width: 300px) 100vw, 300px\" \/><\/a><\/p>\n<p><a href=\"http:\/\/museumek.eu\/wp-content\/uploads\/2012\/06\/Museum-Europ\u00e4ischer-Keramikkunst-2323.jpg\"><img loading=\"lazy\" src=\"http:\/\/museumek.eu\/wp-content\/uploads\/2012\/06\/Museum-Europ\u00e4ischer-Keramikkunst-2323-300x180.jpg\" alt=\"\" title=\"Museum Europ\u00e4ischer Keramikkunst 2323\" width=\"300\" height=\"180\" class=\"alignnone size-medium wp-image-10358\" srcset=\"http:\/\/museumek.eu\/wp-content\/uploads\/2012\/06\/Museum-Europ\u00e4ischer-Keramikkunst-2323-300x180.jpg 300w, http:\/\/museumek.eu\/wp-content\/uploads\/2012\/06\/Museum-Europ\u00e4ischer-Keramikkunst-2323.jpg 450w\" sizes=\"(max-width: 300px) 100vw, 300px\" \/><\/a><\/p>\n<p><a href=\"http:\/\/museumek.eu\/wp-content\/uploads\/2012\/06\/Museum-Europ\u00e4ischer-Keramikkunst-23241.jpg\"><img loading=\"lazy\" src=\"http:\/\/museumek.eu\/wp-content\/uploads\/2012\/06\/Museum-Europ\u00e4ischer-Keramikkunst-23241-300x155.jpg\" alt=\"\" title=\"Museum Europ\u00e4ischer Keramikkunst 2324\" width=\"300\" height=\"155\" class=\"alignnone size-medium wp-image-10360\" srcset=\"http:\/\/museumek.eu\/wp-content\/uploads\/2012\/06\/Museum-Europ\u00e4ischer-Keramikkunst-23241-300x155.jpg 300w, http:\/\/museumek.eu\/wp-content\/uploads\/2012\/06\/Museum-Europ\u00e4ischer-Keramikkunst-23241-500x259.jpg 500w, http:\/\/museumek.eu\/wp-content\/uploads\/2012\/06\/Museum-Europ\u00e4ischer-Keramikkunst-23241.jpg 552w\" sizes=\"(max-width: 300px) 100vw, 300px\" \/><\/a><\/p>\n<p><a href=\"http:\/\/museumek.eu\/wp-content\/uploads\/2012\/06\/Museum-Europ\u00e4ischer-Keramikkunst-2322.jpg\"><img loading=\"lazy\" src=\"http:\/\/museumek.eu\/wp-content\/uploads\/2012\/06\/Museum-Europ\u00e4ischer-Keramikkunst-2322-300x225.jpg\" alt=\"\" title=\"Museum Europ\u00e4ischer Keramikkunst 2322\" width=\"300\" height=\"225\" class=\"alignnone size-medium wp-image-10361\" srcset=\"http:\/\/museumek.eu\/wp-content\/uploads\/2012\/06\/Museum-Europ\u00e4ischer-Keramikkunst-2322-300x225.jpg 300w, http:\/\/museumek.eu\/wp-content\/uploads\/2012\/06\/Museum-Europ\u00e4ischer-Keramikkunst-2322-400x300.jpg 400w, http:\/\/museumek.eu\/wp-content\/uploads\/2012\/06\/Museum-Europ\u00e4ischer-Keramikkunst-2322.jpg 1024w\" sizes=\"(max-width: 300px) 100vw, 300px\" \/><\/a><\/p>\n<p><a href=\"http:\/\/museumek.eu\/wp-content\/uploads\/2011\/08\/Museum-Europ\u00e4ischer-Keramikkunst-4241.jpg\"><img loading=\"lazy\" src=\"http:\/\/museumek.eu\/wp-content\/uploads\/2011\/08\/Museum-Europ\u00e4ischer-Keramikkunst-4241-143x300.jpg\" alt=\"\" title=\"Museum Europ\u00e4ischer Keramikkunst 4241\" width=\"143\" height=\"300\" class=\"alignnone size-medium wp-image-18570\" \/><\/a><\/p>\n","protected":false},"excerpt":{"rendered":"<p>Abteilung Austria\/Ungarn\/B\u00f6hmen, Keramik 1860 \u2013 1960, Inventarnummer A\/XXII\/2 Manufaktur Riessner, Stellmacher &#038; Kessel K.K. privilegierte keramische Werke Amphora, B\u00f6hmen\/Austria, Turn\/Teplitz, um 1900, Vase mit romantischer Sch\u00e4ferszene, K\u00fcnstler Eduard Stellmacher (attr.), Werks.-Nr. 4838, Exemplar Nr. 32 (?), gemarkt Firmenmarken mit Imperial &hellip; <a href=\"http:\/\/museumek.eu\/?page_id=10346\">Weiterlesen <span class=\"meta-nav\">&rarr;<\/span><\/a><\/p>\n","protected":false},"author":1,"featured_media":0,"parent":1383,"menu_order":2,"comment_status":"closed","ping_status":"open","template":"","meta":[],"_links":{"self":[{"href":"http:\/\/museumek.eu\/index.php?rest_route=\/wp\/v2\/pages\/10346"}],"collection":[{"href":"http:\/\/museumek.eu\/index.php?rest_route=\/wp\/v2\/pages"}],"about":[{"href":"http:\/\/museumek.eu\/index.php?rest_route=\/wp\/v2\/types\/page"}],"author":[{"embeddable":true,"href":"http:\/\/museumek.eu\/index.php?rest_route=\/wp\/v2\/users\/1"}],"replies":[{"embeddable":true,"href":"http:\/\/museumek.eu\/index.php?rest_route=%2Fwp%2Fv2%2Fcomments&post=10346"}],"version-history":[{"count":3,"href":"http:\/\/museumek.eu\/index.php?rest_route=\/wp\/v2\/pages\/10346\/revisions"}],"predecessor-version":[{"id":18574,"href":"http:\/\/museumek.eu\/index.php?rest_route=\/wp\/v2\/pages\/10346\/revisions\/18574"}],"up":[{"embeddable":true,"href":"http:\/\/museumek.eu\/index.php?rest_route=\/wp\/v2\/pages\/1383"}],"wp:attachment":[{"href":"http:\/\/museumek.eu\/index.php?rest_route=%2Fwp%2Fv2%2Fmedia&parent=10346"}],"curies":[{"name":"wp","href":"https:\/\/api.w.org\/{rel}","templated":true}]}}