{"id":10481,"date":"2012-06-10T22:44:17","date_gmt":"2012-06-10T20:44:17","guid":{"rendered":"http:\/\/museumek.eu\/?page_id=10481"},"modified":"2013-05-04T21:50:20","modified_gmt":"2013-05-04T19:50:20","slug":"axxx3","status":"publish","type":"page","link":"http:\/\/museumek.eu\/?page_id=10481","title":{"rendered":"A\/XXX\/3"},"content":{"rendered":"<p><strong>Abteilung Austria\/Ungarn\/B\u00f6hmen, Keramik 1860 \u2013 1960, Inventar Nr. A\/XXX\/3<\/strong><\/p>\n<p>Julius Dressler, Porzellan-, Siderolith- und Majolikafabrik, B\u00f6hmen\/Austria, Biela\/Bela, um 1900, Majolikateller, K\u00fcnstler unbekannt, Werks.-Nr. 5126, Exemplar Nr. ohne, gemarkt Firmenmarke Turmmarke mit JDB (f\u00fcr Julius Dressler Biela) aufgelegt , 5126, p sowie unbekanntes Zeichen gepresst, 8 braun gemalt, nicht signiert, Literatur: Waltraud Neuwirth, Bl\u00fchender Jugendstil, Band II, Seite 235 ff., Beschreibung der Fabrik sowie Seite 238, Marke Nr. 1 identisch, weitere Literatur: Otto Pelka, Keramik der Neuzeit, Markentafel I, Marke im Markenkasten 7 andere Variante der Turmmarke ebenfalls mit JDB sowie Seite 218, Namensverzeichnis, dort gelistet als Dre\u00dfler, Julius M 7, weitere Literatur: Volker M\u00f6lle Riessner, Amphora, Die Porzellan- und Keramikmanufaktur in Nord-B\u00f6hmen, Seite 180, Beschreibung der Dressler\u2018schen Fabrik sowie Seite 195, Marke Nr. 21 identisch, Julius Dressler gr\u00fcndete die Fabrik 1883\/1884, Firmierung ab 1887 Julius Dressler Porzellan-, Siderolith- und Majolikafabrik, ab 1906 Julius Dressler Fayence-, Majolika- u. Porzellanfabrik, ab 1910 ist Hulda Dressler (Witwe) die Inhaberin, ab 1920 wurde die Fabrik der OEPIAG, dann der EPIAG angegliedert, anscheinend wurde die Fabrik zum Ende des WK II geschlossen, sp\u00e4testens 1922 gab es eine \u00c4nderung der Firmierung in Julius Dressler Majolikafabrik (so eingetragen im keramischen Adressbuch), Durchmesser 34,3 cm<\/p>\n<p><a href=\"http:\/\/museumek.eu\/wp-content\/uploads\/2012\/06\/Museum-Europ\u00e4ischer-Keramikkunst-2329.jpg\"><img loading=\"lazy\" src=\"http:\/\/museumek.eu\/wp-content\/uploads\/2012\/06\/Museum-Europ\u00e4ischer-Keramikkunst-2329-300x284.jpg\" alt=\"\" title=\"Museum Europ\u00e4ischer Keramikkunst 2329\" width=\"300\" height=\"284\" class=\"alignnone size-medium wp-image-10482\" srcset=\"http:\/\/museumek.eu\/wp-content\/uploads\/2012\/06\/Museum-Europ\u00e4ischer-Keramikkunst-2329-300x284.jpg 300w, http:\/\/museumek.eu\/wp-content\/uploads\/2012\/06\/Museum-Europ\u00e4ischer-Keramikkunst-2329.jpg 773w\" sizes=\"(max-width: 300px) 100vw, 300px\" \/><\/a><\/p>\n<p><a href=\"http:\/\/museumek.eu\/wp-content\/uploads\/2012\/06\/Museum-Europ\u00e4ischer-Keramikkunst-2331.jpg\"><img loading=\"lazy\" src=\"http:\/\/museumek.eu\/wp-content\/uploads\/2012\/06\/Museum-Europ\u00e4ischer-Keramikkunst-2331-205x300.jpg\" alt=\"\" title=\"Museum Europ\u00e4ischer Keramikkunst 2331\" width=\"205\" height=\"300\" class=\"alignnone size-medium wp-image-10483\" srcset=\"http:\/\/museumek.eu\/wp-content\/uploads\/2012\/06\/Museum-Europ\u00e4ischer-Keramikkunst-2331-205x300.jpg 205w, http:\/\/museumek.eu\/wp-content\/uploads\/2012\/06\/Museum-Europ\u00e4ischer-Keramikkunst-2331.jpg 352w\" sizes=\"(max-width: 205px) 100vw, 205px\" \/><\/a><\/p>\n<p><a href=\"http:\/\/museumek.eu\/wp-content\/uploads\/2012\/06\/Museum-Europ\u00e4ischer-Keramikkunst-2332.jpg\"><img loading=\"lazy\" src=\"http:\/\/museumek.eu\/wp-content\/uploads\/2012\/06\/Museum-Europ\u00e4ischer-Keramikkunst-2332.jpg\" alt=\"\" title=\"Museum Europ\u00e4ischer Keramikkunst 2332\" width=\"196\" height=\"176\" class=\"alignnone size-full wp-image-10484\" \/><\/a><\/p>\n","protected":false},"excerpt":{"rendered":"<p>Abteilung Austria\/Ungarn\/B\u00f6hmen, Keramik 1860 \u2013 1960, Inventar Nr. A\/XXX\/3 Julius Dressler, Porzellan-, Siderolith- und Majolikafabrik, B\u00f6hmen\/Austria, Biela\/Bela, um 1900, Majolikateller, K\u00fcnstler unbekannt, Werks.-Nr. 5126, Exemplar Nr. ohne, gemarkt Firmenmarke Turmmarke mit JDB (f\u00fcr Julius Dressler Biela) aufgelegt , 5126, p &hellip; <a href=\"http:\/\/museumek.eu\/?page_id=10481\">Weiterlesen <span class=\"meta-nav\">&rarr;<\/span><\/a><\/p>\n","protected":false},"author":1,"featured_media":0,"parent":6518,"menu_order":3,"comment_status":"closed","ping_status":"open","template":"","meta":[],"_links":{"self":[{"href":"http:\/\/museumek.eu\/index.php?rest_route=\/wp\/v2\/pages\/10481"}],"collection":[{"href":"http:\/\/museumek.eu\/index.php?rest_route=\/wp\/v2\/pages"}],"about":[{"href":"http:\/\/museumek.eu\/index.php?rest_route=\/wp\/v2\/types\/page"}],"author":[{"embeddable":true,"href":"http:\/\/museumek.eu\/index.php?rest_route=\/wp\/v2\/users\/1"}],"replies":[{"embeddable":true,"href":"http:\/\/museumek.eu\/index.php?rest_route=%2Fwp%2Fv2%2Fcomments&post=10481"}],"version-history":[{"count":4,"href":"http:\/\/museumek.eu\/index.php?rest_route=\/wp\/v2\/pages\/10481\/revisions"}],"predecessor-version":[{"id":21420,"href":"http:\/\/museumek.eu\/index.php?rest_route=\/wp\/v2\/pages\/10481\/revisions\/21420"}],"up":[{"embeddable":true,"href":"http:\/\/museumek.eu\/index.php?rest_route=\/wp\/v2\/pages\/6518"}],"wp:attachment":[{"href":"http:\/\/museumek.eu\/index.php?rest_route=%2Fwp%2Fv2%2Fmedia&parent=10481"}],"curies":[{"name":"wp","href":"https:\/\/api.w.org\/{rel}","templated":true}]}}