{"id":10658,"date":"2012-06-16T18:54:52","date_gmt":"2012-06-16T16:54:52","guid":{"rendered":"http:\/\/museumek.eu\/?page_id=10658"},"modified":"2014-03-14T21:35:54","modified_gmt":"2014-03-14T20:35:54","slug":"fotos-und-beschreibung","status":"publish","type":"page","link":"http:\/\/museumek.eu\/?page_id=10658","title":{"rendered":"Fotos und Beschreibung"},"content":{"rendered":"<p><strong>Abteilung England, Keramik 1860 \u2013 1960, Inventarnummer E\/VI\/1<\/strong><\/p>\n<p>William Harry Grindley &#038; Co., England, Tunstall, Stoke-on-Trent, um 1910, Terrine mit Sch\u00f6pfl\u00f6ffel, K\u00fcnstler unbekannt, Werks.-Nr. ohne, Exemplar Nr. ohne, gemarkt Firmenmarke mit W.H. Grindley &#038; Co. sowie England umkr\u00e4nzt blauer Stempel unter Glasur, G 2, Riviera, Reg.N. 552001 (ab 1909 Reg.N. 548920 bis 1914 Reg.N. 644934, die MEK Reg.N. liegt dazwischen und n\u00e4her an 1909, insofern Datierung um 1910)<br \/>\ngr\u00fcn gemalt, geometrisches Jugendstildekor bezeichnet mit Riviera, teilweise Gold gemalt, H\u00f6he 9,5 cm, Breite 18,5 cm<\/p>\n<p><a href=\"http:\/\/museumek.eu\/wp-content\/uploads\/2012\/06\/Museum-Europ\u00e4ischer-Keramikkunst-2268.jpg\"><img loading=\"lazy\" src=\"http:\/\/museumek.eu\/wp-content\/uploads\/2012\/06\/Museum-Europ\u00e4ischer-Keramikkunst-2268-300x188.jpg\" alt=\"\" title=\"Museum Europ\u00e4ischer Keramikkunst 2268\" width=\"300\" height=\"188\" class=\"alignnone size-medium wp-image-10651\" srcset=\"http:\/\/museumek.eu\/wp-content\/uploads\/2012\/06\/Museum-Europ\u00e4ischer-Keramikkunst-2268-300x188.jpg 300w, http:\/\/museumek.eu\/wp-content\/uploads\/2012\/06\/Museum-Europ\u00e4ischer-Keramikkunst-2268-478x300.jpg 478w, http:\/\/museumek.eu\/wp-content\/uploads\/2012\/06\/Museum-Europ\u00e4ischer-Keramikkunst-2268.jpg 802w\" sizes=\"(max-width: 300px) 100vw, 300px\" \/><\/a><\/p>\n<p><a href=\"http:\/\/museumek.eu\/wp-content\/uploads\/2012\/06\/Museum-Europ\u00e4ischer-Keramikkunst-2269.jpg\"><img loading=\"lazy\" src=\"http:\/\/museumek.eu\/wp-content\/uploads\/2012\/06\/Museum-Europ\u00e4ischer-Keramikkunst-2269-272x300.jpg\" alt=\"\" title=\"Museum Europ\u00e4ischer Keramikkunst 2269\" width=\"272\" height=\"300\" class=\"alignnone size-medium wp-image-10652\" srcset=\"http:\/\/museumek.eu\/wp-content\/uploads\/2012\/06\/Museum-Europ\u00e4ischer-Keramikkunst-2269-272x300.jpg 272w, http:\/\/museumek.eu\/wp-content\/uploads\/2012\/06\/Museum-Europ\u00e4ischer-Keramikkunst-2269.jpg 488w\" sizes=\"(max-width: 272px) 100vw, 272px\" \/><\/a><\/p>\n","protected":false},"excerpt":{"rendered":"<p>Abteilung England, Keramik 1860 \u2013 1960, Inventarnummer E\/VI\/1 William Harry Grindley &#038; Co., England, Tunstall, Stoke-on-Trent, um 1910, Terrine mit Sch\u00f6pfl\u00f6ffel, K\u00fcnstler unbekannt, Werks.-Nr. ohne, Exemplar Nr. ohne, gemarkt Firmenmarke mit W.H. Grindley &#038; Co. sowie England umkr\u00e4nzt blauer Stempel &hellip; <a href=\"http:\/\/museumek.eu\/?page_id=10658\">Weiterlesen <span class=\"meta-nav\">&rarr;<\/span><\/a><\/p>\n","protected":false},"author":1,"featured_media":0,"parent":10655,"menu_order":1,"comment_status":"closed","ping_status":"open","template":"","meta":[],"_links":{"self":[{"href":"http:\/\/museumek.eu\/index.php?rest_route=\/wp\/v2\/pages\/10658"}],"collection":[{"href":"http:\/\/museumek.eu\/index.php?rest_route=\/wp\/v2\/pages"}],"about":[{"href":"http:\/\/museumek.eu\/index.php?rest_route=\/wp\/v2\/types\/page"}],"author":[{"embeddable":true,"href":"http:\/\/museumek.eu\/index.php?rest_route=\/wp\/v2\/users\/1"}],"replies":[{"embeddable":true,"href":"http:\/\/museumek.eu\/index.php?rest_route=%2Fwp%2Fv2%2Fcomments&post=10658"}],"version-history":[{"count":6,"href":"http:\/\/museumek.eu\/index.php?rest_route=\/wp\/v2\/pages\/10658\/revisions"}],"predecessor-version":[{"id":27921,"href":"http:\/\/museumek.eu\/index.php?rest_route=\/wp\/v2\/pages\/10658\/revisions\/27921"}],"up":[{"embeddable":true,"href":"http:\/\/museumek.eu\/index.php?rest_route=\/wp\/v2\/pages\/10655"}],"wp:attachment":[{"href":"http:\/\/museumek.eu\/index.php?rest_route=%2Fwp%2Fv2%2Fmedia&parent=10658"}],"curies":[{"name":"wp","href":"https:\/\/api.w.org\/{rel}","templated":true}]}}