{"id":10681,"date":"2012-06-17T11:36:03","date_gmt":"2012-06-17T09:36:03","guid":{"rendered":"http:\/\/museumek.eu\/?page_id=10681"},"modified":"2012-06-17T11:36:39","modified_gmt":"2012-06-17T09:36:39","slug":"evii1","status":"publish","type":"page","link":"http:\/\/museumek.eu\/?page_id=10681","title":{"rendered":"E\/VII\/1"},"content":{"rendered":"<p><strong>Abteilung England, Keramik 1860 \u2013 1960, Inventarnummer E\/VII\/1<\/strong><\/p>\n<p>Manufaktur Susie Cooper Pottery, England, Crown Works, Burslem, um 1931, Platte mit handgemaltem geometrischen Dekor (aus den Anfangsjahren des Ateliers), K\u00fcnstler Susie Cooper, Werks.-Nr. 39 oder 80 (?), Exemplar Nr. ohne, gemarkt A Susie Cooper Production Crownworks Burslem England sowie springender Hirsch in Landschaft br\u00e4unlicher Firmenstempel, W 734 und 10 gepresst, 39, 80 S\u2019 schwarz gemalt, signiert S\u2019 (f\u00fcr Susie selbst?), es ist anzunehmen, dass die Pressungen W 734 und 10 von der Firma woods &#038; sons stammen, da sich das Cooper Atelier auf dem Gel\u00e4nde der Firma befand und woods &#038; sons nachweislich die hochwertige wei\u00dfe Ware lieferte, die dann von Cooper und Ihren Angestellten gestaltet wurde, Literatur: Judith Miller, Art D\u00e9co, Sammlerst\u00fccke, Designer, Preise, ab Seite 128 ausf\u00fchrliche K\u00fcnstlerbeschreibung,<br \/>\nH\u00f6he 2,5 cm, Breite 30 cm<\/p>\n<p><a href=\"http:\/\/museumek.eu\/wp-content\/uploads\/2012\/06\/Museum-Europ\u00e4ischer-Keramikkunst-2425.jpg\"><img loading=\"lazy\" src=\"http:\/\/museumek.eu\/wp-content\/uploads\/2012\/06\/Museum-Europ\u00e4ischer-Keramikkunst-2425-300x228.jpg\" alt=\"\" title=\"Museum Europ\u00e4ischer Keramikkunst 2425\" width=\"300\" height=\"228\" class=\"alignnone size-medium wp-image-10682\" srcset=\"http:\/\/museumek.eu\/wp-content\/uploads\/2012\/06\/Museum-Europ\u00e4ischer-Keramikkunst-2425-300x228.jpg 300w, http:\/\/museumek.eu\/wp-content\/uploads\/2012\/06\/Museum-Europ\u00e4ischer-Keramikkunst-2425-393x300.jpg 393w, http:\/\/museumek.eu\/wp-content\/uploads\/2012\/06\/Museum-Europ\u00e4ischer-Keramikkunst-2425.jpg 925w\" sizes=\"(max-width: 300px) 100vw, 300px\" \/><\/a><\/p>\n<p><a href=\"http:\/\/museumek.eu\/wp-content\/uploads\/2012\/06\/Museum-Europ\u00e4ischer-Keramikkunst-2427.jpg\"><img loading=\"lazy\" src=\"http:\/\/museumek.eu\/wp-content\/uploads\/2012\/06\/Museum-Europ\u00e4ischer-Keramikkunst-2427-142x300.jpg\" alt=\"\" title=\"Museum Europ\u00e4ischer Keramikkunst 2427\" width=\"142\" height=\"300\" class=\"alignnone size-medium wp-image-10683\" srcset=\"http:\/\/museumek.eu\/wp-content\/uploads\/2012\/06\/Museum-Europ\u00e4ischer-Keramikkunst-2427-142x300.jpg 142w, http:\/\/museumek.eu\/wp-content\/uploads\/2012\/06\/Museum-Europ\u00e4ischer-Keramikkunst-2427.jpg 441w\" sizes=\"(max-width: 142px) 100vw, 142px\" \/><\/a><\/p>\n<p><a href=\"http:\/\/museumek.eu\/wp-content\/uploads\/2012\/06\/Museum-Europ\u00e4ischer-Keramikkunst-2428.jpg\"><img loading=\"lazy\" src=\"http:\/\/museumek.eu\/wp-content\/uploads\/2012\/06\/Museum-Europ\u00e4ischer-Keramikkunst-2428-216x300.jpg\" alt=\"\" title=\"Museum Europ\u00e4ischer Keramikkunst 2428\" width=\"216\" height=\"300\" class=\"alignnone size-medium wp-image-10684\" srcset=\"http:\/\/museumek.eu\/wp-content\/uploads\/2012\/06\/Museum-Europ\u00e4ischer-Keramikkunst-2428-216x300.jpg 216w, http:\/\/museumek.eu\/wp-content\/uploads\/2012\/06\/Museum-Europ\u00e4ischer-Keramikkunst-2428.jpg 345w\" sizes=\"(max-width: 216px) 100vw, 216px\" \/><\/a><\/p>\n<p><a href=\"http:\/\/museumek.eu\/wp-content\/uploads\/2012\/06\/Museum-Europ\u00e4ischer-Keramikkunst-2429.jpg\"><img loading=\"lazy\" src=\"http:\/\/museumek.eu\/wp-content\/uploads\/2012\/06\/Museum-Europ\u00e4ischer-Keramikkunst-2429-300x152.jpg\" alt=\"\" title=\"Museum Europ\u00e4ischer Keramikkunst 2429\" width=\"300\" height=\"152\" class=\"alignnone size-medium wp-image-10685\" srcset=\"http:\/\/museumek.eu\/wp-content\/uploads\/2012\/06\/Museum-Europ\u00e4ischer-Keramikkunst-2429-300x152.jpg 300w, http:\/\/museumek.eu\/wp-content\/uploads\/2012\/06\/Museum-Europ\u00e4ischer-Keramikkunst-2429.jpg 416w\" sizes=\"(max-width: 300px) 100vw, 300px\" \/><\/a><\/p>\n<p><a href=\"http:\/\/museumek.eu\/wp-content\/uploads\/2012\/06\/Museum-Europ\u00e4ischer-Keramikkunst-2431.jpg\"><img loading=\"lazy\" src=\"http:\/\/museumek.eu\/wp-content\/uploads\/2012\/06\/Museum-Europ\u00e4ischer-Keramikkunst-2431.jpg\" alt=\"\" title=\"Museum Europ\u00e4ischer Keramikkunst 2431\" width=\"227\" height=\"267\" class=\"alignnone size-full wp-image-10686\" \/><\/a><\/p>\n","protected":false},"excerpt":{"rendered":"<p>Abteilung England, Keramik 1860 \u2013 1960, Inventarnummer E\/VII\/1 Manufaktur Susie Cooper Pottery, England, Crown Works, Burslem, um 1931, Platte mit handgemaltem geometrischen Dekor (aus den Anfangsjahren des Ateliers), K\u00fcnstler Susie Cooper, Werks.-Nr. 39 oder 80 (?), Exemplar Nr. ohne, gemarkt &hellip; <a href=\"http:\/\/museumek.eu\/?page_id=10681\">Weiterlesen <span class=\"meta-nav\">&rarr;<\/span><\/a><\/p>\n","protected":false},"author":1,"featured_media":0,"parent":10678,"menu_order":1,"comment_status":"closed","ping_status":"open","template":"","meta":[],"_links":{"self":[{"href":"http:\/\/museumek.eu\/index.php?rest_route=\/wp\/v2\/pages\/10681"}],"collection":[{"href":"http:\/\/museumek.eu\/index.php?rest_route=\/wp\/v2\/pages"}],"about":[{"href":"http:\/\/museumek.eu\/index.php?rest_route=\/wp\/v2\/types\/page"}],"author":[{"embeddable":true,"href":"http:\/\/museumek.eu\/index.php?rest_route=\/wp\/v2\/users\/1"}],"replies":[{"embeddable":true,"href":"http:\/\/museumek.eu\/index.php?rest_route=%2Fwp%2Fv2%2Fcomments&post=10681"}],"version-history":[{"count":3,"href":"http:\/\/museumek.eu\/index.php?rest_route=\/wp\/v2\/pages\/10681\/revisions"}],"predecessor-version":[{"id":10689,"href":"http:\/\/museumek.eu\/index.php?rest_route=\/wp\/v2\/pages\/10681\/revisions\/10689"}],"up":[{"embeddable":true,"href":"http:\/\/museumek.eu\/index.php?rest_route=\/wp\/v2\/pages\/10678"}],"wp:attachment":[{"href":"http:\/\/museumek.eu\/index.php?rest_route=%2Fwp%2Fv2%2Fmedia&parent=10681"}],"curies":[{"name":"wp","href":"https:\/\/api.w.org\/{rel}","templated":true}]}}