{"id":10718,"date":"2012-06-17T13:11:00","date_gmt":"2012-06-17T11:11:00","guid":{"rendered":"http:\/\/museumek.eu\/?page_id=10718"},"modified":"2012-06-17T13:11:00","modified_gmt":"2012-06-17T11:11:00","slug":"fxxii1","status":"publish","type":"page","link":"http:\/\/museumek.eu\/?page_id=10718","title":{"rendered":"F\/XXII\/1"},"content":{"rendered":"<p><strong>Abteilung Frankreich, Keramik 1860 \u2013 1960, Inventarnummer F\/XXII\/1<\/strong><\/p>\n<p>Manufaktur Jean Born et Cie. (Robj), Frankreich, Boulogne-Billancourt, um 1925, Bouteille \u00e0 Liqueur en forme de Napol\u00e9on (Lik\u00f6rflasche in der Form von Napoleon), K\u00fcnstler Jean le Seyeux, Werks.-Nr. ohne, Exemplar Nr. ohne, gemarkt Robj, Paris, Made in France schwarzer Farbstempel, nicht signiert, der Hut ist gleichzeitig der Flaschenst\u00f6psel, Kork eingeklebt, Literatur: Florence Slitine, S\u00e8vres, Boulogne-Billancourt, La c\u00e9ramique ind\u00e9pendante, Seite 110 ff., Beschreibung der Manufaktur, Seite 112, Abbildung der Napoleon Lik\u00f6rflasche und deren Beschreibung, siehe auch Mus\u00e9e des Ann\u00e9es in Boulogne-Billancourt, dort als Nr. 2003.4.3 im Inventar, H\u00f6he 24,5 cm, Breite 13 cm<\/p>\n<p><a href=\"http:\/\/museumek.eu\/wp-content\/uploads\/2012\/06\/Museum-Europ\u00e4ischer-Keramikkunst-1919.jpg\"><img loading=\"lazy\" src=\"http:\/\/museumek.eu\/wp-content\/uploads\/2012\/06\/Museum-Europ\u00e4ischer-Keramikkunst-1919-133x300.jpg\" alt=\"\" title=\"Museum Europ\u00e4ischer Keramikkunst 1919\" width=\"133\" height=\"300\" class=\"alignnone size-medium wp-image-10719\" \/><\/a><\/p>\n<p><a href=\"http:\/\/museumek.eu\/wp-content\/uploads\/2012\/06\/Museum-Europ\u00e4ischer-Keramikkunst-19201.jpg\"><img loading=\"lazy\" src=\"http:\/\/museumek.eu\/wp-content\/uploads\/2012\/06\/Museum-Europ\u00e4ischer-Keramikkunst-19201-129x300.jpg\" alt=\"\" title=\"Museum Europ\u00e4ischer Keramikkunst 1920\" width=\"129\" height=\"300\" class=\"alignnone size-medium wp-image-10721\" srcset=\"http:\/\/museumek.eu\/wp-content\/uploads\/2012\/06\/Museum-Europ\u00e4ischer-Keramikkunst-19201-129x300.jpg 129w, http:\/\/museumek.eu\/wp-content\/uploads\/2012\/06\/Museum-Europ\u00e4ischer-Keramikkunst-19201.jpg 334w\" sizes=\"(max-width: 129px) 100vw, 129px\" \/><\/a><\/p>\n<p><a href=\"http:\/\/museumek.eu\/wp-content\/uploads\/2012\/06\/Museum-Europ\u00e4ischer-Keramikkunst-1921.jpg\"><img loading=\"lazy\" src=\"http:\/\/museumek.eu\/wp-content\/uploads\/2012\/06\/Museum-Europ\u00e4ischer-Keramikkunst-1921.jpg\" alt=\"\" title=\"Museum Europ\u00e4ischer Keramikkunst 1921\" width=\"291\" height=\"235\" class=\"alignnone size-full wp-image-10722\" \/><\/a><\/p>\n","protected":false},"excerpt":{"rendered":"<p>Abteilung Frankreich, Keramik 1860 \u2013 1960, Inventarnummer F\/XXII\/1 Manufaktur Jean Born et Cie. (Robj), Frankreich, Boulogne-Billancourt, um 1925, Bouteille \u00e0 Liqueur en forme de Napol\u00e9on (Lik\u00f6rflasche in der Form von Napoleon), K\u00fcnstler Jean le Seyeux, Werks.-Nr. ohne, Exemplar Nr. ohne, &hellip; <a href=\"http:\/\/museumek.eu\/?page_id=10718\">Weiterlesen <span class=\"meta-nav\">&rarr;<\/span><\/a><\/p>\n","protected":false},"author":1,"featured_media":0,"parent":10715,"menu_order":1,"comment_status":"closed","ping_status":"open","template":"","meta":[],"_links":{"self":[{"href":"http:\/\/museumek.eu\/index.php?rest_route=\/wp\/v2\/pages\/10718"}],"collection":[{"href":"http:\/\/museumek.eu\/index.php?rest_route=\/wp\/v2\/pages"}],"about":[{"href":"http:\/\/museumek.eu\/index.php?rest_route=\/wp\/v2\/types\/page"}],"author":[{"embeddable":true,"href":"http:\/\/museumek.eu\/index.php?rest_route=\/wp\/v2\/users\/1"}],"replies":[{"embeddable":true,"href":"http:\/\/museumek.eu\/index.php?rest_route=%2Fwp%2Fv2%2Fcomments&post=10718"}],"version-history":[{"count":2,"href":"http:\/\/museumek.eu\/index.php?rest_route=\/wp\/v2\/pages\/10718\/revisions"}],"predecessor-version":[{"id":10724,"href":"http:\/\/museumek.eu\/index.php?rest_route=\/wp\/v2\/pages\/10718\/revisions\/10724"}],"up":[{"embeddable":true,"href":"http:\/\/museumek.eu\/index.php?rest_route=\/wp\/v2\/pages\/10715"}],"wp:attachment":[{"href":"http:\/\/museumek.eu\/index.php?rest_route=%2Fwp%2Fv2%2Fmedia&parent=10718"}],"curies":[{"name":"wp","href":"https:\/\/api.w.org\/{rel}","templated":true}]}}