{"id":10853,"date":"2012-06-19T19:48:58","date_gmt":"2012-06-19T17:48:58","guid":{"rendered":"http:\/\/museumek.eu\/?page_id=10853"},"modified":"2013-06-22T12:47:20","modified_gmt":"2013-06-22T10:47:20","slug":"fotos-und-beschreibung","status":"publish","type":"page","link":"http:\/\/museumek.eu\/?page_id=10853","title":{"rendered":"Fotos und Beschreibung"},"content":{"rendered":"<p><strong>Abteilung England, Keramik 1860 \u2013 1960, Inventarnummer E\/VIII\/1<\/strong><\/p>\n<p>Royal Doulton &#038; Co. Ltd., England, Lambeth (London) und Burslem (Staffordshire) und Vorg\u00e4nger Doulton &#038; Co., England, Lambeth (London) und Burslem (Staffordshire), 1912 &#8211; 1920, Vase, K\u00fcnstler Lily Partington, Werks.-Nr. 8036, Exemplar Nr. ohne, gemarkt Firmenmarke mit L\u00f6we, Krone, in einer Kreisform Royal Doulton, England, im Kreis 4 x der Buchstabe D ineinander gestellt (f\u00fcr Doulton, Marke verwendet zwischen 1902 und 1922), 8036, 40 sowie nicht gedeutete Kleinbuchstaben gepresst, LP (f\u00fcr Lily Partington) geritzt, signiert LP, Werksnummern 7601 \u2013 8240 = 1912 \u2013 1920 produziert, Literatur: Malcolm Haslan, English Art Pottery 1865 &#8211; 1915, Seite 207, Marke Nr. 17 identisch, weitere Literatur: Gustav Wei\u00df, Ullstein Porzellan Buch, Seite 246, Marke Nr. 4 identisch, weitere Literatur: Edgar Pelichet, Jugendstilkeramik, Seite 123, Beschreibung der Fabrik sowie Seite 180, Marke identisch, weitere Literatur: Dr. Gerhard P. Woeckel und Staatliche Kunstsammlungen Kassel, Jugendstilsammlung, Nr. 79, Marke identisch, weitere Literatur: Christel Mosel, Kunsthandwerk im Umbruch, Jugendstil und Zwanziger Jahre, Seite 60\/61, Beschreibung der Fabrik, 1815 gr\u00fcndeten John Doulton, Martha Jones und John Watts die Jones, Watts &#038; Doulton Pottery, bereits 1820 tritt Martha Jones aus, ab 1826 nennt sich die Fabrik Doulton &#038; Watts, 1835 tritt der Sohn Doultons, Henry Doulton als 15-j\u00e4hriger in die Fabrik ein, ab 1853 firmierte die Fabrik als Doulton &#038; Co., um 1880 kaufte Doulton &#038; Co, die 1862 gegr\u00fcndete keramische Fabrik Pinder, Bourne &#038; Co. in Burslem hinzu, um 1871 Einrichtung eines eigenen K\u00fcnstlerstudios in Lambeth, 1886 oder 1887 wurde Henry Doulton von Queen Victoria zum Ritter geschlagen, seit dieser Zeit wurde die Marke bekr\u00f6nt, 1897 starb Henry Doulton und sein Sohn Henry Louis Doulton \u00fcbernahm die Fabrikleitung, um 1901 wurde die Fabrik durch K\u00f6nig Edward VII zum Hoflieferanten ernannt und firmierte nun mit Royal, zur gleichen Zeit fa\u00dfte Henry Louis Doulton die Fabriken zu einer Limited zusammen und firmierte als Royal Doulton &#038; Co. Ltd.,<br \/>\nH\u00f6he 25,5 cm, Breite 11 cm<\/p>\n<p><a href=\"http:\/\/museumek.eu\/wp-content\/uploads\/2012\/06\/Museum-Europ\u00e4ischer-Keramikkunst-1956.jpg\"><img loading=\"lazy\" src=\"http:\/\/museumek.eu\/wp-content\/uploads\/2012\/06\/Museum-Europ\u00e4ischer-Keramikkunst-1956-143x300.jpg\" alt=\"\" title=\"Museum Europ\u00e4ischer Keramikkunst 1956\" width=\"143\" height=\"300\" class=\"alignnone size-medium wp-image-10843\" srcset=\"http:\/\/museumek.eu\/wp-content\/uploads\/2012\/06\/Museum-Europ\u00e4ischer-Keramikkunst-1956-143x300.jpg 143w, http:\/\/museumek.eu\/wp-content\/uploads\/2012\/06\/Museum-Europ\u00e4ischer-Keramikkunst-1956.jpg 404w\" sizes=\"(max-width: 143px) 100vw, 143px\" \/><\/a><\/p>\n<p><a href=\"http:\/\/museumek.eu\/wp-content\/uploads\/2012\/06\/Museum-Europ\u00e4ischer-Keramikkunst-1958.jpg\"><img loading=\"lazy\" src=\"http:\/\/museumek.eu\/wp-content\/uploads\/2012\/06\/Museum-Europ\u00e4ischer-Keramikkunst-1958-272x300.jpg\" alt=\"\" title=\"Museum Europ\u00e4ischer Keramikkunst 1958\" width=\"272\" height=\"300\" class=\"alignnone size-medium wp-image-10844\" srcset=\"http:\/\/museumek.eu\/wp-content\/uploads\/2012\/06\/Museum-Europ\u00e4ischer-Keramikkunst-1958-272x300.jpg 272w, http:\/\/museumek.eu\/wp-content\/uploads\/2012\/06\/Museum-Europ\u00e4ischer-Keramikkunst-1958.jpg 540w\" sizes=\"(max-width: 272px) 100vw, 272px\" \/><\/a><\/p>\n<p><a href=\"http:\/\/museumek.eu\/wp-content\/uploads\/2012\/06\/Museum-Europ\u00e4ischer-Keramikkunst-1959.jpg\"><img loading=\"lazy\" src=\"http:\/\/museumek.eu\/wp-content\/uploads\/2012\/06\/Museum-Europ\u00e4ischer-Keramikkunst-1959-289x300.jpg\" alt=\"\" title=\"Museum Europ\u00e4ischer Keramikkunst 1959\" width=\"289\" height=\"300\" class=\"alignnone size-medium wp-image-10845\" srcset=\"http:\/\/museumek.eu\/wp-content\/uploads\/2012\/06\/Museum-Europ\u00e4ischer-Keramikkunst-1959-289x300.jpg 289w, http:\/\/museumek.eu\/wp-content\/uploads\/2012\/06\/Museum-Europ\u00e4ischer-Keramikkunst-1959.jpg 611w\" sizes=\"(max-width: 289px) 100vw, 289px\" \/><\/a><\/p>\n<p><a href=\"http:\/\/museumek.eu\/wp-content\/uploads\/2012\/06\/Museum-Europ\u00e4ischer-Keramikkunst-1960.jpg\"><img loading=\"lazy\" src=\"http:\/\/museumek.eu\/wp-content\/uploads\/2012\/06\/Museum-Europ\u00e4ischer-Keramikkunst-1960-300x288.jpg\" alt=\"\" title=\"Museum Europ\u00e4ischer Keramikkunst 1960\" width=\"300\" height=\"288\" class=\"alignnone size-medium wp-image-10846\" srcset=\"http:\/\/museumek.eu\/wp-content\/uploads\/2012\/06\/Museum-Europ\u00e4ischer-Keramikkunst-1960-300x288.jpg 300w, http:\/\/museumek.eu\/wp-content\/uploads\/2012\/06\/Museum-Europ\u00e4ischer-Keramikkunst-1960-311x300.jpg 311w, http:\/\/museumek.eu\/wp-content\/uploads\/2012\/06\/Museum-Europ\u00e4ischer-Keramikkunst-1960.jpg 687w\" sizes=\"(max-width: 300px) 100vw, 300px\" \/><\/a><\/p>\n<p><strong>Abteilung England, Keramik 1860 \u2013 1960, Inventarnummer E\/VIII\/2<\/strong><\/p>\n<p>Royal Doulton &#038; Co. Ltd., England, Lambeth (London) und Burslem (Staffordshire) und Vorg\u00e4nger Doulton &#038; Co., England, Lambeth (London) und Burslem (Staffordshire), 1903 &#8211; 1905, Vase, K\u00fcnstler Lily Partington, Werks.-Nr. 6476, Exemplar Nr. ohne, gemarkt Firmenmarke mit L\u00f6we, Krone, in einer Kreisform Royal Doulton, England, im Kreis 4 x der Buchstabe D ineinander gestellt (f\u00fcr Doulton, Marke verwendet zwischen 1902 und 1922), 6476, 40 sowie nicht gedeutete Kleinbuchstaben gepresst, LP (f\u00fcr Lily Partington) geritzt, signiert LP, Werksnummern 5941 \u2013 6600 = 1903 \u2013 1905 produziert, Literatur: Malcolm Haslan, English Art Pottery 1865 &#8211; 1915, Seite 207, Marke Nr. 17 identisch, weitere Literatur: Gustav Wei\u00df, Ullstein Porzellan Buch, Seite 246, Marke Nr. 4 identisch, weitere Literatur: Edgar Pelichet, Jugendstilkeramik, Seite 123, Beschreibung der Fabrik sowie Seite 180, Marke identisch, weitere Literatur: Dr. Gerhard P. Woeckel und Staatliche Kunstsammlungen Kassel, Jugendstilsammlung, Nr. 79, Marke identisch, weitere Literatur: Christel Mosel, Kunsthandwerk im Umbruch, Jugendstil und Zwanziger Jahre, Seite 60\/61, Beschreibung der Fabrik, 1815 gr\u00fcndeten John Doulton, Martha Jones und John Watts die Jones, Watts &#038; Doulton Pottery, bereits 1820 tritt Martha Jones aus, ab 1826 nennt sich die Fabrik Doulton &#038; Watts, 1835 tritt der Sohn Doultons, Henry Doulton als 15-j\u00e4hriger in die Fabrik ein, ab 1853 firmierte die Fabrik als Doulton &#038; Co., um 1880 kaufte Doulton &#038; Co, die 1862 gegr\u00fcndete keramische Fabrik Pinder, Bourne &#038; Co. in Burslem hinzu, um 1871 Einrichtung eines eigenen K\u00fcnstlerstudios in Lambeth, 1886 oder 1887 wurde Henry Doulton von Queen Victoria zum Ritter geschlagen, seit dieser Zeit wurde die Marke bekr\u00f6nt, 1897 starb Henry Doulton und sein Sohn Henry Louis Doulton \u00fcbernahm die Fabrikleitung, um 1901 wurde die Fabrik durch K\u00f6nig Edward VII zum Hoflieferanten ernannt und firmierte nun mit Royal, zur gleichen Zeit fa\u00dfte Henry Louis Doulton die Fabriken zu einer Limited zusammen und firmierte als Royal Doulton &#038; Co. Ltd.,<br \/>\nH\u00f6he 14 cm, Breite 7,5 cm<\/p>\n<p><a href=\"http:\/\/museumek.eu\/wp-content\/uploads\/2012\/06\/Museum-Europ\u00e4ischer-Keramikkunst-2246.jpg\"><img loading=\"lazy\" src=\"http:\/\/museumek.eu\/wp-content\/uploads\/2012\/06\/Museum-Europ\u00e4ischer-Keramikkunst-2246-141x300.jpg\" alt=\"\" title=\"Museum Europ\u00e4ischer Keramikkunst 2246\" width=\"141\" height=\"300\" class=\"alignnone size-medium wp-image-10873\" \/><\/a><\/p>\n<p><a href=\"http:\/\/museumek.eu\/wp-content\/uploads\/2012\/06\/Museum-Europ\u00e4ischer-Keramikkunst-2247.jpg\"><img loading=\"lazy\" src=\"http:\/\/museumek.eu\/wp-content\/uploads\/2012\/06\/Museum-Europ\u00e4ischer-Keramikkunst-2247-300x263.jpg\" alt=\"\" title=\"Museum Europ\u00e4ischer Keramikkunst 2247\" width=\"300\" height=\"263\" class=\"alignnone size-medium wp-image-10874\" srcset=\"http:\/\/museumek.eu\/wp-content\/uploads\/2012\/06\/Museum-Europ\u00e4ischer-Keramikkunst-2247-300x263.jpg 300w, http:\/\/museumek.eu\/wp-content\/uploads\/2012\/06\/Museum-Europ\u00e4ischer-Keramikkunst-2247-342x300.jpg 342w, http:\/\/museumek.eu\/wp-content\/uploads\/2012\/06\/Museum-Europ\u00e4ischer-Keramikkunst-2247.jpg 845w\" sizes=\"(max-width: 300px) 100vw, 300px\" \/><\/a><\/p>\n<p><a href=\"http:\/\/museumek.eu\/wp-content\/uploads\/2012\/06\/Museum-Europ\u00e4ischer-Keramikkunst-2248.jpg\"><img loading=\"lazy\" src=\"http:\/\/museumek.eu\/wp-content\/uploads\/2012\/06\/Museum-Europ\u00e4ischer-Keramikkunst-2248-295x300.jpg\" alt=\"\" title=\"Museum Europ\u00e4ischer Keramikkunst 2248\" width=\"295\" height=\"300\" class=\"alignnone size-medium wp-image-10875\" srcset=\"http:\/\/museumek.eu\/wp-content\/uploads\/2012\/06\/Museum-Europ\u00e4ischer-Keramikkunst-2248-295x300.jpg 295w, http:\/\/museumek.eu\/wp-content\/uploads\/2012\/06\/Museum-Europ\u00e4ischer-Keramikkunst-2248.jpg 735w\" sizes=\"(max-width: 295px) 100vw, 295px\" \/><\/a><\/p>\n<p><strong>Abteilung England, Keramik 1860 \u2013 1960, Inventarnummer E\/VIII\/3<\/strong><\/p>\n<p>Royal Doulton &#038; Co. Ltd., England, Lambeth (London) und Burslem (Staffordshire) und Vorg\u00e4nger Doulton &#038; Co., England, Lambeth (London) und Burslem (Staffordshire), 1907\/1908, Teller, K\u00fcnstler unbekannt, Werks.-Nr. D 2801 (Dekornummer), Exemplar Nr. ohne, gemarkt Firmenmarke mit L\u00f6we, Krone, in einer Kreisform Royal Doulton, England, im Kreis 4 x der Buchstabe D ineinander gestellt (f\u00fcr Doulton, Marke verwendet zwischen 1902 und 1922), Countess sowie R.N. 523784 schwarze Stempel unter Glasur, D 2801 rot unter Glasur gemalt, herzf\u00f6rmiges Zeichen schwarz unter Glasur gemalt, Doulton sowie ungedeutete Buchstaben und Zahlen gepresst, Literatur: Malcolm Haslan, English Art Pottery 1865 &#8211; 1915, Seite 207, Marke Nr. 17 identisch, weitere Literatur: Gustav Wei\u00df, Ullstein Porzellan Buch, Seite 246, Marke Nr. 4 identisch, weitere Literatur: Edgar Pelichet, Jugendstilkeramik, Seite 123, Beschreibung der Fabrik sowie Seite 180, Marke identisch, weitere Literatur: Dr. Gerhard P. Woeckel und Staatliche Kunstsammlungen Kassel, Jugendstilsammlung, Nr. 79, Marke identisch, weitere Literatur: Christel Mosel, Kunsthandwerk im Umbruch, Jugendstil und Zwanziger Jahre, Seite 60\/61, Beschreibung der Fabrik, weitere Literatur: Jeffrey B. Snyder and Leslie Bockol, Majolica, British, American, &#038; European Wares, Seite 92, Erkl\u00e4rung des englischen Datierungssystems der amtlichen Registrierungs-Nummern, Jahr 1905 beginnend mit R.Nr. 447800 \u2013 bis Jahr 2008 endend mit R.Nr. 548919, insofern ist o. g. Datierung des Tellers entsprechend abgeleitet, 1815 gr\u00fcndeten John Doulton, Martha Jones und John Watts die Jones, Watts &#038; Doulton Pottery, bereits 1820 tritt Martha Jones aus, ab 1826 nennt sich die Fabrik Doulton &#038; Watts, 1835 tritt der Sohn Doultons, Henry Doulton als 15-j\u00e4hriger in die Fabrik ein, ab 1853 firmierte die Fabrik als Doulton &#038; Co., um 1880 kaufte Doulton &#038; Co, die 1862 gegr\u00fcndete keramische Fabrik Pinder, Bourne &#038; Co. in Burslem hinzu, um 1871 Einrichtung eines eigenen K\u00fcnstlerstudios in Lambeth, 1886 oder 1887 wurde Henry Doulton von Queen Victoria zum Ritter geschlagen, seit dieser Zeit wurde die Marke bekr\u00f6nt, 1897 starb Henry Doulton und sein Sohn Henry Louis Doulton \u00fcbernahm die Fabrikleitung, um 1901 wurde die Fabrik durch K\u00f6nig Edward VII zum Hoflieferanten ernannt und firmierte nun mit Royal, zur gleichen Zeit fa\u00dfte Henry Louis Doulton die Fabriken zu einer Limited zusammen und firmierte als Royal Doulton &#038; Co. Ltd., Durchmesser 26 cm<\/p>\n<p><a href=\"http:\/\/museumek.eu\/wp-content\/uploads\/2012\/11\/Museum-Europ\u00e4ischer-Keramikkunst-3184.jpg\"><img loading=\"lazy\" src=\"http:\/\/museumek.eu\/wp-content\/uploads\/2012\/11\/Museum-Europ\u00e4ischer-Keramikkunst-3184-300x285.jpg\" alt=\"\" title=\"Museum Europ\u00e4ischer Keramikkunst 3184\" width=\"300\" height=\"285\" class=\"alignnone size-medium wp-image-16054\" srcset=\"http:\/\/museumek.eu\/wp-content\/uploads\/2012\/11\/Museum-Europ\u00e4ischer-Keramikkunst-3184-300x285.jpg 300w, http:\/\/museumek.eu\/wp-content\/uploads\/2012\/11\/Museum-Europ\u00e4ischer-Keramikkunst-3184-315x300.jpg 315w, http:\/\/museumek.eu\/wp-content\/uploads\/2012\/11\/Museum-Europ\u00e4ischer-Keramikkunst-3184.jpg 742w\" sizes=\"(max-width: 300px) 100vw, 300px\" \/><\/a><\/p>\n<p><a href=\"http:\/\/museumek.eu\/wp-content\/uploads\/2012\/11\/Museum-Europ\u00e4ischer-Keramikkunst-3185.jpg\"><img loading=\"lazy\" src=\"http:\/\/museumek.eu\/wp-content\/uploads\/2012\/11\/Museum-Europ\u00e4ischer-Keramikkunst-3185-300x164.jpg\" alt=\"\" title=\"Museum Europ\u00e4ischer Keramikkunst 3185\" width=\"300\" height=\"164\" class=\"alignnone size-medium wp-image-16055\" srcset=\"http:\/\/museumek.eu\/wp-content\/uploads\/2012\/11\/Museum-Europ\u00e4ischer-Keramikkunst-3185-300x164.jpg 300w, http:\/\/museumek.eu\/wp-content\/uploads\/2012\/11\/Museum-Europ\u00e4ischer-Keramikkunst-3185-500x274.jpg 500w, http:\/\/museumek.eu\/wp-content\/uploads\/2012\/11\/Museum-Europ\u00e4ischer-Keramikkunst-3185.jpg 751w\" sizes=\"(max-width: 300px) 100vw, 300px\" \/><\/a><\/p>\n<p><a href=\"http:\/\/museumek.eu\/wp-content\/uploads\/2012\/11\/Museum-Europ\u00e4ischer-Keramikkunst-3186.jpg\"><img loading=\"lazy\" src=\"http:\/\/museumek.eu\/wp-content\/uploads\/2012\/11\/Museum-Europ\u00e4ischer-Keramikkunst-3186.jpg\" alt=\"\" title=\"Museum Europ\u00e4ischer Keramikkunst 3186\" width=\"204\" height=\"95\" class=\"alignnone size-full wp-image-16056\" \/><\/a><\/p>\n<p><a href=\"http:\/\/museumek.eu\/wp-content\/uploads\/2012\/11\/Museum-Europ\u00e4ischer-Keramikkunst-3190.jpg\"><img loading=\"lazy\" src=\"http:\/\/museumek.eu\/wp-content\/uploads\/2012\/11\/Museum-Europ\u00e4ischer-Keramikkunst-3190-300x183.jpg\" alt=\"\" title=\"Museum Europ\u00e4ischer Keramikkunst 3190\" width=\"300\" height=\"183\" class=\"alignnone size-medium wp-image-16057\" srcset=\"http:\/\/museumek.eu\/wp-content\/uploads\/2012\/11\/Museum-Europ\u00e4ischer-Keramikkunst-3190-300x183.jpg 300w, http:\/\/museumek.eu\/wp-content\/uploads\/2012\/11\/Museum-Europ\u00e4ischer-Keramikkunst-3190-490x300.jpg 490w, http:\/\/museumek.eu\/wp-content\/uploads\/2012\/11\/Museum-Europ\u00e4ischer-Keramikkunst-3190.jpg 556w\" sizes=\"(max-width: 300px) 100vw, 300px\" \/><\/a><\/p>\n<p><strong>Abteilung England, Keramik 1860 \u2013 1960, Inventarnummer E\/VIII\/4<\/strong><\/p>\n<p>Royal Doulton &#038; Co. Ltd., England, Lambeth (London) und Burslem (Staffordshire) und Vorg\u00e4nger Doulton &#038; Co., England, Lambeth (London) und Burslem (Staffordshire), um 1891, Zierteller im chinesischen Stil, K\u00fcnstler unbekannt, Werks.-Nr. a p (oder 1) 628, Exemplar Nr. ohne, gemarkt Firmenmarke Kreis mit Burslem, Doulton sowie England Trockenstempel gepresst, Doultons Kubus (?) schwarzer Stempel unter Glasur, 8-08 gepresst, a p (oder 1) sowie xx schwarz auf Glasur gemalt, Literatur: Edgar Pelichet, Jugendstilkeramik, Seite 123, Beschreibung der Fabrik, weitere Literatur: Christel Mosel, Kunsthandwerk im Umbruch, Jugendstil und Zwanziger Jahre, Seite 60\/61, Beschreibung der Fabrik, 1815 gr\u00fcndeten John Doulton, Martha Jones und John Watts die Jones, Watts &#038; Doulton Pottery, bereits 1820 tritt Martha Jones aus, ab 1826 nennt sich die Fabrik Doulton &#038; Watts, 1835 tritt der Sohn Doultons, Henry Doulton als 15-j\u00e4hriger in die Fabrik ein, ab 1853 firmierte die Fabrik als Doulton &#038; Co., um 1880 kaufte Doulton &#038; Co, die 1862 gegr\u00fcndete keramische Fabrik Pinder, Bourne &#038; Co. in Burslem hinzu, um 1871 Einrichtung eines eigenen K\u00fcnstlerstudios in Lambeth, 1886 oder 1887 wurde Henry Doulton von Queen Victoria zum Ritter geschlagen, seit dieser Zeit wurde die Marke bekr\u00f6nt, 1897 starb Henry Doulton und sein Sohn Henry Louis Doulton \u00fcbernahm die Fabrikleitung, um 1901 wurde die Fabrik durch K\u00f6nig Edward VII zum Hoflieferanten ernannt und firmierte nun mit Royal, zur gleichen Zeit fa\u00dfte Henry Louis Doulton die Fabriken zu einer Limited zusammen und firmierte als Royal Doulton &#038; Co. Ltd., Datierung: ab 1891 wurde in England der Zusatz des Wortes England (meist gepresst) verwendet, Durchmesser 24,5 cm<\/p>\n<p><a href=\"http:\/\/museumek.eu\/?attachment_id=23927\" rel=\"attachment wp-att-23927\"><img loading=\"lazy\" src=\"http:\/\/museumek.eu\/wp-content\/uploads\/2013\/06\/Museum-Europ\u00e4ischer-Keramikkunst-3560-300x290.jpg\" alt=\"\" title=\"Museum Europ\u00e4ischer Keramikkunst 3560\" width=\"300\" height=\"290\" class=\"alignnone size-medium wp-image-23927\" srcset=\"http:\/\/museumek.eu\/wp-content\/uploads\/2013\/06\/Museum-Europ\u00e4ischer-Keramikkunst-3560-300x290.jpg 300w, http:\/\/museumek.eu\/wp-content\/uploads\/2013\/06\/Museum-Europ\u00e4ischer-Keramikkunst-3560-150x145.jpg 150w, http:\/\/museumek.eu\/wp-content\/uploads\/2013\/06\/Museum-Europ\u00e4ischer-Keramikkunst-3560-309x300.jpg 309w, http:\/\/museumek.eu\/wp-content\/uploads\/2013\/06\/Museum-Europ\u00e4ischer-Keramikkunst-3560.jpg 771w\" sizes=\"(max-width: 300px) 100vw, 300px\" \/><\/a><\/p>\n<p><a href=\"http:\/\/museumek.eu\/?attachment_id=23928\" rel=\"attachment wp-att-23928\"><img loading=\"lazy\" src=\"http:\/\/museumek.eu\/wp-content\/uploads\/2013\/06\/Museum-Europ\u00e4ischer-Keramikkunst-3564-300x261.jpg\" alt=\"\" title=\"Museum Europ\u00e4ischer Keramikkunst 3564\" width=\"300\" height=\"261\" class=\"alignnone size-medium wp-image-23928\" srcset=\"http:\/\/museumek.eu\/wp-content\/uploads\/2013\/06\/Museum-Europ\u00e4ischer-Keramikkunst-3564-300x261.jpg 300w, http:\/\/museumek.eu\/wp-content\/uploads\/2013\/06\/Museum-Europ\u00e4ischer-Keramikkunst-3564-150x130.jpg 150w, http:\/\/museumek.eu\/wp-content\/uploads\/2013\/06\/Museum-Europ\u00e4ischer-Keramikkunst-3564-344x300.jpg 344w, http:\/\/museumek.eu\/wp-content\/uploads\/2013\/06\/Museum-Europ\u00e4ischer-Keramikkunst-3564.jpg 688w\" sizes=\"(max-width: 300px) 100vw, 300px\" \/><\/a><\/p>\n<p><a href=\"http:\/\/museumek.eu\/?attachment_id=23929\" rel=\"attachment wp-att-23929\"><img loading=\"lazy\" src=\"http:\/\/museumek.eu\/wp-content\/uploads\/2013\/06\/Museum-Europ\u00e4ischer-Keramikkunst-3561.jpg\" alt=\"\" title=\"Museum Europ\u00e4ischer Keramikkunst 3561\" width=\"228\" height=\"122\" class=\"alignnone size-full wp-image-23929\" srcset=\"http:\/\/museumek.eu\/wp-content\/uploads\/2013\/06\/Museum-Europ\u00e4ischer-Keramikkunst-3561.jpg 228w, http:\/\/museumek.eu\/wp-content\/uploads\/2013\/06\/Museum-Europ\u00e4ischer-Keramikkunst-3561-150x80.jpg 150w\" sizes=\"(max-width: 228px) 100vw, 228px\" \/><\/a><\/p>\n<p><a href=\"http:\/\/museumek.eu\/?attachment_id=23930\" rel=\"attachment wp-att-23930\"><img loading=\"lazy\" src=\"http:\/\/museumek.eu\/wp-content\/uploads\/2013\/06\/Museum-Europ\u00e4ischer-Keramikkunst-3563-300x174.jpg\" alt=\"\" title=\"Museum Europ\u00e4ischer Keramikkunst 3563\" width=\"300\" height=\"174\" class=\"alignnone size-medium wp-image-23930\" srcset=\"http:\/\/museumek.eu\/wp-content\/uploads\/2013\/06\/Museum-Europ\u00e4ischer-Keramikkunst-3563-300x174.jpg 300w, http:\/\/museumek.eu\/wp-content\/uploads\/2013\/06\/Museum-Europ\u00e4ischer-Keramikkunst-3563-150x87.jpg 150w, http:\/\/museumek.eu\/wp-content\/uploads\/2013\/06\/Museum-Europ\u00e4ischer-Keramikkunst-3563.jpg 331w\" sizes=\"(max-width: 300px) 100vw, 300px\" \/><\/a><\/p>\n<p><a href=\"http:\/\/museumek.eu\/?attachment_id=23931\" rel=\"attachment wp-att-23931\"><img loading=\"lazy\" src=\"http:\/\/museumek.eu\/wp-content\/uploads\/2013\/06\/Museum-Europ\u00e4ischer-Keramikkunst-3562-300x140.jpg\" alt=\"\" title=\"Museum Europ\u00e4ischer Keramikkunst 3562\" width=\"300\" height=\"140\" class=\"alignnone size-medium wp-image-23931\" srcset=\"http:\/\/museumek.eu\/wp-content\/uploads\/2013\/06\/Museum-Europ\u00e4ischer-Keramikkunst-3562-300x140.jpg 300w, http:\/\/museumek.eu\/wp-content\/uploads\/2013\/06\/Museum-Europ\u00e4ischer-Keramikkunst-3562-150x70.jpg 150w, http:\/\/museumek.eu\/wp-content\/uploads\/2013\/06\/Museum-Europ\u00e4ischer-Keramikkunst-3562-500x234.jpg 500w, http:\/\/museumek.eu\/wp-content\/uploads\/2013\/06\/Museum-Europ\u00e4ischer-Keramikkunst-3562.jpg 640w\" sizes=\"(max-width: 300px) 100vw, 300px\" \/><\/a><\/p>\n","protected":false},"excerpt":{"rendered":"<p>Abteilung England, Keramik 1860 \u2013 1960, Inventarnummer E\/VIII\/1 Royal Doulton &#038; Co. Ltd., England, Lambeth (London) und Burslem (Staffordshire) und Vorg\u00e4nger Doulton &#038; Co., England, Lambeth (London) und Burslem (Staffordshire), 1912 &#8211; 1920, Vase, K\u00fcnstler Lily Partington, Werks.-Nr. 8036, Exemplar &hellip; <a href=\"http:\/\/museumek.eu\/?page_id=10853\">Weiterlesen <span class=\"meta-nav\">&rarr;<\/span><\/a><\/p>\n","protected":false},"author":1,"featured_media":0,"parent":10850,"menu_order":1,"comment_status":"closed","ping_status":"open","template":"","meta":[],"_links":{"self":[{"href":"http:\/\/museumek.eu\/index.php?rest_route=\/wp\/v2\/pages\/10853"}],"collection":[{"href":"http:\/\/museumek.eu\/index.php?rest_route=\/wp\/v2\/pages"}],"about":[{"href":"http:\/\/museumek.eu\/index.php?rest_route=\/wp\/v2\/types\/page"}],"author":[{"embeddable":true,"href":"http:\/\/museumek.eu\/index.php?rest_route=\/wp\/v2\/users\/1"}],"replies":[{"embeddable":true,"href":"http:\/\/museumek.eu\/index.php?rest_route=%2Fwp%2Fv2%2Fcomments&post=10853"}],"version-history":[{"count":12,"href":"http:\/\/museumek.eu\/index.php?rest_route=\/wp\/v2\/pages\/10853\/revisions"}],"predecessor-version":[{"id":59533,"href":"http:\/\/museumek.eu\/index.php?rest_route=\/wp\/v2\/pages\/10853\/revisions\/59533"}],"up":[{"embeddable":true,"href":"http:\/\/museumek.eu\/index.php?rest_route=\/wp\/v2\/pages\/10850"}],"wp:attachment":[{"href":"http:\/\/museumek.eu\/index.php?rest_route=%2Fwp%2Fv2%2Fmedia&parent=10853"}],"curies":[{"name":"wp","href":"https:\/\/api.w.org\/{rel}","templated":true}]}}