{"id":10860,"date":"2012-06-19T19:54:36","date_gmt":"2012-06-19T17:54:36","guid":{"rendered":"http:\/\/museumek.eu\/?page_id=10860"},"modified":"2013-04-26T16:42:19","modified_gmt":"2013-04-26T14:42:19","slug":"kurzbiografie-und-inventar-zum-kunstler","status":"publish","type":"page","link":"http:\/\/museumek.eu\/?page_id=10860","title":{"rendered":"Kurzbiografie und Inventar zum K\u00fcnstler"},"content":{"rendered":"<p>\u00dcber Lily Partington konnten keine Lebensdaten recherchiert werden. Sie war eine der wichtigsten Entwerfer f\u00fcr Royal Doulton &#038; Co. nach 1900.<\/p>\n<p><strong>Abteilung England, Keramik 1860 \u2013 1960, Inventarnummer E\/VIII\/1<\/strong><\/p>\n<p>Royal Doulton &#038; Co., England, Lambeth, 1912 &#8211; 1920, Vase, K\u00fcnstler Lily Partington, Werks.-Nr. 8036, Exemplar Nr. ohne, gemarkt Firmenmarke (Marke verwendet zwischen 1902 und 1922), 8036, 40 sowie nicht gedeutete Kleinbuchstaben gepresst, LP geritzt, signiert LP, Werksnummern 7601 \u2013 8240 = 1912 \u2013 1920 produziert, Literatur: Malcolm Haslan, English Art Pottery 1865 &#8211; 1915, Seite 207, Marke 17 identisch, weitere Literatur: Gustav Wei\u00df, Ullstein Porzellan Buch, Seite 246, Marke 4 identisch, weitere Literatur: Edgar Pelichet, Jugendstilkeramik, Seite 123, Beschreibung der Manufaktur sowie Seite 180, Marke identisch, weitere Literatur: Dr. Gerhard P. Woeckel und Staatliche Kunstsammlungen Kassel, Jugendstilsammlung, Nr. 79, Marke identisch, weitere Literatur: Christel Mosel, Kunsthandwerk im Umbruch, Jugendstil und Zwanziger Jahre, Seite 60\/61, Beschreibung der Manufaktur,<br \/>\nH\u00f6he 25,5 cm, Breite 11 cm<\/p>\n<p><a href=\"http:\/\/museumek.eu\/wp-content\/uploads\/2012\/06\/Museum-Europ\u00e4ischer-Keramikkunst-1956.jpg\"><img loading=\"lazy\" src=\"http:\/\/museumek.eu\/wp-content\/uploads\/2012\/06\/Museum-Europ\u00e4ischer-Keramikkunst-1956-143x300.jpg\" alt=\"\" title=\"Museum Europ\u00e4ischer Keramikkunst 1956\" width=\"143\" height=\"300\" class=\"alignnone size-medium wp-image-10843\" srcset=\"http:\/\/museumek.eu\/wp-content\/uploads\/2012\/06\/Museum-Europ\u00e4ischer-Keramikkunst-1956-143x300.jpg 143w, http:\/\/museumek.eu\/wp-content\/uploads\/2012\/06\/Museum-Europ\u00e4ischer-Keramikkunst-1956.jpg 404w\" sizes=\"(max-width: 143px) 100vw, 143px\" \/><\/a><\/p>\n<p><a href=\"http:\/\/museumek.eu\/wp-content\/uploads\/2012\/06\/Museum-Europ\u00e4ischer-Keramikkunst-1958.jpg\"><img loading=\"lazy\" src=\"http:\/\/museumek.eu\/wp-content\/uploads\/2012\/06\/Museum-Europ\u00e4ischer-Keramikkunst-1958-272x300.jpg\" alt=\"\" title=\"Museum Europ\u00e4ischer Keramikkunst 1958\" width=\"272\" height=\"300\" class=\"alignnone size-medium wp-image-10844\" srcset=\"http:\/\/museumek.eu\/wp-content\/uploads\/2012\/06\/Museum-Europ\u00e4ischer-Keramikkunst-1958-272x300.jpg 272w, http:\/\/museumek.eu\/wp-content\/uploads\/2012\/06\/Museum-Europ\u00e4ischer-Keramikkunst-1958.jpg 540w\" sizes=\"(max-width: 272px) 100vw, 272px\" \/><\/a><\/p>\n<p><a href=\"http:\/\/museumek.eu\/wp-content\/uploads\/2012\/06\/Museum-Europ\u00e4ischer-Keramikkunst-1959.jpg\"><img loading=\"lazy\" src=\"http:\/\/museumek.eu\/wp-content\/uploads\/2012\/06\/Museum-Europ\u00e4ischer-Keramikkunst-1959-289x300.jpg\" alt=\"\" title=\"Museum Europ\u00e4ischer Keramikkunst 1959\" width=\"289\" height=\"300\" class=\"alignnone size-medium wp-image-10845\" srcset=\"http:\/\/museumek.eu\/wp-content\/uploads\/2012\/06\/Museum-Europ\u00e4ischer-Keramikkunst-1959-289x300.jpg 289w, http:\/\/museumek.eu\/wp-content\/uploads\/2012\/06\/Museum-Europ\u00e4ischer-Keramikkunst-1959.jpg 611w\" sizes=\"(max-width: 289px) 100vw, 289px\" \/><\/a><\/p>\n<p><a href=\"http:\/\/museumek.eu\/wp-content\/uploads\/2012\/06\/Museum-Europ\u00e4ischer-Keramikkunst-1960.jpg\"><img loading=\"lazy\" src=\"http:\/\/museumek.eu\/wp-content\/uploads\/2012\/06\/Museum-Europ\u00e4ischer-Keramikkunst-1960-300x288.jpg\" alt=\"\" title=\"Museum Europ\u00e4ischer Keramikkunst 1960\" width=\"300\" height=\"288\" class=\"alignnone size-medium wp-image-10846\" srcset=\"http:\/\/museumek.eu\/wp-content\/uploads\/2012\/06\/Museum-Europ\u00e4ischer-Keramikkunst-1960-300x288.jpg 300w, http:\/\/museumek.eu\/wp-content\/uploads\/2012\/06\/Museum-Europ\u00e4ischer-Keramikkunst-1960-311x300.jpg 311w, http:\/\/museumek.eu\/wp-content\/uploads\/2012\/06\/Museum-Europ\u00e4ischer-Keramikkunst-1960.jpg 687w\" sizes=\"(max-width: 300px) 100vw, 300px\" \/><\/a><\/p>\n<p><strong>Abteilung England, Keramik 1860 \u2013 1960, Inventarnummer E\/VIII\/2<\/strong><\/p>\n<p>Royal Doulton &#038; Co., England, Lambeth, 1903 &#8211; 1905, Vase, K\u00fcnstler Lily Partington, Werks.-Nr. 6476, Exemplar Nr. ohne, gemarkt Firmenmarke (Marke verwendet zwischen 1902 und 1922), 6476, 40 sowie nicht gedeutete Kleinbuchstaben gepresst, LP geritzt, signiert LP, Werksnummern 5941 \u2013 6600 = 1903 \u2013 1905 produziert, Literatur: Malcolm Haslan, English Art Pottery 1865 &#8211; 1915, Seite 207, Marke 17 identisch, weitere Literatur: Gustav Wei\u00df, Ullstein Porzellan Buch, Seite 246, Marke 4 identisch, weitere Literatur: Edgar Pelichet, Jugendstilkeramik, Seite 123, Beschreibung der Manufaktur sowie Seite 180, Marke identisch, weitere Literatur: Dr. Gerhard P. Woeckel und Staatliche Kunstsammlungen Kassel, Jugendstilsammlung, Nr. 79, Marke identisch, weitere Literatur: Christel Mosel, Kunsthandwerk im Umbruch, Jugendstil und Zwanziger Jahre, Seite 60\/61, Beschreibung der Manufaktur,<br \/>\nH\u00f6he 14 cm, Breite 7,5 cm<\/p>\n<p><a href=\"http:\/\/museumek.eu\/wp-content\/uploads\/2012\/06\/Museum-Europ\u00e4ischer-Keramikkunst-2246.jpg\"><img loading=\"lazy\" src=\"http:\/\/museumek.eu\/wp-content\/uploads\/2012\/06\/Museum-Europ\u00e4ischer-Keramikkunst-2246-141x300.jpg\" alt=\"\" title=\"Museum Europ\u00e4ischer Keramikkunst 2246\" width=\"141\" height=\"300\" class=\"alignnone size-medium wp-image-10873\" \/><\/a><\/p>\n<p><a href=\"http:\/\/museumek.eu\/wp-content\/uploads\/2012\/06\/Museum-Europ\u00e4ischer-Keramikkunst-2247.jpg\"><img loading=\"lazy\" src=\"http:\/\/museumek.eu\/wp-content\/uploads\/2012\/06\/Museum-Europ\u00e4ischer-Keramikkunst-2247-300x263.jpg\" alt=\"\" title=\"Museum Europ\u00e4ischer Keramikkunst 2247\" width=\"300\" height=\"263\" class=\"alignnone size-medium wp-image-10874\" srcset=\"http:\/\/museumek.eu\/wp-content\/uploads\/2012\/06\/Museum-Europ\u00e4ischer-Keramikkunst-2247-300x263.jpg 300w, http:\/\/museumek.eu\/wp-content\/uploads\/2012\/06\/Museum-Europ\u00e4ischer-Keramikkunst-2247-342x300.jpg 342w, http:\/\/museumek.eu\/wp-content\/uploads\/2012\/06\/Museum-Europ\u00e4ischer-Keramikkunst-2247.jpg 845w\" sizes=\"(max-width: 300px) 100vw, 300px\" \/><\/a><\/p>\n<p><a href=\"http:\/\/museumek.eu\/wp-content\/uploads\/2012\/06\/Museum-Europ\u00e4ischer-Keramikkunst-2248.jpg\"><img loading=\"lazy\" src=\"http:\/\/museumek.eu\/wp-content\/uploads\/2012\/06\/Museum-Europ\u00e4ischer-Keramikkunst-2248-295x300.jpg\" alt=\"\" title=\"Museum Europ\u00e4ischer Keramikkunst 2248\" width=\"295\" height=\"300\" class=\"alignnone size-medium wp-image-10875\" srcset=\"http:\/\/museumek.eu\/wp-content\/uploads\/2012\/06\/Museum-Europ\u00e4ischer-Keramikkunst-2248-295x300.jpg 295w, http:\/\/museumek.eu\/wp-content\/uploads\/2012\/06\/Museum-Europ\u00e4ischer-Keramikkunst-2248.jpg 735w\" sizes=\"(max-width: 295px) 100vw, 295px\" \/><\/a><\/p>\n","protected":false},"excerpt":{"rendered":"<p>\u00dcber Lily Partington konnten keine Lebensdaten recherchiert werden. Sie war eine der wichtigsten Entwerfer f\u00fcr Royal Doulton &#038; Co. nach 1900. Abteilung England, Keramik 1860 \u2013 1960, Inventarnummer E\/VIII\/1 Royal Doulton &#038; Co., England, Lambeth, 1912 &#8211; 1920, Vase, K\u00fcnstler &hellip; <a href=\"http:\/\/museumek.eu\/?page_id=10860\">Weiterlesen <span class=\"meta-nav\">&rarr;<\/span><\/a><\/p>\n","protected":false},"author":1,"featured_media":0,"parent":10857,"menu_order":1,"comment_status":"closed","ping_status":"open","template":"","meta":[],"_links":{"self":[{"href":"http:\/\/museumek.eu\/index.php?rest_route=\/wp\/v2\/pages\/10860"}],"collection":[{"href":"http:\/\/museumek.eu\/index.php?rest_route=\/wp\/v2\/pages"}],"about":[{"href":"http:\/\/museumek.eu\/index.php?rest_route=\/wp\/v2\/types\/page"}],"author":[{"embeddable":true,"href":"http:\/\/museumek.eu\/index.php?rest_route=\/wp\/v2\/users\/1"}],"replies":[{"embeddable":true,"href":"http:\/\/museumek.eu\/index.php?rest_route=%2Fwp%2Fv2%2Fcomments&post=10860"}],"version-history":[{"count":7,"href":"http:\/\/museumek.eu\/index.php?rest_route=\/wp\/v2\/pages\/10860\/revisions"}],"predecessor-version":[{"id":20594,"href":"http:\/\/museumek.eu\/index.php?rest_route=\/wp\/v2\/pages\/10860\/revisions\/20594"}],"up":[{"embeddable":true,"href":"http:\/\/museumek.eu\/index.php?rest_route=\/wp\/v2\/pages\/10857"}],"wp:attachment":[{"href":"http:\/\/museumek.eu\/index.php?rest_route=%2Fwp%2Fv2%2Fmedia&parent=10860"}],"curies":[{"name":"wp","href":"https:\/\/api.w.org\/{rel}","templated":true}]}}