{"id":10872,"date":"2012-06-19T20:04:31","date_gmt":"2012-06-19T18:04:31","guid":{"rendered":"http:\/\/museumek.eu\/?page_id=10872"},"modified":"2013-06-22T12:51:20","modified_gmt":"2013-06-22T10:51:20","slug":"eviii2","status":"publish","type":"page","link":"http:\/\/museumek.eu\/?page_id=10872","title":{"rendered":"E\/VIII\/2"},"content":{"rendered":"<p><strong>Abteilung England, Keramik 1860 \u2013 1960, Inventarnummer E\/VIII\/2<\/strong><\/p>\n<p>Royal Doulton &#038; Co. Ltd., England, Lambeth (London) und Burslem (Staffordshire) und Vorg\u00e4nger Doulton &#038; Co., England, Lambeth (London) und Burslem (Staffordshire), 1903 &#8211; 1905, Vase, K\u00fcnstler Lily Partington, Werks.-Nr. 6476, Exemplar Nr. ohne, gemarkt Firmenmarke mit L\u00f6we, Krone, in einer Kreisform Royal Doulton, England, im Kreis 4 x der Buchstabe D ineinander gestellt (f\u00fcr Doulton, Marke verwendet zwischen 1902 und 1922), 6476, 40 sowie nicht gedeutete Kleinbuchstaben gepresst, LP (f\u00fcr Lily Partington) geritzt, signiert LP, Werksnummern 5941 \u2013 6600 = 1903 \u2013 1905 produziert, Literatur: Malcolm Haslan, English Art Pottery 1865 &#8211; 1915, Seite 207, Marke Nr. 17 identisch, weitere Literatur: Gustav Wei\u00df, Ullstein Porzellan Buch, Seite 246, Marke Nr. 4 identisch, weitere Literatur: Edgar Pelichet, Jugendstilkeramik, Seite 123, Beschreibung der Fabrik sowie Seite 180, Marke identisch, weitere Literatur: Dr. Gerhard P. Woeckel und Staatliche Kunstsammlungen Kassel, Jugendstilsammlung, Nr. 79, Marke identisch, weitere Literatur: Christel Mosel, Kunsthandwerk im Umbruch, Jugendstil und Zwanziger Jahre, Seite 60\/61, Beschreibung der Fabrik, 1815 gr\u00fcndeten John Doulton, Martha Jones und John Watts die Jones, Watts &#038; Doulton Pottery, bereits 1820 tritt Martha Jones aus, ab 1826 nennt sich die Fabrik Doulton &#038; Watts, 1835 tritt der Sohn Doultons, Henry Doulton als 15-j\u00e4hriger in die Fabrik ein, ab 1853 firmierte die Fabrik als Doulton &#038; Co., um 1880 kaufte Doulton &#038; Co, die 1862 gegr\u00fcndete keramische Fabrik Pinder, Bourne &#038; Co. in Burslem hinzu, um 1871 Einrichtung eines eigenen K\u00fcnstlerstudios in Lambeth, 1886 oder 1887 wurde Henry Doulton von Queen Victoria zum Ritter geschlagen, seit dieser Zeit wurde die Marke bekr\u00f6nt, 1897 starb Henry Doulton und sein Sohn Henry Louis Doulton \u00fcbernahm die Fabrikleitung, um 1901 wurde die Fabrik durch K\u00f6nig Edward VII zum Hoflieferanten ernannt und firmierte nun mit Royal, zur gleichen Zeit fa\u00dfte Henry Louis Doulton die Fabriken zu einer Limited zusammen und firmierte als Royal Doulton &#038; Co. Ltd.,<br \/>\nH\u00f6he 14 cm, Breite 7,5 cm<\/p>\n<p><a href=\"http:\/\/museumek.eu\/wp-content\/uploads\/2012\/06\/Museum-Europ\u00e4ischer-Keramikkunst-2246.jpg\"><img loading=\"lazy\" src=\"http:\/\/museumek.eu\/wp-content\/uploads\/2012\/06\/Museum-Europ\u00e4ischer-Keramikkunst-2246-141x300.jpg\" alt=\"\" title=\"Museum Europ\u00e4ischer Keramikkunst 2246\" width=\"141\" height=\"300\" class=\"alignnone size-medium wp-image-10873\" \/><\/a><\/p>\n<p><a href=\"http:\/\/museumek.eu\/wp-content\/uploads\/2012\/06\/Museum-Europ\u00e4ischer-Keramikkunst-2247.jpg\"><img loading=\"lazy\" src=\"http:\/\/museumek.eu\/wp-content\/uploads\/2012\/06\/Museum-Europ\u00e4ischer-Keramikkunst-2247-300x263.jpg\" alt=\"\" title=\"Museum Europ\u00e4ischer Keramikkunst 2247\" width=\"300\" height=\"263\" class=\"alignnone size-medium wp-image-10874\" srcset=\"http:\/\/museumek.eu\/wp-content\/uploads\/2012\/06\/Museum-Europ\u00e4ischer-Keramikkunst-2247-300x263.jpg 300w, http:\/\/museumek.eu\/wp-content\/uploads\/2012\/06\/Museum-Europ\u00e4ischer-Keramikkunst-2247-342x300.jpg 342w, http:\/\/museumek.eu\/wp-content\/uploads\/2012\/06\/Museum-Europ\u00e4ischer-Keramikkunst-2247.jpg 845w\" sizes=\"(max-width: 300px) 100vw, 300px\" \/><\/a><\/p>\n<p><a href=\"http:\/\/museumek.eu\/wp-content\/uploads\/2012\/06\/Museum-Europ\u00e4ischer-Keramikkunst-2248.jpg\"><img loading=\"lazy\" src=\"http:\/\/museumek.eu\/wp-content\/uploads\/2012\/06\/Museum-Europ\u00e4ischer-Keramikkunst-2248-295x300.jpg\" alt=\"\" title=\"Museum Europ\u00e4ischer Keramikkunst 2248\" width=\"295\" height=\"300\" class=\"alignnone size-medium wp-image-10875\" srcset=\"http:\/\/museumek.eu\/wp-content\/uploads\/2012\/06\/Museum-Europ\u00e4ischer-Keramikkunst-2248-295x300.jpg 295w, http:\/\/museumek.eu\/wp-content\/uploads\/2012\/06\/Museum-Europ\u00e4ischer-Keramikkunst-2248.jpg 735w\" sizes=\"(max-width: 295px) 100vw, 295px\" \/><\/a><\/p>\n","protected":false},"excerpt":{"rendered":"<p>Abteilung England, Keramik 1860 \u2013 1960, Inventarnummer E\/VIII\/2 Royal Doulton &#038; Co. Ltd., England, Lambeth (London) und Burslem (Staffordshire) und Vorg\u00e4nger Doulton &#038; Co., England, Lambeth (London) und Burslem (Staffordshire), 1903 &#8211; 1905, Vase, K\u00fcnstler Lily Partington, Werks.-Nr. 6476, Exemplar &hellip; <a href=\"http:\/\/museumek.eu\/?page_id=10872\">Weiterlesen <span class=\"meta-nav\">&rarr;<\/span><\/a><\/p>\n","protected":false},"author":1,"featured_media":0,"parent":10839,"menu_order":2,"comment_status":"closed","ping_status":"open","template":"","meta":[],"_links":{"self":[{"href":"http:\/\/museumek.eu\/index.php?rest_route=\/wp\/v2\/pages\/10872"}],"collection":[{"href":"http:\/\/museumek.eu\/index.php?rest_route=\/wp\/v2\/pages"}],"about":[{"href":"http:\/\/museumek.eu\/index.php?rest_route=\/wp\/v2\/types\/page"}],"author":[{"embeddable":true,"href":"http:\/\/museumek.eu\/index.php?rest_route=\/wp\/v2\/users\/1"}],"replies":[{"embeddable":true,"href":"http:\/\/museumek.eu\/index.php?rest_route=%2Fwp%2Fv2%2Fcomments&post=10872"}],"version-history":[{"count":5,"href":"http:\/\/museumek.eu\/index.php?rest_route=\/wp\/v2\/pages\/10872\/revisions"}],"predecessor-version":[{"id":23944,"href":"http:\/\/museumek.eu\/index.php?rest_route=\/wp\/v2\/pages\/10872\/revisions\/23944"}],"up":[{"embeddable":true,"href":"http:\/\/museumek.eu\/index.php?rest_route=\/wp\/v2\/pages\/10839"}],"wp:attachment":[{"href":"http:\/\/museumek.eu\/index.php?rest_route=%2Fwp%2Fv2%2Fmedia&parent=10872"}],"curies":[{"name":"wp","href":"https:\/\/api.w.org\/{rel}","templated":true}]}}