{"id":1088,"date":"2011-08-14T22:23:52","date_gmt":"2011-08-14T20:23:52","guid":{"rendered":"http:\/\/museumek.eu\/?page_id=1088"},"modified":"2013-05-08T00:39:23","modified_gmt":"2013-05-07T22:39:23","slug":"axiv3","status":"publish","type":"page","link":"http:\/\/museumek.eu\/?page_id=1088","title":{"rendered":"A\/XIV\/3"},"content":{"rendered":"<p><strong>Abteilung Austria\/Ungarn\/B\u00f6hmen, Keramik 1860 \u2013 1960, Inventarnummer A\/XIV\/3<\/strong><\/p>\n<p>Josef Strnact jun. Terracotta- Majolika- und Fayencefabrik, B\u00f6hmen\/Austria, Turn\/Trnovany, um 1900, Teekern, K\u00fcnstler unbekannt, Werks.-Nr. 101, Exemplar Nr. ohne, gemarkt Firmenmarke mit JS, darunter eine Bl\u00fcte mit sechs Bl\u00e4ttern im Schild, 101\/1 sowie 3 mit gegossen, nicht signiert, Literatur: Volker M\u00f6lle Riessner, Amphora, Die Porzellan- und Keramikmanufaktur in Nord-B\u00f6hmen, Seite 176, Beschreibung der Strnact\u2018schen Fabrik sowie Seite 193, Marke Nr. 11 identisch, die Fabrik wurde 1881 von Josef Strnact gegr\u00fcndet, evtl erfolgte 1897 eine Umfirmierung zu Josef Strnact junior, 1942 Fabrikschlie\u00dfung, Jugendstildekor und partielle Vergoldung, typisch englischer Stil, Teekanne H\u00f6he 13 cm, Breite 21,5 cm, Zuckerdose H\u00f6he 10,5 cm, Breite 18 cm, Milchk\u00e4nnchen H\u00f6he 10 cm, Breite 11 cm<\/p>\n<p><a href=\"http:\/\/museumek.eu\/wp-content\/uploads\/2011\/08\/Museum-Europ\u00e4ischer-Keramikkunst-Qualit\u00e4tsfotos-191.jpg\"><img loading=\"lazy\" src=\"http:\/\/museumek.eu\/wp-content\/uploads\/2011\/08\/Museum-Europ\u00e4ischer-Keramikkunst-Qualit\u00e4tsfotos-191-300x116.jpg\" alt=\"\" title=\"Museum Europ\u00e4ischer Keramikkunst Qualit\u00e4tsfotos 191\" width=\"300\" height=\"116\" class=\"alignnone size-medium wp-image-1089\" srcset=\"http:\/\/museumek.eu\/wp-content\/uploads\/2011\/08\/Museum-Europ\u00e4ischer-Keramikkunst-Qualit\u00e4tsfotos-191-300x116.jpg 300w, http:\/\/museumek.eu\/wp-content\/uploads\/2011\/08\/Museum-Europ\u00e4ischer-Keramikkunst-Qualit\u00e4tsfotos-191-500x194.jpg 500w, http:\/\/museumek.eu\/wp-content\/uploads\/2011\/08\/Museum-Europ\u00e4ischer-Keramikkunst-Qualit\u00e4tsfotos-191.jpg 903w\" sizes=\"(max-width: 300px) 100vw, 300px\" \/><\/a><\/p>\n<p><a href=\"http:\/\/museumek.eu\/wp-content\/uploads\/2011\/08\/J-S-3.jpg\"><img loading=\"lazy\" src=\"http:\/\/museumek.eu\/wp-content\/uploads\/2011\/08\/J-S-3.jpg\" alt=\"\" title=\"J S 3\" width=\"187\" height=\"245\" class=\"alignnone size-full wp-image-1090\" \/><\/a><\/p>\n<p><a href=\"http:\/\/museumek.eu\/wp-content\/uploads\/2011\/08\/JS-4.jpg\"><img loading=\"lazy\" src=\"http:\/\/museumek.eu\/wp-content\/uploads\/2011\/08\/JS-4.jpg\" alt=\"\" title=\"JS 4\" width=\"135\" height=\"236\" class=\"alignnone size-full wp-image-1091\" \/><\/a><\/p>\n","protected":false},"excerpt":{"rendered":"<p>Abteilung Austria\/Ungarn\/B\u00f6hmen, Keramik 1860 \u2013 1960, Inventarnummer A\/XIV\/3 Josef Strnact jun. Terracotta- Majolika- und Fayencefabrik, B\u00f6hmen\/Austria, Turn\/Trnovany, um 1900, Teekern, K\u00fcnstler unbekannt, Werks.-Nr. 101, Exemplar Nr. ohne, gemarkt Firmenmarke mit JS, darunter eine Bl\u00fcte mit sechs Bl\u00e4ttern im Schild, 101\/1 &hellip; <a href=\"http:\/\/museumek.eu\/?page_id=1088\">Weiterlesen <span class=\"meta-nav\">&rarr;<\/span><\/a><\/p>\n","protected":false},"author":1,"featured_media":0,"parent":1067,"menu_order":3,"comment_status":"open","ping_status":"open","template":"","meta":[],"_links":{"self":[{"href":"http:\/\/museumek.eu\/index.php?rest_route=\/wp\/v2\/pages\/1088"}],"collection":[{"href":"http:\/\/museumek.eu\/index.php?rest_route=\/wp\/v2\/pages"}],"about":[{"href":"http:\/\/museumek.eu\/index.php?rest_route=\/wp\/v2\/types\/page"}],"author":[{"embeddable":true,"href":"http:\/\/museumek.eu\/index.php?rest_route=\/wp\/v2\/users\/1"}],"replies":[{"embeddable":true,"href":"http:\/\/museumek.eu\/index.php?rest_route=%2Fwp%2Fv2%2Fcomments&post=1088"}],"version-history":[{"count":4,"href":"http:\/\/museumek.eu\/index.php?rest_route=\/wp\/v2\/pages\/1088\/revisions"}],"predecessor-version":[{"id":21507,"href":"http:\/\/museumek.eu\/index.php?rest_route=\/wp\/v2\/pages\/1088\/revisions\/21507"}],"up":[{"embeddable":true,"href":"http:\/\/museumek.eu\/index.php?rest_route=\/wp\/v2\/pages\/1067"}],"wp:attachment":[{"href":"http:\/\/museumek.eu\/index.php?rest_route=%2Fwp%2Fv2%2Fmedia&parent=1088"}],"curies":[{"name":"wp","href":"https:\/\/api.w.org\/{rel}","templated":true}]}}