{"id":10940,"date":"2012-06-24T18:15:13","date_gmt":"2012-06-24T16:15:13","guid":{"rendered":"http:\/\/museumek.eu\/?page_id=10940"},"modified":"2021-01-14T18:12:52","modified_gmt":"2021-01-14T17:12:52","slug":"dv2","status":"publish","type":"page","link":"http:\/\/museumek.eu\/?page_id=10940","title":{"rendered":"D\/V\/2"},"content":{"rendered":"<p><strong>Abteilung Deutschland, Keramik 1860 \u2013 1960, Inventarnummer D\/V\/2<\/strong><\/p>\n<p>Manufaktur Porzellanmalerei Franziska Hirsch und Nachf. Franziska Hirsch GmbH und Nachf. Franziska Hirsch Nachf., Deutschland, Dresden, um 1900, Schale, K\u00fcnstler Franziska Hirsch, Werks.-Nr. 88 (?), Exemplar Nr. ohne, gemarkt Firmenmarke zwischen einem Hirschgeweih der Buchstabe H sowie Dresden blau auf Glasur, 88 Gold gemalt auf Glasur, reichliche Goldmalerei, nicht signiert, Literatur: Otto Pelka, Keramik der Neuzeit, Markentafel II, Marke Nr. 27 identisch, Seite 209, Herstellerbezeichnung Franziska G. Hirsch sowie Seite 219, Namensverzeichnis Hirsch, Franziska G. = Marke 27, weitere Literatur: Robert E. R\u00f6ntgen, Deutsche Porzellanmarken von 1710 bis heute, Seite 73, Marke Nr. 409 identisch (dort f\u00fcr die Zeit von 1901 bis 1914), weitere Literatur: Dieter Z\u00fchlsdorff, Porzellan und Keramik Report 1885 &#8211; 1935, Markenlexikon Band 1, Werkteil-Nummer 1, Gruppen-Nummer im Werkteil 1., fortlaufende Nummer im Werkteil 504 Marke identisch (dort f\u00fcr die Zeit 1901 &#8211; 1933) sowie Seite 491, Werkteil-Nummer 3, fortlaufende Nummer im Werkteil 268, dort Beschreibung der Porzellanmalerei, Franziska von Hirsch gr\u00fcndete 1893 eine Porzellanmalerei in Dresden, 1910 Umwandlung in eine GmbH, Firmierung Franziska Hirsch GmbH, 1930 wird Margot Wohlauer Nachfolgerin, Firmierung ab da Franziska Hirsch Nachf., die Porzellanmalerei nahm an Ausstellungen teil und erhielt Auszeichnungen H\u00f6he 7,5 cm, Breite 13,5 cm<\/p>\n<p><a href=\"http:\/\/museumek.eu\/wp-content\/uploads\/2012\/06\/Museum-Europ\u00e4ischer-Keramikkunst-2458.jpg\"><img loading=\"lazy\" src=\"http:\/\/museumek.eu\/wp-content\/uploads\/2012\/06\/Museum-Europ\u00e4ischer-Keramikkunst-2458-300x229.jpg\" alt=\"\" title=\"Museum Europ\u00e4ischer Keramikkunst 2458\" width=\"300\" height=\"229\" class=\"alignnone size-medium wp-image-10941\" srcset=\"http:\/\/museumek.eu\/wp-content\/uploads\/2012\/06\/Museum-Europ\u00e4ischer-Keramikkunst-2458-300x229.jpg 300w, http:\/\/museumek.eu\/wp-content\/uploads\/2012\/06\/Museum-Europ\u00e4ischer-Keramikkunst-2458-391x300.jpg 391w, http:\/\/museumek.eu\/wp-content\/uploads\/2012\/06\/Museum-Europ\u00e4ischer-Keramikkunst-2458.jpg 702w\" sizes=\"(max-width: 300px) 100vw, 300px\" \/><\/a><\/p>\n<p><a href=\"http:\/\/museumek.eu\/wp-content\/uploads\/2012\/06\/Museum-Europ\u00e4ischer-Keramikkunst-2459.jpg\"><img loading=\"lazy\" src=\"http:\/\/museumek.eu\/wp-content\/uploads\/2012\/06\/Museum-Europ\u00e4ischer-Keramikkunst-2459-171x300.jpg\" alt=\"\" title=\"Museum Europ\u00e4ischer Keramikkunst 2459\" width=\"171\" height=\"300\" class=\"alignnone size-medium wp-image-10942\" srcset=\"http:\/\/museumek.eu\/wp-content\/uploads\/2012\/06\/Museum-Europ\u00e4ischer-Keramikkunst-2459-171x300.jpg 171w, http:\/\/museumek.eu\/wp-content\/uploads\/2012\/06\/Museum-Europ\u00e4ischer-Keramikkunst-2459.jpg 264w\" sizes=\"(max-width: 171px) 100vw, 171px\" \/><\/a><\/p>\n","protected":false},"excerpt":{"rendered":"<p>Abteilung Deutschland, Keramik 1860 \u2013 1960, Inventarnummer D\/V\/2 Manufaktur Porzellanmalerei Franziska Hirsch und Nachf. Franziska Hirsch GmbH und Nachf. Franziska Hirsch Nachf., Deutschland, Dresden, um 1900, Schale, K\u00fcnstler Franziska Hirsch, Werks.-Nr. 88 (?), Exemplar Nr. ohne, gemarkt Firmenmarke zwischen einem &hellip; <a href=\"http:\/\/museumek.eu\/?page_id=10940\">Weiterlesen <span class=\"meta-nav\">&rarr;<\/span><\/a><\/p>\n","protected":false},"author":1,"featured_media":0,"parent":1940,"menu_order":2,"comment_status":"closed","ping_status":"open","template":"","meta":[],"_links":{"self":[{"href":"http:\/\/museumek.eu\/index.php?rest_route=\/wp\/v2\/pages\/10940"}],"collection":[{"href":"http:\/\/museumek.eu\/index.php?rest_route=\/wp\/v2\/pages"}],"about":[{"href":"http:\/\/museumek.eu\/index.php?rest_route=\/wp\/v2\/types\/page"}],"author":[{"embeddable":true,"href":"http:\/\/museumek.eu\/index.php?rest_route=\/wp\/v2\/users\/1"}],"replies":[{"embeddable":true,"href":"http:\/\/museumek.eu\/index.php?rest_route=%2Fwp%2Fv2%2Fcomments&post=10940"}],"version-history":[{"count":7,"href":"http:\/\/museumek.eu\/index.php?rest_route=\/wp\/v2\/pages\/10940\/revisions"}],"predecessor-version":[{"id":52191,"href":"http:\/\/museumek.eu\/index.php?rest_route=\/wp\/v2\/pages\/10940\/revisions\/52191"}],"up":[{"embeddable":true,"href":"http:\/\/museumek.eu\/index.php?rest_route=\/wp\/v2\/pages\/1940"}],"wp:attachment":[{"href":"http:\/\/museumek.eu\/index.php?rest_route=%2Fwp%2Fv2%2Fmedia&parent=10940"}],"curies":[{"name":"wp","href":"https:\/\/api.w.org\/{rel}","templated":true}]}}