{"id":1100,"date":"2011-08-14T22:39:53","date_gmt":"2011-08-14T20:39:53","guid":{"rendered":"http:\/\/museumek.eu\/?page_id=1100"},"modified":"2013-05-07T00:38:20","modified_gmt":"2013-05-06T22:38:20","slug":"axv1","status":"publish","type":"page","link":"http:\/\/museumek.eu\/?page_id=1100","title":{"rendered":"A\/XV\/1"},"content":{"rendered":"<p><strong>Abteilung Austria\/Ungarn\/B\u00f6hmen, Keramik 1860 \u2013 1960, Inventarnummer A\/XV\/1<\/strong><\/p>\n<p>Joh. Maresch Thon- und Steingutwaaren oder Nachf. (ab 1891) Ferdinand Maresch Kunstterracotten- Siderolith- und Majolikafabrik, B\u00f6hmen\/Austria, Aussig\/\u00dasti nad Labem, vor\/um 1900, Wandteller mit Burg Stolzenfels, K\u00fcnstler unbekannt, Werks.-Nr. 5827, Exemplar Nr. ohne, gemarkt Firmenmarke mit JM (f\u00fcr Johann Maresch) sowie ungedeuter Kreis, Musterschutz sowie 5827 (zweimal) gepresst, Stolzenfels aufgelegt, nicht signiert, Literatur: Volker M\u00f6lle Riessner, Amphora, Die Porzellan- und Keramikmanufaktur in Nord-B\u00f6hmen, Seite 190, Beschreibung der Maresch\u2018schen Fabriken sowie Seite 196, Marke Nr. 56 identisch, Adolph B\u00e4r gr\u00fcndete um 1841 eine Keramikfabrik und firmierte als Adolph B\u00e4r, Terralith, 1851 \u00dcbergang in B\u00e4r &#038; Maresch mit den Inhabern Wilhelmine B\u00e4r und Johann Maresch, 1863 \u00dcbergang auf Johann Maresch und Firmierung als Joh. Maresch Thon- und Steingutwaaren, 1891 \u00dcbergang auf Ferdinand Maresch und Firmierung als Ferdinand Maresch Kunstterracotten- Siderolith- und Majolikafabrik, 1942 \u00dcbergang auf eine Kommanditgesellschaft und Firmierung als Ferd. Maresch Kommanditgesellschaft, um 1951 wohl Betriebsschlie\u00dfung oder Enteignung, die Kreismarke neben dem JM tritt mal ohne Inhalt und mal mit einer nicht gedeuteten Einpressung auf, manchmal fehlt sie oder wird durch eine Blumenst\u00f6ckl \u00e4hnliche Pressung ersetzt, im MEK Inventar gibt es alle 3 Varianten, siehe Porzellanmarken \u2013 Keramikmarken Verzeichnis, es ist davon auszugehen, dass die bereits von Johann Maresch benutzte Firmenmarke JM, nach dem Fabrik\u00fcbergang auf Ferdinand Maresch, von diesem weiter verwendet worden ist, Durchmesser 35,5 cm<\/p>\n<p><a href=\"http:\/\/museumek.eu\/wp-content\/uploads\/2011\/08\/Museum-Europ\u00e4ischer-Keramikkunst-Qualit\u00e4tsfotos-192.jpg\"><img loading=\"lazy\" src=\"http:\/\/museumek.eu\/wp-content\/uploads\/2011\/08\/Museum-Europ\u00e4ischer-Keramikkunst-Qualit\u00e4tsfotos-192-300x292.jpg\" alt=\"\" title=\"Museum Europ\u00e4ischer Keramikkunst Qualit\u00e4tsfotos 192\" width=\"300\" height=\"292\" class=\"alignnone size-medium wp-image-1101\" srcset=\"http:\/\/museumek.eu\/wp-content\/uploads\/2011\/08\/Museum-Europ\u00e4ischer-Keramikkunst-Qualit\u00e4tsfotos-192-300x292.jpg 300w, http:\/\/museumek.eu\/wp-content\/uploads\/2011\/08\/Museum-Europ\u00e4ischer-Keramikkunst-Qualit\u00e4tsfotos-192-308x300.jpg 308w, http:\/\/museumek.eu\/wp-content\/uploads\/2011\/08\/Museum-Europ\u00e4ischer-Keramikkunst-Qualit\u00e4tsfotos-192.jpg 766w\" sizes=\"(max-width: 300px) 100vw, 300px\" \/><\/a><\/p>\n<p><a href=\"http:\/\/museumek.eu\/wp-content\/uploads\/2011\/08\/Museum-Europ\u00e4ischer-Keramikkunst-341.jpg\"><img loading=\"lazy\" src=\"http:\/\/museumek.eu\/wp-content\/uploads\/2011\/08\/Museum-Europ\u00e4ischer-Keramikkunst-341-225x300.jpg\" alt=\"\" title=\"Museum Europ\u00e4ischer Keramikkunst 341\" width=\"225\" height=\"300\" class=\"alignnone size-medium wp-image-1102\" srcset=\"http:\/\/museumek.eu\/wp-content\/uploads\/2011\/08\/Museum-Europ\u00e4ischer-Keramikkunst-341-225x300.jpg 225w, http:\/\/museumek.eu\/wp-content\/uploads\/2011\/08\/Museum-Europ\u00e4ischer-Keramikkunst-341.jpg 598w\" sizes=\"(max-width: 225px) 100vw, 225px\" \/><\/a><\/p>\n","protected":false},"excerpt":{"rendered":"<p>Abteilung Austria\/Ungarn\/B\u00f6hmen, Keramik 1860 \u2013 1960, Inventarnummer A\/XV\/1 Joh. Maresch Thon- und Steingutwaaren oder Nachf. (ab 1891) Ferdinand Maresch Kunstterracotten- Siderolith- und Majolikafabrik, B\u00f6hmen\/Austria, Aussig\/\u00dasti nad Labem, vor\/um 1900, Wandteller mit Burg Stolzenfels, K\u00fcnstler unbekannt, Werks.-Nr. 5827, Exemplar Nr. ohne, &hellip; <a href=\"http:\/\/museumek.eu\/?page_id=1100\">Weiterlesen <span class=\"meta-nav\">&rarr;<\/span><\/a><\/p>\n","protected":false},"author":1,"featured_media":0,"parent":1097,"menu_order":1,"comment_status":"closed","ping_status":"closed","template":"","meta":[],"_links":{"self":[{"href":"http:\/\/museumek.eu\/index.php?rest_route=\/wp\/v2\/pages\/1100"}],"collection":[{"href":"http:\/\/museumek.eu\/index.php?rest_route=\/wp\/v2\/pages"}],"about":[{"href":"http:\/\/museumek.eu\/index.php?rest_route=\/wp\/v2\/types\/page"}],"author":[{"embeddable":true,"href":"http:\/\/museumek.eu\/index.php?rest_route=\/wp\/v2\/users\/1"}],"replies":[{"embeddable":true,"href":"http:\/\/museumek.eu\/index.php?rest_route=%2Fwp%2Fv2%2Fcomments&post=1100"}],"version-history":[{"count":4,"href":"http:\/\/museumek.eu\/index.php?rest_route=\/wp\/v2\/pages\/1100\/revisions"}],"predecessor-version":[{"id":21486,"href":"http:\/\/museumek.eu\/index.php?rest_route=\/wp\/v2\/pages\/1100\/revisions\/21486"}],"up":[{"embeddable":true,"href":"http:\/\/museumek.eu\/index.php?rest_route=\/wp\/v2\/pages\/1097"}],"wp:attachment":[{"href":"http:\/\/museumek.eu\/index.php?rest_route=%2Fwp%2Fv2%2Fmedia&parent=1100"}],"curies":[{"name":"wp","href":"https:\/\/api.w.org\/{rel}","templated":true}]}}