{"id":11006,"date":"2012-06-25T23:39:33","date_gmt":"2012-06-25T21:39:33","guid":{"rendered":"http:\/\/museumek.eu\/?page_id=11006"},"modified":"2021-05-02T18:56:33","modified_gmt":"2021-05-02T16:56:33","slug":"dxxxii3","status":"publish","type":"page","link":"http:\/\/museumek.eu\/?page_id=11006","title":{"rendered":"D\/XXXII\/3"},"content":{"rendered":"<p><strong>Abteilung Deutschland, Keramik 1860 \u2013 1960, Inventarnummer D\/XXXII\/3<\/strong><\/p>\n<p>Steingutfabriken Velten-Vordamm GmbH in Vordamm (Firmierung so ab 1913), vormals Steingutfarbik Vordamm GmbH, vormals M\u00e4rkische Steingutfabrik GmbH, vormals Neum\u00e4rkische Steingutfabrik, vormals Steingutfabrik A. Franke, vormals Steingutfabrik Mendheim &#038; Co., vormals Steingutfabrik Mendheim &#038; Eisenecker und Steingutfabriken Velten-Vordamm GmbH in Velten, Deutschland, Velten (Fabrik in Velten), um 1920, Schale, K\u00fcnstler unbekannt, Werks.-Nr. ohne, Exemplar Nr. ohne, gemarkt Firmenmarke stilisierte Lilie gr\u00fcn unter Glasur gemalt, K sowie 6 gepresst, nicht signiert, Literatur: Gisela Reineking von Bock, Meister der deutschen Keramik 1900 bis 1950, Seite 287 ff., Beschreibung der Fabrik sowie Seite 328, Marke Nr. 189 identisch, weitere Literatur: Otto Pelka, Keramik der Neuzeit, Markentafel XIII, Marke Nr. 219 identisch sowie Seite 222, Velten-Vordamm, Steingutfabriken 144 ff., 174, M 161 a, 219, weitere Literatur: Dieter Z\u00fchlsdorff, Markenlexikon Band 1, Porzellan und Keramik Report 1885 &#8211; 1935, Seite 326, Werk-Teil 1., Gruppennummer des Werkteils 12., laufende Nummer innerhalb der Gruppe 55, identische Marke (dort f\u00fcr die Zeit von 1910 &#8211; 1931, Anm. MEK: da die Veltener Fabrik erst 1913 gegr\u00fcndet wurde, handelt es sich bei der Angabe 1910 wohl um einen Druckfehler) sowie Seite 633, Werk-Teil 3., laufende Nummer des Werkteils 1309, dort unvollst\u00e4ndige Beschreibung der Fabrik, sowie Seite 637, Werk-Teil 3., laufende Nummer des Werkteils 1338, dort Beschreibung der Fabrik in Vordamm, die Gr\u00fcndung der Steingutfabriken Velten-Vordamm GmbH erfolgte 1913 durch den Ingenieur Dr. Hermann Harkort jun. aus Driesen-Vordamm (geb. 1881 in Hagen, gest.1930, wohl in Velten) und den Kaufmann Heinrich Runde, die GmbH bestand aus zwei Fabriken, erstens, der Steingutfabrik Vordamm GmbH in Vordamm, vormals Steingutfarbik Vordamm GmbH, vormals M\u00e4rkische Steingutfabrik GmbH, vormals Steingutfabrik A. Franke und seit 1913 der Schwesterfabrik in Velten, der Sitz der Gesellschaft wurde nach Velten verlegt, die Fabrik wurde nach den Pl\u00e4nen von Prof. Karl Wach erbaut, bereits 1914 schied Heinrich Runde als Gesch\u00e4ftsf\u00fchrer aus und der Kaufmann Adolf Kruckau wurde als solcher bestellt, in der Veltener Fabrik wurden vorwiegend Hand gemalte Fayencen und in der Vordammer Fabrik vorwiegend Gebrauchsgeschirre und Kunstkeramiken hergestellt, 1918 erfolgte die Umstellung der Produktion auf modernste keramische Fertigungstechniken f\u00fcr Steingutgeschirr, dazu \u00fcbernahm 1919 Charlotte Hartmann die k\u00fcnstlerische Leitung des Unternehmens, die von Harkort mit dem Bauhaus hergestellte Verbindung brachte 1925 Theodor Bogler nach Velten, er wurde Leiter der Modell- und Formwerkstatt, gleichfalls 1925 \u00fcbernahm der Ingenieur Heinz Welte die technische Betriebsleitung, von 1927 bis 1931 erhielt Hedwig Bollhagen eine Anstellung als Entwerferin und Leiterin der Malabteilung der Fabrik, 1928 siedelte Werner Burri aus der T\u00f6pferei Otto Lindig von Dornburg an der Saale nach Velten \u00fcber und wurde f\u00fcr die Fabrik t\u00e4tig, 1930\/1931 entwickelte Charles Crodel zusammen mit Thoma Grote malbare Farbglasuren f\u00fcr die Gestaltung grobkeramischer \u00d6fen und Kamine f\u00fcr den Export in die USA aber Importbeschr\u00e4nkungen f\u00fchrten den Betrieb 1931 in den Ruin, Ausf\u00fchrung Fayence, Handmalerei, Durchmesser 23 cm<\/p>\n<p><a href=\"http:\/\/museumek.eu\/wp-content\/uploads\/2012\/06\/Museum-Europ\u00e4ischer-Keramikkunst-2472.jpg\"><img loading=\"lazy\" src=\"http:\/\/museumek.eu\/wp-content\/uploads\/2012\/06\/Museum-Europ\u00e4ischer-Keramikkunst-2472-300x291.jpg\" alt=\"\" title=\"Museum Europ\u00e4ischer Keramikkunst 2472\" width=\"300\" height=\"291\" class=\"alignnone size-medium wp-image-11007\" srcset=\"http:\/\/museumek.eu\/wp-content\/uploads\/2012\/06\/Museum-Europ\u00e4ischer-Keramikkunst-2472-300x291.jpg 300w, http:\/\/museumek.eu\/wp-content\/uploads\/2012\/06\/Museum-Europ\u00e4ischer-Keramikkunst-2472-308x300.jpg 308w, http:\/\/museumek.eu\/wp-content\/uploads\/2012\/06\/Museum-Europ\u00e4ischer-Keramikkunst-2472.jpg 731w\" sizes=\"(max-width: 300px) 100vw, 300px\" \/><\/a><\/p>\n<p><a href=\"http:\/\/museumek.eu\/wp-content\/uploads\/2012\/06\/Museum-Europ\u00e4ischer-Keramikkunst-2473.jpg\"><img loading=\"lazy\" src=\"http:\/\/museumek.eu\/wp-content\/uploads\/2012\/06\/Museum-Europ\u00e4ischer-Keramikkunst-2473-300x189.jpg\" alt=\"\" title=\"Museum Europ\u00e4ischer Keramikkunst 2473\" width=\"300\" height=\"189\" class=\"alignnone size-medium wp-image-11008\" srcset=\"http:\/\/museumek.eu\/wp-content\/uploads\/2012\/06\/Museum-Europ\u00e4ischer-Keramikkunst-2473-300x189.jpg 300w, http:\/\/museumek.eu\/wp-content\/uploads\/2012\/06\/Museum-Europ\u00e4ischer-Keramikkunst-2473-475x300.jpg 475w, http:\/\/museumek.eu\/wp-content\/uploads\/2012\/06\/Museum-Europ\u00e4ischer-Keramikkunst-2473.jpg 480w\" sizes=\"(max-width: 300px) 100vw, 300px\" \/><\/a><\/p>\n<p><a href=\"http:\/\/museumek.eu\/wp-content\/uploads\/2012\/06\/Museum-Europ\u00e4ischer-Keramikkunst-2474.jpg\"><img loading=\"lazy\" src=\"http:\/\/museumek.eu\/wp-content\/uploads\/2012\/06\/Museum-Europ\u00e4ischer-Keramikkunst-2474-174x300.jpg\" alt=\"\" title=\"Museum Europ\u00e4ischer Keramikkunst 2474\" width=\"174\" height=\"300\" class=\"alignnone size-medium wp-image-11009\" \/><\/a><\/p>\n","protected":false},"excerpt":{"rendered":"<p>Abteilung Deutschland, Keramik 1860 \u2013 1960, Inventarnummer D\/XXXII\/3 Steingutfabriken Velten-Vordamm GmbH in Vordamm (Firmierung so ab 1913), vormals Steingutfarbik Vordamm GmbH, vormals M\u00e4rkische Steingutfabrik GmbH, vormals Neum\u00e4rkische Steingutfabrik, vormals Steingutfabrik A. Franke, vormals Steingutfabrik Mendheim &#038; Co., vormals Steingutfabrik Mendheim &hellip; <a href=\"http:\/\/museumek.eu\/?page_id=11006\">Weiterlesen <span class=\"meta-nav\">&rarr;<\/span><\/a><\/p>\n","protected":false},"author":1,"featured_media":0,"parent":8096,"menu_order":3,"comment_status":"closed","ping_status":"open","template":"","meta":[],"_links":{"self":[{"href":"http:\/\/museumek.eu\/index.php?rest_route=\/wp\/v2\/pages\/11006"}],"collection":[{"href":"http:\/\/museumek.eu\/index.php?rest_route=\/wp\/v2\/pages"}],"about":[{"href":"http:\/\/museumek.eu\/index.php?rest_route=\/wp\/v2\/types\/page"}],"author":[{"embeddable":true,"href":"http:\/\/museumek.eu\/index.php?rest_route=\/wp\/v2\/users\/1"}],"replies":[{"embeddable":true,"href":"http:\/\/museumek.eu\/index.php?rest_route=%2Fwp%2Fv2%2Fcomments&post=11006"}],"version-history":[{"count":8,"href":"http:\/\/museumek.eu\/index.php?rest_route=\/wp\/v2\/pages\/11006\/revisions"}],"predecessor-version":[{"id":56414,"href":"http:\/\/museumek.eu\/index.php?rest_route=\/wp\/v2\/pages\/11006\/revisions\/56414"}],"up":[{"embeddable":true,"href":"http:\/\/museumek.eu\/index.php?rest_route=\/wp\/v2\/pages\/8096"}],"wp:attachment":[{"href":"http:\/\/museumek.eu\/index.php?rest_route=%2Fwp%2Fv2%2Fmedia&parent=11006"}],"curies":[{"name":"wp","href":"https:\/\/api.w.org\/{rel}","templated":true}]}}