{"id":11033,"date":"2012-06-27T14:12:59","date_gmt":"2012-06-27T12:12:59","guid":{"rendered":"http:\/\/museumek.eu\/?page_id=11033"},"modified":"2021-07-29T15:32:55","modified_gmt":"2021-07-29T13:32:55","slug":"ai87","status":"publish","type":"page","link":"http:\/\/museumek.eu\/?page_id=11033","title":{"rendered":"A\/I\/87"},"content":{"rendered":"<p><strong>Abteilung Austria\/Ungarn\/B\u00f6hmen, Keramik 1860 &#8211; 1960, Inventarnummer A\/I\/87<\/strong><\/p>\n<p>Manufaktur Friedrich Goldscheider, Austria, Wien, 1898\/1899, Amphorenvase auf Sockel, mit 3 blinde Kuh spielenden Enfants (Kindern) oder Puttis, K\u00fcnstler Hans Stephan Stoltenberg-Lerche (attr.), Werks.-Nr. (0)1405\/Exemplar Nr. 17\/Modelleur Nr. 17, gemarkt Sculpture Marke mit F. Goldscheider WIEN aufgelegt oder mitgegossen, 01405, 17, 17 sowie FABRIQU\u00c9 EN AUTRICH\u00c9 gepresst, S. (im Werkverzeichnis als nicht n\u00e4her erkl\u00e4rtes Zusatzzeichen f\u00fcr die Produktionszeit von 1885 \u2013 1922 aufgef\u00fchrt, dort das S. in einem Kreis) sowie II geritzt, H. (?) Stoltenberg (?) auf dem Sockel geritzt, signiert H (?) Stoltenberg (?), Literatur: Robert E. Dechant\/Filipp Goldscheider, Firmengeschichte und Werkverzeichnis, Seite 320, dort noch nicht erfasst, Seite 24, Erkl\u00e4rung, dass die der Werksnummer (hier (0)1405) vorangestellten Null als Unterscheidungsmerkmal f\u00fcr Vasen dient, die Kennzeichnung Fabriqu\u00e9 en Autriche (produziert in Austria\/\u00d6sterreich) wurde f\u00fcr Ware verwendet, die in den frankophonen Raum exportiert wurde, Zuschreibung: Von der geritzten Signatur, die mindestens ein l\u00e4ngeres Wort darstellt, lautet der letzte Buchstabe g, zu der o. g. Produktionszeit passen nur 2 auf g endende K\u00fcnstler Nachnamen im Goldscheider Werkverzeichnis, Schimmelpfennig und Stoltenberg, vom Oeuvre ist Schimmelpfennig auszuschlie\u00dfen, es passt eindeutig zu Stoltenberg, der Vasen mit Enfants, also Kindern bzw. Vasen mit Putti f\u00fcr Goldscheider entworfen hat, im Werkverzeichnis wird au\u00dferdem eine fast gleich hohe, nicht weiter erkl\u00e4rte Vase mit 3 Puttis erw\u00e4hnt, allerdings ist aus dem Rest des lesbaren der Signatur schwer Stoltenberg nachzuvollziehen, es bleibt also letztlich erst einmal ungekl\u00e4rt, ob die Zuschreibung richtig ist, die Urspr\u00fcnge der Firma gehen zur\u00fcck auf das Pilsener Handelsunternehmen Moritz Goldscheider der 1860\u2018 Jahre, nach dem Tode von Moritz Goldscheider werden die Br\u00fcder Eduard und Friedrich Goldscheider Eigent\u00fcmer und firmieren ab 1877 als M. Goldscheider\u2019s Erben, Thon-und Kunststeinmanufactur Werk Moldau und ab 1878 als Br\u00fcder Goldscheider, im Jahre 1878 wandert Friedrich Goldscheider nach Wien aus und Eduard f\u00fchrt die Firma in Pilsen bis zum Konkurs 1892 allein weiter, Friedrich Goldscheider firmiert in Wien ab 1880 als Goldscheider\u2019sche Porzellan-Manufaktur und Porzellanmalerei, neben Handelsgesch\u00e4ften betreibt die Firma vorwiegend die Porzellanmalerei, das Porzellan wird von b\u00f6hmischen Manufakturen bezogen und teilweise auch in B\u00f6hmen bemalt, ab 1885 \u00e4ndert sich die Firmierung in Goldscheider\u2019sche Porzellan-Manufaktur und Majolicafabrik, das Jahr 1885 gilt als das offizielle Gr\u00fcndungsjahr, ab 1887 bezeichnet Friedrich Goldscheider seine Fabrik als Erste Wiener Terracotta- und Majolika-Fabrik Friedrich Goldscheider oder als Erste Wiener Kunst-Terracotta-Fabrik und kunstgewerbliche Ateliers Friedrich Goldscheider und offiziell ab 1894 als Friedrich Goldscheider Erste Wiener Terrakottafabrik, Friedrich Goldscheider stirbt im Jahre 1897, seine Ehefrau Regine Goldscheider wird Alleineigent\u00fcmer und firmiert ab 1899 als Friedrich Goldscheider in Wien, Berlin und Leipzig, ab 1907 firmiert die Firma als Erste Wiener Terrakottafabrik und Atelier f\u00fcr k\u00fcnstlerische Fayencen Friedrich Goldscheider, im Jahre 1918 stirbt Regine und die S\u00f6hne Walter und Marcell Goldscheider werden Inhaber, ab 1921 \u00e4ndert sich die Firmierung in Wiener Manufaktur Friedrich Goldscheider, 1928 scheidet Marcell Goldscheider aus und gr\u00fcndet seine eigene Firma in Wien, 1939 wird die Firma arisiert und Josef Schuster wird Inhaber, Firmierung ab 1939, Wiener Manufaktur Friedrich Goldscheider Nachf., Inhaber Josef Schuster, ab 1941 lautet die Firmierung Wiener Manufaktur Josef Schuster, vorm. Friedrich Goldscheider, nach dem WK II erh\u00e4lt Friedrich Goldscheider seine Firma zur\u00fcck und firmiert ab 1950 wieder als Wiener Manufaktur Friedrich Goldscheider, in dieser Zeit verkauft er die Firma an die Majolikafabrik Carstens, in Fredelsloh, die in Fredelsloh Wiederauflagen alter Modelle in minderwertigem braunem Ton aber auch neue Modelle ebenfalls in dieser Tonart produziert, H\u00f6he 47 cm, Breite 20 cm<\/p>\n<p><a href=\"http:\/\/museumek.eu\/wp-content\/uploads\/2012\/06\/Museum-Europ\u00e4ischer-Keramikkunst-3927.jpg\"><img loading=\"lazy\" src=\"http:\/\/museumek.eu\/wp-content\/uploads\/2012\/06\/Museum-Europ\u00e4ischer-Keramikkunst-3927-145x300.jpg\" alt=\"\" title=\"Museum Europ\u00e4ischer Keramikkunst 3927\" width=\"145\" height=\"300\" class=\"alignnone size-medium wp-image-17382\" srcset=\"http:\/\/museumek.eu\/wp-content\/uploads\/2012\/06\/Museum-Europ\u00e4ischer-Keramikkunst-3927-145x300.jpg 145w, http:\/\/museumek.eu\/wp-content\/uploads\/2012\/06\/Museum-Europ\u00e4ischer-Keramikkunst-3927.jpg 488w\" sizes=\"(max-width: 145px) 100vw, 145px\" \/><\/a><\/p>\n<p><a href=\"http:\/\/museumek.eu\/wp-content\/uploads\/2012\/06\/Museum-Europ\u00e4ischer-Keramikkunst-2481.jpg\"><img loading=\"lazy\" src=\"http:\/\/museumek.eu\/wp-content\/uploads\/2012\/06\/Museum-Europ\u00e4ischer-Keramikkunst-2481-164x300.jpg\" alt=\"\" title=\"Museum Europ\u00e4ischer Keramikkunst 2481\" width=\"164\" height=\"300\" class=\"alignnone size-medium wp-image-11034\" srcset=\"http:\/\/museumek.eu\/wp-content\/uploads\/2012\/06\/Museum-Europ\u00e4ischer-Keramikkunst-2481-164x300.jpg 164w, http:\/\/museumek.eu\/wp-content\/uploads\/2012\/06\/Museum-Europ\u00e4ischer-Keramikkunst-2481.jpg 531w\" sizes=\"(max-width: 164px) 100vw, 164px\" \/><\/a><\/p>\n<p><a href=\"http:\/\/museumek.eu\/wp-content\/uploads\/2012\/06\/Museum-Europ\u00e4ischer-Keramikkunst-2483.jpg\"><img loading=\"lazy\" src=\"http:\/\/museumek.eu\/wp-content\/uploads\/2012\/06\/Museum-Europ\u00e4ischer-Keramikkunst-2483-168x300.jpg\" alt=\"\" title=\"Museum Europ\u00e4ischer Keramikkunst 2483\" width=\"168\" height=\"300\" class=\"alignnone size-medium wp-image-11036\" srcset=\"http:\/\/museumek.eu\/wp-content\/uploads\/2012\/06\/Museum-Europ\u00e4ischer-Keramikkunst-2483-168x300.jpg 168w, http:\/\/museumek.eu\/wp-content\/uploads\/2012\/06\/Museum-Europ\u00e4ischer-Keramikkunst-2483.jpg 534w\" sizes=\"(max-width: 168px) 100vw, 168px\" \/><\/a><\/p>\n<p><a href=\"http:\/\/museumek.eu\/wp-content\/uploads\/2012\/06\/Museum-Europ\u00e4ischer-Keramikkunst-2482.jpg\"><img loading=\"lazy\" src=\"http:\/\/museumek.eu\/wp-content\/uploads\/2012\/06\/Museum-Europ\u00e4ischer-Keramikkunst-2482-227x300.jpg\" alt=\"\" title=\"Museum Europ\u00e4ischer Keramikkunst 2482\" width=\"227\" height=\"300\" class=\"alignnone size-medium wp-image-11035\" srcset=\"http:\/\/museumek.eu\/wp-content\/uploads\/2012\/06\/Museum-Europ\u00e4ischer-Keramikkunst-2482-227x300.jpg 227w, http:\/\/museumek.eu\/wp-content\/uploads\/2012\/06\/Museum-Europ\u00e4ischer-Keramikkunst-2482.jpg 582w\" sizes=\"(max-width: 227px) 100vw, 227px\" \/><\/a><\/p>\n<p><a href=\"http:\/\/museumek.eu\/wp-content\/uploads\/2012\/06\/Museum-Europ\u00e4ischer-Keramikkunst-2484.jpg\"><img loading=\"lazy\" src=\"http:\/\/museumek.eu\/wp-content\/uploads\/2012\/06\/Museum-Europ\u00e4ischer-Keramikkunst-2484-261x300.jpg\" alt=\"\" title=\"Museum Europ\u00e4ischer Keramikkunst 2484\" width=\"261\" height=\"300\" class=\"alignnone size-medium wp-image-11037\" srcset=\"http:\/\/museumek.eu\/wp-content\/uploads\/2012\/06\/Museum-Europ\u00e4ischer-Keramikkunst-2484-261x300.jpg 261w, http:\/\/museumek.eu\/wp-content\/uploads\/2012\/06\/Museum-Europ\u00e4ischer-Keramikkunst-2484.jpg 669w\" sizes=\"(max-width: 261px) 100vw, 261px\" \/><\/a><\/p>\n<p><a href=\"http:\/\/museumek.eu\/wp-content\/uploads\/2012\/06\/Museum-Europ\u00e4ischer-Keramikkunst-3925.jpg\"><img loading=\"lazy\" src=\"http:\/\/museumek.eu\/wp-content\/uploads\/2012\/06\/Museum-Europ\u00e4ischer-Keramikkunst-3925-300x134.jpg\" alt=\"\" title=\"Museum Europ\u00e4ischer Keramikkunst 3925\" width=\"300\" height=\"134\" class=\"alignnone size-medium wp-image-17383\" srcset=\"http:\/\/museumek.eu\/wp-content\/uploads\/2012\/06\/Museum-Europ\u00e4ischer-Keramikkunst-3925-300x134.jpg 300w, http:\/\/museumek.eu\/wp-content\/uploads\/2012\/06\/Museum-Europ\u00e4ischer-Keramikkunst-3925.jpg 389w\" sizes=\"(max-width: 300px) 100vw, 300px\" \/><\/a><\/p>\n<p><a href=\"http:\/\/museumek.eu\/wp-content\/uploads\/2012\/06\/Museum-Europ\u00e4ischer-Keramikkunst-3926.jpg\"><img loading=\"lazy\" src=\"http:\/\/museumek.eu\/wp-content\/uploads\/2012\/06\/Museum-Europ\u00e4ischer-Keramikkunst-3926-300x155.jpg\" alt=\"\" title=\"Museum Europ\u00e4ischer Keramikkunst 3926\" width=\"300\" height=\"155\" class=\"alignnone size-medium wp-image-17384\" srcset=\"http:\/\/museumek.eu\/wp-content\/uploads\/2012\/06\/Museum-Europ\u00e4ischer-Keramikkunst-3926-300x155.jpg 300w, http:\/\/museumek.eu\/wp-content\/uploads\/2012\/06\/Museum-Europ\u00e4ischer-Keramikkunst-3926-500x258.jpg 500w, http:\/\/museumek.eu\/wp-content\/uploads\/2012\/06\/Museum-Europ\u00e4ischer-Keramikkunst-3926.jpg 609w\" sizes=\"(max-width: 300px) 100vw, 300px\" \/><\/a><\/p>\n<p><a href=\"http:\/\/museumek.eu\/wp-content\/uploads\/2012\/06\/Museum-Europ\u00e4ischer-Keramikkunst-3928.jpg\"><img loading=\"lazy\" src=\"http:\/\/museumek.eu\/wp-content\/uploads\/2012\/06\/Museum-Europ\u00e4ischer-Keramikkunst-3928-300x138.jpg\" alt=\"\" title=\"Museum Europ\u00e4ischer Keramikkunst 3928\" width=\"300\" height=\"138\" class=\"alignnone size-medium wp-image-17385\" srcset=\"http:\/\/museumek.eu\/wp-content\/uploads\/2012\/06\/Museum-Europ\u00e4ischer-Keramikkunst-3928-300x138.jpg 300w, http:\/\/museumek.eu\/wp-content\/uploads\/2012\/06\/Museum-Europ\u00e4ischer-Keramikkunst-3928-500x230.jpg 500w, http:\/\/museumek.eu\/wp-content\/uploads\/2012\/06\/Museum-Europ\u00e4ischer-Keramikkunst-3928.jpg 603w\" sizes=\"(max-width: 300px) 100vw, 300px\" \/><\/a><\/p>\n<p><a href=\"http:\/\/museumek.eu\/wp-content\/uploads\/2012\/06\/Museum-Europ\u00e4ischer-Keramikkunst-2485.jpg\"><img loading=\"lazy\" src=\"http:\/\/museumek.eu\/wp-content\/uploads\/2012\/06\/Museum-Europ\u00e4ischer-Keramikkunst-2485-300x210.jpg\" alt=\"\" title=\"Museum Europ\u00e4ischer Keramikkunst 2485\" width=\"300\" height=\"210\" class=\"alignnone size-medium wp-image-11038\" srcset=\"http:\/\/museumek.eu\/wp-content\/uploads\/2012\/06\/Museum-Europ\u00e4ischer-Keramikkunst-2485-300x210.jpg 300w, http:\/\/museumek.eu\/wp-content\/uploads\/2012\/06\/Museum-Europ\u00e4ischer-Keramikkunst-2485-427x300.jpg 427w, http:\/\/museumek.eu\/wp-content\/uploads\/2012\/06\/Museum-Europ\u00e4ischer-Keramikkunst-2485.jpg 834w\" sizes=\"(max-width: 300px) 100vw, 300px\" \/><\/a><\/p>\n<p><a href=\"http:\/\/museumek.eu\/wp-content\/uploads\/2012\/06\/Museum-Europ\u00e4ischer-Keramikkunst-2486.jpg\"><img loading=\"lazy\" src=\"http:\/\/museumek.eu\/wp-content\/uploads\/2012\/06\/Museum-Europ\u00e4ischer-Keramikkunst-2486-300x298.jpg\" alt=\"\" title=\"Museum Europ\u00e4ischer Keramikkunst 2486\" width=\"300\" height=\"298\" class=\"alignnone size-medium wp-image-11039\" srcset=\"http:\/\/museumek.eu\/wp-content\/uploads\/2012\/06\/Museum-Europ\u00e4ischer-Keramikkunst-2486-300x298.jpg 300w, http:\/\/museumek.eu\/wp-content\/uploads\/2012\/06\/Museum-Europ\u00e4ischer-Keramikkunst-2486-150x150.jpg 150w, http:\/\/museumek.eu\/wp-content\/uploads\/2012\/06\/Museum-Europ\u00e4ischer-Keramikkunst-2486-301x300.jpg 301w, http:\/\/museumek.eu\/wp-content\/uploads\/2012\/06\/Museum-Europ\u00e4ischer-Keramikkunst-2486.jpg 640w\" sizes=\"(max-width: 300px) 100vw, 300px\" \/><\/a><\/p>\n<p><a href=\"http:\/\/museumek.eu\/wp-content\/uploads\/2012\/06\/Museum-Europ\u00e4ischer-Keramikkunst-2487.jpg\"><img loading=\"lazy\" src=\"http:\/\/museumek.eu\/wp-content\/uploads\/2012\/06\/Museum-Europ\u00e4ischer-Keramikkunst-2487.jpg\" alt=\"\" title=\"Museum Europ\u00e4ischer Keramikkunst 2487\" width=\"252\" height=\"286\" class=\"alignnone size-full wp-image-11040\" \/><\/a><\/p>\n","protected":false},"excerpt":{"rendered":"<p>Abteilung Austria\/Ungarn\/B\u00f6hmen, Keramik 1860 &#8211; 1960, Inventarnummer A\/I\/87 Manufaktur Friedrich Goldscheider, Austria, Wien, 1898\/1899, Amphorenvase auf Sockel, mit 3 blinde Kuh spielenden Enfants (Kindern) oder Puttis, K\u00fcnstler Hans Stephan Stoltenberg-Lerche (attr.), Werks.-Nr. (0)1405\/Exemplar Nr. 17\/Modelleur Nr. 17, gemarkt Sculpture Marke &hellip; <a href=\"http:\/\/museumek.eu\/?page_id=11033\">Weiterlesen <span class=\"meta-nav\">&rarr;<\/span><\/a><\/p>\n","protected":false},"author":1,"featured_media":0,"parent":10401,"menu_order":87,"comment_status":"closed","ping_status":"open","template":"","meta":[],"_links":{"self":[{"href":"http:\/\/museumek.eu\/index.php?rest_route=\/wp\/v2\/pages\/11033"}],"collection":[{"href":"http:\/\/museumek.eu\/index.php?rest_route=\/wp\/v2\/pages"}],"about":[{"href":"http:\/\/museumek.eu\/index.php?rest_route=\/wp\/v2\/types\/page"}],"author":[{"embeddable":true,"href":"http:\/\/museumek.eu\/index.php?rest_route=\/wp\/v2\/users\/1"}],"replies":[{"embeddable":true,"href":"http:\/\/museumek.eu\/index.php?rest_route=%2Fwp%2Fv2%2Fcomments&post=11033"}],"version-history":[{"count":8,"href":"http:\/\/museumek.eu\/index.php?rest_route=\/wp\/v2\/pages\/11033\/revisions"}],"predecessor-version":[{"id":17389,"href":"http:\/\/museumek.eu\/index.php?rest_route=\/wp\/v2\/pages\/11033\/revisions\/17389"}],"up":[{"embeddable":true,"href":"http:\/\/museumek.eu\/index.php?rest_route=\/wp\/v2\/pages\/10401"}],"wp:attachment":[{"href":"http:\/\/museumek.eu\/index.php?rest_route=%2Fwp%2Fv2%2Fmedia&parent=11033"}],"curies":[{"name":"wp","href":"https:\/\/api.w.org\/{rel}","templated":true}]}}