{"id":11105,"date":"2012-06-30T16:48:46","date_gmt":"2012-06-30T14:48:46","guid":{"rendered":"http:\/\/museumek.eu\/?page_id=11105"},"modified":"2013-04-26T23:30:43","modified_gmt":"2013-04-26T21:30:43","slug":"kurzbiografie-und-inventar-zum-kunstler","status":"publish","type":"page","link":"http:\/\/museumek.eu\/?page_id=11105","title":{"rendered":"Kurzbiografie und Inventar zum K\u00fcnstler"},"content":{"rendered":"<p>\u00dcber John Wadsworth konnten nur wenige Lebensdaten recherchiert werden. Er wurde 1879 geboren und starb 1955. Wadsworth studierte am Royal College of Art in London. Von L\u00e9on Solon wurde er 1901 als Designer f\u00fcr die Jugendstilabteilung eingestellt und \u00fcbernahm nach Solons Ausscheiden 1905 deren Leitung. Im Nachhinein l\u00e4\u00dft sich nicht mehr feststellen ob die Entw\u00fcrfe der Secessionsabteilung von Solon oder von Wadsworth stammen. Insofern werden als Entwerfer der Mintons Jugendstilware immer beide K\u00fcnstler zusammen genannt. Solon schied zwar 1905 aus der Firma Mintons bereits aus, das hei\u00dft aber nicht, dass seine Entw\u00fcrfe nicht auch noch<br \/>\nnach 1905 ausgef\u00fchrt worden sind.<\/p>\n<p><strong>Abteilung England, Keramik 1860 \u2013 1960, Inventarnummer E\/IX\/1<\/strong><\/p>\n<p>Mintons Ltd. China-Works, England, Stoke upon Trent, Staffordshire, 1902 &#8211; 1914, Vase, K\u00fcnstler L\u00e9on Solon oder John Wadsworth, Werks.-Nr. 38.., Exemplar Nr. Unikat, gemarkt Firmenmarke Mintons Ltd., Secessionist (sehr rarer Zusatzstempel) sowie N 4 schwarze Farbstempel, verwendet zwischen 1902 und 1912, Direktion der Jugendstilabteilung L\u00e9on Solon bis 1905 dann Direktion John Wadsworth, f\u00fcr die Jugendstilkollektion, entworfen von Solon und Wadsworth, 38.. (letzen beiden Zahlen nicht lesbar, da von der Glasur verdeckt) gepresst, 4 blau gemalt, die Bezeichnung \u201eSecessionist\u201c wurde abgeleitet von der Wiener Sezession von der Solon und Wadsworth beeinflusst waren, Literatur: Paul Atterbury und Maureen Batkin, The Dictionary of Minton, Seiten 347 \u2013 356, dort die China-Works Reihe \u201eSecessionist\u201c beschrieben, siehe auch Deckblatt Kopie Werkskatalog von Mintons, Seite 321, Nachweis, dass die Werksnummer 38.. in der Zeit von 1900 bis 1920 produziert worden ist, Seite 324, Markennachweis: Marke Mintons Ltd. dort abgebildet in Verwendung<br \/>\nvon 1902 \u2013 1914, H\u00f6he 13 cm, Breite 9 cm<\/p>\n<p><a href=\"http:\/\/museumek.eu\/wp-content\/uploads\/2012\/06\/Museum-Europ\u00e4ischer-Keramikkunst-2164.jpg\"><img loading=\"lazy\" src=\"http:\/\/museumek.eu\/wp-content\/uploads\/2012\/06\/Museum-Europ\u00e4ischer-Keramikkunst-2164-214x300.jpg\" alt=\"\" title=\"Museum Europ\u00e4ischer Keramikkunst 2164\" width=\"214\" height=\"300\" class=\"alignnone size-medium wp-image-11065\" srcset=\"http:\/\/museumek.eu\/wp-content\/uploads\/2012\/06\/Museum-Europ\u00e4ischer-Keramikkunst-2164-214x300.jpg 214w, http:\/\/museumek.eu\/wp-content\/uploads\/2012\/06\/Museum-Europ\u00e4ischer-Keramikkunst-2164.jpg 605w\" sizes=\"(max-width: 214px) 100vw, 214px\" \/><\/a><\/p>\n<p><a href=\"http:\/\/museumek.eu\/wp-content\/uploads\/2012\/06\/Museum-Europ\u00e4ischer-Keramikkunst-2165.jpg\"><img loading=\"lazy\" src=\"http:\/\/museumek.eu\/wp-content\/uploads\/2012\/06\/Museum-Europ\u00e4ischer-Keramikkunst-2165-208x300.jpg\" alt=\"\" title=\"Museum Europ\u00e4ischer Keramikkunst 2165\" width=\"208\" height=\"300\" class=\"alignnone size-medium wp-image-11066\" srcset=\"http:\/\/museumek.eu\/wp-content\/uploads\/2012\/06\/Museum-Europ\u00e4ischer-Keramikkunst-2165-208x300.jpg 208w, http:\/\/museumek.eu\/wp-content\/uploads\/2012\/06\/Museum-Europ\u00e4ischer-Keramikkunst-2165.jpg 421w\" sizes=\"(max-width: 208px) 100vw, 208px\" \/><\/a><\/p>\n<p><a href=\"http:\/\/museumek.eu\/wp-content\/uploads\/2012\/06\/Museum-Europ\u00e4ischer-Keramikkunst-2166.jpg\"><img loading=\"lazy\" src=\"http:\/\/museumek.eu\/wp-content\/uploads\/2012\/06\/Museum-Europ\u00e4ischer-Keramikkunst-2166-300x264.jpg\" alt=\"\" title=\"Museum Europ\u00e4ischer Keramikkunst 2166\" width=\"300\" height=\"264\" class=\"alignnone size-medium wp-image-11067\" srcset=\"http:\/\/museumek.eu\/wp-content\/uploads\/2012\/06\/Museum-Europ\u00e4ischer-Keramikkunst-2166-300x264.jpg 300w, http:\/\/museumek.eu\/wp-content\/uploads\/2012\/06\/Museum-Europ\u00e4ischer-Keramikkunst-2166-340x300.jpg 340w, http:\/\/museumek.eu\/wp-content\/uploads\/2012\/06\/Museum-Europ\u00e4ischer-Keramikkunst-2166.jpg 770w\" sizes=\"(max-width: 300px) 100vw, 300px\" \/><\/a><\/p>\n<p><a href=\"http:\/\/museumek.eu\/wp-content\/uploads\/2012\/06\/Z-Mintons-Secessionist.jpg\"><img loading=\"lazy\" src=\"http:\/\/museumek.eu\/wp-content\/uploads\/2012\/06\/Z-Mintons-Secessionist-231x300.jpg\" alt=\"\" title=\"Z Mintons Secessionist\" width=\"231\" height=\"300\" class=\"alignnone size-medium wp-image-11068\" srcset=\"http:\/\/museumek.eu\/wp-content\/uploads\/2012\/06\/Z-Mintons-Secessionist-231x300.jpg 231w, http:\/\/museumek.eu\/wp-content\/uploads\/2012\/06\/Z-Mintons-Secessionist.jpg 323w\" sizes=\"(max-width: 231px) 100vw, 231px\" \/><\/a><\/p>\n","protected":false},"excerpt":{"rendered":"<p>\u00dcber John Wadsworth konnten nur wenige Lebensdaten recherchiert werden. Er wurde 1879 geboren und starb 1955. Wadsworth studierte am Royal College of Art in London. Von L\u00e9on Solon wurde er 1901 als Designer f\u00fcr die Jugendstilabteilung eingestellt und \u00fcbernahm nach &hellip; <a href=\"http:\/\/museumek.eu\/?page_id=11105\">Weiterlesen <span class=\"meta-nav\">&rarr;<\/span><\/a><\/p>\n","protected":false},"author":1,"featured_media":0,"parent":11102,"menu_order":1,"comment_status":"closed","ping_status":"open","template":"","meta":[],"_links":{"self":[{"href":"http:\/\/museumek.eu\/index.php?rest_route=\/wp\/v2\/pages\/11105"}],"collection":[{"href":"http:\/\/museumek.eu\/index.php?rest_route=\/wp\/v2\/pages"}],"about":[{"href":"http:\/\/museumek.eu\/index.php?rest_route=\/wp\/v2\/types\/page"}],"author":[{"embeddable":true,"href":"http:\/\/museumek.eu\/index.php?rest_route=\/wp\/v2\/users\/1"}],"replies":[{"embeddable":true,"href":"http:\/\/museumek.eu\/index.php?rest_route=%2Fwp%2Fv2%2Fcomments&post=11105"}],"version-history":[{"count":8,"href":"http:\/\/museumek.eu\/index.php?rest_route=\/wp\/v2\/pages\/11105\/revisions"}],"predecessor-version":[{"id":20673,"href":"http:\/\/museumek.eu\/index.php?rest_route=\/wp\/v2\/pages\/11105\/revisions\/20673"}],"up":[{"embeddable":true,"href":"http:\/\/museumek.eu\/index.php?rest_route=\/wp\/v2\/pages\/11102"}],"wp:attachment":[{"href":"http:\/\/museumek.eu\/index.php?rest_route=%2Fwp%2Fv2%2Fmedia&parent=11105"}],"curies":[{"name":"wp","href":"https:\/\/api.w.org\/{rel}","templated":true}]}}