{"id":11144,"date":"2012-06-30T23:21:28","date_gmt":"2012-06-30T21:21:28","guid":{"rendered":"http:\/\/museumek.eu\/?page_id=11144"},"modified":"2012-06-30T23:31:32","modified_gmt":"2012-06-30T21:31:32","slug":"fotos-und-beschreibung","status":"publish","type":"page","link":"http:\/\/museumek.eu\/?page_id=11144","title":{"rendered":"Fotos und Beschreibung"},"content":{"rendered":"<p><strong>Abteilung England, Keramik 1860 \u2013 1960, Inventarnummer E\/X\/1<\/strong><\/p>\n<p>Manufaktur Reich Porcelain Company, England, Stoke on Trent, Staffordshire, um 1900, Teller, K\u00fcnstler unbekannt, Werks.-Nr. ohne, Exemplar Nr. ohne, gemarkt Firmenstempel mit Empire, Krone, Stoke on Trent sowie England blauer Farbstempel, Vergoldernummer 191 in Gold gemalt, im Spiegel Umdruckdekor, wohl Gem\u00e4ldekopie, Szene aus Verdis Oper Falstaff, nach Shakespeares \u201eDie lustigen Weiber von Windsor\u201c unter Einbeziehung von Szenen von Heinrich IV., hier Falstaff und und die von ihm geliebte Alice Ford, Fahne blau mit floraler Goldmalerei, Durchmesser 25 cm<\/p>\n<p><a href=\"http:\/\/museumek.eu\/wp-content\/uploads\/2012\/06\/Museum-Europ\u00e4ischer-Keramikkunst-1976.jpg\"><img loading=\"lazy\" src=\"http:\/\/museumek.eu\/wp-content\/uploads\/2012\/06\/Museum-Europ\u00e4ischer-Keramikkunst-1976-297x300.jpg\" alt=\"\" title=\"Museum Europ\u00e4ischer Keramikkunst 1976\" width=\"297\" height=\"300\" class=\"alignnone size-medium wp-image-11135\" srcset=\"http:\/\/museumek.eu\/wp-content\/uploads\/2012\/06\/Museum-Europ\u00e4ischer-Keramikkunst-1976-297x300.jpg 297w, http:\/\/museumek.eu\/wp-content\/uploads\/2012\/06\/Museum-Europ\u00e4ischer-Keramikkunst-1976.jpg 703w\" sizes=\"(max-width: 297px) 100vw, 297px\" \/><\/a><\/p>\n<p><a href=\"http:\/\/museumek.eu\/wp-content\/uploads\/2012\/06\/Museum-Europ\u00e4ischer-Keramikkunst-1977.jpg\"><img loading=\"lazy\" src=\"http:\/\/museumek.eu\/wp-content\/uploads\/2012\/06\/Museum-Europ\u00e4ischer-Keramikkunst-1977-225x300.jpg\" alt=\"\" title=\"Museum Europ\u00e4ischer Keramikkunst 1977\" width=\"225\" height=\"300\" class=\"alignnone size-medium wp-image-11136\" srcset=\"http:\/\/museumek.eu\/wp-content\/uploads\/2012\/06\/Museum-Europ\u00e4ischer-Keramikkunst-1977-225x300.jpg 225w, http:\/\/museumek.eu\/wp-content\/uploads\/2012\/06\/Museum-Europ\u00e4ischer-Keramikkunst-1977.jpg 768w\" sizes=\"(max-width: 225px) 100vw, 225px\" \/><\/a><\/p>\n<p><a href=\"http:\/\/museumek.eu\/wp-content\/uploads\/2012\/06\/Museum-Europ\u00e4ischer-Keramikkunst-1978.jpg\"><img loading=\"lazy\" src=\"http:\/\/museumek.eu\/wp-content\/uploads\/2012\/06\/Museum-Europ\u00e4ischer-Keramikkunst-1978-300x225.jpg\" alt=\"\" title=\"Museum Europ\u00e4ischer Keramikkunst 1978\" width=\"300\" height=\"225\" class=\"alignnone size-medium wp-image-11137\" srcset=\"http:\/\/museumek.eu\/wp-content\/uploads\/2012\/06\/Museum-Europ\u00e4ischer-Keramikkunst-1978-300x225.jpg 300w, http:\/\/museumek.eu\/wp-content\/uploads\/2012\/06\/Museum-Europ\u00e4ischer-Keramikkunst-1978-400x300.jpg 400w, http:\/\/museumek.eu\/wp-content\/uploads\/2012\/06\/Museum-Europ\u00e4ischer-Keramikkunst-1978.jpg 1024w\" sizes=\"(max-width: 300px) 100vw, 300px\" \/><\/a><\/p>\n<p><a href=\"http:\/\/museumek.eu\/wp-content\/uploads\/2012\/06\/Museum-Europ\u00e4ischer-Keramikkunst-1979.jpg\"><img loading=\"lazy\" src=\"http:\/\/museumek.eu\/wp-content\/uploads\/2012\/06\/Museum-Europ\u00e4ischer-Keramikkunst-1979-179x300.jpg\" alt=\"\" title=\"Museum Europ\u00e4ischer Keramikkunst 1979\" width=\"179\" height=\"300\" class=\"alignnone size-medium wp-image-11138\" srcset=\"http:\/\/museumek.eu\/wp-content\/uploads\/2012\/06\/Museum-Europ\u00e4ischer-Keramikkunst-1979-179x300.jpg 179w, http:\/\/museumek.eu\/wp-content\/uploads\/2012\/06\/Museum-Europ\u00e4ischer-Keramikkunst-1979.jpg 293w\" sizes=\"(max-width: 179px) 100vw, 179px\" \/><\/a><\/p>\n<p><strong>Abteilung England, Keramik 1860 \u2013 1960, Inventarnummer E\/X\/2<\/strong><\/p>\n<p>Manufaktur Reich Porcelain Company, England, Stoke on Trent, Staffordshire, um 1900, Teller, K\u00fcnstler unbekannt, Werks.-Nr. ohne, Exemplar Nr. ohne, gemarkt unvollst\u00e4ndiger Firmenstempel mit Krone, Stoke on Trent sowie England blauer Farbstempel (vollst\u00e4ndiger Stempel, siehe MEK E\/X\/1), Vergoldernummer fehlt (siehe MEK E\/X\/1, dort vorhanden), im Spiegel Umdruckdekor, wohl Gem\u00e4ldekopie, Szene aus Shakespears \u201eDer Kaufmann von Venedig\u201c mit der als Advokat verkleideten Portia und dem Geldverleiher Shylock, Fahne blau mit floraler Goldmalerei, Durchmesser 25 cm<\/p>\n<p><a href=\"http:\/\/museumek.eu\/wp-content\/uploads\/2012\/06\/Museum-Europ\u00e4ischer-Keramikkunst-1981.jpg\"><img loading=\"lazy\" src=\"http:\/\/museumek.eu\/wp-content\/uploads\/2012\/06\/Museum-Europ\u00e4ischer-Keramikkunst-1981-300x298.jpg\" alt=\"\" title=\"Museum Europ\u00e4ischer Keramikkunst 1981\" width=\"300\" height=\"298\" class=\"alignnone size-medium wp-image-11148\" srcset=\"http:\/\/museumek.eu\/wp-content\/uploads\/2012\/06\/Museum-Europ\u00e4ischer-Keramikkunst-1981-300x298.jpg 300w, http:\/\/museumek.eu\/wp-content\/uploads\/2012\/06\/Museum-Europ\u00e4ischer-Keramikkunst-1981-150x150.jpg 150w, http:\/\/museumek.eu\/wp-content\/uploads\/2012\/06\/Museum-Europ\u00e4ischer-Keramikkunst-1981-301x300.jpg 301w, http:\/\/museumek.eu\/wp-content\/uploads\/2012\/06\/Museum-Europ\u00e4ischer-Keramikkunst-1981.jpg 740w\" sizes=\"(max-width: 300px) 100vw, 300px\" \/><\/a><\/p>\n<p><a href=\"http:\/\/museumek.eu\/wp-content\/uploads\/2012\/06\/Museum-Europ\u00e4ischer-Keramikkunst-19821.jpg\"><img loading=\"lazy\" src=\"http:\/\/museumek.eu\/wp-content\/uploads\/2012\/06\/Museum-Europ\u00e4ischer-Keramikkunst-19821-300x225.jpg\" alt=\"\" title=\"Museum Europ\u00e4ischer Keramikkunst 1982\" width=\"300\" height=\"225\" class=\"alignnone size-medium wp-image-11150\" srcset=\"http:\/\/museumek.eu\/wp-content\/uploads\/2012\/06\/Museum-Europ\u00e4ischer-Keramikkunst-19821-300x225.jpg 300w, http:\/\/museumek.eu\/wp-content\/uploads\/2012\/06\/Museum-Europ\u00e4ischer-Keramikkunst-19821-400x300.jpg 400w, http:\/\/museumek.eu\/wp-content\/uploads\/2012\/06\/Museum-Europ\u00e4ischer-Keramikkunst-19821.jpg 1024w\" sizes=\"(max-width: 300px) 100vw, 300px\" \/><\/a><\/p>\n<p><a href=\"http:\/\/museumek.eu\/wp-content\/uploads\/2012\/06\/Museum-Europ\u00e4ischer-Keramikkunst-1983.jpg\"><img loading=\"lazy\" src=\"http:\/\/museumek.eu\/wp-content\/uploads\/2012\/06\/Museum-Europ\u00e4ischer-Keramikkunst-1983-300x225.jpg\" alt=\"\" title=\"Museum Europ\u00e4ischer Keramikkunst 1983\" width=\"300\" height=\"225\" class=\"alignnone size-medium wp-image-11151\" srcset=\"http:\/\/museumek.eu\/wp-content\/uploads\/2012\/06\/Museum-Europ\u00e4ischer-Keramikkunst-1983-300x225.jpg 300w, http:\/\/museumek.eu\/wp-content\/uploads\/2012\/06\/Museum-Europ\u00e4ischer-Keramikkunst-1983-400x300.jpg 400w, http:\/\/museumek.eu\/wp-content\/uploads\/2012\/06\/Museum-Europ\u00e4ischer-Keramikkunst-1983.jpg 1024w\" sizes=\"(max-width: 300px) 100vw, 300px\" \/><\/a><\/p>\n<p><a href=\"http:\/\/museumek.eu\/wp-content\/uploads\/2012\/06\/Museum-Europ\u00e4ischer-Keramikkunst-1984.jpg\"><img loading=\"lazy\" src=\"http:\/\/museumek.eu\/wp-content\/uploads\/2012\/06\/Museum-Europ\u00e4ischer-Keramikkunst-1984.jpg\" alt=\"\" title=\"Museum Europ\u00e4ischer Keramikkunst 1984\" width=\"243\" height=\"266\" class=\"alignnone size-full wp-image-11152\" \/><\/a><\/p>\n","protected":false},"excerpt":{"rendered":"<p>Abteilung England, Keramik 1860 \u2013 1960, Inventarnummer E\/X\/1 Manufaktur Reich Porcelain Company, England, Stoke on Trent, Staffordshire, um 1900, Teller, K\u00fcnstler unbekannt, Werks.-Nr. ohne, Exemplar Nr. ohne, gemarkt Firmenstempel mit Empire, Krone, Stoke on Trent sowie England blauer Farbstempel, Vergoldernummer &hellip; <a href=\"http:\/\/museumek.eu\/?page_id=11144\">Weiterlesen <span class=\"meta-nav\">&rarr;<\/span><\/a><\/p>\n","protected":false},"author":1,"featured_media":0,"parent":11141,"menu_order":1,"comment_status":"closed","ping_status":"open","template":"","meta":[],"_links":{"self":[{"href":"http:\/\/museumek.eu\/index.php?rest_route=\/wp\/v2\/pages\/11144"}],"collection":[{"href":"http:\/\/museumek.eu\/index.php?rest_route=\/wp\/v2\/pages"}],"about":[{"href":"http:\/\/museumek.eu\/index.php?rest_route=\/wp\/v2\/types\/page"}],"author":[{"embeddable":true,"href":"http:\/\/museumek.eu\/index.php?rest_route=\/wp\/v2\/users\/1"}],"replies":[{"embeddable":true,"href":"http:\/\/museumek.eu\/index.php?rest_route=%2Fwp%2Fv2%2Fcomments&post=11144"}],"version-history":[{"count":3,"href":"http:\/\/museumek.eu\/index.php?rest_route=\/wp\/v2\/pages\/11144\/revisions"}],"predecessor-version":[{"id":11155,"href":"http:\/\/museumek.eu\/index.php?rest_route=\/wp\/v2\/pages\/11144\/revisions\/11155"}],"up":[{"embeddable":true,"href":"http:\/\/museumek.eu\/index.php?rest_route=\/wp\/v2\/pages\/11141"}],"wp:attachment":[{"href":"http:\/\/museumek.eu\/index.php?rest_route=%2Fwp%2Fv2%2Fmedia&parent=11144"}],"curies":[{"name":"wp","href":"https:\/\/api.w.org\/{rel}","templated":true}]}}