{"id":1121,"date":"2011-08-15T00:17:47","date_gmt":"2011-08-14T22:17:47","guid":{"rendered":"http:\/\/museumek.eu\/?page_id=1121"},"modified":"2013-05-07T00:40:38","modified_gmt":"2013-05-06T22:40:38","slug":"axv5","status":"publish","type":"page","link":"http:\/\/museumek.eu\/?page_id=1121","title":{"rendered":"A\/XV\/5"},"content":{"rendered":"<p><strong>Abteilung Austria\/Ungarn\/B\u00f6hmen, Keramik 1860 \u2013 1960, Inventarnummer A\/XV\/5<\/strong><\/p>\n<p>Ferdinand Maresch Kunstterracotten- Siderolith- und Majolikafabrik, vormals Joh. Maresch Thon- und Steingutwaaren, B\u00f6hmen\/Austria, Aussig\/\u00dasti nad Labem, um 1920, Kaminuhr, K\u00fcnstler K. Labl (?, schwer lesbar), Werks.-Nr. 10539, Exemplar Nr. ohne, gemarkt Firmenmarke mit JM (f\u00fcr Johann Maresch), Blumenst\u00f6ckl \u00e4hnliches Symbol, Czechoslowakia sowie 10539 gepresst, K Labl geritzt, signiert K Labl, Literatur: Volker M\u00f6lle Riessner, Amphora, Die Porzellan- und Keramikmanufaktur in Nord-B\u00f6hmen, Seite 190, Beschreibung der Maresch\u2018schen Fabriken sowie Seite 196, Marke Nr. 56 identisch, Adolph B\u00e4r gr\u00fcndete um 1841 eine Keramikfabrik und firmierte als Adolph B\u00e4r, Terralith, 1851 \u00dcbergang in B\u00e4r &#038; Maresch mit den Inhabern Wilhelmine B\u00e4r und Johann Maresch, 1863 \u00dcbergang auf Johann Maresch und Firmierung als Joh. Maresch Thon- und Steingutwaaren, 1891 \u00dcbergang auf Ferdinand Maresch und Firmierung als Ferdinand Maresch Kunstterracotten- Siderolith- und Majolikafabrik, 1942 \u00dcbergang auf eine Kommanditgesellschaft und Firmierung als Ferd. Maresch Kommanditgesellschaft, um 1951 wohl Betriebsschlie\u00dfung oder Enteignung, die Kreismarke neben dem JM tritt mal ohne Inhalt und mal mit einer nicht gedeuteten Einpressung auf, manchmal fehlt sie oder wird durch eine Blumenst\u00f6ckl \u00e4hnliche Pressung ersetzt, im MEK Inventar gibt es alle 3 Varianten, siehe Porzellanmarken \u2013 Keramikmarken Verzeichnis, es ist davon auszugehen, dass die bereits von Johann Maresch benutzte Firmenmarke JM, nach dem Fabrik\u00fcbergang auf Ferdinand Maresch, von diesem weiter verwendet worden ist, H\u00f6he 57 cm, Breite 30 cm<\/p>\n<p><a href=\"http:\/\/museumek.eu\/wp-content\/uploads\/2011\/08\/Museum-Europ\u00e4ischer-Keramikkunst-Qualit\u00e4tsfotos-207.jpg\"><img loading=\"lazy\" src=\"http:\/\/museumek.eu\/wp-content\/uploads\/2011\/08\/Museum-Europ\u00e4ischer-Keramikkunst-Qualit\u00e4tsfotos-207-157x300.jpg\" alt=\"\" title=\"Museum Europ\u00e4ischer Keramikkunst Qualit\u00e4tsfotos 207\" width=\"157\" height=\"300\" class=\"alignnone size-medium wp-image-1122\" \/><\/a><\/p>\n<p><a href=\"http:\/\/museumek.eu\/wp-content\/uploads\/2011\/08\/Maresch-Uhr1.jpg\"><img loading=\"lazy\" src=\"http:\/\/museumek.eu\/wp-content\/uploads\/2011\/08\/Maresch-Uhr1.jpg\" alt=\"\" title=\"Maresch Uhr\" width=\"160\" height=\"131\" class=\"alignnone size-full wp-image-1124\" \/><\/a><\/p>\n<p><a href=\"http:\/\/museumek.eu\/wp-content\/uploads\/2011\/08\/Maresch-Uhr-1.jpg\"><img loading=\"lazy\" src=\"http:\/\/museumek.eu\/wp-content\/uploads\/2011\/08\/Maresch-Uhr-1.jpg\" alt=\"\" title=\"Maresch Uhr 1\" width=\"229\" height=\"114\" class=\"alignnone size-full wp-image-1125\" \/><\/a><\/p>\n","protected":false},"excerpt":{"rendered":"<p>Abteilung Austria\/Ungarn\/B\u00f6hmen, Keramik 1860 \u2013 1960, Inventarnummer A\/XV\/5 Ferdinand Maresch Kunstterracotten- Siderolith- und Majolikafabrik, vormals Joh. Maresch Thon- und Steingutwaaren, B\u00f6hmen\/Austria, Aussig\/\u00dasti nad Labem, um 1920, Kaminuhr, K\u00fcnstler K. Labl (?, schwer lesbar), Werks.-Nr. 10539, Exemplar Nr. ohne, gemarkt Firmenmarke &hellip; <a href=\"http:\/\/museumek.eu\/?page_id=1121\">Weiterlesen <span class=\"meta-nav\">&rarr;<\/span><\/a><\/p>\n","protected":false},"author":1,"featured_media":0,"parent":1097,"menu_order":5,"comment_status":"closed","ping_status":"closed","template":"","meta":[],"_links":{"self":[{"href":"http:\/\/museumek.eu\/index.php?rest_route=\/wp\/v2\/pages\/1121"}],"collection":[{"href":"http:\/\/museumek.eu\/index.php?rest_route=\/wp\/v2\/pages"}],"about":[{"href":"http:\/\/museumek.eu\/index.php?rest_route=\/wp\/v2\/types\/page"}],"author":[{"embeddable":true,"href":"http:\/\/museumek.eu\/index.php?rest_route=\/wp\/v2\/users\/1"}],"replies":[{"embeddable":true,"href":"http:\/\/museumek.eu\/index.php?rest_route=%2Fwp%2Fv2%2Fcomments&post=1121"}],"version-history":[{"count":4,"href":"http:\/\/museumek.eu\/index.php?rest_route=\/wp\/v2\/pages\/1121\/revisions"}],"predecessor-version":[{"id":21490,"href":"http:\/\/museumek.eu\/index.php?rest_route=\/wp\/v2\/pages\/1121\/revisions\/21490"}],"up":[{"embeddable":true,"href":"http:\/\/museumek.eu\/index.php?rest_route=\/wp\/v2\/pages\/1097"}],"wp:attachment":[{"href":"http:\/\/museumek.eu\/index.php?rest_route=%2Fwp%2Fv2%2Fmedia&parent=1121"}],"curies":[{"name":"wp","href":"https:\/\/api.w.org\/{rel}","templated":true}]}}