{"id":11372,"date":"2012-07-06T19:12:39","date_gmt":"2012-07-06T17:12:39","guid":{"rendered":"http:\/\/museumek.eu\/?page_id=11372"},"modified":"2013-04-26T22:38:41","modified_gmt":"2013-04-26T20:38:41","slug":"kurzbiografie-und-inventar-zum-kunstler","status":"publish","type":"page","link":"http:\/\/museumek.eu\/?page_id=11372","title":{"rendered":"Kurzbiografie und Inventar zum K\u00fcnstler"},"content":{"rendered":"<p>Richard Uhlemeyer wurde am 03.10.1900 in G\u00f6ttingen geboren. Er starb am 04.11.1954 in Hannover. Uhlemeyer studierte an der Kunstgewerbeschule in Hannover u. a. bei Prof. von Debschitz und bei Prof. Vierthaler. Im Jahre 1930 gr\u00fcndete er einen Gro\u00dfhandel mit kunsthandwerklichen Erzeugnissen. Im Jahre 1935 gr\u00fcndete er seine eigene kunstkeramische Werkstatt und legte 1938 seine Meisterpr\u00fcfung als T\u00f6pfer ab. Von 1945 bis zu seinem Tode war er Pr\u00e4sident des Zentralverbandes des Deutschen Handwerks.<\/p>\n<p><strong>Abteilung Deutschland, Keramik 1860 \u2013 1960, Inventarnummer D\/XLVII\/1<\/strong><\/p>\n<p>Kunsthandwerk Richard Uhlemeyer o.H.G., Deutschland, Hannover, um 1940, Vase, K\u00fcnstler Richard Uhlemeyer, Werks.-Nr. ohne, Exemplar Nr. ohne, gemarkt Manufakturpressstempel, Germany gepresst, nicht signiert, Literatur: Gisela Reineking von Bock, Meister der deutschen Keramik, Seite 285, Manufakturbeschreibung und Beschreibung der Marke (eingepresster Stempel mit 2 sich kreuzenden Giebelbalken mit Pferdek\u00f6pfen), Seite 327, Markennachweis: Marke Nr. 187 identisch,<br \/>\nH\u00f6he 24 cm, Breite 14 cm<\/p>\n<p><a href=\"http:\/\/museumek.eu\/wp-content\/uploads\/2012\/07\/Museum-Europ\u00e4ischer-Keramikkunst-2517.jpg\"><img loading=\"lazy\" src=\"http:\/\/museumek.eu\/wp-content\/uploads\/2012\/07\/Museum-Europ\u00e4ischer-Keramikkunst-2517-235x300.jpg\" alt=\"\" title=\"Museum Europ\u00e4ischer Keramikkunst 2517\" width=\"235\" height=\"300\" class=\"alignnone size-medium wp-image-11351\" srcset=\"http:\/\/museumek.eu\/wp-content\/uploads\/2012\/07\/Museum-Europ\u00e4ischer-Keramikkunst-2517-235x300.jpg 235w, http:\/\/museumek.eu\/wp-content\/uploads\/2012\/07\/Museum-Europ\u00e4ischer-Keramikkunst-2517.jpg 718w\" sizes=\"(max-width: 235px) 100vw, 235px\" \/><\/a><\/p>\n<p><a href=\"http:\/\/museumek.eu\/wp-content\/uploads\/2012\/07\/Museum-Europ\u00e4ischer-Keramikkunst-2520.jpg\"><img loading=\"lazy\" src=\"http:\/\/museumek.eu\/wp-content\/uploads\/2012\/07\/Museum-Europ\u00e4ischer-Keramikkunst-2520-300x150.jpg\" alt=\"\" title=\"Museum Europ\u00e4ischer Keramikkunst 2520\" width=\"300\" height=\"150\" class=\"alignnone size-medium wp-image-11353\" srcset=\"http:\/\/museumek.eu\/wp-content\/uploads\/2012\/07\/Museum-Europ\u00e4ischer-Keramikkunst-2520-300x150.jpg 300w, http:\/\/museumek.eu\/wp-content\/uploads\/2012\/07\/Museum-Europ\u00e4ischer-Keramikkunst-2520.jpg 416w\" sizes=\"(max-width: 300px) 100vw, 300px\" \/><\/a><\/p>\n<p><a href=\"http:\/\/museumek.eu\/wp-content\/uploads\/2012\/07\/Kopie-von-Museum-Europ\u00e4ischer-Keramikkunst-2520.jpg\"><img loading=\"lazy\" src=\"http:\/\/museumek.eu\/wp-content\/uploads\/2012\/07\/Kopie-von-Museum-Europ\u00e4ischer-Keramikkunst-2520-300x150.jpg\" alt=\"\" title=\"Kopie von Museum Europ\u00e4ischer Keramikkunst 2520\" width=\"300\" height=\"150\" class=\"alignnone size-medium wp-image-11352\" srcset=\"http:\/\/museumek.eu\/wp-content\/uploads\/2012\/07\/Kopie-von-Museum-Europ\u00e4ischer-Keramikkunst-2520-300x150.jpg 300w, http:\/\/museumek.eu\/wp-content\/uploads\/2012\/07\/Kopie-von-Museum-Europ\u00e4ischer-Keramikkunst-2520.jpg 416w\" sizes=\"(max-width: 300px) 100vw, 300px\" \/><\/a><\/p>\n<p><strong>Abteilung Deutschland, Keramik 1860 \u2013 1960, Inventarnummer D\/XLVII\/2<\/strong><\/p>\n<p>Kunsthandwerk Richard Uhlemeyer o.H.G., Deutschland, Hannover, um 1940, Krug, K\u00fcnstler Richard Uhlemeyer, Werks.-Nr. ohne, Exemplar Nr. ohne, gemarkt Manufakturpressstempel zweimal, nicht signiert, Literatur: Gisela Reineking von Bock, Meister der deutschen Keramik, Seite 285, Manufakturbeschreibung und Beschreibung der Marke (eingepresster Stempel mit 2 sich kreuzenden Giebelbalken mit Pferdek\u00f6pfen), Seite 327, Markennachweis: Marke Nr. 187 identisch,<br \/>\nH\u00f6he 17,5 cm, Breite 10 cm<\/p>\n<p><a href=\"http:\/\/museumek.eu\/wp-content\/uploads\/2012\/07\/Museum-Europ\u00e4ischer-Keramikkunst-2525.jpg\"><img loading=\"lazy\" src=\"http:\/\/museumek.eu\/wp-content\/uploads\/2012\/07\/Museum-Europ\u00e4ischer-Keramikkunst-2525-218x300.jpg\" alt=\"\" title=\"Museum Europ\u00e4ischer Keramikkunst 2525\" width=\"218\" height=\"300\" class=\"alignnone size-medium wp-image-11386\" srcset=\"http:\/\/museumek.eu\/wp-content\/uploads\/2012\/07\/Museum-Europ\u00e4ischer-Keramikkunst-2525-218x300.jpg 218w, http:\/\/museumek.eu\/wp-content\/uploads\/2012\/07\/Museum-Europ\u00e4ischer-Keramikkunst-2525.jpg 584w\" sizes=\"(max-width: 218px) 100vw, 218px\" \/><\/a><\/p>\n<p><a href=\"http:\/\/museumek.eu\/wp-content\/uploads\/2012\/07\/Museum-Europ\u00e4ischer-Keramikkunst-2526.jpg\"><img loading=\"lazy\" src=\"http:\/\/museumek.eu\/wp-content\/uploads\/2012\/07\/Museum-Europ\u00e4ischer-Keramikkunst-2526.jpg\" alt=\"\" title=\"Museum Europ\u00e4ischer Keramikkunst 2526\" width=\"289\" height=\"217\" class=\"alignnone size-full wp-image-11387\" \/><\/a><\/p>\n<p><a href=\"http:\/\/museumek.eu\/wp-content\/uploads\/2012\/07\/Museum-Europ\u00e4ischer-Keramikkunst-2527.jpg\"><img loading=\"lazy\" src=\"http:\/\/museumek.eu\/wp-content\/uploads\/2012\/07\/Museum-Europ\u00e4ischer-Keramikkunst-2527.jpg\" alt=\"\" title=\"Museum Europ\u00e4ischer Keramikkunst 2527\" width=\"296\" height=\"259\" class=\"alignnone size-full wp-image-11388\" \/><\/a><\/p>\n","protected":false},"excerpt":{"rendered":"<p>Richard Uhlemeyer wurde am 03.10.1900 in G\u00f6ttingen geboren. Er starb am 04.11.1954 in Hannover. Uhlemeyer studierte an der Kunstgewerbeschule in Hannover u. a. bei Prof. von Debschitz und bei Prof. Vierthaler. Im Jahre 1930 gr\u00fcndete er einen Gro\u00dfhandel mit kunsthandwerklichen &hellip; <a href=\"http:\/\/museumek.eu\/?page_id=11372\">Weiterlesen <span class=\"meta-nav\">&rarr;<\/span><\/a><\/p>\n","protected":false},"author":1,"featured_media":0,"parent":11369,"menu_order":1,"comment_status":"closed","ping_status":"open","template":"","meta":[],"_links":{"self":[{"href":"http:\/\/museumek.eu\/index.php?rest_route=\/wp\/v2\/pages\/11372"}],"collection":[{"href":"http:\/\/museumek.eu\/index.php?rest_route=\/wp\/v2\/pages"}],"about":[{"href":"http:\/\/museumek.eu\/index.php?rest_route=\/wp\/v2\/types\/page"}],"author":[{"embeddable":true,"href":"http:\/\/museumek.eu\/index.php?rest_route=\/wp\/v2\/users\/1"}],"replies":[{"embeddable":true,"href":"http:\/\/museumek.eu\/index.php?rest_route=%2Fwp%2Fv2%2Fcomments&post=11372"}],"version-history":[{"count":6,"href":"http:\/\/museumek.eu\/index.php?rest_route=\/wp\/v2\/pages\/11372\/revisions"}],"predecessor-version":[{"id":20668,"href":"http:\/\/museumek.eu\/index.php?rest_route=\/wp\/v2\/pages\/11372\/revisions\/20668"}],"up":[{"embeddable":true,"href":"http:\/\/museumek.eu\/index.php?rest_route=\/wp\/v2\/pages\/11369"}],"wp:attachment":[{"href":"http:\/\/museumek.eu\/index.php?rest_route=%2Fwp%2Fv2%2Fmedia&parent=11372"}],"curies":[{"name":"wp","href":"https:\/\/api.w.org\/{rel}","templated":true}]}}