{"id":11409,"date":"2012-07-07T18:50:35","date_gmt":"2012-07-07T16:50:35","guid":{"rendered":"http:\/\/museumek.eu\/?page_id=11409"},"modified":"2012-07-07T18:50:35","modified_gmt":"2012-07-07T16:50:35","slug":"fxxiii1","status":"publish","type":"page","link":"http:\/\/museumek.eu\/?page_id=11409","title":{"rendered":"F\/XXIII\/1"},"content":{"rendered":"<p><strong>Abteilung Frankreich, Keramik 1860 \u2013 1960, Inventarnummer F\/XXIII\/1<\/strong><\/p>\n<p>Manufaktur A. Bigot &#038; Cie., Frankreich, Paris, Vase mit l\u00fcstrierender Kristallglasur, 1908, K\u00fcnstler Alexandre Bigot, Werksnummer ohne, Exemplar Nr. Unikat, gemarkt A. Bigot sowie 1908 (f\u00fcr das Jahr 1908) Pressstempel, signiert = gemarkt, Literatur: Edgar Pelichet, Jugendstilkeramik, Seite 92, Beschreibung der Manufaktur, Seite 178, abgebildete Marke identisch, weitere Literatur: Sammlung Heuser, Ausstellungen 1974 in K\u00f6ln, Hannover und Darmstadt, Franz\u00f6sische Keramik zwischen 1850 \u2013 1910, Seite 198 ff., Beschreibung der Manufaktur, Seite 237, Marken Nr. 69, Nr. 70 und Nr. 71 identisch, weitere Literatur: Kunstgewerbemuseum der Stadt K\u00f6ln, Sammlung Gertrud u. Dr. Karl Funke-Kaiser, Keramik vom Historismus bis zur Gegenwart, Seite 393, Marken Nr. 3 und Nr. 5 identisch, weitere Literatur: Hessisches Landesmuseum Darmstadt, Sammlung Silzer, Europ\u00e4ische Keramik 1880 \u2013 1930, Seite 66, Beschreibung der Manufaktur, Seite 204, Marke Nr. 11 identisch, weitere Literatur: Museum f\u00fcr Kunst und Gewerbe Hamburg, Die Jugendstilsammlung 1, K\u00fcnstler A \u2013 F, Seite 94, Beschreibung der Manufaktur und Abbildung der identischen Marke, siehe auch Auktionshaus Quittenbaum, Jubil\u00e4umsauktion 1998 \u2013 2008 vom 29.04.2008, Jugendstil Art D\u00e9co, Lot Nr. 236, Vase von A. Bigot mit kristalliner Laufglasur und leichter L\u00fcstrierung, Vase MEK, mit quadratischen bis sternf\u00f6rmigen l\u00fcstrierenden Kristallen \u00fcberzogen, H\u00f6he 22,5 cm, Breite 14 cm<\/p>\n<p><a href=\"http:\/\/museumek.eu\/wp-content\/uploads\/2012\/07\/Museum-Europ\u00e4ischer-Keramikkunst-2004.jpg\"><img loading=\"lazy\" src=\"http:\/\/museumek.eu\/wp-content\/uploads\/2012\/07\/Museum-Europ\u00e4ischer-Keramikkunst-2004-220x300.jpg\" alt=\"\" title=\"Museum Europ\u00e4ischer Keramikkunst 2004\" width=\"220\" height=\"300\" class=\"alignnone size-medium wp-image-11410\" srcset=\"http:\/\/museumek.eu\/wp-content\/uploads\/2012\/07\/Museum-Europ\u00e4ischer-Keramikkunst-2004-220x300.jpg 220w, http:\/\/museumek.eu\/wp-content\/uploads\/2012\/07\/Museum-Europ\u00e4ischer-Keramikkunst-2004.jpg 670w\" sizes=\"(max-width: 220px) 100vw, 220px\" \/><\/a><\/p>\n<p><a href=\"http:\/\/museumek.eu\/wp-content\/uploads\/2012\/07\/Museum-Europ\u00e4ischer-Keramikkunst-2534.jpg\"><img loading=\"lazy\" src=\"http:\/\/museumek.eu\/wp-content\/uploads\/2012\/07\/Museum-Europ\u00e4ischer-Keramikkunst-2534-169x300.jpg\" alt=\"\" title=\"Museum Europ\u00e4ischer Keramikkunst 2534\" width=\"169\" height=\"300\" class=\"alignnone size-medium wp-image-11411\" srcset=\"http:\/\/museumek.eu\/wp-content\/uploads\/2012\/07\/Museum-Europ\u00e4ischer-Keramikkunst-2534-169x300.jpg 169w, http:\/\/museumek.eu\/wp-content\/uploads\/2012\/07\/Museum-Europ\u00e4ischer-Keramikkunst-2534.jpg 578w\" sizes=\"(max-width: 169px) 100vw, 169px\" \/><\/a><\/p>\n<p><a href=\"http:\/\/museumek.eu\/wp-content\/uploads\/2012\/07\/Museum-Europ\u00e4ischer-Keramikkunst-2535.jpg\"><img loading=\"lazy\" src=\"http:\/\/museumek.eu\/wp-content\/uploads\/2012\/07\/Museum-Europ\u00e4ischer-Keramikkunst-2535-225x300.jpg\" alt=\"\" title=\"Museum Europ\u00e4ischer Keramikkunst 2535\" width=\"225\" height=\"300\" class=\"alignnone size-medium wp-image-11412\" srcset=\"http:\/\/museumek.eu\/wp-content\/uploads\/2012\/07\/Museum-Europ\u00e4ischer-Keramikkunst-2535-225x300.jpg 225w, http:\/\/museumek.eu\/wp-content\/uploads\/2012\/07\/Museum-Europ\u00e4ischer-Keramikkunst-2535.jpg 768w\" sizes=\"(max-width: 225px) 100vw, 225px\" \/><\/a><\/p>\n<p><a href=\"http:\/\/museumek.eu\/wp-content\/uploads\/2012\/07\/Museum-Europ\u00e4ischer-Keramikkunst-2531.jpg\"><img loading=\"lazy\" src=\"http:\/\/museumek.eu\/wp-content\/uploads\/2012\/07\/Museum-Europ\u00e4ischer-Keramikkunst-2531-275x300.jpg\" alt=\"\" title=\"Museum Europ\u00e4ischer Keramikkunst 2531\" width=\"275\" height=\"300\" class=\"alignnone size-medium wp-image-11413\" srcset=\"http:\/\/museumek.eu\/wp-content\/uploads\/2012\/07\/Museum-Europ\u00e4ischer-Keramikkunst-2531-275x300.jpg 275w, http:\/\/museumek.eu\/wp-content\/uploads\/2012\/07\/Museum-Europ\u00e4ischer-Keramikkunst-2531.jpg 702w\" sizes=\"(max-width: 275px) 100vw, 275px\" \/><\/a><\/p>\n<p><a href=\"http:\/\/museumek.eu\/wp-content\/uploads\/2012\/07\/Museum-Europ\u00e4ischer-Keramikkunst-2005.jpg\"><img loading=\"lazy\" src=\"http:\/\/museumek.eu\/wp-content\/uploads\/2012\/07\/Museum-Europ\u00e4ischer-Keramikkunst-2005-300x245.jpg\" alt=\"\" title=\"Museum Europ\u00e4ischer Keramikkunst 2005\" width=\"300\" height=\"245\" class=\"alignnone size-medium wp-image-11414\" srcset=\"http:\/\/museumek.eu\/wp-content\/uploads\/2012\/07\/Museum-Europ\u00e4ischer-Keramikkunst-2005-300x245.jpg 300w, http:\/\/museumek.eu\/wp-content\/uploads\/2012\/07\/Museum-Europ\u00e4ischer-Keramikkunst-2005-367x300.jpg 367w, http:\/\/museumek.eu\/wp-content\/uploads\/2012\/07\/Museum-Europ\u00e4ischer-Keramikkunst-2005.jpg 865w\" sizes=\"(max-width: 300px) 100vw, 300px\" \/><\/a><\/p>\n<p><a href=\"http:\/\/museumek.eu\/wp-content\/uploads\/2012\/07\/Museum-Europ\u00e4ischer-Keramikkunst-2544.jpg\"><img loading=\"lazy\" src=\"http:\/\/museumek.eu\/wp-content\/uploads\/2012\/07\/Museum-Europ\u00e4ischer-Keramikkunst-2544-300x296.jpg\" alt=\"\" title=\"Museum Europ\u00e4ischer Keramikkunst 2544\" width=\"300\" height=\"296\" class=\"alignnone size-medium wp-image-11415\" srcset=\"http:\/\/museumek.eu\/wp-content\/uploads\/2012\/07\/Museum-Europ\u00e4ischer-Keramikkunst-2544-300x296.jpg 300w, http:\/\/museumek.eu\/wp-content\/uploads\/2012\/07\/Museum-Europ\u00e4ischer-Keramikkunst-2544-304x300.jpg 304w, http:\/\/museumek.eu\/wp-content\/uploads\/2012\/07\/Museum-Europ\u00e4ischer-Keramikkunst-2544.jpg 757w\" sizes=\"(max-width: 300px) 100vw, 300px\" \/><\/a><\/p>\n","protected":false},"excerpt":{"rendered":"<p>Abteilung Frankreich, Keramik 1860 \u2013 1960, Inventarnummer F\/XXIII\/1 Manufaktur A. Bigot &#038; Cie., Frankreich, Paris, Vase mit l\u00fcstrierender Kristallglasur, 1908, K\u00fcnstler Alexandre Bigot, Werksnummer ohne, Exemplar Nr. Unikat, gemarkt A. Bigot sowie 1908 (f\u00fcr das Jahr 1908) Pressstempel, signiert = &hellip; <a href=\"http:\/\/museumek.eu\/?page_id=11409\">Weiterlesen <span class=\"meta-nav\">&rarr;<\/span><\/a><\/p>\n","protected":false},"author":1,"featured_media":0,"parent":11406,"menu_order":1,"comment_status":"closed","ping_status":"open","template":"","meta":[],"_links":{"self":[{"href":"http:\/\/museumek.eu\/index.php?rest_route=\/wp\/v2\/pages\/11409"}],"collection":[{"href":"http:\/\/museumek.eu\/index.php?rest_route=\/wp\/v2\/pages"}],"about":[{"href":"http:\/\/museumek.eu\/index.php?rest_route=\/wp\/v2\/types\/page"}],"author":[{"embeddable":true,"href":"http:\/\/museumek.eu\/index.php?rest_route=\/wp\/v2\/users\/1"}],"replies":[{"embeddable":true,"href":"http:\/\/museumek.eu\/index.php?rest_route=%2Fwp%2Fv2%2Fcomments&post=11409"}],"version-history":[{"count":2,"href":"http:\/\/museumek.eu\/index.php?rest_route=\/wp\/v2\/pages\/11409\/revisions"}],"predecessor-version":[{"id":11417,"href":"http:\/\/museumek.eu\/index.php?rest_route=\/wp\/v2\/pages\/11409\/revisions\/11417"}],"up":[{"embeddable":true,"href":"http:\/\/museumek.eu\/index.php?rest_route=\/wp\/v2\/pages\/11406"}],"wp:attachment":[{"href":"http:\/\/museumek.eu\/index.php?rest_route=%2Fwp%2Fv2%2Fmedia&parent=11409"}],"curies":[{"name":"wp","href":"https:\/\/api.w.org\/{rel}","templated":true}]}}