{"id":11421,"date":"2012-07-07T18:56:39","date_gmt":"2012-07-07T16:56:39","guid":{"rendered":"http:\/\/museumek.eu\/?page_id=11421"},"modified":"2012-07-07T19:32:02","modified_gmt":"2012-07-07T17:32:02","slug":"fotos-und-beschreibung","status":"publish","type":"page","link":"http:\/\/museumek.eu\/?page_id=11421","title":{"rendered":"Fotos und Beschreibung"},"content":{"rendered":"<p><strong>Abteilung Frankreich, Keramik 1860 \u2013 1960, Inventarnummer F\/XXIII\/1<\/strong><\/p>\n<p>Manufaktur A. Bigot &#038; Cie., Frankreich, Paris, Vase mit l\u00fcstrierender Kristallglasur, 1908, K\u00fcnstler Alexandre Bigot, Werksnummer ohne, Exemplar Nr. Unikat, gemarkt A. Bigot sowie 1908 (f\u00fcr das Jahr 1908) Pressstempel, signiert = gemarkt, Literatur: Edgar Pelichet, Jugendstilkeramik, Seite 92, Beschreibung der Manufaktur, Seite 178, abgebildete Marke identisch, weitere Literatur: Sammlung Heuser, Ausstellungen 1974 in K\u00f6ln, Hannover und Darmstadt, Franz\u00f6sische Keramik zwischen 1850 \u2013 1910, Seite 198 ff., Beschreibung der Manufaktur, Seite 237, Marken Nr. 69, Nr. 70 und Nr. 71 identisch, weitere Literatur: Kunstgewerbemuseum der Stadt K\u00f6ln, Sammlung Gertrud u. Dr. Karl Funke-Kaiser, Keramik vom Historismus bis zur Gegenwart, Seite 393, Marken Nr. 3 und Nr. 5 identisch, weitere Literatur: Hessisches Landesmuseum Darmstadt, Sammlung Silzer, Europ\u00e4ische Keramik 1880 \u2013 1930, Seite 66, Beschreibung der Manufaktur, Seite 204, Marke Nr. 11 identisch, weitere Literatur: Museum f\u00fcr Kunst und Gewerbe Hamburg, Die Jugendstilsammlung 1, K\u00fcnstler A \u2013 F, Seite 94, Beschreibung der Manufaktur und Abbildung der identischen Marke, siehe auch Auktionshaus Quittenbaum, Jubil\u00e4umsauktion 1998 \u2013 2008 vom 29.04.2008, Jugendstil Art D\u00e9co, Lot Nr. 236, Vase von A. Bigot mit kristalliner Laufglasur und leichter L\u00fcstrierung, Vase MEK, mit quadratischen bis sternf\u00f6rmigen l\u00fcstrierenden Kristallen \u00fcberzogen, H\u00f6he 22,5 cm, Breite 14 cm<\/p>\n<p><a href=\"http:\/\/museumek.eu\/wp-content\/uploads\/2012\/07\/Museum-Europ\u00e4ischer-Keramikkunst-2004.jpg\"><img loading=\"lazy\" src=\"http:\/\/museumek.eu\/wp-content\/uploads\/2012\/07\/Museum-Europ\u00e4ischer-Keramikkunst-2004-220x300.jpg\" alt=\"\" title=\"Museum Europ\u00e4ischer Keramikkunst 2004\" width=\"220\" height=\"300\" class=\"alignnone size-medium wp-image-11410\" srcset=\"http:\/\/museumek.eu\/wp-content\/uploads\/2012\/07\/Museum-Europ\u00e4ischer-Keramikkunst-2004-220x300.jpg 220w, http:\/\/museumek.eu\/wp-content\/uploads\/2012\/07\/Museum-Europ\u00e4ischer-Keramikkunst-2004.jpg 670w\" sizes=\"(max-width: 220px) 100vw, 220px\" \/><\/a><\/p>\n<p><a href=\"http:\/\/museumek.eu\/wp-content\/uploads\/2012\/07\/Museum-Europ\u00e4ischer-Keramikkunst-2534.jpg\"><img loading=\"lazy\" src=\"http:\/\/museumek.eu\/wp-content\/uploads\/2012\/07\/Museum-Europ\u00e4ischer-Keramikkunst-2534-169x300.jpg\" alt=\"\" title=\"Museum Europ\u00e4ischer Keramikkunst 2534\" width=\"169\" height=\"300\" class=\"alignnone size-medium wp-image-11411\" srcset=\"http:\/\/museumek.eu\/wp-content\/uploads\/2012\/07\/Museum-Europ\u00e4ischer-Keramikkunst-2534-169x300.jpg 169w, http:\/\/museumek.eu\/wp-content\/uploads\/2012\/07\/Museum-Europ\u00e4ischer-Keramikkunst-2534.jpg 578w\" sizes=\"(max-width: 169px) 100vw, 169px\" \/><\/a><\/p>\n<p><a href=\"http:\/\/museumek.eu\/wp-content\/uploads\/2012\/07\/Museum-Europ\u00e4ischer-Keramikkunst-2535.jpg\"><img loading=\"lazy\" src=\"http:\/\/museumek.eu\/wp-content\/uploads\/2012\/07\/Museum-Europ\u00e4ischer-Keramikkunst-2535-225x300.jpg\" alt=\"\" title=\"Museum Europ\u00e4ischer Keramikkunst 2535\" width=\"225\" height=\"300\" class=\"alignnone size-medium wp-image-11412\" srcset=\"http:\/\/museumek.eu\/wp-content\/uploads\/2012\/07\/Museum-Europ\u00e4ischer-Keramikkunst-2535-225x300.jpg 225w, http:\/\/museumek.eu\/wp-content\/uploads\/2012\/07\/Museum-Europ\u00e4ischer-Keramikkunst-2535.jpg 768w\" sizes=\"(max-width: 225px) 100vw, 225px\" \/><\/a><\/p>\n<p><a href=\"http:\/\/museumek.eu\/wp-content\/uploads\/2012\/07\/Museum-Europ\u00e4ischer-Keramikkunst-2531.jpg\"><img loading=\"lazy\" src=\"http:\/\/museumek.eu\/wp-content\/uploads\/2012\/07\/Museum-Europ\u00e4ischer-Keramikkunst-2531-275x300.jpg\" alt=\"\" title=\"Museum Europ\u00e4ischer Keramikkunst 2531\" width=\"275\" height=\"300\" class=\"alignnone size-medium wp-image-11413\" srcset=\"http:\/\/museumek.eu\/wp-content\/uploads\/2012\/07\/Museum-Europ\u00e4ischer-Keramikkunst-2531-275x300.jpg 275w, http:\/\/museumek.eu\/wp-content\/uploads\/2012\/07\/Museum-Europ\u00e4ischer-Keramikkunst-2531.jpg 702w\" sizes=\"(max-width: 275px) 100vw, 275px\" \/><\/a><\/p>\n<p><a href=\"http:\/\/museumek.eu\/wp-content\/uploads\/2012\/07\/Museum-Europ\u00e4ischer-Keramikkunst-2005.jpg\"><img loading=\"lazy\" src=\"http:\/\/museumek.eu\/wp-content\/uploads\/2012\/07\/Museum-Europ\u00e4ischer-Keramikkunst-2005-300x245.jpg\" alt=\"\" title=\"Museum Europ\u00e4ischer Keramikkunst 2005\" width=\"300\" height=\"245\" class=\"alignnone size-medium wp-image-11414\" srcset=\"http:\/\/museumek.eu\/wp-content\/uploads\/2012\/07\/Museum-Europ\u00e4ischer-Keramikkunst-2005-300x245.jpg 300w, http:\/\/museumek.eu\/wp-content\/uploads\/2012\/07\/Museum-Europ\u00e4ischer-Keramikkunst-2005-367x300.jpg 367w, http:\/\/museumek.eu\/wp-content\/uploads\/2012\/07\/Museum-Europ\u00e4ischer-Keramikkunst-2005.jpg 865w\" sizes=\"(max-width: 300px) 100vw, 300px\" \/><\/a><\/p>\n<p><a href=\"http:\/\/museumek.eu\/wp-content\/uploads\/2012\/07\/Museum-Europ\u00e4ischer-Keramikkunst-2544.jpg\"><img loading=\"lazy\" src=\"http:\/\/museumek.eu\/wp-content\/uploads\/2012\/07\/Museum-Europ\u00e4ischer-Keramikkunst-2544-300x296.jpg\" alt=\"\" title=\"Museum Europ\u00e4ischer Keramikkunst 2544\" width=\"300\" height=\"296\" class=\"alignnone size-medium wp-image-11415\" srcset=\"http:\/\/museumek.eu\/wp-content\/uploads\/2012\/07\/Museum-Europ\u00e4ischer-Keramikkunst-2544-300x296.jpg 300w, http:\/\/museumek.eu\/wp-content\/uploads\/2012\/07\/Museum-Europ\u00e4ischer-Keramikkunst-2544-304x300.jpg 304w, http:\/\/museumek.eu\/wp-content\/uploads\/2012\/07\/Museum-Europ\u00e4ischer-Keramikkunst-2544.jpg 757w\" sizes=\"(max-width: 300px) 100vw, 300px\" \/><\/a><\/p>\n<p><strong>Abteilung Frankreich, Keramik 1860 \u2013 1960, Inventarnummer F\/XXIII\/2<\/strong><\/p>\n<p>Manufaktur A. Bigot &#038; Cie., Frankreich, Paris, Schale mit Kristallglasur, 1908, K\u00fcnstler Alexandre Bigot, Werksnummer ohne, Exemplar Nr. Unikat, gemarkt A. Bigot sowie 1908 (f\u00fcr das Jahr 1908) Pressstempel, signiert = gemarkt, Literatur: Edgar Pelichet, Jugendstilkeramik, Seite 92, Beschreibung der Manufaktur, Seite 178, abgebildete Marke identisch, weitere Literatur: Sammlung Heuser, Ausstellungen 1974 in K\u00f6ln, Hannover und Darmstadt, Franz\u00f6sische Keramik zwischen 1850 \u2013 1910, Seite 198 ff., Beschreibung der Manufaktur, Seite 237, Marken Nr. 69, Nr. 70 und Nr. 71 identisch, weitere Literatur: Kunstgewerbemuseum der Stadt K\u00f6ln, Sammlung Gertrud u. Dr. Karl Funke-Kaiser, Keramik vom Historismus bis zur Gegenwart, Seite 393, Marken Nr. 3 und Nr. 5 identisch, weitere Literatur: Hessisches Landesmuseum Darmstadt, Sammlung Silzer, Europ\u00e4ische Keramik 1880 \u2013 1930, Seite 66, Beschreibung der Manufaktur, Seite 204, Marke Nr. 11 identisch, weitere Literatur: Museum f\u00fcr Kunst und Gewerbe Hamburg, Die Jugendstilsammlung 1, K\u00fcnstler A \u2013 F, Seite 94, Beschreibung der Manufaktur und Abbildung der identischen Marke, H\u00f6he 2 cm, Breite 12 cm<\/p>\n<p><a href=\"http:\/\/museumek.eu\/wp-content\/uploads\/2012\/07\/Museum-Europ\u00e4ischer-Keramikkunst-2008.jpg\"><img loading=\"lazy\" src=\"http:\/\/museumek.eu\/wp-content\/uploads\/2012\/07\/Museum-Europ\u00e4ischer-Keramikkunst-2008-300x287.jpg\" alt=\"\" title=\"Museum Europ\u00e4ischer Keramikkunst 2008\" width=\"300\" height=\"287\" class=\"alignnone size-medium wp-image-11440\" srcset=\"http:\/\/museumek.eu\/wp-content\/uploads\/2012\/07\/Museum-Europ\u00e4ischer-Keramikkunst-2008-300x287.jpg 300w, http:\/\/museumek.eu\/wp-content\/uploads\/2012\/07\/Museum-Europ\u00e4ischer-Keramikkunst-2008-312x300.jpg 312w, http:\/\/museumek.eu\/wp-content\/uploads\/2012\/07\/Museum-Europ\u00e4ischer-Keramikkunst-2008.jpg 772w\" sizes=\"(max-width: 300px) 100vw, 300px\" \/><\/a><\/p>\n<p><a href=\"http:\/\/museumek.eu\/wp-content\/uploads\/2012\/07\/Museum-Europ\u00e4ischer-Keramikkunst-2537.jpg\"><img loading=\"lazy\" src=\"http:\/\/museumek.eu\/wp-content\/uploads\/2012\/07\/Museum-Europ\u00e4ischer-Keramikkunst-2537-300x292.jpg\" alt=\"\" title=\"Museum Europ\u00e4ischer Keramikkunst 2537\" width=\"300\" height=\"292\" class=\"alignnone size-medium wp-image-11441\" srcset=\"http:\/\/museumek.eu\/wp-content\/uploads\/2012\/07\/Museum-Europ\u00e4ischer-Keramikkunst-2537-300x292.jpg 300w, http:\/\/museumek.eu\/wp-content\/uploads\/2012\/07\/Museum-Europ\u00e4ischer-Keramikkunst-2537-307x300.jpg 307w, http:\/\/museumek.eu\/wp-content\/uploads\/2012\/07\/Museum-Europ\u00e4ischer-Keramikkunst-2537.jpg 767w\" sizes=\"(max-width: 300px) 100vw, 300px\" \/><\/a><\/p>\n<p><a href=\"http:\/\/museumek.eu\/wp-content\/uploads\/2012\/07\/Museum-Europ\u00e4ischer-Keramikkunst-2013.jpg\"><img loading=\"lazy\" src=\"http:\/\/museumek.eu\/wp-content\/uploads\/2012\/07\/Museum-Europ\u00e4ischer-Keramikkunst-2013-300x138.jpg\" alt=\"\" title=\"Museum Europ\u00e4ischer Keramikkunst 2013\" width=\"300\" height=\"138\" class=\"alignnone size-medium wp-image-11442\" srcset=\"http:\/\/museumek.eu\/wp-content\/uploads\/2012\/07\/Museum-Europ\u00e4ischer-Keramikkunst-2013-300x138.jpg 300w, http:\/\/museumek.eu\/wp-content\/uploads\/2012\/07\/Museum-Europ\u00e4ischer-Keramikkunst-2013-500x230.jpg 500w, http:\/\/museumek.eu\/wp-content\/uploads\/2012\/07\/Museum-Europ\u00e4ischer-Keramikkunst-2013.jpg 915w\" sizes=\"(max-width: 300px) 100vw, 300px\" \/><\/a><\/p>\n<p><a href=\"http:\/\/museumek.eu\/wp-content\/uploads\/2012\/07\/Museum-Europ\u00e4ischer-Keramikkunst-2009.jpg\"><img loading=\"lazy\" src=\"http:\/\/museumek.eu\/wp-content\/uploads\/2012\/07\/Museum-Europ\u00e4ischer-Keramikkunst-2009-203x300.jpg\" alt=\"\" title=\"Museum Europ\u00e4ischer Keramikkunst 2009\" width=\"203\" height=\"300\" class=\"alignnone size-medium wp-image-11443\" srcset=\"http:\/\/museumek.eu\/wp-content\/uploads\/2012\/07\/Museum-Europ\u00e4ischer-Keramikkunst-2009-203x300.jpg 203w, http:\/\/museumek.eu\/wp-content\/uploads\/2012\/07\/Museum-Europ\u00e4ischer-Keramikkunst-2009.jpg 344w\" sizes=\"(max-width: 203px) 100vw, 203px\" \/><\/a><\/p>\n<p><a href=\"http:\/\/museumek.eu\/wp-content\/uploads\/2012\/07\/Museum-Europ\u00e4ischer-Keramikkunst-2010.jpg\"><img loading=\"lazy\" src=\"http:\/\/museumek.eu\/wp-content\/uploads\/2012\/07\/Museum-Europ\u00e4ischer-Keramikkunst-2010-285x300.jpg\" alt=\"\" title=\"Museum Europ\u00e4ischer Keramikkunst 2010\" width=\"285\" height=\"300\" class=\"alignnone size-medium wp-image-11444\" srcset=\"http:\/\/museumek.eu\/wp-content\/uploads\/2012\/07\/Museum-Europ\u00e4ischer-Keramikkunst-2010-285x300.jpg 285w, http:\/\/museumek.eu\/wp-content\/uploads\/2012\/07\/Museum-Europ\u00e4ischer-Keramikkunst-2010.jpg 400w\" sizes=\"(max-width: 285px) 100vw, 285px\" \/><\/a><\/p>\n<p><strong>Abteilung Frankreich, Keramik 1860 \u2013 1960, Inventarnummer F\/XXIII\/3<\/strong><\/p>\n<p>Manufaktur A. Bigot &#038; Cie., Frankreich, Paris, Schale mit Kristallglasur, 1908, K\u00fcnstler Alexandre Bigot, Werksnummer ohne, Exemplar Nr. Unikat, gemarkt A. Bigot sowie 1908 (f\u00fcr das Jahr 1908) Pressstempel, signiert = gemarkt, Literatur: Edgar Pelichet, Jugendstilkeramik, Seite 92, Beschreibung der Manufaktur, Seite 178, abgebildete Marke identisch, weitere Literatur: Sammlung Heuser, Ausstellungen 1974 in K\u00f6ln, Hannover und Darmstadt, Franz\u00f6sische Keramik zwischen 1850 \u2013 1910, Seite 198 ff., Beschreibung der Manufaktur, Seite 237, Marken Nr. 69, Nr. 70 und Nr. 71 identisch, weitere Literatur: Kunstgewerbemuseum der Stadt K\u00f6ln, Sammlung Gertrud u. Dr. Karl Funke-Kaiser, Keramik vom Historismus bis zur Gegenwart, Seite 393, Marken Nr. 3 und Nr. 5 identisch, weitere Literatur: Hessisches Landesmuseum Darmstadt, Sammlung Silzer, Europ\u00e4ische Keramik 1880 \u2013 1930, Seite 66, Beschreibung der Manufaktur, Seite 204, Marke Nr. 11 identisch, weitere Literatur: Museum f\u00fcr Kunst und Gewerbe Hamburg, Die Jugendstilsammlung 1, K\u00fcnstler A \u2013 F, Seite 94, Beschreibung der Manufaktur und Abbildung der identischen Marke, H\u00f6he 1,8 cm, Breite 13,8 cm<\/p>\n<p><a href=\"http:\/\/museumek.eu\/wp-content\/uploads\/2012\/07\/Museum-Europ\u00e4ischer-Keramikkunst-2006.jpg\"><img loading=\"lazy\" src=\"http:\/\/museumek.eu\/wp-content\/uploads\/2012\/07\/Museum-Europ\u00e4ischer-Keramikkunst-2006-300x294.jpg\" alt=\"\" title=\"Museum Europ\u00e4ischer Keramikkunst 2006\" width=\"300\" height=\"294\" class=\"alignnone size-medium wp-image-11449\" srcset=\"http:\/\/museumek.eu\/wp-content\/uploads\/2012\/07\/Museum-Europ\u00e4ischer-Keramikkunst-2006-300x294.jpg 300w, http:\/\/museumek.eu\/wp-content\/uploads\/2012\/07\/Museum-Europ\u00e4ischer-Keramikkunst-2006-305x300.jpg 305w, http:\/\/museumek.eu\/wp-content\/uploads\/2012\/07\/Museum-Europ\u00e4ischer-Keramikkunst-2006.jpg 708w\" sizes=\"(max-width: 300px) 100vw, 300px\" \/><\/a><\/p>\n<p><a href=\"http:\/\/museumek.eu\/wp-content\/uploads\/2012\/07\/Museum-Europ\u00e4ischer-Keramikkunst-2543.jpg\"><img loading=\"lazy\" src=\"http:\/\/museumek.eu\/wp-content\/uploads\/2012\/07\/Museum-Europ\u00e4ischer-Keramikkunst-2543-300x216.jpg\" alt=\"\" title=\"Museum Europ\u00e4ischer Keramikkunst 2543\" width=\"300\" height=\"216\" class=\"alignnone size-medium wp-image-11465\" srcset=\"http:\/\/museumek.eu\/wp-content\/uploads\/2012\/07\/Museum-Europ\u00e4ischer-Keramikkunst-2543-300x216.jpg 300w, http:\/\/museumek.eu\/wp-content\/uploads\/2012\/07\/Museum-Europ\u00e4ischer-Keramikkunst-2543-414x300.jpg 414w, http:\/\/museumek.eu\/wp-content\/uploads\/2012\/07\/Museum-Europ\u00e4ischer-Keramikkunst-2543.jpg 964w\" sizes=\"(max-width: 300px) 100vw, 300px\" \/><\/a> <\/p>\n<p><a href=\"http:\/\/museumek.eu\/wp-content\/uploads\/2012\/07\/Museum-Europ\u00e4ischer-Keramikkunst-2012.jpg\"><img loading=\"lazy\" src=\"http:\/\/museumek.eu\/wp-content\/uploads\/2012\/07\/Museum-Europ\u00e4ischer-Keramikkunst-2012-300x160.jpg\" alt=\"\" title=\"Museum Europ\u00e4ischer Keramikkunst 2012\" width=\"300\" height=\"160\" class=\"alignnone size-medium wp-image-11450\" srcset=\"http:\/\/museumek.eu\/wp-content\/uploads\/2012\/07\/Museum-Europ\u00e4ischer-Keramikkunst-2012-300x160.jpg 300w, http:\/\/museumek.eu\/wp-content\/uploads\/2012\/07\/Museum-Europ\u00e4ischer-Keramikkunst-2012-500x267.jpg 500w, http:\/\/museumek.eu\/wp-content\/uploads\/2012\/07\/Museum-Europ\u00e4ischer-Keramikkunst-2012.jpg 867w\" sizes=\"(max-width: 300px) 100vw, 300px\" \/><\/a><\/p>\n<p><a href=\"http:\/\/museumek.eu\/wp-content\/uploads\/2012\/07\/Museum-Europ\u00e4ischer-Keramikkunst-2007.jpg\"><img loading=\"lazy\" src=\"http:\/\/museumek.eu\/wp-content\/uploads\/2012\/07\/Museum-Europ\u00e4ischer-Keramikkunst-2007-231x300.jpg\" alt=\"\" title=\"Museum Europ\u00e4ischer Keramikkunst 2007\" width=\"231\" height=\"300\" class=\"alignnone size-medium wp-image-11451\" srcset=\"http:\/\/museumek.eu\/wp-content\/uploads\/2012\/07\/Museum-Europ\u00e4ischer-Keramikkunst-2007-231x300.jpg 231w, http:\/\/museumek.eu\/wp-content\/uploads\/2012\/07\/Museum-Europ\u00e4ischer-Keramikkunst-2007.jpg 420w\" sizes=\"(max-width: 231px) 100vw, 231px\" \/><\/a><\/p>\n<p><strong>Abteilung Frankreich, Keramik 1860 \u2013 1960, Inventarnummer F\/XXIII\/4<\/strong><\/p>\n<p>Manufaktur A. Bigot &#038; Cie., Frankreich, Paris, Schale mit Kristallglasur, Juni\/1909, K\u00fcnstler Mme. A. Poiroux und Alexandre Bigot, Werksnummer ohne, Exemplar Nr. Unikat, gemarkt Mme. A. Poiroux, AB f\u00fcr Alexandre Bigot sowie Juin 1909 alles geritzt, signiert = gemarkt, Literatur: Edgar Pelichet, Jugendstilkeramik, Seite 92, Beschreibung der Manufaktur, weitere Literatur: Sammlung Heuser, Ausstellungen 1974 in K\u00f6ln, Hannover und Darmstadt, Franz\u00f6sische Keramik zwischen 1850 \u2013 1910, Seite 198 ff., Beschreibung der Manufaktur, weitere Literatur: Hessisches Landesmuseum Darmstadt, Sammlung Silzer, Europ\u00e4ische Keramik 1880 \u2013 1930, Seite 66, Beschreibung der Manufaktur, weitere Literatur: Museum f\u00fcr Kunst und Gewerbe Hamburg, Die Jugendstilsammlung 1, K\u00fcnstler A \u2013 F, Seite 94, Beschreibung der Manufaktur, MEK Signatur AB f\u00fcr Alexandre Bigot, so in keiner der o. g. Literatur verzeichnet, hier erstmalig festgestellt, wahrscheinlich wurde die Schale unter Anleitung Bigot\u2019s von \u201eseiner Sch\u00fclerin\/Mitarbeiterin\u201c hergestellt und deshalb durfte deren Signatur in den Vordergrund treten, Bigot hat dann nur noch mit den K\u00fcrzeln AB, sozusagen als Produktgeber\/Lehrmeister gegengezeichnet,<br \/>\nH\u00f6he 1,7 cm, Breite 14 cm<\/p>\n<p><a href=\"http:\/\/museumek.eu\/wp-content\/uploads\/2012\/07\/Museum-Europ\u00e4ischer-Keramikkunst-2014.jpg\"><img loading=\"lazy\" src=\"http:\/\/museumek.eu\/wp-content\/uploads\/2012\/07\/Museum-Europ\u00e4ischer-Keramikkunst-2014-300x296.jpg\" alt=\"\" title=\"Museum Europ\u00e4ischer Keramikkunst 2014\" width=\"300\" height=\"296\" class=\"alignnone size-medium wp-image-11456\" srcset=\"http:\/\/museumek.eu\/wp-content\/uploads\/2012\/07\/Museum-Europ\u00e4ischer-Keramikkunst-2014-300x296.jpg 300w, http:\/\/museumek.eu\/wp-content\/uploads\/2012\/07\/Museum-Europ\u00e4ischer-Keramikkunst-2014-303x300.jpg 303w, http:\/\/museumek.eu\/wp-content\/uploads\/2012\/07\/Museum-Europ\u00e4ischer-Keramikkunst-2014.jpg 716w\" sizes=\"(max-width: 300px) 100vw, 300px\" \/><\/a><\/p>\n<p><a href=\"http:\/\/museumek.eu\/wp-content\/uploads\/2012\/07\/Museum-Europ\u00e4ischer-Keramikkunst-2541.jpg\"><img loading=\"lazy\" src=\"http:\/\/museumek.eu\/wp-content\/uploads\/2012\/07\/Museum-Europ\u00e4ischer-Keramikkunst-2541-300x269.jpg\" alt=\"\" title=\"Museum Europ\u00e4ischer Keramikkunst 2541\" width=\"300\" height=\"269\" class=\"alignnone size-medium wp-image-11457\" srcset=\"http:\/\/museumek.eu\/wp-content\/uploads\/2012\/07\/Museum-Europ\u00e4ischer-Keramikkunst-2541-300x269.jpg 300w, http:\/\/museumek.eu\/wp-content\/uploads\/2012\/07\/Museum-Europ\u00e4ischer-Keramikkunst-2541-333x300.jpg 333w, http:\/\/museumek.eu\/wp-content\/uploads\/2012\/07\/Museum-Europ\u00e4ischer-Keramikkunst-2541.jpg 833w\" sizes=\"(max-width: 300px) 100vw, 300px\" \/><\/a><\/p>\n<p><a href=\"http:\/\/museumek.eu\/wp-content\/uploads\/2012\/07\/Museum-Europ\u00e4ischer-Keramikkunst-2015.jpg\"><img loading=\"lazy\" src=\"http:\/\/museumek.eu\/wp-content\/uploads\/2012\/07\/Museum-Europ\u00e4ischer-Keramikkunst-2015-300x174.jpg\" alt=\"\" title=\"Museum Europ\u00e4ischer Keramikkunst 2015\" width=\"300\" height=\"174\" class=\"alignnone size-medium wp-image-11458\" srcset=\"http:\/\/museumek.eu\/wp-content\/uploads\/2012\/07\/Museum-Europ\u00e4ischer-Keramikkunst-2015-300x174.jpg 300w, http:\/\/museumek.eu\/wp-content\/uploads\/2012\/07\/Museum-Europ\u00e4ischer-Keramikkunst-2015-500x290.jpg 500w, http:\/\/museumek.eu\/wp-content\/uploads\/2012\/07\/Museum-Europ\u00e4ischer-Keramikkunst-2015.jpg 804w\" sizes=\"(max-width: 300px) 100vw, 300px\" \/><\/a><\/p>\n<p><a href=\"http:\/\/museumek.eu\/wp-content\/uploads\/2012\/07\/Museum-Europ\u00e4ischer-Keramikkunst-2017.jpg\"><img loading=\"lazy\" src=\"http:\/\/museumek.eu\/wp-content\/uploads\/2012\/07\/Museum-Europ\u00e4ischer-Keramikkunst-2017-300x229.jpg\" alt=\"\" title=\"Museum Europ\u00e4ischer Keramikkunst 2017\" width=\"300\" height=\"229\" class=\"alignnone size-medium wp-image-11459\" srcset=\"http:\/\/museumek.eu\/wp-content\/uploads\/2012\/07\/Museum-Europ\u00e4ischer-Keramikkunst-2017-300x229.jpg 300w, http:\/\/museumek.eu\/wp-content\/uploads\/2012\/07\/Museum-Europ\u00e4ischer-Keramikkunst-2017-392x300.jpg 392w, http:\/\/museumek.eu\/wp-content\/uploads\/2012\/07\/Museum-Europ\u00e4ischer-Keramikkunst-2017.jpg 926w\" sizes=\"(max-width: 300px) 100vw, 300px\" \/><\/a><\/p>\n<p><a href=\"http:\/\/museumek.eu\/wp-content\/uploads\/2012\/07\/Museum-Europ\u00e4ischer-Keramikkunst-2018.jpg\"><img loading=\"lazy\" src=\"http:\/\/museumek.eu\/wp-content\/uploads\/2012\/07\/Museum-Europ\u00e4ischer-Keramikkunst-2018-300x218.jpg\" alt=\"\" title=\"Museum Europ\u00e4ischer Keramikkunst 2018\" width=\"300\" height=\"218\" class=\"alignnone size-medium wp-image-11460\" srcset=\"http:\/\/museumek.eu\/wp-content\/uploads\/2012\/07\/Museum-Europ\u00e4ischer-Keramikkunst-2018-300x218.jpg 300w, http:\/\/museumek.eu\/wp-content\/uploads\/2012\/07\/Museum-Europ\u00e4ischer-Keramikkunst-2018-411x300.jpg 411w, http:\/\/museumek.eu\/wp-content\/uploads\/2012\/07\/Museum-Europ\u00e4ischer-Keramikkunst-2018.jpg 1001w\" sizes=\"(max-width: 300px) 100vw, 300px\" \/><\/a><\/p>\n","protected":false},"excerpt":{"rendered":"<p>Abteilung Frankreich, Keramik 1860 \u2013 1960, Inventarnummer F\/XXIII\/1 Manufaktur A. Bigot &#038; Cie., Frankreich, Paris, Vase mit l\u00fcstrierender Kristallglasur, 1908, K\u00fcnstler Alexandre Bigot, Werksnummer ohne, Exemplar Nr. Unikat, gemarkt A. Bigot sowie 1908 (f\u00fcr das Jahr 1908) Pressstempel, signiert = &hellip; <a href=\"http:\/\/museumek.eu\/?page_id=11421\">Weiterlesen <span class=\"meta-nav\">&rarr;<\/span><\/a><\/p>\n","protected":false},"author":1,"featured_media":0,"parent":11418,"menu_order":1,"comment_status":"closed","ping_status":"open","template":"","meta":[],"_links":{"self":[{"href":"http:\/\/museumek.eu\/index.php?rest_route=\/wp\/v2\/pages\/11421"}],"collection":[{"href":"http:\/\/museumek.eu\/index.php?rest_route=\/wp\/v2\/pages"}],"about":[{"href":"http:\/\/museumek.eu\/index.php?rest_route=\/wp\/v2\/types\/page"}],"author":[{"embeddable":true,"href":"http:\/\/museumek.eu\/index.php?rest_route=\/wp\/v2\/users\/1"}],"replies":[{"embeddable":true,"href":"http:\/\/museumek.eu\/index.php?rest_route=%2Fwp%2Fv2%2Fcomments&post=11421"}],"version-history":[{"count":6,"href":"http:\/\/museumek.eu\/index.php?rest_route=\/wp\/v2\/pages\/11421\/revisions"}],"predecessor-version":[{"id":11466,"href":"http:\/\/museumek.eu\/index.php?rest_route=\/wp\/v2\/pages\/11421\/revisions\/11466"}],"up":[{"embeddable":true,"href":"http:\/\/museumek.eu\/index.php?rest_route=\/wp\/v2\/pages\/11418"}],"wp:attachment":[{"href":"http:\/\/museumek.eu\/index.php?rest_route=%2Fwp%2Fv2%2Fmedia&parent=11421"}],"curies":[{"name":"wp","href":"https:\/\/api.w.org\/{rel}","templated":true}]}}