{"id":11509,"date":"2012-07-08T13:46:19","date_gmt":"2012-07-08T11:46:19","guid":{"rendered":"http:\/\/museumek.eu\/?page_id=11509"},"modified":"2015-01-03T19:29:55","modified_gmt":"2015-01-03T18:29:55","slug":"dxlviii1","status":"publish","type":"page","link":"http:\/\/museumek.eu\/?page_id=11509","title":{"rendered":"D\/XLVIII\/1"},"content":{"rendered":"<p><strong>Abteilung Deutschland, Keramik 1860 \u2013 1960, Inventarnummer D\/XLVIII\/1<\/strong><\/p>\n<p>Albert Jacob Thewalt, Fabrik fein verzierter Steinzeugwaren, Deutschland, H\u00f6hr, um 1900, Seidel, K\u00fcnstler Wilhelm Anton Kamp (attr.), Werks.-Nr. 136, Exemplar Nr. ohne, gemarkt Firmenmarke Dreieck mit Querstrich an dessen Enden links ein Dreieck nach unten zeigend, rechts ein Dreieck nach oben zeigend (wohl f\u00fcr AT stehend), J, 136 sowie 0,5 L. \u00fcber Eichstrich gepresst, Kreuz geritzt, nicht signiert, Literatur: J\u00fcrgen Schimanski, Braun geflammt und grau gesalzen, Seite 226, Beschreibung der Fabrik sowie Beschreibung, dass fast alle Entw\u00fcrfe von Wilhelm Anton Kamp stammen, die Signatur K oder WK verweist auf Wilhelm  Anton Kamp, der zweite Sohn von Joahnn Peter Thewalt jr., Albert Jacob Thewalt (1857 \u2013 1939) gr\u00fcndete 1882 zusammen mit seinem Schwager Jean Paulus die keramische Fabrik Paulus und Thewalt, trennt sich dann von Jean Paulus und gr\u00fcndet 1894 seine eigene Fabrik, die als Albert Jacob Thewalt, Fabrik fein verzierter Steinzeugwaren firmiert, nach Albert Jacobs\u2019s Tod f\u00fchren sein Sohn Albert Johann Thewalt und danach sein Enkel Albert Jakob Thewalt die Fabrik fort, K\u00fcnstlerzuschreibung: Wilhelm Anton Kamp trat 1897 in die Fabrik ein und schuf rund 800 Entw\u00fcrfe, Markenzuordnung: die Marke ist im Zusammenhang mit der Steinzeugfabrik Hauber &#038; Reuther in Freising nachgewiesen, Hauber und Reuther bezog jahrelang seinen Ton aus dem Westerwald, als die Lieferungen aus vertraglichen Gr\u00fcnden endeten und keine neuen Liefervertr\u00e4ge mehr geschlossen werden konnten, bezog Hauber &#038; Reuther dann Halbfabrikate von Westerw\u00e4lder Fabriken z. B. undekorierte Kr\u00fcge, u. a. auch von Albert Jacob Thewalt, und stellte diese fertig, insofern findet sich die Marke des MEK Exemplares auf Kr\u00fcgen, die sowohl die ligierte HR Marke von Hauber &#038; Reuther tragen, als auch die Marke des MEK Exemplares,<br \/>\nH\u00f6he 15 cm, Breite 10 cm (nur die Keramik)<\/p>\n<p><a href=\"http:\/\/museumek.eu\/wp-content\/uploads\/2012\/07\/Museum-Europ\u00e4ischer-Keramikkunst-2047.jpg\"><img loading=\"lazy\" src=\"http:\/\/museumek.eu\/wp-content\/uploads\/2012\/07\/Museum-Europ\u00e4ischer-Keramikkunst-2047-160x300.jpg\" alt=\"\" title=\"Museum Europ\u00e4ischer Keramikkunst 2047\" width=\"160\" height=\"300\" class=\"alignnone size-medium wp-image-11510\" srcset=\"http:\/\/museumek.eu\/wp-content\/uploads\/2012\/07\/Museum-Europ\u00e4ischer-Keramikkunst-2047-160x300.jpg 160w, http:\/\/museumek.eu\/wp-content\/uploads\/2012\/07\/Museum-Europ\u00e4ischer-Keramikkunst-2047.jpg 464w\" sizes=\"(max-width: 160px) 100vw, 160px\" \/><\/a><\/p>\n<p><a href=\"http:\/\/museumek.eu\/wp-content\/uploads\/2012\/07\/Museum-Europ\u00e4ischer-Keramikkunst-2048.jpg\"><img loading=\"lazy\" src=\"http:\/\/museumek.eu\/wp-content\/uploads\/2012\/07\/Museum-Europ\u00e4ischer-Keramikkunst-2048-180x300.jpg\" alt=\"\" title=\"Museum Europ\u00e4ischer Keramikkunst 2048\" width=\"180\" height=\"300\" class=\"alignnone size-medium wp-image-11511\" srcset=\"http:\/\/museumek.eu\/wp-content\/uploads\/2012\/07\/Museum-Europ\u00e4ischer-Keramikkunst-2048-180x300.jpg 180w, http:\/\/museumek.eu\/wp-content\/uploads\/2012\/07\/Museum-Europ\u00e4ischer-Keramikkunst-2048.jpg 528w\" sizes=\"(max-width: 180px) 100vw, 180px\" \/><\/a><\/p>\n<p><a href=\"http:\/\/museumek.eu\/wp-content\/uploads\/2012\/07\/Museum-Europ\u00e4ischer-Keramikkunst-2049.jpg\"><img loading=\"lazy\" src=\"http:\/\/museumek.eu\/wp-content\/uploads\/2012\/07\/Museum-Europ\u00e4ischer-Keramikkunst-2049-300x125.jpg\" alt=\"\" title=\"Museum Europ\u00e4ischer Keramikkunst 2049\" width=\"300\" height=\"125\" class=\"alignnone size-medium wp-image-11512\" srcset=\"http:\/\/museumek.eu\/wp-content\/uploads\/2012\/07\/Museum-Europ\u00e4ischer-Keramikkunst-2049-300x125.jpg 300w, http:\/\/museumek.eu\/wp-content\/uploads\/2012\/07\/Museum-Europ\u00e4ischer-Keramikkunst-2049-500x208.jpg 500w, http:\/\/museumek.eu\/wp-content\/uploads\/2012\/07\/Museum-Europ\u00e4ischer-Keramikkunst-2049.jpg 700w\" sizes=\"(max-width: 300px) 100vw, 300px\" \/><\/a><\/p>\n<p><a href=\"http:\/\/museumek.eu\/wp-content\/uploads\/2012\/07\/Museum-Europ\u00e4ischer-Keramikkunst-2546.jpg\"><img loading=\"lazy\" src=\"http:\/\/museumek.eu\/wp-content\/uploads\/2012\/07\/Museum-Europ\u00e4ischer-Keramikkunst-2546-214x300.jpg\" alt=\"\" title=\"Museum Europ\u00e4ischer Keramikkunst 2546\" width=\"214\" height=\"300\" class=\"alignnone size-medium wp-image-11513\" srcset=\"http:\/\/museumek.eu\/wp-content\/uploads\/2012\/07\/Museum-Europ\u00e4ischer-Keramikkunst-2546-214x300.jpg 214w, http:\/\/museumek.eu\/wp-content\/uploads\/2012\/07\/Museum-Europ\u00e4ischer-Keramikkunst-2546.jpg 230w\" sizes=\"(max-width: 214px) 100vw, 214px\" \/><\/a><\/p>\n<p><a href=\"http:\/\/museumek.eu\/wp-content\/uploads\/2012\/07\/Museum-Europ\u00e4ischer-Keramikkunst-2547.jpg\"><img loading=\"lazy\" src=\"http:\/\/museumek.eu\/wp-content\/uploads\/2012\/07\/Museum-Europ\u00e4ischer-Keramikkunst-2547.jpg\" alt=\"\" title=\"Museum Europ\u00e4ischer Keramikkunst 2547\" width=\"244\" height=\"172\" class=\"alignnone size-full wp-image-11514\" \/><\/a><\/p>\n","protected":false},"excerpt":{"rendered":"<p>Abteilung Deutschland, Keramik 1860 \u2013 1960, Inventarnummer D\/XLVIII\/1 Albert Jacob Thewalt, Fabrik fein verzierter Steinzeugwaren, Deutschland, H\u00f6hr, um 1900, Seidel, K\u00fcnstler Wilhelm Anton Kamp (attr.), Werks.-Nr. 136, Exemplar Nr. ohne, gemarkt Firmenmarke Dreieck mit Querstrich an dessen Enden links ein &hellip; <a href=\"http:\/\/museumek.eu\/?page_id=11509\">Weiterlesen <span class=\"meta-nav\">&rarr;<\/span><\/a><\/p>\n","protected":false},"author":1,"featured_media":0,"parent":11506,"menu_order":1,"comment_status":"closed","ping_status":"open","template":"","meta":[],"_links":{"self":[{"href":"http:\/\/museumek.eu\/index.php?rest_route=\/wp\/v2\/pages\/11509"}],"collection":[{"href":"http:\/\/museumek.eu\/index.php?rest_route=\/wp\/v2\/pages"}],"about":[{"href":"http:\/\/museumek.eu\/index.php?rest_route=\/wp\/v2\/types\/page"}],"author":[{"embeddable":true,"href":"http:\/\/museumek.eu\/index.php?rest_route=\/wp\/v2\/users\/1"}],"replies":[{"embeddable":true,"href":"http:\/\/museumek.eu\/index.php?rest_route=%2Fwp%2Fv2%2Fcomments&post=11509"}],"version-history":[{"count":13,"href":"http:\/\/museumek.eu\/index.php?rest_route=\/wp\/v2\/pages\/11509\/revisions"}],"predecessor-version":[{"id":35734,"href":"http:\/\/museumek.eu\/index.php?rest_route=\/wp\/v2\/pages\/11509\/revisions\/35734"}],"up":[{"embeddable":true,"href":"http:\/\/museumek.eu\/index.php?rest_route=\/wp\/v2\/pages\/11506"}],"wp:attachment":[{"href":"http:\/\/museumek.eu\/index.php?rest_route=%2Fwp%2Fv2%2Fmedia&parent=11509"}],"curies":[{"name":"wp","href":"https:\/\/api.w.org\/{rel}","templated":true}]}}