{"id":11561,"date":"2012-07-08T15:50:57","date_gmt":"2012-07-08T13:50:57","guid":{"rendered":"http:\/\/museumek.eu\/?page_id=11561"},"modified":"2014-11-21T20:07:35","modified_gmt":"2014-11-21T19:07:35","slug":"dxlix1","status":"publish","type":"page","link":"http:\/\/museumek.eu\/?page_id=11561","title":{"rendered":"D\/XLIX\/1"},"content":{"rendered":"<p><strong>Abteilung Deutschland, Keramik 1860 \u2013 1960, Inventarnummer D\/XLIX\/1<\/strong><\/p>\n<p>Simon Peter Gerz I. GmbH Fabrik fein verzierter Gebrauchs- und Luxusgegenst\u00e4nde und Vorg\u00e4nger Simon Peter Gerz I. Fabrik antiker reichverzierter Steinzeugwaaren, Deutschland, H\u00f6hr, um 1900, Seidel, K\u00fcnstler unbekannt, Werks.-Nr. ohne, Exemplar Nr. ohne, gemarkt Firmenmarke mit einem Krug in einem Dreieck sowie 0,5 L. \u00fcber Eichstrich gepresst, im Zinndeckel Stempel REICHSZINN, G sowie H\u00d6HR (G steht f\u00fcr Gerz, Stempel nur halb lesbar, lesbarer Stempel siehe MEK D\/XLIX\/5), nicht signiert, Literatur: Gisela Reineking von Bock, Meister der deutschen Keramik, Seite 329, Marke Nr. 212 identisch, weitere Literatur: J\u00fcrgen Schimanski und J\u00fcrgen Erlebach, Westerw\u00e4lder Steinzeug, Die Neue \u00c4ra, Seite 44 ff., Fabrikbeschreibung sowie Seite 44, Marke Nr. 6 identisch, weitere Literatur: J\u00fcrgen Schimanski, Braun geflammt und grau gesalzen, Seite 197, Beschreibung der Fabrik sowie Marke Nr. 6 identisch, die Fabrik wurde 1857 von Simon Peter Gerz I (geb. 13.09.1830, gest. 12.09.1893) gegr\u00fcndet, die Registereintragung erfolgte aber erst 1862, insofern ist das Jahr 1862 das amtliche Gr\u00fcndungsdatum, bisher konnte in keiner Literatur eine Erkl\u00e4rung gefunden werden, warum Gerz seinem Namen eine r\u00f6mische I anf\u00fcgte, recherchiert werden konnte, dass es noch einen Steinzeugfabrikanten namens Simon Peter Gerz II (geb. 1833, gest. 1908) gab und dass dieser der Vater von Alois Jacob Gerz, dem Mitbegr\u00fcnder der Steinzeugfabrik Rosskopf &#038; Gerz war, 1867 erhielt die Fabrik das Pr\u00e4dikat eines Hoflieferanten des Herzog von Nassau, 1893 (Gerz Tod) wurde der Schwiegersohn Alphons William Loetschert Inhaber, sehr wahrscheinlich wurde um diese Zeit auch die Fabrikmarke SPG I in einem Kreis in die Dreieckmarke mit einem Krug ge\u00e4ndert, sp\u00e4testens aber sicher 1897, 1897 wurde die Pfeiffenfabrik M\u00fcllenbach &#038; Thewalt Mitinhaber und eine GmbH wurde gegr\u00fcndet (Gr\u00fcndungsdatum: 05.08.1897, die Fabrik bestand bis 1997, siehe auch MEK D\/XLIX\/3 Seidel mit identischem Motiv in anderer Farbvariante sowie dem gleichen Literungsstempel (bei Albert Jacob Thewalt findet sich ein fast identischer Literungsstempel, allerdings geht dort das L. nicht \u00fcber den rechten Anstrich des Eichstrichs hinaus und der Bogen der 5 ist nicht so stark eingekringelt), <strong>der 0,7 cm hohe und 1,2 cm breite 0,5 Literstempel dient dem MEK als Identifizierungsstempel f\u00fcr nicht mit der Fabrikmarke versehene Fabrikate von Gerz<\/strong>, H\u00f6he 13,5 cm, Breite 10 cm (nur die Keramik)<\/p>\n<p><a href=\"http:\/\/museumek.eu\/wp-content\/uploads\/2012\/07\/Museum-Europ\u00e4ischer-Keramikkunst-1843.jpg\"><img loading=\"lazy\" src=\"http:\/\/museumek.eu\/wp-content\/uploads\/2012\/07\/Museum-Europ\u00e4ischer-Keramikkunst-1843-156x300.jpg\" alt=\"\" title=\"Museum Europ\u00e4ischer Keramikkunst 1843\" width=\"156\" height=\"300\" class=\"alignnone size-medium wp-image-11562\" srcset=\"http:\/\/museumek.eu\/wp-content\/uploads\/2012\/07\/Museum-Europ\u00e4ischer-Keramikkunst-1843-156x300.jpg 156w, http:\/\/museumek.eu\/wp-content\/uploads\/2012\/07\/Museum-Europ\u00e4ischer-Keramikkunst-1843.jpg 449w\" sizes=\"(max-width: 156px) 100vw, 156px\" \/><\/a><\/p>\n<p><a href=\"http:\/\/museumek.eu\/?attachment_id=34480\" rel=\"attachment wp-att-34480\"><img loading=\"lazy\" src=\"http:\/\/museumek.eu\/wp-content\/uploads\/2012\/07\/1920-201x300.jpg\" alt=\"\" title=\"1920\" width=\"201\" height=\"300\" class=\"alignnone size-medium wp-image-34480\" srcset=\"http:\/\/museumek.eu\/wp-content\/uploads\/2012\/07\/1920-201x300.jpg 201w, http:\/\/museumek.eu\/wp-content\/uploads\/2012\/07\/1920-100x150.jpg 100w, http:\/\/museumek.eu\/wp-content\/uploads\/2012\/07\/1920.jpg 536w\" sizes=\"(max-width: 201px) 100vw, 201px\" \/><\/a><\/p>\n<p><a href=\"http:\/\/museumek.eu\/?attachment_id=34481\" rel=\"attachment wp-att-34481\"><img loading=\"lazy\" src=\"http:\/\/museumek.eu\/wp-content\/uploads\/2012\/07\/1921-200x300.jpg\" alt=\"\" title=\"1921\" width=\"200\" height=\"300\" class=\"alignnone size-medium wp-image-34481\" srcset=\"http:\/\/museumek.eu\/wp-content\/uploads\/2012\/07\/1921-200x300.jpg 200w, http:\/\/museumek.eu\/wp-content\/uploads\/2012\/07\/1921-100x150.jpg 100w, http:\/\/museumek.eu\/wp-content\/uploads\/2012\/07\/1921.jpg 535w\" sizes=\"(max-width: 200px) 100vw, 200px\" \/><\/a><\/p>\n<p><a href=\"http:\/\/museumek.eu\/?attachment_id=34484\" rel=\"attachment wp-att-34484\"><img loading=\"lazy\" src=\"http:\/\/museumek.eu\/wp-content\/uploads\/2012\/07\/1922-150x300.jpg\" alt=\"\" title=\"1922\" width=\"150\" height=\"300\" class=\"alignnone size-medium wp-image-34484\" srcset=\"http:\/\/museumek.eu\/wp-content\/uploads\/2012\/07\/1922-150x300.jpg 150w, http:\/\/museumek.eu\/wp-content\/uploads\/2012\/07\/1922-75x150.jpg 75w, http:\/\/museumek.eu\/wp-content\/uploads\/2012\/07\/1922.jpg 401w\" sizes=\"(max-width: 150px) 100vw, 150px\" \/><\/a><\/p>\n<p><a href=\"http:\/\/museumek.eu\/wp-content\/uploads\/2012\/07\/Museum-Europ\u00e4ischer-Keramikkunst-1845.jpg\"><img loading=\"lazy\" src=\"http:\/\/museumek.eu\/wp-content\/uploads\/2012\/07\/Museum-Europ\u00e4ischer-Keramikkunst-1845-300x287.jpg\" alt=\"\" title=\"Museum Europ\u00e4ischer Keramikkunst 1845\" width=\"300\" height=\"287\" class=\"alignnone size-medium wp-image-11565\" srcset=\"http:\/\/museumek.eu\/wp-content\/uploads\/2012\/07\/Museum-Europ\u00e4ischer-Keramikkunst-1845-300x287.jpg 300w, http:\/\/museumek.eu\/wp-content\/uploads\/2012\/07\/Museum-Europ\u00e4ischer-Keramikkunst-1845-313x300.jpg 313w, http:\/\/museumek.eu\/wp-content\/uploads\/2012\/07\/Museum-Europ\u00e4ischer-Keramikkunst-1845.jpg 563w\" sizes=\"(max-width: 300px) 100vw, 300px\" \/><\/a><\/p>\n<p><a href=\"http:\/\/museumek.eu\/wp-content\/uploads\/2012\/07\/Museum-Europ\u00e4ischer-Keramikkunst-1846.jpg\"><img loading=\"lazy\" src=\"http:\/\/museumek.eu\/wp-content\/uploads\/2012\/07\/Museum-Europ\u00e4ischer-Keramikkunst-1846-300x275.jpg\" alt=\"\" title=\"Museum Europ\u00e4ischer Keramikkunst 1846\" width=\"300\" height=\"275\" class=\"alignnone size-medium wp-image-11564\" srcset=\"http:\/\/museumek.eu\/wp-content\/uploads\/2012\/07\/Museum-Europ\u00e4ischer-Keramikkunst-1846-300x275.jpg 300w, http:\/\/museumek.eu\/wp-content\/uploads\/2012\/07\/Museum-Europ\u00e4ischer-Keramikkunst-1846-326x300.jpg 326w, http:\/\/museumek.eu\/wp-content\/uploads\/2012\/07\/Museum-Europ\u00e4ischer-Keramikkunst-1846.jpg 379w\" sizes=\"(max-width: 300px) 100vw, 300px\" \/><\/a><\/p>\n<p><a href=\"http:\/\/museumek.eu\/?attachment_id=34485\" rel=\"attachment wp-att-34485\"><img loading=\"lazy\" src=\"http:\/\/museumek.eu\/wp-content\/uploads\/2012\/07\/1924-300x196.jpg\" alt=\"\" title=\"1924\" width=\"300\" height=\"196\" class=\"alignnone size-medium wp-image-34485\" srcset=\"http:\/\/museumek.eu\/wp-content\/uploads\/2012\/07\/1924-300x196.jpg 300w, http:\/\/museumek.eu\/wp-content\/uploads\/2012\/07\/1924-150x98.jpg 150w, http:\/\/museumek.eu\/wp-content\/uploads\/2012\/07\/1924.jpg 435w\" sizes=\"(max-width: 300px) 100vw, 300px\" \/><\/a><\/p>\n","protected":false},"excerpt":{"rendered":"<p>Abteilung Deutschland, Keramik 1860 \u2013 1960, Inventarnummer D\/XLIX\/1 Simon Peter Gerz I. GmbH Fabrik fein verzierter Gebrauchs- und Luxusgegenst\u00e4nde und Vorg\u00e4nger Simon Peter Gerz I. Fabrik antiker reichverzierter Steinzeugwaaren, Deutschland, H\u00f6hr, um 1900, Seidel, K\u00fcnstler unbekannt, Werks.-Nr. ohne, Exemplar Nr. &hellip; <a href=\"http:\/\/museumek.eu\/?page_id=11561\">Weiterlesen <span class=\"meta-nav\">&rarr;<\/span><\/a><\/p>\n","protected":false},"author":1,"featured_media":0,"parent":11558,"menu_order":1,"comment_status":"closed","ping_status":"open","template":"","meta":[],"_links":{"self":[{"href":"http:\/\/museumek.eu\/index.php?rest_route=\/wp\/v2\/pages\/11561"}],"collection":[{"href":"http:\/\/museumek.eu\/index.php?rest_route=\/wp\/v2\/pages"}],"about":[{"href":"http:\/\/museumek.eu\/index.php?rest_route=\/wp\/v2\/types\/page"}],"author":[{"embeddable":true,"href":"http:\/\/museumek.eu\/index.php?rest_route=\/wp\/v2\/users\/1"}],"replies":[{"embeddable":true,"href":"http:\/\/museumek.eu\/index.php?rest_route=%2Fwp%2Fv2%2Fcomments&post=11561"}],"version-history":[{"count":8,"href":"http:\/\/museumek.eu\/index.php?rest_route=\/wp\/v2\/pages\/11561\/revisions"}],"predecessor-version":[{"id":34514,"href":"http:\/\/museumek.eu\/index.php?rest_route=\/wp\/v2\/pages\/11561\/revisions\/34514"}],"up":[{"embeddable":true,"href":"http:\/\/museumek.eu\/index.php?rest_route=\/wp\/v2\/pages\/11558"}],"wp:attachment":[{"href":"http:\/\/museumek.eu\/index.php?rest_route=%2Fwp%2Fv2%2Fmedia&parent=11561"}],"curies":[{"name":"wp","href":"https:\/\/api.w.org\/{rel}","templated":true}]}}