{"id":11577,"date":"2012-07-08T17:58:23","date_gmt":"2012-07-08T15:58:23","guid":{"rendered":"http:\/\/museumek.eu\/?page_id=11577"},"modified":"2015-07-31T16:27:05","modified_gmt":"2015-07-31T14:27:05","slug":"dxxv3","status":"publish","type":"page","link":"http:\/\/museumek.eu\/?page_id=11577","title":{"rendered":"D\/XXV\/3"},"content":{"rendered":"<p><strong>Abteilung Deutschland, Keramik 1860 \u2013 1960, Inventarnummer D\/XXV\/3<\/strong><\/p>\n<p>Reps &#038; Trinte Kunstanstalt, Vereinigte Werkst\u00e4tten von Gebr\u00fcder Schultz, Berlin, Joh. Val. Vanni, Frankfurt a. M., A. Trinte, Neustadt Magdeburg, Carl Koch, Magdeburg, Deutschland, Magdeburg, um 1905, Figur Eule mit Schreibzeug auf B\u00fcchersockel, K\u00fcnstler unbekannt, Werks.-Nr. 1280, Exemplar-Nr. 3 (?), gemarkt Firmenmarke mit R. &#038; T. Mgdbg (f\u00fcr Reps &#038; Trinte Magdeburg), darunter quer stehender Knabe (?), darunter Gesetzl. Gesch\u00fctzt, 1280 sowie 3 gepresst, innen 2 x mit Bleistift beschriftet mit RS sowie 3\/1, nicht signiert, die Kunstanstalt wurde vom Kaufmann Carl Reps und Bildhauer A. Trinte in Neustadt Magdeburg gegr\u00fcndet, das Gr\u00fcndungsjahr kann 1889 sein, wenn ja dann Umzug 1896 in neu errichtete Geb\u00e4ude in der Morgenstra\u00dfe 5 in Neustadt Magdeburg, wenn kein Umzug, dann erfolgte die Gr\u00fcndung erst 1896, die o. g. Firmierung wurde von einem Briefbogen der Fabrik aus dem Jahre 1899 \u00fcbernommen, nicht gesichert ist eine Inhaber\u00e4nderung, ab 1910 Carl Reps als Alleineigent\u00fcmer, nicht gesichert ist eine Firmierungs\u00e4nderung, 1922 in Magdeburger Kunstwerkst\u00e4tten Reps &#038; Trinte, nicht gesichert ist eine Inhaber\u00e4nderung, 1928 Philipp Hamburger und Hans F. Thomas als Inhaber, nicht gesichert ist, ob die Firmenmarke von der Gr\u00fcndung bis zur Schlie\u00dfung unver\u00e4ndert verwendet worden ist, nicht gesichert ist der Zeitpunkt der Fabrikschlie\u00dfung, gesichert ist, dass K\u00fcnstler wie Paul Aichele, die Br\u00fcder Fritz und Hans von Heider, Etha Richter und Bl\u00e4sche Entw\u00fcrfe lieferten, mit Glasaugen, sehr gro\u00dfe Ausf\u00fchrung, H\u00f6he 57 cm, Breite 40 cm<\/p>\n<p><a href=\"http:\/\/museumek.eu\/?attachment_id=42888\" rel=\"attachment wp-att-42888\"><img loading=\"lazy\" src=\"http:\/\/museumek.eu\/wp-content\/uploads\/2015\/07\/4323-155x300.jpg\" alt=\"\" title=\"4323\" width=\"155\" height=\"300\" class=\"alignnone size-medium wp-image-42888\" srcset=\"http:\/\/museumek.eu\/wp-content\/uploads\/2015\/07\/4323-155x300.jpg 155w, http:\/\/museumek.eu\/wp-content\/uploads\/2015\/07\/4323-77x150.jpg 77w, http:\/\/museumek.eu\/wp-content\/uploads\/2015\/07\/4323.jpg 414w\" sizes=\"(max-width: 155px) 100vw, 155px\" \/><\/a><\/p>\n<p><a href=\"http:\/\/museumek.eu\/?attachment_id=42889\" rel=\"attachment wp-att-42889\"><img loading=\"lazy\" src=\"http:\/\/museumek.eu\/wp-content\/uploads\/2015\/07\/4324-156x300.jpg\" alt=\"\" title=\"4324\" width=\"156\" height=\"300\" class=\"alignnone size-medium wp-image-42889\" srcset=\"http:\/\/museumek.eu\/wp-content\/uploads\/2015\/07\/4324-156x300.jpg 156w, http:\/\/museumek.eu\/wp-content\/uploads\/2015\/07\/4324-78x150.jpg 78w, http:\/\/museumek.eu\/wp-content\/uploads\/2015\/07\/4324.jpg 418w\" sizes=\"(max-width: 156px) 100vw, 156px\" \/><\/a><\/p>\n<p><a href=\"http:\/\/museumek.eu\/?attachment_id=42890\" rel=\"attachment wp-att-42890\"><img loading=\"lazy\" src=\"http:\/\/museumek.eu\/wp-content\/uploads\/2015\/07\/4325-155x300.jpg\" alt=\"\" title=\"4325\" width=\"155\" height=\"300\" class=\"alignnone size-medium wp-image-42890\" srcset=\"http:\/\/museumek.eu\/wp-content\/uploads\/2015\/07\/4325-155x300.jpg 155w, http:\/\/museumek.eu\/wp-content\/uploads\/2015\/07\/4325-77x150.jpg 77w, http:\/\/museumek.eu\/wp-content\/uploads\/2015\/07\/4325.jpg 414w\" sizes=\"(max-width: 155px) 100vw, 155px\" \/><\/a><\/p>\n<p><a href=\"http:\/\/museumek.eu\/?attachment_id=42891\" rel=\"attachment wp-att-42891\"><img loading=\"lazy\" src=\"http:\/\/museumek.eu\/wp-content\/uploads\/2015\/07\/4328-148x300.jpg\" alt=\"\" title=\"4328\" width=\"148\" height=\"300\" class=\"alignnone size-medium wp-image-42891\" srcset=\"http:\/\/museumek.eu\/wp-content\/uploads\/2015\/07\/4328-148x300.jpg 148w, http:\/\/museumek.eu\/wp-content\/uploads\/2015\/07\/4328-74x150.jpg 74w, http:\/\/museumek.eu\/wp-content\/uploads\/2015\/07\/4328.jpg 396w\" sizes=\"(max-width: 148px) 100vw, 148px\" \/><\/a><\/p>\n<p><a href=\"http:\/\/museumek.eu\/?attachment_id=42892\" rel=\"attachment wp-att-42892\"><img loading=\"lazy\" src=\"http:\/\/museumek.eu\/wp-content\/uploads\/2015\/07\/4331-226x300.jpg\" alt=\"\" title=\"4331\" width=\"226\" height=\"300\" class=\"alignnone size-medium wp-image-42892\" srcset=\"http:\/\/museumek.eu\/wp-content\/uploads\/2015\/07\/4331-226x300.jpg 226w, http:\/\/museumek.eu\/wp-content\/uploads\/2015\/07\/4331-113x150.jpg 113w, http:\/\/museumek.eu\/wp-content\/uploads\/2015\/07\/4331.jpg 600w\" sizes=\"(max-width: 226px) 100vw, 226px\" \/><\/a><\/p>\n<p><a href=\"http:\/\/museumek.eu\/?attachment_id=42893\" rel=\"attachment wp-att-42893\"><img loading=\"lazy\" src=\"http:\/\/museumek.eu\/wp-content\/uploads\/2015\/07\/4326-273x300.jpg\" alt=\"\" title=\"4326\" width=\"273\" height=\"300\" class=\"alignnone size-medium wp-image-42893\" srcset=\"http:\/\/museumek.eu\/wp-content\/uploads\/2015\/07\/4326-273x300.jpg 273w, http:\/\/museumek.eu\/wp-content\/uploads\/2015\/07\/4326-136x150.jpg 136w, http:\/\/museumek.eu\/wp-content\/uploads\/2015\/07\/4326.jpg 600w\" sizes=\"(max-width: 273px) 100vw, 273px\" \/><\/a><\/p>\n<p><a href=\"http:\/\/museumek.eu\/?attachment_id=42894\" rel=\"attachment wp-att-42894\"><img loading=\"lazy\" src=\"http:\/\/museumek.eu\/wp-content\/uploads\/2015\/07\/4327-300x237.jpg\" alt=\"\" title=\"4327\" width=\"300\" height=\"237\" class=\"alignnone size-medium wp-image-42894\" srcset=\"http:\/\/museumek.eu\/wp-content\/uploads\/2015\/07\/4327-300x237.jpg 300w, http:\/\/museumek.eu\/wp-content\/uploads\/2015\/07\/4327-150x118.jpg 150w, http:\/\/museumek.eu\/wp-content\/uploads\/2015\/07\/4327-378x300.jpg 378w, http:\/\/museumek.eu\/wp-content\/uploads\/2015\/07\/4327.jpg 757w\" sizes=\"(max-width: 300px) 100vw, 300px\" \/><\/a><\/p>\n<p><a href=\"http:\/\/museumek.eu\/?attachment_id=42895\" rel=\"attachment wp-att-42895\"><img loading=\"lazy\" src=\"http:\/\/museumek.eu\/wp-content\/uploads\/2015\/07\/4329-218x300.jpg\" alt=\"\" title=\"4329\" width=\"218\" height=\"300\" class=\"alignnone size-medium wp-image-42895\" srcset=\"http:\/\/museumek.eu\/wp-content\/uploads\/2015\/07\/4329-218x300.jpg 218w, http:\/\/museumek.eu\/wp-content\/uploads\/2015\/07\/4329-109x150.jpg 109w, http:\/\/museumek.eu\/wp-content\/uploads\/2015\/07\/4329.jpg 582w\" sizes=\"(max-width: 218px) 100vw, 218px\" \/><\/a><\/p>\n<p><a href=\"http:\/\/museumek.eu\/?attachment_id=42896\" rel=\"attachment wp-att-42896\"><img loading=\"lazy\" src=\"http:\/\/museumek.eu\/wp-content\/uploads\/2015\/07\/4330-300x263.jpg\" alt=\"\" title=\"4330\" width=\"300\" height=\"263\" class=\"alignnone size-medium wp-image-42896\" srcset=\"http:\/\/museumek.eu\/wp-content\/uploads\/2015\/07\/4330-300x263.jpg 300w, http:\/\/museumek.eu\/wp-content\/uploads\/2015\/07\/4330-150x131.jpg 150w, http:\/\/museumek.eu\/wp-content\/uploads\/2015\/07\/4330-341x300.jpg 341w, http:\/\/museumek.eu\/wp-content\/uploads\/2015\/07\/4330.jpg 682w\" sizes=\"(max-width: 300px) 100vw, 300px\" \/><\/a><\/p>\n<p><a href=\"http:\/\/museumek.eu\/?attachment_id=42897\" rel=\"attachment wp-att-42897\"><img loading=\"lazy\" src=\"http:\/\/museumek.eu\/wp-content\/uploads\/2015\/07\/4335-300x244.jpg\" alt=\"\" title=\"4335\" width=\"300\" height=\"244\" class=\"alignnone size-medium wp-image-42897\" srcset=\"http:\/\/museumek.eu\/wp-content\/uploads\/2015\/07\/4335-300x244.jpg 300w, http:\/\/museumek.eu\/wp-content\/uploads\/2015\/07\/4335-150x122.jpg 150w, http:\/\/museumek.eu\/wp-content\/uploads\/2015\/07\/4335-367x300.jpg 367w, http:\/\/museumek.eu\/wp-content\/uploads\/2015\/07\/4335.jpg 735w\" sizes=\"(max-width: 300px) 100vw, 300px\" \/><\/a><\/p>\n<p><a href=\"http:\/\/museumek.eu\/?attachment_id=42898\" rel=\"attachment wp-att-42898\"><img loading=\"lazy\" src=\"http:\/\/museumek.eu\/wp-content\/uploads\/2015\/07\/4332-300x207.jpg\" alt=\"\" title=\"4332\" width=\"300\" height=\"207\" class=\"alignnone size-medium wp-image-42898\" srcset=\"http:\/\/museumek.eu\/wp-content\/uploads\/2015\/07\/4332-300x207.jpg 300w, http:\/\/museumek.eu\/wp-content\/uploads\/2015\/07\/4332-150x103.jpg 150w, http:\/\/museumek.eu\/wp-content\/uploads\/2015\/07\/4332-433x300.jpg 433w, http:\/\/museumek.eu\/wp-content\/uploads\/2015\/07\/4332.jpg 800w\" sizes=\"(max-width: 300px) 100vw, 300px\" \/><\/a><\/p>\n<p><a href=\"http:\/\/museumek.eu\/?attachment_id=42899\" rel=\"attachment wp-att-42899\"><img loading=\"lazy\" src=\"http:\/\/museumek.eu\/wp-content\/uploads\/2015\/07\/4333-189x300.jpg\" alt=\"\" title=\"4333\" width=\"189\" height=\"300\" class=\"alignnone size-medium wp-image-42899\" srcset=\"http:\/\/museumek.eu\/wp-content\/uploads\/2015\/07\/4333-189x300.jpg 189w, http:\/\/museumek.eu\/wp-content\/uploads\/2015\/07\/4333-94x150.jpg 94w, http:\/\/museumek.eu\/wp-content\/uploads\/2015\/07\/4333.jpg 506w\" sizes=\"(max-width: 189px) 100vw, 189px\" \/><\/a><\/p>\n<p><a href=\"http:\/\/museumek.eu\/?attachment_id=42900\" rel=\"attachment wp-att-42900\"><img loading=\"lazy\" src=\"http:\/\/museumek.eu\/wp-content\/uploads\/2015\/07\/4334-189x300.jpg\" alt=\"\" title=\"4334\" width=\"189\" height=\"300\" class=\"alignnone size-medium wp-image-42900\" srcset=\"http:\/\/museumek.eu\/wp-content\/uploads\/2015\/07\/4334-189x300.jpg 189w, http:\/\/museumek.eu\/wp-content\/uploads\/2015\/07\/4334-94x150.jpg 94w, http:\/\/museumek.eu\/wp-content\/uploads\/2015\/07\/4334.jpg 505w\" sizes=\"(max-width: 189px) 100vw, 189px\" \/><\/a><\/p>\n<p><a href=\"http:\/\/museumek.eu\/?attachment_id=42901\" rel=\"attachment wp-att-42901\"><img loading=\"lazy\" src=\"http:\/\/museumek.eu\/wp-content\/uploads\/2015\/07\/4336-300x244.jpg\" alt=\"\" title=\"4336\" width=\"300\" height=\"244\" class=\"alignnone size-medium wp-image-42901\" srcset=\"http:\/\/museumek.eu\/wp-content\/uploads\/2015\/07\/4336-300x244.jpg 300w, http:\/\/museumek.eu\/wp-content\/uploads\/2015\/07\/4336-150x122.jpg 150w, http:\/\/museumek.eu\/wp-content\/uploads\/2015\/07\/4336-368x300.jpg 368w, http:\/\/museumek.eu\/wp-content\/uploads\/2015\/07\/4336.jpg 737w\" sizes=\"(max-width: 300px) 100vw, 300px\" \/><\/a><\/p>\n<p><a href=\"http:\/\/museumek.eu\/?attachment_id=42902\" rel=\"attachment wp-att-42902\"><img loading=\"lazy\" src=\"http:\/\/museumek.eu\/wp-content\/uploads\/2015\/07\/4337-300x201.jpg\" alt=\"\" title=\"4337\" width=\"300\" height=\"201\" class=\"alignnone size-medium wp-image-42902\" srcset=\"http:\/\/museumek.eu\/wp-content\/uploads\/2015\/07\/4337-300x201.jpg 300w, http:\/\/museumek.eu\/wp-content\/uploads\/2015\/07\/4337-150x100.jpg 150w, http:\/\/museumek.eu\/wp-content\/uploads\/2015\/07\/4337-446x300.jpg 446w, http:\/\/museumek.eu\/wp-content\/uploads\/2015\/07\/4337.jpg 800w\" sizes=\"(max-width: 300px) 100vw, 300px\" \/><\/a><\/p>\n<p><a href=\"http:\/\/museumek.eu\/?attachment_id=42903\" rel=\"attachment wp-att-42903\"><img loading=\"lazy\" src=\"http:\/\/museumek.eu\/wp-content\/uploads\/2015\/07\/4338-219x300.jpg\" alt=\"\" title=\"4338\" width=\"219\" height=\"300\" class=\"alignnone size-medium wp-image-42903\" srcset=\"http:\/\/museumek.eu\/wp-content\/uploads\/2015\/07\/4338-219x300.jpg 219w, http:\/\/museumek.eu\/wp-content\/uploads\/2015\/07\/4338-109x150.jpg 109w, http:\/\/museumek.eu\/wp-content\/uploads\/2015\/07\/4338.jpg 585w\" sizes=\"(max-width: 219px) 100vw, 219px\" \/><\/a><\/p>\n<p><a href=\"http:\/\/museumek.eu\/?attachment_id=42906\" rel=\"attachment wp-att-42906\"><img loading=\"lazy\" src=\"http:\/\/museumek.eu\/wp-content\/uploads\/2015\/07\/4339-269x300.jpg\" alt=\"\" title=\"4339\" width=\"269\" height=\"300\" class=\"alignnone size-medium wp-image-42906\" srcset=\"http:\/\/museumek.eu\/wp-content\/uploads\/2015\/07\/4339-269x300.jpg 269w, http:\/\/museumek.eu\/wp-content\/uploads\/2015\/07\/4339-134x150.jpg 134w, http:\/\/museumek.eu\/wp-content\/uploads\/2015\/07\/4339.jpg 600w\" sizes=\"(max-width: 269px) 100vw, 269px\" \/><\/a><\/p>\n<p><a href=\"http:\/\/museumek.eu\/?attachment_id=42907\" rel=\"attachment wp-att-42907\"><img loading=\"lazy\" src=\"http:\/\/museumek.eu\/wp-content\/uploads\/2015\/07\/4340-300x242.jpg\" alt=\"\" title=\"4340\" width=\"300\" height=\"242\" class=\"alignnone size-medium wp-image-42907\" srcset=\"http:\/\/museumek.eu\/wp-content\/uploads\/2015\/07\/4340-300x242.jpg 300w, http:\/\/museumek.eu\/wp-content\/uploads\/2015\/07\/4340-150x121.jpg 150w, http:\/\/museumek.eu\/wp-content\/uploads\/2015\/07\/4340-371x300.jpg 371w, http:\/\/museumek.eu\/wp-content\/uploads\/2015\/07\/4340.jpg 579w\" sizes=\"(max-width: 300px) 100vw, 300px\" \/><\/a><\/p>\n<p><a href=\"http:\/\/museumek.eu\/?attachment_id=42908\" rel=\"attachment wp-att-42908\"><img loading=\"lazy\" src=\"http:\/\/museumek.eu\/wp-content\/uploads\/2015\/07\/4341-300x281.jpg\" alt=\"\" title=\"4341\" width=\"300\" height=\"281\" class=\"alignnone size-medium wp-image-42908\" srcset=\"http:\/\/museumek.eu\/wp-content\/uploads\/2015\/07\/4341-300x281.jpg 300w, http:\/\/museumek.eu\/wp-content\/uploads\/2015\/07\/4341-150x140.jpg 150w, http:\/\/museumek.eu\/wp-content\/uploads\/2015\/07\/4341-320x300.jpg 320w, http:\/\/museumek.eu\/wp-content\/uploads\/2015\/07\/4341.jpg 640w\" sizes=\"(max-width: 300px) 100vw, 300px\" \/><\/a><\/p>\n","protected":false},"excerpt":{"rendered":"<p>Abteilung Deutschland, Keramik 1860 \u2013 1960, Inventarnummer D\/XXV\/3 Reps &#038; Trinte Kunstanstalt, Vereinigte Werkst\u00e4tten von Gebr\u00fcder Schultz, Berlin, Joh. Val. Vanni, Frankfurt a. M., A. Trinte, Neustadt Magdeburg, Carl Koch, Magdeburg, Deutschland, Magdeburg, um 1905, Figur Eule mit Schreibzeug auf &hellip; <a href=\"http:\/\/museumek.eu\/?page_id=11577\">Weiterlesen <span class=\"meta-nav\">&rarr;<\/span><\/a><\/p>\n","protected":false},"author":1,"featured_media":0,"parent":6413,"menu_order":3,"comment_status":"closed","ping_status":"open","template":"","meta":[],"_links":{"self":[{"href":"http:\/\/museumek.eu\/index.php?rest_route=\/wp\/v2\/pages\/11577"}],"collection":[{"href":"http:\/\/museumek.eu\/index.php?rest_route=\/wp\/v2\/pages"}],"about":[{"href":"http:\/\/museumek.eu\/index.php?rest_route=\/wp\/v2\/types\/page"}],"author":[{"embeddable":true,"href":"http:\/\/museumek.eu\/index.php?rest_route=\/wp\/v2\/users\/1"}],"replies":[{"embeddable":true,"href":"http:\/\/museumek.eu\/index.php?rest_route=%2Fwp%2Fv2%2Fcomments&post=11577"}],"version-history":[{"count":6,"href":"http:\/\/museumek.eu\/index.php?rest_route=\/wp\/v2\/pages\/11577\/revisions"}],"predecessor-version":[{"id":43076,"href":"http:\/\/museumek.eu\/index.php?rest_route=\/wp\/v2\/pages\/11577\/revisions\/43076"}],"up":[{"embeddable":true,"href":"http:\/\/museumek.eu\/index.php?rest_route=\/wp\/v2\/pages\/6413"}],"wp:attachment":[{"href":"http:\/\/museumek.eu\/index.php?rest_route=%2Fwp%2Fv2%2Fmedia&parent=11577"}],"curies":[{"name":"wp","href":"https:\/\/api.w.org\/{rel}","templated":true}]}}