{"id":1163,"date":"2011-08-15T00:59:29","date_gmt":"2011-08-14T22:59:29","guid":{"rendered":"http:\/\/museumek.eu\/?page_id=1163"},"modified":"2013-05-07T00:44:08","modified_gmt":"2013-05-06T22:44:08","slug":"axv11","status":"publish","type":"page","link":"http:\/\/museumek.eu\/?page_id=1163","title":{"rendered":"A\/XV\/11"},"content":{"rendered":"<p><strong>Abteilung Austria\/Ungarn\/B\u00f6hmen, Keramik 1860 \u2013 1960, Inventarnummer A\/XV\/11<\/strong><\/p>\n<p>Joh. Maresch Thon- und Steingutwaaren oder Nachf. (ab 1891) Ferdinand Maresch Kunstterracotten- Siderolith- und Majolikafabrik, B\u00f6hmen\/Austria, Aussig\/\u00dasti nad Labem, vor\/um 1900, Wandteller N\u00fcrnberg .Henkersteg., K\u00fcnstler unbekannt, Werks.-Nr. 5702, Exemplar Nr. ohne, gemarkt Firmenmarke mit JM (f\u00fcr Johann Maresch), ungedeuter Kreis sowie 5702 gepresst, Z\/v mit Bleistift gemalt, N\u00fcrnberg .Henkersteg. aufgelegt, nicht signiert, Literatur: Volker M\u00f6lle Riessner, Amphora, Die Porzellan- und Keramikmanufaktur in Nord-B\u00f6hmen, Seite 190, Beschreibung der Maresch\u2018schen Fabriken sowie Seite 196, Marke Nr. 56 identisch, Adolph B\u00e4r gr\u00fcndete um 1841 eine Keramikfabrik und firmierte als Adolph B\u00e4r, Terralith, 1851 \u00dcbergang in B\u00e4r &#038; Maresch mit den Inhabern Wilhelmine B\u00e4r und Johann Maresch, 1863 \u00dcbergang auf Johann Maresch und Firmierung als Joh. Maresch Thon- und Steingutwaaren, 1891 \u00dcbergang auf Ferdinand Maresch und Firmierung als Ferdinand Maresch Kunstterracotten- Siderolith- und Majolikafabrik, 1942 \u00dcbergang auf eine Kommanditgesellschaft und Firmierung als Ferd. Maresch Kommanditgesellschaft, um 1951 wohl Betriebsschlie\u00dfung oder Enteignung, die Kreismarke neben dem JM tritt mal ohne Inhalt und mal mit einer nicht gedeuteten Einpressung auf, manchmal fehlt sie oder wird durch eine Blumenst\u00f6ckl \u00e4hnliche Pressung ersetzt, im MEK Inventar gibt es alle 3 Varianten, siehe Porzellanmarken \u2013 Keramikmarken Verzeichnis, es ist davon auszugehen, dass die bereits von Johann Maresch benutzte Firmenmarke JM, nach dem Fabrik\u00fcbergang auf Ferdinand Maresch, von diesem weiter verwendet worden ist, siehe auch MEK A\/XV\/10 Pedant, Durchmesser 35,5 cm<\/p>\n<p><a href=\"http:\/\/museumek.eu\/wp-content\/uploads\/2011\/08\/Museum-Europ\u00e4ischer-Keramikkunst-Qualit\u00e4tsfotos-456.jpg\"><img loading=\"lazy\" src=\"http:\/\/museumek.eu\/wp-content\/uploads\/2011\/08\/Museum-Europ\u00e4ischer-Keramikkunst-Qualit\u00e4tsfotos-456-300x298.jpg\" alt=\"\" title=\"Museum Europ\u00e4ischer Keramikkunst Qualit\u00e4tsfotos 456\" width=\"300\" height=\"298\" class=\"alignnone size-medium wp-image-1164\" srcset=\"http:\/\/museumek.eu\/wp-content\/uploads\/2011\/08\/Museum-Europ\u00e4ischer-Keramikkunst-Qualit\u00e4tsfotos-456-300x298.jpg 300w, http:\/\/museumek.eu\/wp-content\/uploads\/2011\/08\/Museum-Europ\u00e4ischer-Keramikkunst-Qualit\u00e4tsfotos-456-150x150.jpg 150w, http:\/\/museumek.eu\/wp-content\/uploads\/2011\/08\/Museum-Europ\u00e4ischer-Keramikkunst-Qualit\u00e4tsfotos-456-301x300.jpg 301w, http:\/\/museumek.eu\/wp-content\/uploads\/2011\/08\/Museum-Europ\u00e4ischer-Keramikkunst-Qualit\u00e4tsfotos-456.jpg 751w\" sizes=\"(max-width: 300px) 100vw, 300px\" \/><\/a><\/p>\n<p><a href=\"http:\/\/museumek.eu\/wp-content\/uploads\/2011\/08\/Museum-Europ\u00e4ischer-Keramikkunst-803.jpg\"><img loading=\"lazy\" src=\"http:\/\/museumek.eu\/wp-content\/uploads\/2011\/08\/Museum-Europ\u00e4ischer-Keramikkunst-803-246x300.jpg\" alt=\"\" title=\"Museum Europ\u00e4ischer Keramikkunst 803\" width=\"246\" height=\"300\" class=\"alignnone size-medium wp-image-1165\" srcset=\"http:\/\/museumek.eu\/wp-content\/uploads\/2011\/08\/Museum-Europ\u00e4ischer-Keramikkunst-803-246x300.jpg 246w, http:\/\/museumek.eu\/wp-content\/uploads\/2011\/08\/Museum-Europ\u00e4ischer-Keramikkunst-803.jpg 596w\" sizes=\"(max-width: 246px) 100vw, 246px\" \/><\/a><\/p>\n<p><a href=\"http:\/\/museumek.eu\/wp-content\/uploads\/2011\/08\/Museum-Europ\u00e4ischer-Keramikkunst-804.jpg\"><img loading=\"lazy\" src=\"http:\/\/museumek.eu\/wp-content\/uploads\/2011\/08\/Museum-Europ\u00e4ischer-Keramikkunst-804-300x154.jpg\" alt=\"\" title=\"Museum Europ\u00e4ischer Keramikkunst 804\" width=\"300\" height=\"154\" class=\"alignnone size-medium wp-image-1166\" srcset=\"http:\/\/museumek.eu\/wp-content\/uploads\/2011\/08\/Museum-Europ\u00e4ischer-Keramikkunst-804-300x154.jpg 300w, http:\/\/museumek.eu\/wp-content\/uploads\/2011\/08\/Museum-Europ\u00e4ischer-Keramikkunst-804-500x257.jpg 500w, http:\/\/museumek.eu\/wp-content\/uploads\/2011\/08\/Museum-Europ\u00e4ischer-Keramikkunst-804.jpg 910w\" sizes=\"(max-width: 300px) 100vw, 300px\" \/><\/a><\/p>\n","protected":false},"excerpt":{"rendered":"<p>Abteilung Austria\/Ungarn\/B\u00f6hmen, Keramik 1860 \u2013 1960, Inventarnummer A\/XV\/11 Joh. Maresch Thon- und Steingutwaaren oder Nachf. (ab 1891) Ferdinand Maresch Kunstterracotten- Siderolith- und Majolikafabrik, B\u00f6hmen\/Austria, Aussig\/\u00dasti nad Labem, vor\/um 1900, Wandteller N\u00fcrnberg .Henkersteg., K\u00fcnstler unbekannt, Werks.-Nr. 5702, Exemplar Nr. ohne, gemarkt &hellip; <a href=\"http:\/\/museumek.eu\/?page_id=1163\">Weiterlesen <span class=\"meta-nav\">&rarr;<\/span><\/a><\/p>\n","protected":false},"author":1,"featured_media":0,"parent":1160,"menu_order":11,"comment_status":"closed","ping_status":"closed","template":"","meta":[],"_links":{"self":[{"href":"http:\/\/museumek.eu\/index.php?rest_route=\/wp\/v2\/pages\/1163"}],"collection":[{"href":"http:\/\/museumek.eu\/index.php?rest_route=\/wp\/v2\/pages"}],"about":[{"href":"http:\/\/museumek.eu\/index.php?rest_route=\/wp\/v2\/types\/page"}],"author":[{"embeddable":true,"href":"http:\/\/museumek.eu\/index.php?rest_route=\/wp\/v2\/users\/1"}],"replies":[{"embeddable":true,"href":"http:\/\/museumek.eu\/index.php?rest_route=%2Fwp%2Fv2%2Fcomments&post=1163"}],"version-history":[{"count":6,"href":"http:\/\/museumek.eu\/index.php?rest_route=\/wp\/v2\/pages\/1163\/revisions"}],"predecessor-version":[{"id":21496,"href":"http:\/\/museumek.eu\/index.php?rest_route=\/wp\/v2\/pages\/1163\/revisions\/21496"}],"up":[{"embeddable":true,"href":"http:\/\/museumek.eu\/index.php?rest_route=\/wp\/v2\/pages\/1160"}],"wp:attachment":[{"href":"http:\/\/museumek.eu\/index.php?rest_route=%2Fwp%2Fv2%2Fmedia&parent=1163"}],"curies":[{"name":"wp","href":"https:\/\/api.w.org\/{rel}","templated":true}]}}