{"id":11847,"date":"2012-07-15T17:43:53","date_gmt":"2012-07-15T15:43:53","guid":{"rendered":"http:\/\/museumek.eu\/?page_id=11847"},"modified":"2013-04-20T01:12:17","modified_gmt":"2013-04-19T23:12:17","slug":"dviii16","status":"publish","type":"page","link":"http:\/\/museumek.eu\/?page_id=11847","title":{"rendered":"D\/VIII\/16"},"content":{"rendered":"<p><strong>Abteilung Deutschland, Keramik 1860 \u2013 1960, Inventarnummer D\/VIII\/16<\/strong><\/p>\n<p>Manufaktur Villeroy &#038; Boch, Deutschland, Mettlach, um 1860, Baumstamm \u00e4hnliche Vase, mit Eichenbl\u00e4ttern und Eicheln, diese mit Platinauflage, K\u00fcnstler unbekannt, Werks.-Nr. unbekannt, Exemplar Nr. ohne, gemarkt Firmenmarke mit Krone, zwei V\u00f6geln, V B aufgelegt (Marke f\u00fcr die Zeit von 1844 \u2013 ca. 1860), III. geritzt, nicht signiert, Literatur: Gary Kirsner, The Mettlach Book, Seite 19, identische Marke, Seite 30 und Seite 54, Beschreibung der Platinstaffage sowie Seite 377, Abbildung des Kruges und Beschreibung als Vase, leaves, Kategorie early wares, H\u00f6he 20 cm, Breite 15,5 cm<\/p>\n<p><a href=\"http:\/\/museumek.eu\/wp-content\/uploads\/2012\/07\/Museum-Europ\u00e4ischer-Keramikkunst-1917.jpg\"><img loading=\"lazy\" src=\"http:\/\/museumek.eu\/wp-content\/uploads\/2012\/07\/Museum-Europ\u00e4ischer-Keramikkunst-1917-212x300.jpg\" alt=\"\" title=\"Museum Europ\u00e4ischer Keramikkunst 1917\" width=\"212\" height=\"300\" class=\"alignnone size-medium wp-image-11848\" srcset=\"http:\/\/museumek.eu\/wp-content\/uploads\/2012\/07\/Museum-Europ\u00e4ischer-Keramikkunst-1917-212x300.jpg 212w, http:\/\/museumek.eu\/wp-content\/uploads\/2012\/07\/Museum-Europ\u00e4ischer-Keramikkunst-1917.jpg 605w\" sizes=\"(max-width: 212px) 100vw, 212px\" \/><\/a><\/p>\n<p><a href=\"http:\/\/museumek.eu\/wp-content\/uploads\/2012\/07\/Museum-Europ\u00e4ischer-Keramikkunst-1918.jpg\"><img loading=\"lazy\" src=\"http:\/\/museumek.eu\/wp-content\/uploads\/2012\/07\/Museum-Europ\u00e4ischer-Keramikkunst-1918-300x126.jpg\" alt=\"\" title=\"Museum Europ\u00e4ischer Keramikkunst 1918\" width=\"300\" height=\"126\" class=\"alignnone size-medium wp-image-11849\" srcset=\"http:\/\/museumek.eu\/wp-content\/uploads\/2012\/07\/Museum-Europ\u00e4ischer-Keramikkunst-1918-300x126.jpg 300w, http:\/\/museumek.eu\/wp-content\/uploads\/2012\/07\/Museum-Europ\u00e4ischer-Keramikkunst-1918-500x211.jpg 500w, http:\/\/museumek.eu\/wp-content\/uploads\/2012\/07\/Museum-Europ\u00e4ischer-Keramikkunst-1918.jpg 803w\" sizes=\"(max-width: 300px) 100vw, 300px\" \/><\/a><\/p>\n","protected":false},"excerpt":{"rendered":"<p>Abteilung Deutschland, Keramik 1860 \u2013 1960, Inventarnummer D\/VIII\/16 Manufaktur Villeroy &#038; Boch, Deutschland, Mettlach, um 1860, Baumstamm \u00e4hnliche Vase, mit Eichenbl\u00e4ttern und Eicheln, diese mit Platinauflage, K\u00fcnstler unbekannt, Werks.-Nr. unbekannt, Exemplar Nr. ohne, gemarkt Firmenmarke mit Krone, zwei V\u00f6geln, V &hellip; <a href=\"http:\/\/museumek.eu\/?page_id=11847\">Weiterlesen <span class=\"meta-nav\">&rarr;<\/span><\/a><\/p>\n","protected":false},"author":1,"featured_media":0,"parent":11771,"menu_order":16,"comment_status":"closed","ping_status":"open","template":"","meta":[],"_links":{"self":[{"href":"http:\/\/museumek.eu\/index.php?rest_route=\/wp\/v2\/pages\/11847"}],"collection":[{"href":"http:\/\/museumek.eu\/index.php?rest_route=\/wp\/v2\/pages"}],"about":[{"href":"http:\/\/museumek.eu\/index.php?rest_route=\/wp\/v2\/types\/page"}],"author":[{"embeddable":true,"href":"http:\/\/museumek.eu\/index.php?rest_route=\/wp\/v2\/users\/1"}],"replies":[{"embeddable":true,"href":"http:\/\/museumek.eu\/index.php?rest_route=%2Fwp%2Fv2%2Fcomments&post=11847"}],"version-history":[{"count":4,"href":"http:\/\/museumek.eu\/index.php?rest_route=\/wp\/v2\/pages\/11847\/revisions"}],"predecessor-version":[{"id":20029,"href":"http:\/\/museumek.eu\/index.php?rest_route=\/wp\/v2\/pages\/11847\/revisions\/20029"}],"up":[{"embeddable":true,"href":"http:\/\/museumek.eu\/index.php?rest_route=\/wp\/v2\/pages\/11771"}],"wp:attachment":[{"href":"http:\/\/museumek.eu\/index.php?rest_route=%2Fwp%2Fv2%2Fmedia&parent=11847"}],"curies":[{"name":"wp","href":"https:\/\/api.w.org\/{rel}","templated":true}]}}