{"id":11888,"date":"2012-07-17T00:34:27","date_gmt":"2012-07-16T22:34:27","guid":{"rendered":"http:\/\/museumek.eu\/?page_id=11888"},"modified":"2012-07-17T00:34:27","modified_gmt":"2012-07-16T22:34:27","slug":"li1","status":"publish","type":"page","link":"http:\/\/museumek.eu\/?page_id=11888","title":{"rendered":"L\/I\/1"},"content":{"rendered":"<p><strong>Abteilung Luxemburg, Keramik 1860 \u2013 1960, Inventarnummer L\/I\/1<\/strong><\/p>\n<p>Manufaktur Villeroy &#038; Boch, Luxemburg, Septfontaines, um 1920, gro\u00dfe Vase mit drei floralen Henkeln und teilweiser kristalliner Laufglasur, K\u00fcnstler unbekannt, Werks.-Nr. unbekannt, Exemplar Nr. ohne, gemarkt V &#038; B Marke f\u00fcr Werk Septfontaines sowie 205 gepresst, 55. schwarz gemalt, nicht signiert, Literatur: Jana Kybalov\u00e0, Keramik-Marken aus aller Welt, Marke Nr. 1558 identisch, H\u00f6he 40 cm, Breite 25 cm<\/p>\n<p><a href=\"http:\/\/museumek.eu\/wp-content\/uploads\/2012\/07\/Museum-Europ\u00e4ischer-Keramikkunst-2611.jpg\"><img loading=\"lazy\" src=\"http:\/\/museumek.eu\/wp-content\/uploads\/2012\/07\/Museum-Europ\u00e4ischer-Keramikkunst-2611-183x300.jpg\" alt=\"\" title=\"Museum Europ\u00e4ischer Keramikkunst 2611\" width=\"183\" height=\"300\" class=\"alignnone size-medium wp-image-11889\" srcset=\"http:\/\/museumek.eu\/wp-content\/uploads\/2012\/07\/Museum-Europ\u00e4ischer-Keramikkunst-2611-183x300.jpg 183w, http:\/\/museumek.eu\/wp-content\/uploads\/2012\/07\/Museum-Europ\u00e4ischer-Keramikkunst-2611.jpg 593w\" sizes=\"(max-width: 183px) 100vw, 183px\" \/><\/a><\/p>\n<p><a href=\"http:\/\/museumek.eu\/wp-content\/uploads\/2012\/07\/Museum-Europ\u00e4ischer-Keramikkunst-2613.jpg\"><img loading=\"lazy\" src=\"http:\/\/museumek.eu\/wp-content\/uploads\/2012\/07\/Museum-Europ\u00e4ischer-Keramikkunst-2613-300x192.jpg\" alt=\"\" title=\"Museum Europ\u00e4ischer Keramikkunst 2613\" width=\"300\" height=\"192\" class=\"alignnone size-medium wp-image-11890\" srcset=\"http:\/\/museumek.eu\/wp-content\/uploads\/2012\/07\/Museum-Europ\u00e4ischer-Keramikkunst-2613-300x192.jpg 300w, http:\/\/museumek.eu\/wp-content\/uploads\/2012\/07\/Museum-Europ\u00e4ischer-Keramikkunst-2613-468x300.jpg 468w, http:\/\/museumek.eu\/wp-content\/uploads\/2012\/07\/Museum-Europ\u00e4ischer-Keramikkunst-2613.jpg 571w\" sizes=\"(max-width: 300px) 100vw, 300px\" \/><\/a><\/p>\n<p><a href=\"http:\/\/museumek.eu\/wp-content\/uploads\/2012\/07\/Museum-Europ\u00e4ischer-Keramikkunst-2614.jpg\"><img loading=\"lazy\" src=\"http:\/\/museumek.eu\/wp-content\/uploads\/2012\/07\/Museum-Europ\u00e4ischer-Keramikkunst-2614-176x300.jpg\" alt=\"\" title=\"Museum Europ\u00e4ischer Keramikkunst 2614\" width=\"176\" height=\"300\" class=\"alignnone size-medium wp-image-11891\" srcset=\"http:\/\/museumek.eu\/wp-content\/uploads\/2012\/07\/Museum-Europ\u00e4ischer-Keramikkunst-2614-176x300.jpg 176w, http:\/\/museumek.eu\/wp-content\/uploads\/2012\/07\/Museum-Europ\u00e4ischer-Keramikkunst-2614.jpg 345w\" sizes=\"(max-width: 176px) 100vw, 176px\" \/><\/a><\/p>\n","protected":false},"excerpt":{"rendered":"<p>Abteilung Luxemburg, Keramik 1860 \u2013 1960, Inventarnummer L\/I\/1 Manufaktur Villeroy &#038; Boch, Luxemburg, Septfontaines, um 1920, gro\u00dfe Vase mit drei floralen Henkeln und teilweiser kristalliner Laufglasur, K\u00fcnstler unbekannt, Werks.-Nr. unbekannt, Exemplar Nr. ohne, gemarkt V &#038; B Marke f\u00fcr Werk &hellip; <a href=\"http:\/\/museumek.eu\/?page_id=11888\">Weiterlesen <span class=\"meta-nav\">&rarr;<\/span><\/a><\/p>\n","protected":false},"author":1,"featured_media":0,"parent":11885,"menu_order":1,"comment_status":"closed","ping_status":"open","template":"","meta":[],"_links":{"self":[{"href":"http:\/\/museumek.eu\/index.php?rest_route=\/wp\/v2\/pages\/11888"}],"collection":[{"href":"http:\/\/museumek.eu\/index.php?rest_route=\/wp\/v2\/pages"}],"about":[{"href":"http:\/\/museumek.eu\/index.php?rest_route=\/wp\/v2\/types\/page"}],"author":[{"embeddable":true,"href":"http:\/\/museumek.eu\/index.php?rest_route=\/wp\/v2\/users\/1"}],"replies":[{"embeddable":true,"href":"http:\/\/museumek.eu\/index.php?rest_route=%2Fwp%2Fv2%2Fcomments&post=11888"}],"version-history":[{"count":2,"href":"http:\/\/museumek.eu\/index.php?rest_route=\/wp\/v2\/pages\/11888\/revisions"}],"predecessor-version":[{"id":11893,"href":"http:\/\/museumek.eu\/index.php?rest_route=\/wp\/v2\/pages\/11888\/revisions\/11893"}],"up":[{"embeddable":true,"href":"http:\/\/museumek.eu\/index.php?rest_route=\/wp\/v2\/pages\/11885"}],"wp:attachment":[{"href":"http:\/\/museumek.eu\/index.php?rest_route=%2Fwp%2Fv2%2Fmedia&parent=11888"}],"curies":[{"name":"wp","href":"https:\/\/api.w.org\/{rel}","templated":true}]}}