{"id":12100,"date":"2012-07-29T14:03:12","date_gmt":"2012-07-29T12:03:12","guid":{"rendered":"http:\/\/museumek.eu\/?page_id=12100"},"modified":"2012-09-02T13:38:56","modified_gmt":"2012-09-02T11:38:56","slug":"dl1","status":"publish","type":"page","link":"http:\/\/museumek.eu\/?page_id=12100","title":{"rendered":"D\/L\/1"},"content":{"rendered":"<p><strong>Abteilung Deutschland, Keramik 1860 \u2013 1960, Inventarnummer D\/L\/1<\/strong><\/p>\n<p>Manufaktur Winterling OHG, Deutschland, R\u00f6slau (vormals 1882 \u2013 1917 Oscar Schaller &#038; Co., Deutschland, Schwarzenbach, Oberpfalz, ab 1917 \u00dcbernahme und Umbenennung duch Winterling OHG, in Oscar Schaller &#038; Co. Nachfolger, dieser Betriebsteil hat dann so firmiert bis 1950\u2019 Jahre), um 1950, Teller mit floralem Dekor, K\u00fcnstler unbekannt, Werks.-Nr. ohne, Exemplar Nr. ohne, gemarkt gr\u00fcner Firmenfarbstempel (f\u00fcr Oscar Schaller &#038; Co. Nachfolger) f\u00fcr ca. 1950 mit Zusatz Bavaria, gr\u00fcner Trennstrich, darunter 81 gr\u00fcn gestempelt, nicht signiert, Literatur: Gustav Wei\u00df, Ullstein Porzellanbuch, Seite 302, Marke Nr. 2 identisch, weitere Literatur: Emanuel Poche, Porzellanmarken aus aller Welt, Marke Nr. 502 identisch, Goldrand und reichliches Golddekor, aufw\u00e4ndige Herstellung mit Randborte und netzartiger Struktur auf der Fahne, Durchmesser 28 cm<\/p>\n<p><a href=\"http:\/\/museumek.eu\/wp-content\/uploads\/2012\/07\/Museum-Europ\u00e4ischer-Keramikkunst-2570.jpg\"><img loading=\"lazy\" src=\"http:\/\/museumek.eu\/wp-content\/uploads\/2012\/07\/Museum-Europ\u00e4ischer-Keramikkunst-2570-300x288.jpg\" alt=\"\" title=\"Museum Europ\u00e4ischer Keramikkunst 2570\" width=\"300\" height=\"288\" class=\"alignnone size-medium wp-image-12101\" srcset=\"http:\/\/museumek.eu\/wp-content\/uploads\/2012\/07\/Museum-Europ\u00e4ischer-Keramikkunst-2570-300x288.jpg 300w, http:\/\/museumek.eu\/wp-content\/uploads\/2012\/07\/Museum-Europ\u00e4ischer-Keramikkunst-2570-312x300.jpg 312w, http:\/\/museumek.eu\/wp-content\/uploads\/2012\/07\/Museum-Europ\u00e4ischer-Keramikkunst-2570.jpg 747w\" sizes=\"(max-width: 300px) 100vw, 300px\" \/><\/a><\/p>\n<p><a href=\"http:\/\/museumek.eu\/wp-content\/uploads\/2012\/07\/Museum-Europ\u00e4ischer-Keramikkunst-2571.jpg\"><img loading=\"lazy\" src=\"http:\/\/museumek.eu\/wp-content\/uploads\/2012\/07\/Museum-Europ\u00e4ischer-Keramikkunst-2571-225x300.jpg\" alt=\"\" title=\"Museum Europ\u00e4ischer Keramikkunst 2571\" width=\"225\" height=\"300\" class=\"alignnone size-medium wp-image-12102\" srcset=\"http:\/\/museumek.eu\/wp-content\/uploads\/2012\/07\/Museum-Europ\u00e4ischer-Keramikkunst-2571-225x300.jpg 225w, http:\/\/museumek.eu\/wp-content\/uploads\/2012\/07\/Museum-Europ\u00e4ischer-Keramikkunst-2571.jpg 768w\" sizes=\"(max-width: 225px) 100vw, 225px\" \/><\/a><\/p>\n<p><a href=\"http:\/\/museumek.eu\/wp-content\/uploads\/2012\/07\/Museum-Europ\u00e4ischer-Keramikkunst-2572.jpg\"><img loading=\"lazy\" src=\"http:\/\/museumek.eu\/wp-content\/uploads\/2012\/07\/Museum-Europ\u00e4ischer-Keramikkunst-2572-300x202.jpg\" alt=\"\" title=\"Museum Europ\u00e4ischer Keramikkunst 2572\" width=\"300\" height=\"202\" class=\"alignnone size-medium wp-image-12103\" srcset=\"http:\/\/museumek.eu\/wp-content\/uploads\/2012\/07\/Museum-Europ\u00e4ischer-Keramikkunst-2572-300x202.jpg 300w, http:\/\/museumek.eu\/wp-content\/uploads\/2012\/07\/Museum-Europ\u00e4ischer-Keramikkunst-2572-444x300.jpg 444w, http:\/\/museumek.eu\/wp-content\/uploads\/2012\/07\/Museum-Europ\u00e4ischer-Keramikkunst-2572.jpg 1024w\" sizes=\"(max-width: 300px) 100vw, 300px\" \/><\/a><\/p>\n<p><a href=\"http:\/\/museumek.eu\/wp-content\/uploads\/2012\/07\/Museum-Europ\u00e4ischer-Keramikkunst-2574.jpg\"><img loading=\"lazy\" src=\"http:\/\/museumek.eu\/wp-content\/uploads\/2012\/07\/Museum-Europ\u00e4ischer-Keramikkunst-2574-242x300.jpg\" alt=\"\" title=\"Museum Europ\u00e4ischer Keramikkunst 2574\" width=\"242\" height=\"300\" class=\"alignnone size-medium wp-image-12104\" srcset=\"http:\/\/museumek.eu\/wp-content\/uploads\/2012\/07\/Museum-Europ\u00e4ischer-Keramikkunst-2574-242x300.jpg 242w, http:\/\/museumek.eu\/wp-content\/uploads\/2012\/07\/Museum-Europ\u00e4ischer-Keramikkunst-2574.jpg 313w\" sizes=\"(max-width: 242px) 100vw, 242px\" \/><\/a><\/p>\n","protected":false},"excerpt":{"rendered":"<p>Abteilung Deutschland, Keramik 1860 \u2013 1960, Inventarnummer D\/L\/1 Manufaktur Winterling OHG, Deutschland, R\u00f6slau (vormals 1882 \u2013 1917 Oscar Schaller &#038; Co., Deutschland, Schwarzenbach, Oberpfalz, ab 1917 \u00dcbernahme und Umbenennung duch Winterling OHG, in Oscar Schaller &#038; Co. Nachfolger, dieser Betriebsteil &hellip; <a href=\"http:\/\/museumek.eu\/?page_id=12100\">Weiterlesen <span class=\"meta-nav\">&rarr;<\/span><\/a><\/p>\n","protected":false},"author":1,"featured_media":0,"parent":12096,"menu_order":1,"comment_status":"closed","ping_status":"open","template":"","meta":[],"_links":{"self":[{"href":"http:\/\/museumek.eu\/index.php?rest_route=\/wp\/v2\/pages\/12100"}],"collection":[{"href":"http:\/\/museumek.eu\/index.php?rest_route=\/wp\/v2\/pages"}],"about":[{"href":"http:\/\/museumek.eu\/index.php?rest_route=\/wp\/v2\/types\/page"}],"author":[{"embeddable":true,"href":"http:\/\/museumek.eu\/index.php?rest_route=\/wp\/v2\/users\/1"}],"replies":[{"embeddable":true,"href":"http:\/\/museumek.eu\/index.php?rest_route=%2Fwp%2Fv2%2Fcomments&post=12100"}],"version-history":[{"count":3,"href":"http:\/\/museumek.eu\/index.php?rest_route=\/wp\/v2\/pages\/12100\/revisions"}],"predecessor-version":[{"id":13183,"href":"http:\/\/museumek.eu\/index.php?rest_route=\/wp\/v2\/pages\/12100\/revisions\/13183"}],"up":[{"embeddable":true,"href":"http:\/\/museumek.eu\/index.php?rest_route=\/wp\/v2\/pages\/12096"}],"wp:attachment":[{"href":"http:\/\/museumek.eu\/index.php?rest_route=%2Fwp%2Fv2%2Fmedia&parent=12100"}],"curies":[{"name":"wp","href":"https:\/\/api.w.org\/{rel}","templated":true}]}}