{"id":12277,"date":"2012-08-05T14:50:17","date_gmt":"2012-08-05T12:50:17","guid":{"rendered":"http:\/\/museumek.eu\/?page_id=12277"},"modified":"2013-04-20T01:16:06","modified_gmt":"2013-04-19T23:16:06","slug":"dviii19","status":"publish","type":"page","link":"http:\/\/museumek.eu\/?page_id=12277","title":{"rendered":"D\/VIII\/19"},"content":{"rendered":"<p><strong>Abteilung Deutschland, Keramik 1860 \u2013 1960, Inventarnummer D\/VIII\/19<\/strong><\/p>\n<p>Manufaktur Villeroy &#038; Boch, Deutschland, Dresden, 1901, Teller aus dem Service \u201ePommern\u201c, K\u00fcnstler Joseph Maria Olbrich (attr.), Werks.-Nr. ohne, Exemplar Nr. ohne, Firmenmarke mit Merkur, Villeroy &#038; Boch sowie Dresden brauner Stempel unter Glasur, Pressstempel mit nicht gedeuteten Buchstaben und Zahlen, nicht gedeutete Zeichen blau gemalt, nicht signiert, Ausf\u00fchrung als Steingutscherben mit ornamental verschlungenem Bandmotiv, Literatur: Jana Kybalov\u00e1, Keramik-Marken aus aller Welt, Marke Nr. 1671 identisch, weitere Literatur: Brigitte Reuter, Museum f\u00fcr Kunst und Gewerbe, Die Jugendstilsammlung, Band 4: K\u00fcnstler S \u2013 Z, Seite 319, Beschreibung der Manufaktur sowie Seite 320, Abbildung 2242 identischer Teller Inv. Nr. 1988.235.a-b. (dort mit Literaturverweis: Mettlach 1992, Nr. 83, Entwurf m\u00f6glichweise Olbrich), siehe auch Auktionshaus von Zezschitz, M\u00fcnchen, Auktion vom 14.11.2003, weitere Teile des Service, siehe auch MEK D\/VII\/17 und MEK\/VIII\/18, Durchmesser 24,5 cm<\/p>\n<p><a href=\"http:\/\/museumek.eu\/wp-content\/uploads\/2012\/08\/Museum-Europ\u00e4ischer-Keramikkunst-2689.jpg\"><img loading=\"lazy\" src=\"http:\/\/museumek.eu\/wp-content\/uploads\/2012\/08\/Museum-Europ\u00e4ischer-Keramikkunst-2689-300x293.jpg\" alt=\"\" title=\"Museum Europ\u00e4ischer Keramikkunst 2689\" width=\"300\" height=\"293\" class=\"alignnone size-medium wp-image-12278\" srcset=\"http:\/\/museumek.eu\/wp-content\/uploads\/2012\/08\/Museum-Europ\u00e4ischer-Keramikkunst-2689-300x293.jpg 300w, http:\/\/museumek.eu\/wp-content\/uploads\/2012\/08\/Museum-Europ\u00e4ischer-Keramikkunst-2689-306x300.jpg 306w, http:\/\/museumek.eu\/wp-content\/uploads\/2012\/08\/Museum-Europ\u00e4ischer-Keramikkunst-2689.jpg 727w\" sizes=\"(max-width: 300px) 100vw, 300px\" \/><\/a><\/p>\n<p><a href=\"http:\/\/museumek.eu\/wp-content\/uploads\/2012\/08\/Museum-Europ\u00e4ischer-Keramikkunst-2690.jpg\"><img loading=\"lazy\" src=\"http:\/\/museumek.eu\/wp-content\/uploads\/2012\/08\/Museum-Europ\u00e4ischer-Keramikkunst-2690-161x300.jpg\" alt=\"\" title=\"Museum Europ\u00e4ischer Keramikkunst 2690\" width=\"161\" height=\"300\" class=\"alignnone size-medium wp-image-12279\" \/><\/a><\/p>\n<p><a href=\"http:\/\/museumek.eu\/wp-content\/uploads\/2012\/08\/Museum-Europ\u00e4ischer-Keramikkunst-2691.jpg\"><img loading=\"lazy\" src=\"http:\/\/museumek.eu\/wp-content\/uploads\/2012\/08\/Museum-Europ\u00e4ischer-Keramikkunst-2691-300x146.jpg\" alt=\"\" title=\"Museum Europ\u00e4ischer Keramikkunst 2691\" width=\"300\" height=\"146\" class=\"alignnone size-medium wp-image-12280\" srcset=\"http:\/\/museumek.eu\/wp-content\/uploads\/2012\/08\/Museum-Europ\u00e4ischer-Keramikkunst-2691-300x146.jpg 300w, http:\/\/museumek.eu\/wp-content\/uploads\/2012\/08\/Museum-Europ\u00e4ischer-Keramikkunst-2691-500x244.jpg 500w, http:\/\/museumek.eu\/wp-content\/uploads\/2012\/08\/Museum-Europ\u00e4ischer-Keramikkunst-2691.jpg 741w\" sizes=\"(max-width: 300px) 100vw, 300px\" \/><\/a><\/p>\n<p><a href=\"http:\/\/museumek.eu\/wp-content\/uploads\/2012\/08\/Museum-Europ\u00e4ischer-Keramikkunst-27003.jpg\"><img loading=\"lazy\" src=\"http:\/\/museumek.eu\/wp-content\/uploads\/2012\/08\/Museum-Europ\u00e4ischer-Keramikkunst-27003-174x300.jpg\" alt=\"\" title=\"Museum Europ\u00e4ischer Keramikkunst 2700\" width=\"174\" height=\"300\" class=\"alignnone size-medium wp-image-12281\" srcset=\"http:\/\/museumek.eu\/wp-content\/uploads\/2012\/08\/Museum-Europ\u00e4ischer-Keramikkunst-27003-174x300.jpg 174w, http:\/\/museumek.eu\/wp-content\/uploads\/2012\/08\/Museum-Europ\u00e4ischer-Keramikkunst-27003.jpg 359w\" sizes=\"(max-width: 174px) 100vw, 174px\" \/><\/a><\/p>\n","protected":false},"excerpt":{"rendered":"<p>Abteilung Deutschland, Keramik 1860 \u2013 1960, Inventarnummer D\/VIII\/19 Manufaktur Villeroy &#038; Boch, Deutschland, Dresden, 1901, Teller aus dem Service \u201ePommern\u201c, K\u00fcnstler Joseph Maria Olbrich (attr.), Werks.-Nr. ohne, Exemplar Nr. ohne, Firmenmarke mit Merkur, Villeroy &#038; Boch sowie Dresden brauner Stempel &hellip; <a href=\"http:\/\/museumek.eu\/?page_id=12277\">Weiterlesen <span class=\"meta-nav\">&rarr;<\/span><\/a><\/p>\n","protected":false},"author":1,"featured_media":0,"parent":11771,"menu_order":19,"comment_status":"closed","ping_status":"open","template":"","meta":[],"_links":{"self":[{"href":"http:\/\/museumek.eu\/index.php?rest_route=\/wp\/v2\/pages\/12277"}],"collection":[{"href":"http:\/\/museumek.eu\/index.php?rest_route=\/wp\/v2\/pages"}],"about":[{"href":"http:\/\/museumek.eu\/index.php?rest_route=\/wp\/v2\/types\/page"}],"author":[{"embeddable":true,"href":"http:\/\/museumek.eu\/index.php?rest_route=\/wp\/v2\/users\/1"}],"replies":[{"embeddable":true,"href":"http:\/\/museumek.eu\/index.php?rest_route=%2Fwp%2Fv2%2Fcomments&post=12277"}],"version-history":[{"count":6,"href":"http:\/\/museumek.eu\/index.php?rest_route=\/wp\/v2\/pages\/12277\/revisions"}],"predecessor-version":[{"id":20032,"href":"http:\/\/museumek.eu\/index.php?rest_route=\/wp\/v2\/pages\/12277\/revisions\/20032"}],"up":[{"embeddable":true,"href":"http:\/\/museumek.eu\/index.php?rest_route=\/wp\/v2\/pages\/11771"}],"wp:attachment":[{"href":"http:\/\/museumek.eu\/index.php?rest_route=%2Fwp%2Fv2%2Fmedia&parent=12277"}],"curies":[{"name":"wp","href":"https:\/\/api.w.org\/{rel}","templated":true}]}}