{"id":12321,"date":"2012-08-11T10:50:43","date_gmt":"2012-08-11T08:50:43","guid":{"rendered":"http:\/\/museumek.eu\/?page_id=12321"},"modified":"2021-05-09T20:07:49","modified_gmt":"2021-05-09T18:07:49","slug":"dii11","status":"publish","type":"page","link":"http:\/\/museumek.eu\/?page_id=12321","title":{"rendered":"D\/II\/11"},"content":{"rendered":"<p><strong>Abteilung Deutschland, Keramik 1860 \u2013 1960, Inventarnummer D\/II\/11<\/strong><\/p>\n<p>Gro\u00dfherzogliche Majolika-Manufaktur und Nachf. Gro\u00dfherzogliche Majolika-Manufaktur Kunstkeramische Werkst\u00e4tten und Nachf. Gro\u00dfherzogliche Majolika-Manufaktur Karlsruhe Kunstkeramische Werkst\u00e4tten GmbH und Nachf. Gro\u00dfherzogliche Majolika-Manufaktur AG und Nachf. Staatliche Majolika-Manufaktur AG, Deutschland, Karlsruhe, um 1935, Teedose, K\u00fcnstler Gustav Heinkel, Werks.-Nr. 3968, Exemplar Nr. ohne, gemarkt Firmenmarke Krone des Gro\u00dfherzogs, darunter das badische Wappenschild, darunter zwei miteinander verbundene M (f\u00fcr Majolika-Manufaktur), darunter Karlsruhe (seit den 1920&#8242; Jahren, wurde die Zusatzbezeichnung Karlsruhe mit verwendet) mitgegossen und sowie 3968 mitgegossen, nicht signiert, Literatur: Monika Bachmayer und Peter Schmitt, Karlsruher Majolika 1901 bis 2001, Seite 115, Werksverzeichnis, dort 3968 aufgef\u00fchrt, dort mit Teedose bezeichnet, dort Heinkel zugeordnet, dort Jahresangabe 1933 &#8211; 1962 sowie Seite 231, Marke Nr. 8 identisch, die Anf\u00e4nge der Manufaktur gehen zur\u00fcck bis auf das Engagement von Hans Thoma um 1895, der dann auch die Firmenmarke entwarf und die Gr\u00fcndung des Ceramischen Atelier Kronberg im Taunus durch Wilhelm S\u00fc\u00df und Karl Vogel um 1900, welches 1901 nach Karlsruhe umzog und damit den Grundstein legte, f\u00fcr die Gro\u00dfherzogliche Manufaktur, deren Bau durch Herzog Friedrich I. 1901 bewilligt und vollzogen wurde, bereits Ende 1901 begann die Manufaktur mit der Produktion, Firmierung Gro\u00dfherzogliche Majolika-Manufaktur, Wilhelm S\u00fc\u00df wurde Direktor und C. F. Otto M\u00fcller in Karlsruhe, \u00fcbernahm den Vertrieb bis 1907 als Generalverteter, 1909 wurde die Manufaktur in einen Neubau auf den herzoglichen Grund im Hardtwald verlegt, zur gleichen Zeit wurden zum Namen der Manufaktur die beiden Worte: Kunstkeramische Werkst\u00e4tten hinzugef\u00fcgt, Firmierung nun Gro\u00dfherzogliche Majolika-Manufaktur Kunstkeramische Werkst\u00e4tten, 1912 wurde die Manufaktur ins Handelsregister eingetragen, am 01. Juli 1919 wurde die Manufaktur an den als Direktor der Manufaktur t\u00e4tigen August Fricke und die beiden Industriellen Hans Duensing und Max Bicheroux verpachtet, am 25. M\u00e4rz 1919 ging die Manufaktur in den Besitz des Badischen Staates \u00fcber, am 01. Januar 1921 wurde die Manufaktur GmbH, Firmierung Gro\u00dfherzogliche Majolika-Manufaktur Karlsruhe Kunstkeramische Werkst\u00e4tten GmbH, am 31. Mai 1922 wurde die Manufaktur AG, Firmierung Gro\u00dfherzogliche Majolika-Manufaktur AG, ungef\u00e4hr zur gleichen Zeit wurden Kunstateliers f\u00fcr Max Laeuger, Ludwig K\u00f6nig und Paul Speck eingerichtet, 1923 wurde eine Abteilung f\u00fcr kirchliche Kunst eingerichtet, 1927 \u00e4nderte sich die Firmierung in Staatliche Majolika-Manufaktur AG, die Manufaktur arbeitet in geringem Ausma\u00df noch heute, H\u00f6he 11,7 cm, Breite 10 cm<\/p>\n<p><a href=\"http:\/\/museumek.eu\/wp-content\/uploads\/2012\/08\/Museum-Europ\u00e4ischer-Keramikkunst-2749.jpg\"><img loading=\"lazy\" src=\"http:\/\/museumek.eu\/wp-content\/uploads\/2012\/08\/Museum-Europ\u00e4ischer-Keramikkunst-2749-228x300.jpg\" alt=\"\" title=\"Museum Europ\u00e4ischer Keramikkunst 2749\" width=\"228\" height=\"300\" class=\"alignnone size-medium wp-image-12322\" srcset=\"http:\/\/museumek.eu\/wp-content\/uploads\/2012\/08\/Museum-Europ\u00e4ischer-Keramikkunst-2749-228x300.jpg 228w, http:\/\/museumek.eu\/wp-content\/uploads\/2012\/08\/Museum-Europ\u00e4ischer-Keramikkunst-2749.jpg 567w\" sizes=\"(max-width: 228px) 100vw, 228px\" \/><\/a><\/p>\n<p><a href=\"http:\/\/museumek.eu\/wp-content\/uploads\/2012\/08\/Museum-Europ\u00e4ischer-Keramikkunst-27501.jpg\"><img loading=\"lazy\" src=\"http:\/\/museumek.eu\/wp-content\/uploads\/2012\/08\/Museum-Europ\u00e4ischer-Keramikkunst-27501-300x300.jpg\" alt=\"\" title=\"Museum Europ\u00e4ischer Keramikkunst 2750\" width=\"300\" height=\"300\" class=\"alignnone size-medium wp-image-12324\" srcset=\"http:\/\/museumek.eu\/wp-content\/uploads\/2012\/08\/Museum-Europ\u00e4ischer-Keramikkunst-27501-300x300.jpg 300w, http:\/\/museumek.eu\/wp-content\/uploads\/2012\/08\/Museum-Europ\u00e4ischer-Keramikkunst-27501-150x150.jpg 150w, http:\/\/museumek.eu\/wp-content\/uploads\/2012\/08\/Museum-Europ\u00e4ischer-Keramikkunst-27501.jpg 690w\" sizes=\"(max-width: 300px) 100vw, 300px\" \/><\/a><\/p>\n<p><a href=\"http:\/\/museumek.eu\/wp-content\/uploads\/2012\/08\/Museum-Europ\u00e4ischer-Keramikkunst-2752.jpg\"><img loading=\"lazy\" src=\"http:\/\/museumek.eu\/wp-content\/uploads\/2012\/08\/Museum-Europ\u00e4ischer-Keramikkunst-2752-204x300.jpg\" alt=\"\" title=\"Museum Europ\u00e4ischer Keramikkunst 2752\" width=\"204\" height=\"300\" class=\"alignnone size-medium wp-image-12325\" srcset=\"http:\/\/museumek.eu\/wp-content\/uploads\/2012\/08\/Museum-Europ\u00e4ischer-Keramikkunst-2752-204x300.jpg 204w, http:\/\/museumek.eu\/wp-content\/uploads\/2012\/08\/Museum-Europ\u00e4ischer-Keramikkunst-2752.jpg 377w\" sizes=\"(max-width: 204px) 100vw, 204px\" \/><\/a><\/p>\n","protected":false},"excerpt":{"rendered":"<p>Abteilung Deutschland, Keramik 1860 \u2013 1960, Inventarnummer D\/II\/11 Gro\u00dfherzogliche Majolika-Manufaktur und Nachf. Gro\u00dfherzogliche Majolika-Manufaktur Kunstkeramische Werkst\u00e4tten und Nachf. Gro\u00dfherzogliche Majolika-Manufaktur Karlsruhe Kunstkeramische Werkst\u00e4tten GmbH und Nachf. Gro\u00dfherzogliche Majolika-Manufaktur AG und Nachf. Staatliche Majolika-Manufaktur AG, Deutschland, Karlsruhe, um 1935, Teedose, K\u00fcnstler &hellip; <a href=\"http:\/\/museumek.eu\/?page_id=12321\">Weiterlesen <span class=\"meta-nav\">&rarr;<\/span><\/a><\/p>\n","protected":false},"author":1,"featured_media":0,"parent":12318,"menu_order":11,"comment_status":"closed","ping_status":"open","template":"","meta":[],"_links":{"self":[{"href":"http:\/\/museumek.eu\/index.php?rest_route=\/wp\/v2\/pages\/12321"}],"collection":[{"href":"http:\/\/museumek.eu\/index.php?rest_route=\/wp\/v2\/pages"}],"about":[{"href":"http:\/\/museumek.eu\/index.php?rest_route=\/wp\/v2\/types\/page"}],"author":[{"embeddable":true,"href":"http:\/\/museumek.eu\/index.php?rest_route=\/wp\/v2\/users\/1"}],"replies":[{"embeddable":true,"href":"http:\/\/museumek.eu\/index.php?rest_route=%2Fwp%2Fv2%2Fcomments&post=12321"}],"version-history":[{"count":5,"href":"http:\/\/museumek.eu\/index.php?rest_route=\/wp\/v2\/pages\/12321\/revisions"}],"predecessor-version":[{"id":56797,"href":"http:\/\/museumek.eu\/index.php?rest_route=\/wp\/v2\/pages\/12321\/revisions\/56797"}],"up":[{"embeddable":true,"href":"http:\/\/museumek.eu\/index.php?rest_route=\/wp\/v2\/pages\/12318"}],"wp:attachment":[{"href":"http:\/\/museumek.eu\/index.php?rest_route=%2Fwp%2Fv2%2Fmedia&parent=12321"}],"curies":[{"name":"wp","href":"https:\/\/api.w.org\/{rel}","templated":true}]}}