{"id":12599,"date":"2012-08-20T20:46:40","date_gmt":"2012-08-20T18:46:40","guid":{"rendered":"http:\/\/museumek.eu\/?page_id=12599"},"modified":"2013-04-26T15:23:37","modified_gmt":"2013-04-26T13:23:37","slug":"kurzbiografie-und-inventar-zum-kunstler","status":"publish","type":"page","link":"http:\/\/museumek.eu\/?page_id=12599","title":{"rendered":"Kurzbiografie und Inventar zum K\u00fcnstler"},"content":{"rendered":"<p>Joan Mir\u00f3 i Ferr\u00e0 wurde am 20.04.1893 in Barcelona geboren. Er starb am 25.12.1983 in Palma de Mallorca. W\u00e4hrend seiner kaufm\u00e4nnischen Asubildung nahm er zus\u00e4tzlich Kunstunterricht. Er war ein gro\u00dfer Vertreter der klassischen Moderne, beeinflusst vom Kubismus und Fauvismus, pers\u00f6nlich bekannt mit Picabia, Picasso und Artigas. Sein wohl bekanntestes Werk im \u00f6ffentlichen Raum sind die Keramikw\u00e4nde im UNESCO Geb\u00e4ude in Paris. \u00dcber Artigas kam er zur Keramik und entwarf bzw. fertigte ca. 400 Keramiken.<\/p>\n<p><strong>Abteilung Frankreich, Keramik 1860 \u2013 1960, Inventarnummer F\/XXV\/1<\/strong><\/p>\n<p>Joan Mir\u00f3 i Ferr\u00e0, Frankreich, Taurinya, Schale, ca. 1950, K\u00fcnstler Joan Mir\u00f3 i Ferr\u00e0, Werksnummer 66 (? Jahreszahl 1966), Exemplar Nr. 66 (? St\u00fccknummer), gemarkt J.P.B. schwer lesbar, ligiert Fmiro, Taurinya, 66 sowie France schwarz Unterglasur gemalt, signiert = gemarkt, Literatur: Sammlung Silzer, Hessisches Landesmuseum Darmstadt, Europ\u00e4ische Keramik 1880 \u2013 1930, Seite 144, K\u00fcnstlerkurzbiografie und Abbildung eines Keramiktellers sowie Seite 212, Marke Nr. 179 identisch (f ligiert mit miro), Miro hat ca. 400 keramische Objekte entworfen, deshalb sind selbst im Internet nur wenige St\u00fccke zu finden, siehe amerikanisches Auktionshaus, Jahr 2010, keramische Schale mit gleicher Markung zum Aufrufpreis von 6.000 \u2013 7.000 US Dollar, ansonsten konnte nicht recherchiert werden, welcher Zusammenhang sich aus der franz. Stadt Taurinya zu Miro\u2019s Keramiken ergibt, evtl. handelt es sich um eine Miro Edition einer keramischen Manufaktur in Taurinya, \u00e4hnlich der Madoura Edition von Picasso, H\u00f6he 4,3 cm, Breite 21 cm<\/p>\n<p><a href=\"http:\/\/museumek.eu\/wp-content\/uploads\/2012\/08\/Museum-Europ\u00e4ischer-Keramikkunst-2345.jpg\"><img loading=\"lazy\" src=\"http:\/\/museumek.eu\/wp-content\/uploads\/2012\/08\/Museum-Europ\u00e4ischer-Keramikkunst-2345-300x266.jpg\" alt=\"\" title=\"Museum Europ\u00e4ischer Keramikkunst 2345\" width=\"300\" height=\"266\" class=\"alignnone size-medium wp-image-12557\" srcset=\"http:\/\/museumek.eu\/wp-content\/uploads\/2012\/08\/Museum-Europ\u00e4ischer-Keramikkunst-2345-300x266.jpg 300w, http:\/\/museumek.eu\/wp-content\/uploads\/2012\/08\/Museum-Europ\u00e4ischer-Keramikkunst-2345-337x300.jpg 337w, http:\/\/museumek.eu\/wp-content\/uploads\/2012\/08\/Museum-Europ\u00e4ischer-Keramikkunst-2345.jpg 770w\" sizes=\"(max-width: 300px) 100vw, 300px\" \/><\/a><\/p>\n<p><a href=\"http:\/\/museumek.eu\/wp-content\/uploads\/2012\/08\/Museum-Europ\u00e4ischer-Keramikkunst-2348.jpg\"><img loading=\"lazy\" src=\"http:\/\/museumek.eu\/wp-content\/uploads\/2012\/08\/Museum-Europ\u00e4ischer-Keramikkunst-2348-300x237.jpg\" alt=\"\" title=\"Museum Europ\u00e4ischer Keramikkunst 2348\" width=\"300\" height=\"237\" class=\"alignnone size-medium wp-image-12558\" srcset=\"http:\/\/museumek.eu\/wp-content\/uploads\/2012\/08\/Museum-Europ\u00e4ischer-Keramikkunst-2348-300x237.jpg 300w, http:\/\/museumek.eu\/wp-content\/uploads\/2012\/08\/Museum-Europ\u00e4ischer-Keramikkunst-2348-378x300.jpg 378w, http:\/\/museumek.eu\/wp-content\/uploads\/2012\/08\/Museum-Europ\u00e4ischer-Keramikkunst-2348.jpg 859w\" sizes=\"(max-width: 300px) 100vw, 300px\" \/><\/a><\/p>\n<p><a href=\"http:\/\/museumek.eu\/wp-content\/uploads\/2012\/08\/Museum-Europ\u00e4ischer-Keramikkunst-2347.jpg\"><img loading=\"lazy\" src=\"http:\/\/museumek.eu\/wp-content\/uploads\/2012\/08\/Museum-Europ\u00e4ischer-Keramikkunst-2347-271x300.jpg\" alt=\"\" title=\"Museum Europ\u00e4ischer Keramikkunst 2347\" width=\"271\" height=\"300\" class=\"alignnone size-medium wp-image-12559\" srcset=\"http:\/\/museumek.eu\/wp-content\/uploads\/2012\/08\/Museum-Europ\u00e4ischer-Keramikkunst-2347-271x300.jpg 271w, http:\/\/museumek.eu\/wp-content\/uploads\/2012\/08\/Museum-Europ\u00e4ischer-Keramikkunst-2347.jpg 599w\" sizes=\"(max-width: 271px) 100vw, 271px\" \/><\/a><\/p>\n<p><a href=\"http:\/\/museumek.eu\/wp-content\/uploads\/2012\/08\/Z-Miro-US-Dollar-Sch\u00e4tzung.jpg\"><img loading=\"lazy\" src=\"http:\/\/museumek.eu\/wp-content\/uploads\/2012\/08\/Z-Miro-US-Dollar-Sch\u00e4tzung-300x120.jpg\" alt=\"\" title=\"Z Miro US Dollar Sch\u00e4tzung\" width=\"300\" height=\"120\" class=\"alignnone size-medium wp-image-12560\" srcset=\"http:\/\/museumek.eu\/wp-content\/uploads\/2012\/08\/Z-Miro-US-Dollar-Sch\u00e4tzung-300x120.jpg 300w, http:\/\/museumek.eu\/wp-content\/uploads\/2012\/08\/Z-Miro-US-Dollar-Sch\u00e4tzung-1024x412.jpg 1024w, http:\/\/museumek.eu\/wp-content\/uploads\/2012\/08\/Z-Miro-US-Dollar-Sch\u00e4tzung-500x201.jpg 500w, http:\/\/museumek.eu\/wp-content\/uploads\/2012\/08\/Z-Miro-US-Dollar-Sch\u00e4tzung.jpg 1158w\" sizes=\"(max-width: 300px) 100vw, 300px\" \/><\/a><\/p>\n","protected":false},"excerpt":{"rendered":"<p>Joan Mir\u00f3 i Ferr\u00e0 wurde am 20.04.1893 in Barcelona geboren. Er starb am 25.12.1983 in Palma de Mallorca. W\u00e4hrend seiner kaufm\u00e4nnischen Asubildung nahm er zus\u00e4tzlich Kunstunterricht. Er war ein gro\u00dfer Vertreter der klassischen Moderne, beeinflusst vom Kubismus und Fauvismus, pers\u00f6nlich &hellip; <a href=\"http:\/\/museumek.eu\/?page_id=12599\">Weiterlesen <span class=\"meta-nav\">&rarr;<\/span><\/a><\/p>\n","protected":false},"author":1,"featured_media":0,"parent":12596,"menu_order":1,"comment_status":"closed","ping_status":"open","template":"","meta":[],"_links":{"self":[{"href":"http:\/\/museumek.eu\/index.php?rest_route=\/wp\/v2\/pages\/12599"}],"collection":[{"href":"http:\/\/museumek.eu\/index.php?rest_route=\/wp\/v2\/pages"}],"about":[{"href":"http:\/\/museumek.eu\/index.php?rest_route=\/wp\/v2\/types\/page"}],"author":[{"embeddable":true,"href":"http:\/\/museumek.eu\/index.php?rest_route=\/wp\/v2\/users\/1"}],"replies":[{"embeddable":true,"href":"http:\/\/museumek.eu\/index.php?rest_route=%2Fwp%2Fv2%2Fcomments&post=12599"}],"version-history":[{"count":6,"href":"http:\/\/museumek.eu\/index.php?rest_route=\/wp\/v2\/pages\/12599\/revisions"}],"predecessor-version":[{"id":20577,"href":"http:\/\/museumek.eu\/index.php?rest_route=\/wp\/v2\/pages\/12599\/revisions\/20577"}],"up":[{"embeddable":true,"href":"http:\/\/museumek.eu\/index.php?rest_route=\/wp\/v2\/pages\/12596"}],"wp:attachment":[{"href":"http:\/\/museumek.eu\/index.php?rest_route=%2Fwp%2Fv2%2Fmedia&parent=12599"}],"curies":[{"name":"wp","href":"https:\/\/api.w.org\/{rel}","templated":true}]}}