{"id":12647,"date":"2012-08-21T14:16:28","date_gmt":"2012-08-21T12:16:28","guid":{"rendered":"http:\/\/museumek.eu\/?page_id=12647"},"modified":"2013-04-26T23:28:45","modified_gmt":"2013-04-26T21:28:45","slug":"kurzbiografie-und-inventar-zum-kunstler","status":"publish","type":"page","link":"http:\/\/museumek.eu\/?page_id=12647","title":{"rendered":"Kurzbiografie und Inventar zum K\u00fcnstler"},"content":{"rendered":"<p>\u00dcber den K\u00fcnstler (Maler) Veroux konnten keine Lebensdaten recherchiert werden. Gleichfalls ist der Vorname nicht bekannt.<\/p>\n<p><strong>Abteilung Frankreich, Keramik 1860 \u2013 1960, Inventarnummer F\/XXVI\/1<\/strong><\/p>\n<p>Union C\u00e9ramique, Frankreich, Limoges, Zierteller, ab 1909, K\u00fcnstler Veroux, Werksnummer ohne, Exemplar Nr. ohne, gemarkt Limoges, U.C. sowie France gr\u00fcner Unterglasurstempel, signiert Veroux, Literatur: Mary Frank Gaston, Collector\u2019s Encyclopedia of Limoges Porcelain, Third Edition, Seite 383, Beschreibung der Manufaktur sowie Marke 1 identisch, Durchmesser 23,3 cm<\/p>\n<p><a href=\"http:\/\/museumek.eu\/wp-content\/uploads\/2012\/08\/Museum-Europ\u00e4ischer-Keramikkunst-2754.jpg\"><img loading=\"lazy\" src=\"http:\/\/museumek.eu\/wp-content\/uploads\/2012\/08\/Museum-Europ\u00e4ischer-Keramikkunst-2754-300x297.jpg\" alt=\"\" title=\"Museum Europ\u00e4ischer Keramikkunst 2754\" width=\"300\" height=\"297\" class=\"alignnone size-medium wp-image-12614\" srcset=\"http:\/\/museumek.eu\/wp-content\/uploads\/2012\/08\/Museum-Europ\u00e4ischer-Keramikkunst-2754-300x297.jpg 300w, http:\/\/museumek.eu\/wp-content\/uploads\/2012\/08\/Museum-Europ\u00e4ischer-Keramikkunst-2754-150x150.jpg 150w, http:\/\/museumek.eu\/wp-content\/uploads\/2012\/08\/Museum-Europ\u00e4ischer-Keramikkunst-2754-302x300.jpg 302w, http:\/\/museumek.eu\/wp-content\/uploads\/2012\/08\/Museum-Europ\u00e4ischer-Keramikkunst-2754.jpg 716w\" sizes=\"(max-width: 300px) 100vw, 300px\" \/><\/a><\/p>\n<p><a href=\"http:\/\/museumek.eu\/wp-content\/uploads\/2012\/08\/Museum-Europ\u00e4ischer-Keramikkunst-2755.jpg\"><img loading=\"lazy\" src=\"http:\/\/museumek.eu\/wp-content\/uploads\/2012\/08\/Museum-Europ\u00e4ischer-Keramikkunst-2755-300x225.jpg\" alt=\"\" title=\"Museum Europ\u00e4ischer Keramikkunst 2755\" width=\"300\" height=\"225\" class=\"alignnone size-medium wp-image-12615\" srcset=\"http:\/\/museumek.eu\/wp-content\/uploads\/2012\/08\/Museum-Europ\u00e4ischer-Keramikkunst-2755-300x225.jpg 300w, http:\/\/museumek.eu\/wp-content\/uploads\/2012\/08\/Museum-Europ\u00e4ischer-Keramikkunst-2755-400x300.jpg 400w, http:\/\/museumek.eu\/wp-content\/uploads\/2012\/08\/Museum-Europ\u00e4ischer-Keramikkunst-2755.jpg 1024w\" sizes=\"(max-width: 300px) 100vw, 300px\" \/><\/a><\/p>\n<p><a href=\"http:\/\/museumek.eu\/wp-content\/uploads\/2012\/08\/Museum-Europ\u00e4ischer-Keramikkunst-2756.jpg\"><img loading=\"lazy\" src=\"http:\/\/museumek.eu\/wp-content\/uploads\/2012\/08\/Museum-Europ\u00e4ischer-Keramikkunst-2756.jpg\" alt=\"\" title=\"Museum Europ\u00e4ischer Keramikkunst 2756\" width=\"290\" height=\"228\" class=\"alignnone size-full wp-image-12616\" \/><\/a><\/p>\n<p><a href=\"http:\/\/museumek.eu\/wp-content\/uploads\/2012\/08\/Museum-Europ\u00e4ischer-Keramikkunst-2757.jpg\"><img loading=\"lazy\" src=\"http:\/\/museumek.eu\/wp-content\/uploads\/2012\/08\/Museum-Europ\u00e4ischer-Keramikkunst-2757.jpg\" alt=\"\" title=\"Museum Europ\u00e4ischer Keramikkunst 2757\" width=\"210\" height=\"178\" class=\"alignnone size-full wp-image-12617\" \/><\/a><\/p>\n","protected":false},"excerpt":{"rendered":"<p>\u00dcber den K\u00fcnstler (Maler) Veroux konnten keine Lebensdaten recherchiert werden. Gleichfalls ist der Vorname nicht bekannt. Abteilung Frankreich, Keramik 1860 \u2013 1960, Inventarnummer F\/XXVI\/1 Union C\u00e9ramique, Frankreich, Limoges, Zierteller, ab 1909, K\u00fcnstler Veroux, Werksnummer ohne, Exemplar Nr. ohne, gemarkt Limoges, &hellip; <a href=\"http:\/\/museumek.eu\/?page_id=12647\">Weiterlesen <span class=\"meta-nav\">&rarr;<\/span><\/a><\/p>\n","protected":false},"author":1,"featured_media":0,"parent":12644,"menu_order":1,"comment_status":"closed","ping_status":"open","template":"","meta":[],"_links":{"self":[{"href":"http:\/\/museumek.eu\/index.php?rest_route=\/wp\/v2\/pages\/12647"}],"collection":[{"href":"http:\/\/museumek.eu\/index.php?rest_route=\/wp\/v2\/pages"}],"about":[{"href":"http:\/\/museumek.eu\/index.php?rest_route=\/wp\/v2\/types\/page"}],"author":[{"embeddable":true,"href":"http:\/\/museumek.eu\/index.php?rest_route=\/wp\/v2\/users\/1"}],"replies":[{"embeddable":true,"href":"http:\/\/museumek.eu\/index.php?rest_route=%2Fwp%2Fv2%2Fcomments&post=12647"}],"version-history":[{"count":3,"href":"http:\/\/museumek.eu\/index.php?rest_route=\/wp\/v2\/pages\/12647\/revisions"}],"predecessor-version":[{"id":20670,"href":"http:\/\/museumek.eu\/index.php?rest_route=\/wp\/v2\/pages\/12647\/revisions\/20670"}],"up":[{"embeddable":true,"href":"http:\/\/museumek.eu\/index.php?rest_route=\/wp\/v2\/pages\/12644"}],"wp:attachment":[{"href":"http:\/\/museumek.eu\/index.php?rest_route=%2Fwp%2Fv2%2Fmedia&parent=12647"}],"curies":[{"name":"wp","href":"https:\/\/api.w.org\/{rel}","templated":true}]}}