{"id":12693,"date":"2012-08-24T00:13:34","date_gmt":"2012-08-23T22:13:34","guid":{"rendered":"http:\/\/museumek.eu\/?page_id=12693"},"modified":"2021-02-04T15:59:32","modified_gmt":"2021-02-04T14:59:32","slug":"axvi4","status":"publish","type":"page","link":"http:\/\/museumek.eu\/?page_id=12693","title":{"rendered":"A\/XVI\/4"},"content":{"rendered":"<p><strong>Abteilung Austria\/Ungarn\/B\u00f6hmen, Keramik 1860 \u2013 1960, Inventarnummer A\/XVI\/4<\/strong><\/p>\n<p>Ernst Wahliss Kunst- Porzellan- Fayence und Terracotta &#8211; Fabrik, Austria, Turn\/Trnovany, um 1895, Vase mit Klatschmohndekor, K\u00fcnstler unbekannt, Werks.-Nr. ohne, Exemplar Nr. ohne, gemarkt Firmenmarke mit E W, Turn Wien in Krone sowie Made in Austria rote Stempel unter Glasur, 5072, 8 sowie 17 gepresst, 2308 und Beizeichen rot unter Glasur gemalt, nicht signiert, Literatur: Waltraud Neuwirth, Wiener Keramik, Seite 486, Marken 286 sowie 287 identisch, weitere Literatur: Otto Pelka, Keramik der Neuzeit, Markentafel X, Marken in Nr. 153 identisch, weitere Litereratur: Volker M\u00f6lle Riessner, Amphora Die Porzellan- und Keramik- Manufaktur in Nordb\u00f6hmen, Seite 29, Briefkopf der Manufaktur, Abbildung der Marke sowie Abbildung einer \u00e4hnlichen Vase und Beschreibung, dass dieser Vasentypus noch auf Entw\u00fcrfe von Alfred Stellmacher zur\u00fcckgeht, Seite 33, dort beschrieben, dass Alfred Stellmacher 1894 seine Restfirma in Turn an Ernst Wahliss verkauft hat, Seite 175, dort noch einmal beschrieben, dass Ernst Wahliss 1894 in Turn eine Fabrik von Alfred Stellmacher gekauft hat sowie Seite 193, Marke Nr. 3 identisch, weitere Literatur: Europ\u00e4ische Keramik des Jugendstils, Ausstellung im Hetjen-Museum, D\u00fcsseldorf, 1974, Seite 221, Beschreibung der Manufaktur und Beschreibung, dass Ernst Wahliss eine Fabrik von Alfred Stellmacher \u00fcbernommen hat, umfangreiches Golddekor und Emailmalerei,<br \/>\nH\u00f6he 25 cm, Breite 10 cm<\/p>\n<p><a href=\"http:\/\/museumek.eu\/wp-content\/uploads\/2012\/08\/Museum-Europ\u00e4ischer-Keramikkunst-1785.jpg\"><img loading=\"lazy\" src=\"http:\/\/museumek.eu\/wp-content\/uploads\/2012\/08\/Museum-Europ\u00e4ischer-Keramikkunst-1785-142x300.jpg\" alt=\"\" title=\"Museum Europ\u00e4ischer Keramikkunst 1785\" width=\"142\" height=\"300\" class=\"alignnone size-medium wp-image-12694\" \/><\/a><\/p>\n<p><a href=\"http:\/\/museumek.eu\/wp-content\/uploads\/2012\/08\/Museum-Europ\u00e4ischer-Keramikkunst-1786.jpg\"><img loading=\"lazy\" src=\"http:\/\/museumek.eu\/wp-content\/uploads\/2012\/08\/Museum-Europ\u00e4ischer-Keramikkunst-1786-140x300.jpg\" alt=\"\" title=\"Museum Europ\u00e4ischer Keramikkunst 1786\" width=\"140\" height=\"300\" class=\"alignnone size-medium wp-image-12695\" srcset=\"http:\/\/museumek.eu\/wp-content\/uploads\/2012\/08\/Museum-Europ\u00e4ischer-Keramikkunst-1786-140x300.jpg 140w, http:\/\/museumek.eu\/wp-content\/uploads\/2012\/08\/Museum-Europ\u00e4ischer-Keramikkunst-1786.jpg 440w\" sizes=\"(max-width: 140px) 100vw, 140px\" \/><\/a><\/p>\n<p><a href=\"http:\/\/museumek.eu\/wp-content\/uploads\/2012\/08\/Museum-Europ\u00e4ischer-Keramikkunst-1787.jpg\"><img loading=\"lazy\" src=\"http:\/\/museumek.eu\/wp-content\/uploads\/2012\/08\/Museum-Europ\u00e4ischer-Keramikkunst-1787-300x300.jpg\" alt=\"\" title=\"Museum Europ\u00e4ischer Keramikkunst 1787\" width=\"300\" height=\"300\" class=\"alignnone size-medium wp-image-12696\" srcset=\"http:\/\/museumek.eu\/wp-content\/uploads\/2012\/08\/Museum-Europ\u00e4ischer-Keramikkunst-1787-300x300.jpg 300w, http:\/\/museumek.eu\/wp-content\/uploads\/2012\/08\/Museum-Europ\u00e4ischer-Keramikkunst-1787-150x150.jpg 150w, http:\/\/museumek.eu\/wp-content\/uploads\/2012\/08\/Museum-Europ\u00e4ischer-Keramikkunst-1787.jpg 610w\" sizes=\"(max-width: 300px) 100vw, 300px\" \/><\/a><\/p>\n","protected":false},"excerpt":{"rendered":"<p>Abteilung Austria\/Ungarn\/B\u00f6hmen, Keramik 1860 \u2013 1960, Inventarnummer A\/XVI\/4 Ernst Wahliss Kunst- Porzellan- Fayence und Terracotta &#8211; Fabrik, Austria, Turn\/Trnovany, um 1895, Vase mit Klatschmohndekor, K\u00fcnstler unbekannt, Werks.-Nr. ohne, Exemplar Nr. ohne, gemarkt Firmenmarke mit E W, Turn Wien in Krone &hellip; <a href=\"http:\/\/museumek.eu\/?page_id=12693\">Weiterlesen <span class=\"meta-nav\">&rarr;<\/span><\/a><\/p>\n","protected":false},"author":1,"featured_media":0,"parent":1184,"menu_order":4,"comment_status":"closed","ping_status":"open","template":"","meta":[],"_links":{"self":[{"href":"http:\/\/museumek.eu\/index.php?rest_route=\/wp\/v2\/pages\/12693"}],"collection":[{"href":"http:\/\/museumek.eu\/index.php?rest_route=\/wp\/v2\/pages"}],"about":[{"href":"http:\/\/museumek.eu\/index.php?rest_route=\/wp\/v2\/types\/page"}],"author":[{"embeddable":true,"href":"http:\/\/museumek.eu\/index.php?rest_route=\/wp\/v2\/users\/1"}],"replies":[{"embeddable":true,"href":"http:\/\/museumek.eu\/index.php?rest_route=%2Fwp%2Fv2%2Fcomments&post=12693"}],"version-history":[{"count":5,"href":"http:\/\/museumek.eu\/index.php?rest_route=\/wp\/v2\/pages\/12693\/revisions"}],"predecessor-version":[{"id":53080,"href":"http:\/\/museumek.eu\/index.php?rest_route=\/wp\/v2\/pages\/12693\/revisions\/53080"}],"up":[{"embeddable":true,"href":"http:\/\/museumek.eu\/index.php?rest_route=\/wp\/v2\/pages\/1184"}],"wp:attachment":[{"href":"http:\/\/museumek.eu\/index.php?rest_route=%2Fwp%2Fv2%2Fmedia&parent=12693"}],"curies":[{"name":"wp","href":"https:\/\/api.w.org\/{rel}","templated":true}]}}