{"id":12722,"date":"2012-08-25T00:24:28","date_gmt":"2012-08-24T22:24:28","guid":{"rendered":"http:\/\/museumek.eu\/?page_id=12722"},"modified":"2013-07-25T20:47:57","modified_gmt":"2013-07-25T18:47:57","slug":"dxli7","status":"publish","type":"page","link":"http:\/\/museumek.eu\/?page_id=12722","title":{"rendered":"D\/XLI\/7"},"content":{"rendered":"<p><strong>Abteilung Deutschland, Keramik 1860 \u2013 1960, Inventarnummer D\/XLI\/7<\/strong><\/p>\n<p>W\u00e4chtersbacher Steingutfabrik, Deutschland, Schlierbach, ca. 1917, Saftkanne, K\u00fcnstler Christian Neureuther, Werks.-Nr. 6480 (Dekornummer), Exemplar Nr. ohne, gemarkt Firmenmarke mit KAW (f\u00fcr Kunstabteilung W\u00e4chtersbach, Leitung Christian Neureuther) sowie C.N. (f\u00fcr Christian Neureuther) blauer Stempel unter Glasur sowie 6480 blauer Stempel unter Glasur, 39?3 (Formnummer) gepresst, signiert am Boden Neureuther ? (schwer lesbar) schwarz gemalt, Literatur: Heinz und Lilo Frensch, W\u00e4chtersbacher Steingut, Seite 95, Beschreibung einer vollkommen Form identischen Saftkanne mit Dekornummer 6002, Jahr 1914, Entwurf Christian Neureuther sowie Beschreibung eines vollkommen Dekor identischen Saftkruges, Seite 96, Abbildung dieser Saftkanne und dieses Saftkruges sowie Seite 17, Marke der Kunstabteilung identisch, weitere Literatur: Sparkassen-Kulturstiftung Hessen-Th\u00fcringen, W\u00e4chtersbacher Steingut, Die Sammlung der Sparkassen-Kulturstiftung Hessen-Th\u00fcringen, Seite 103, Marke Nr. 25 identisch, weitere Literatur: Ludwig Rinn und Vonderau Museum Fulda, Markentafel W\u00e4chtersbacher Keramik, Seite 12, Marke Nr. 29 identisch, weitere Literatur: Museums- und Geschichtsverein Brachttal e. V., W\u00e4chtersbacher Steingut, Figuren und Fig\u00fcrliches, Seite 106, Markentafel, identische abgebildete Marke, weitere Literatur: Otto Pelka, Keramik der Neuzeit, Markentafel VIII, Marke  in 125 identisch, Seite 212, Herstellerverzeichnis, Schlierbach, W\u00e4chtersbacher Steingutfabrik sowie Seite 222, Namenverzeichnis, W\u00e4chtersbacher Steingutfabrik, Schlierbach, M 125, weitere Literatur: Brigitte Reuter, Museum f\u00fcr Kunst und Gewerbe, Die Jugendstilsammlung, Band 4: K\u00fcnstler S \u2013 Z, Seite 367, Beschreibung der Fabrik sowie Abbildung und Beschreibung 2295, Kanne mit fast identischem Dekor, identischer Form sowie identischer Marke, Entwurf Christian Neureuther, Inv. Nr. 1989.004., siehe auch Auktionshaus Quittenbaum, 77. Auktion \u2013 Teil II, Jugendstil \u2013 Art D\u00e9co vom 21.10.2008, Lot 619, Form identische Kanne, Steingut, heller Scherben, balusterf\u00f6rmiger, gl\u00e4nzend schwarz glasierter Gef\u00e4\u00dfk\u00f6rper, weich geschwungene T\u00fclle, geschweifter Henkel, umlaufend gr\u00fcnes, dreibl\u00e4ttriges Ornament mit bl\u00e4ulich violetten Beeren (Fotografie des MEK Exemplares, die dreibl\u00e4ttrige Ornamentierung erscheint bl\u00e4ulich, sie ist aber in der Farbe gr\u00fcn ausgef\u00fchrt, das MEK nimmt keine Fabrikbeschreibung vor und verweist auf die o. g. Literatur, H\u00f6he 18 cm, Breite 15 cm<\/p>\n<p><a href=\"http:\/\/museumek.eu\/wp-content\/uploads\/2012\/08\/Museum-Europ\u00e4ischer-Keramikkunst-1790.jpg\"><img loading=\"lazy\" src=\"http:\/\/museumek.eu\/wp-content\/uploads\/2012\/08\/Museum-Europ\u00e4ischer-Keramikkunst-1790-207x300.jpg\" alt=\"\" title=\"Museum Europ\u00e4ischer Keramikkunst 1790\" width=\"207\" height=\"300\" class=\"alignnone size-medium wp-image-12723\" srcset=\"http:\/\/museumek.eu\/wp-content\/uploads\/2012\/08\/Museum-Europ\u00e4ischer-Keramikkunst-1790-207x300.jpg 207w, http:\/\/museumek.eu\/wp-content\/uploads\/2012\/08\/Museum-Europ\u00e4ischer-Keramikkunst-1790.jpg 439w\" sizes=\"(max-width: 207px) 100vw, 207px\" \/><\/a><\/p>\n<p><a href=\"http:\/\/museumek.eu\/wp-content\/uploads\/2012\/08\/Museum-Europ\u00e4ischer-Keramikkunst-1791.jpg\"><img loading=\"lazy\" src=\"http:\/\/museumek.eu\/wp-content\/uploads\/2012\/08\/Museum-Europ\u00e4ischer-Keramikkunst-1791-300x295.jpg\" alt=\"\" title=\"Museum Europ\u00e4ischer Keramikkunst 1791\" width=\"300\" height=\"295\" class=\"alignnone size-medium wp-image-12724\" srcset=\"http:\/\/museumek.eu\/wp-content\/uploads\/2012\/08\/Museum-Europ\u00e4ischer-Keramikkunst-1791-300x295.jpg 300w, http:\/\/museumek.eu\/wp-content\/uploads\/2012\/08\/Museum-Europ\u00e4ischer-Keramikkunst-1791-304x300.jpg 304w, http:\/\/museumek.eu\/wp-content\/uploads\/2012\/08\/Museum-Europ\u00e4ischer-Keramikkunst-1791.jpg 520w\" sizes=\"(max-width: 300px) 100vw, 300px\" \/><\/a><\/p>\n<p><a href=\"http:\/\/museumek.eu\/wp-content\/uploads\/2012\/08\/Museum-Europ\u00e4ischer-Keramikkunst-1792.jpg\"><img loading=\"lazy\" src=\"http:\/\/museumek.eu\/wp-content\/uploads\/2012\/08\/Museum-Europ\u00e4ischer-Keramikkunst-1792-300x273.jpg\" alt=\"\" title=\"Museum Europ\u00e4ischer Keramikkunst 1792\" width=\"300\" height=\"273\" class=\"alignnone size-medium wp-image-12725\" srcset=\"http:\/\/museumek.eu\/wp-content\/uploads\/2012\/08\/Museum-Europ\u00e4ischer-Keramikkunst-1792-300x273.jpg 300w, http:\/\/museumek.eu\/wp-content\/uploads\/2012\/08\/Museum-Europ\u00e4ischer-Keramikkunst-1792-329x300.jpg 329w, http:\/\/museumek.eu\/wp-content\/uploads\/2012\/08\/Museum-Europ\u00e4ischer-Keramikkunst-1792.jpg 643w\" sizes=\"(max-width: 300px) 100vw, 300px\" \/><\/a><\/p>\n<p><a href=\"http:\/\/museumek.eu\/wp-content\/uploads\/2012\/08\/Museum-Europ\u00e4ischer-Keramikkunst-2885.jpg\"><img loading=\"lazy\" src=\"http:\/\/museumek.eu\/wp-content\/uploads\/2012\/08\/Museum-Europ\u00e4ischer-Keramikkunst-2885-300x175.jpg\" alt=\"\" title=\"Museum Europ\u00e4ischer Keramikkunst 2885\" width=\"300\" height=\"175\" class=\"alignnone size-medium wp-image-13396\" srcset=\"http:\/\/museumek.eu\/wp-content\/uploads\/2012\/08\/Museum-Europ\u00e4ischer-Keramikkunst-2885-300x175.jpg 300w, http:\/\/museumek.eu\/wp-content\/uploads\/2012\/08\/Museum-Europ\u00e4ischer-Keramikkunst-2885-500x292.jpg 500w, http:\/\/museumek.eu\/wp-content\/uploads\/2012\/08\/Museum-Europ\u00e4ischer-Keramikkunst-2885.jpg 883w\" sizes=\"(max-width: 300px) 100vw, 300px\" \/><\/a><\/p>\n","protected":false},"excerpt":{"rendered":"<p>Abteilung Deutschland, Keramik 1860 \u2013 1960, Inventarnummer D\/XLI\/7 W\u00e4chtersbacher Steingutfabrik, Deutschland, Schlierbach, ca. 1917, Saftkanne, K\u00fcnstler Christian Neureuther, Werks.-Nr. 6480 (Dekornummer), Exemplar Nr. ohne, gemarkt Firmenmarke mit KAW (f\u00fcr Kunstabteilung W\u00e4chtersbach, Leitung Christian Neureuther) sowie C.N. (f\u00fcr Christian Neureuther) blauer &hellip; <a href=\"http:\/\/museumek.eu\/?page_id=12722\">Weiterlesen <span class=\"meta-nav\">&rarr;<\/span><\/a><\/p>\n","protected":false},"author":1,"featured_media":0,"parent":9872,"menu_order":7,"comment_status":"closed","ping_status":"open","template":"","meta":[],"_links":{"self":[{"href":"http:\/\/museumek.eu\/index.php?rest_route=\/wp\/v2\/pages\/12722"}],"collection":[{"href":"http:\/\/museumek.eu\/index.php?rest_route=\/wp\/v2\/pages"}],"about":[{"href":"http:\/\/museumek.eu\/index.php?rest_route=\/wp\/v2\/types\/page"}],"author":[{"embeddable":true,"href":"http:\/\/museumek.eu\/index.php?rest_route=\/wp\/v2\/users\/1"}],"replies":[{"embeddable":true,"href":"http:\/\/museumek.eu\/index.php?rest_route=%2Fwp%2Fv2%2Fcomments&post=12722"}],"version-history":[{"count":6,"href":"http:\/\/museumek.eu\/index.php?rest_route=\/wp\/v2\/pages\/12722\/revisions"}],"predecessor-version":[{"id":25565,"href":"http:\/\/museumek.eu\/index.php?rest_route=\/wp\/v2\/pages\/12722\/revisions\/25565"}],"up":[{"embeddable":true,"href":"http:\/\/museumek.eu\/index.php?rest_route=\/wp\/v2\/pages\/9872"}],"wp:attachment":[{"href":"http:\/\/museumek.eu\/index.php?rest_route=%2Fwp%2Fv2%2Fmedia&parent=12722"}],"curies":[{"name":"wp","href":"https:\/\/api.w.org\/{rel}","templated":true}]}}