{"id":12730,"date":"2012-08-25T00:33:32","date_gmt":"2012-08-24T22:33:32","guid":{"rendered":"http:\/\/museumek.eu\/?page_id=12730"},"modified":"2013-07-25T20:49:12","modified_gmt":"2013-07-25T18:49:12","slug":"dxli8","status":"publish","type":"page","link":"http:\/\/museumek.eu\/?page_id=12730","title":{"rendered":"D\/XLI\/8"},"content":{"rendered":"<p><strong>Abteilung Deutschland, Keramik 1860 \u2013 1960, Inventarnummer D\/XLI\/8<\/strong><\/p>\n<p>W\u00e4chtersbacher Steingutfabrik, Deutschland, Schlierbach, ca. 1916, Saftkrug, K\u00fcnstler Joseph Maria Olbrich (attr., f\u00fcr den Formentwurf, ca. 1903), Albin M\u00fcller (attr., f\u00fcr den Dekorentwurf, ca. 1915\/16), Werks.-Nr. 6430 (Dekornummer), Exemplar Nr. ohne, gemarkt Firmenmarke mit KAW (f\u00fcr Kunstabteilung W\u00e4chtersbach, Leitung Christian Neureuther) sowie C.N. (f\u00fcr Christian Neureuther) wei\u00dfer Stempel unter Glasur sowie 6430 wei\u00dfer Stempel unter Glasur, 4193\/2 (Formnummer) sowie Schildmarke gepresst, nicht signiert, Literatur: Heinz und Lilo Frensch, W\u00e4chtersbacher Steingut, Seite 17, Marke der Kunstabteilung identisch, weitere Literatur: Sparkassen-Kulturstiftung Hessen-Th\u00fcringen, W\u00e4chtersbacher Steingut, Die Sammlung der Sparkassen-Kulturstiftung Hessen-Th\u00fcringen, Seite 103, Marke Nr. 25 identisch, Seite 120, Nr. 182, Formnummer 3887 f\u00fcr Joseph Maria Olbrich nachweisbar sowie Seite 121, Nr. 201, T\u00e4tigkeit von Albin M\u00fcller um 1915 nachweisbar, weitere Literatur: Ludwig Rinn und Vonderau Museum Fulda, Markentafel W\u00e4chtersbacher Keramik, Seite 12, Marke Nr. 29 identisch, weitere Literatur: Museums- und Geschichtsverein Brachttal e. V., W\u00e4chtersbacher Steingut, Figuren und Fig\u00fcrliches, Seite 106, Markentafel, identische abgebildete Marke, weitere Literatur: Otto Pelka, Keramik der Neuzeit, Markentafel VIII, Marke in 125 identisch, Seite 212, Herstellerverzeichnis, Schlierbach, W\u00e4chtersbacher Steingutfabrik sowie Seite 222, Namenverzeichnis, W\u00e4chtersbacher Steingutfabrik, Schlierbach, M 125, o. g. Zuschreibungen sind nicht belegt, die Form der Kanne ist die typische Machart eines Architekten wie Olbrich, die Formnummer ist nahe der Zeit, als Olbrich Entw\u00fcrfe f\u00fcr die KAW erstellte, der Dekorentwurf durch Albin M\u00fcller ist zeitlich m\u00f6glich, das Dekor entspricht eher nicht den Neureuther Entw\u00fcrfen, evtl. stammt der Dekorentwurf auch von einem anderen Mitarbeiter der KAW, z. B. Eduard Schweitzer, das MEK nimmt keine Fabrikbeschreibung vor und verweist auf die o. g. Literatur,<br \/>\nH\u00f6he 21 cm, Breite 14 cm<\/p>\n<p><a href=\"http:\/\/museumek.eu\/wp-content\/uploads\/2012\/08\/Museum-Europ\u00e4ischer-Keramikkunst-1851.jpg\"><img loading=\"lazy\" src=\"http:\/\/museumek.eu\/wp-content\/uploads\/2012\/08\/Museum-Europ\u00e4ischer-Keramikkunst-1851-204x300.jpg\" alt=\"\" title=\"Museum Europ\u00e4ischer Keramikkunst 1851\" width=\"204\" height=\"300\" class=\"alignnone size-medium wp-image-12731\" srcset=\"http:\/\/museumek.eu\/wp-content\/uploads\/2012\/08\/Museum-Europ\u00e4ischer-Keramikkunst-1851-204x300.jpg 204w, http:\/\/museumek.eu\/wp-content\/uploads\/2012\/08\/Museum-Europ\u00e4ischer-Keramikkunst-1851.jpg 550w\" sizes=\"(max-width: 204px) 100vw, 204px\" \/><\/a><\/p>\n<p><a href=\"http:\/\/museumek.eu\/wp-content\/uploads\/2012\/08\/Museum-Europ\u00e4ischer-Keramikkunst-1852.jpg\"><img loading=\"lazy\" src=\"http:\/\/museumek.eu\/wp-content\/uploads\/2012\/08\/Museum-Europ\u00e4ischer-Keramikkunst-1852-300x250.jpg\" alt=\"\" title=\"Museum Europ\u00e4ischer Keramikkunst 1852\" width=\"300\" height=\"250\" class=\"alignnone size-medium wp-image-12732\" srcset=\"http:\/\/museumek.eu\/wp-content\/uploads\/2012\/08\/Museum-Europ\u00e4ischer-Keramikkunst-1852-300x250.jpg 300w, http:\/\/museumek.eu\/wp-content\/uploads\/2012\/08\/Museum-Europ\u00e4ischer-Keramikkunst-1852-358x300.jpg 358w, http:\/\/museumek.eu\/wp-content\/uploads\/2012\/08\/Museum-Europ\u00e4ischer-Keramikkunst-1852.jpg 563w\" sizes=\"(max-width: 300px) 100vw, 300px\" \/><\/a><\/p>\n<p><a href=\"http:\/\/museumek.eu\/wp-content\/uploads\/2012\/08\/Museum-Europ\u00e4ischer-Keramikkunst-1854.jpg\"><img loading=\"lazy\" src=\"http:\/\/museumek.eu\/wp-content\/uploads\/2012\/08\/Museum-Europ\u00e4ischer-Keramikkunst-1854-268x300.jpg\" alt=\"\" title=\"Museum Europ\u00e4ischer Keramikkunst 1854\" width=\"268\" height=\"300\" class=\"alignnone size-medium wp-image-12733\" srcset=\"http:\/\/museumek.eu\/wp-content\/uploads\/2012\/08\/Museum-Europ\u00e4ischer-Keramikkunst-1854-268x300.jpg 268w, http:\/\/museumek.eu\/wp-content\/uploads\/2012\/08\/Museum-Europ\u00e4ischer-Keramikkunst-1854.jpg 551w\" sizes=\"(max-width: 268px) 100vw, 268px\" \/><\/a><\/p>\n","protected":false},"excerpt":{"rendered":"<p>Abteilung Deutschland, Keramik 1860 \u2013 1960, Inventarnummer D\/XLI\/8 W\u00e4chtersbacher Steingutfabrik, Deutschland, Schlierbach, ca. 1916, Saftkrug, K\u00fcnstler Joseph Maria Olbrich (attr., f\u00fcr den Formentwurf, ca. 1903), Albin M\u00fcller (attr., f\u00fcr den Dekorentwurf, ca. 1915\/16), Werks.-Nr. 6430 (Dekornummer), Exemplar Nr. ohne, gemarkt &hellip; <a href=\"http:\/\/museumek.eu\/?page_id=12730\">Weiterlesen <span class=\"meta-nav\">&rarr;<\/span><\/a><\/p>\n","protected":false},"author":1,"featured_media":0,"parent":9872,"menu_order":8,"comment_status":"closed","ping_status":"open","template":"","meta":[],"_links":{"self":[{"href":"http:\/\/museumek.eu\/index.php?rest_route=\/wp\/v2\/pages\/12730"}],"collection":[{"href":"http:\/\/museumek.eu\/index.php?rest_route=\/wp\/v2\/pages"}],"about":[{"href":"http:\/\/museumek.eu\/index.php?rest_route=\/wp\/v2\/types\/page"}],"author":[{"embeddable":true,"href":"http:\/\/museumek.eu\/index.php?rest_route=\/wp\/v2\/users\/1"}],"replies":[{"embeddable":true,"href":"http:\/\/museumek.eu\/index.php?rest_route=%2Fwp%2Fv2%2Fcomments&post=12730"}],"version-history":[{"count":4,"href":"http:\/\/museumek.eu\/index.php?rest_route=\/wp\/v2\/pages\/12730\/revisions"}],"predecessor-version":[{"id":25566,"href":"http:\/\/museumek.eu\/index.php?rest_route=\/wp\/v2\/pages\/12730\/revisions\/25566"}],"up":[{"embeddable":true,"href":"http:\/\/museumek.eu\/index.php?rest_route=\/wp\/v2\/pages\/9872"}],"wp:attachment":[{"href":"http:\/\/museumek.eu\/index.php?rest_route=%2Fwp%2Fv2%2Fmedia&parent=12730"}],"curies":[{"name":"wp","href":"https:\/\/api.w.org\/{rel}","templated":true}]}}