{"id":1279,"date":"2011-08-16T22:54:07","date_gmt":"2011-08-16T20:54:07","guid":{"rendered":"http:\/\/museumek.eu\/?page_id=1279"},"modified":"2021-04-25T17:10:48","modified_gmt":"2021-04-25T15:10:48","slug":"axviii7","status":"publish","type":"page","link":"http:\/\/museumek.eu\/?page_id=1279","title":{"rendered":"A\/XVIII\/7"},"content":{"rendered":"<p><strong>Abteilung Austria\/Ungarn\/B\u00f6hmen, Keramik 1860 \u2013 1960, Inventarnummer A\/XVIII\/7<\/strong><\/p>\n<p>Manufaktur ohne Zuschreibung, Austria\/B\u00f6hmen (B\u00f6hmen?), Kanne, Zuckerdose und Milchk\u00e4nnchen eines Service, um\/nach 1920, K\u00fcnstler unbekannt, Werks.-Nr. ohne, Exemplar Nr. ohne, gemarkt als schwarzer Dreieckstempel der Schriftzug .IMPORTE. DE LA CZECHOSLOVAQUIE sowie bei der Kanne sehr gro\u00df Buchstabe P blauer Stempel, nicht signiert, das Hand gemalte kubistische Service wurde wohl f\u00fcr den Export hergestellt, Ausf\u00fchrung Elfenbeinsteinzeug (?), Kanne: H\u00f6he 21 cm, Breite 22 cm, Zuckerdose: H\u00f6he 13 cm, Breite 15,5 cm, Milchk\u00e4nnchen: H\u00f6he 11 cm, Breite 14,5 cm<\/p>\n<p><a href=\"http:\/\/museumek.eu\/?attachment_id=56221\" rel=\"attachment wp-att-56221\"><img loading=\"lazy\" src=\"http:\/\/museumek.eu\/wp-content\/uploads\/2013\/05\/Art-Deco-Service-Tschechei-unbekannt-Kanne-1-300x216.jpg\" alt=\"\" title=\"Art Deco Service Tschechei unbekannt Kanne 1\" width=\"300\" height=\"216\" class=\"alignnone size-medium wp-image-56221\" srcset=\"http:\/\/museumek.eu\/wp-content\/uploads\/2013\/05\/Art-Deco-Service-Tschechei-unbekannt-Kanne-1-300x216.jpg 300w, http:\/\/museumek.eu\/wp-content\/uploads\/2013\/05\/Art-Deco-Service-Tschechei-unbekannt-Kanne-1-150x108.jpg 150w, http:\/\/museumek.eu\/wp-content\/uploads\/2013\/05\/Art-Deco-Service-Tschechei-unbekannt-Kanne-1-416x300.jpg 416w, http:\/\/museumek.eu\/wp-content\/uploads\/2013\/05\/Art-Deco-Service-Tschechei-unbekannt-Kanne-1.jpg 640w\" sizes=\"(max-width: 300px) 100vw, 300px\" \/><\/a><\/p>\n<p><a href=\"http:\/\/museumek.eu\/?attachment_id=56222\" rel=\"attachment wp-att-56222\"><img loading=\"lazy\" src=\"http:\/\/museumek.eu\/wp-content\/uploads\/2013\/05\/Art-Deco-Service-Tschechei-unbekannt-Kanne-2-300x300.jpg\" alt=\"\" title=\"Art Deco Service Tschechei unbekannt Kanne 2\" width=\"300\" height=\"300\" class=\"alignnone size-medium wp-image-56222\" srcset=\"http:\/\/museumek.eu\/wp-content\/uploads\/2013\/05\/Art-Deco-Service-Tschechei-unbekannt-Kanne-2-300x300.jpg 300w, http:\/\/museumek.eu\/wp-content\/uploads\/2013\/05\/Art-Deco-Service-Tschechei-unbekannt-Kanne-2-150x150.jpg 150w, http:\/\/museumek.eu\/wp-content\/uploads\/2013\/05\/Art-Deco-Service-Tschechei-unbekannt-Kanne-2.jpg 481w\" sizes=\"(max-width: 300px) 100vw, 300px\" \/><\/a><\/p>\n<p><a href=\"http:\/\/museumek.eu\/?attachment_id=56223\" rel=\"attachment wp-att-56223\"><img loading=\"lazy\" src=\"http:\/\/museumek.eu\/wp-content\/uploads\/2013\/05\/Art-Deco-Service-Tschechei-unbekannt-Kanne-3-149x300.jpg\" alt=\"\" title=\"Art Deco Service Tschechei unbekannt Kanne 3\" width=\"149\" height=\"300\" class=\"alignnone size-medium wp-image-56223\" srcset=\"http:\/\/museumek.eu\/wp-content\/uploads\/2013\/05\/Art-Deco-Service-Tschechei-unbekannt-Kanne-3-149x300.jpg 149w, http:\/\/museumek.eu\/wp-content\/uploads\/2013\/05\/Art-Deco-Service-Tschechei-unbekannt-Kanne-3-74x150.jpg 74w, http:\/\/museumek.eu\/wp-content\/uploads\/2013\/05\/Art-Deco-Service-Tschechei-unbekannt-Kanne-3.jpg 319w\" sizes=\"(max-width: 149px) 100vw, 149px\" \/><\/a><\/p>\n<p><a href=\"http:\/\/museumek.eu\/?attachment_id=56224\" rel=\"attachment wp-att-56224\"><img loading=\"lazy\" src=\"http:\/\/museumek.eu\/wp-content\/uploads\/2013\/05\/Art-Deco-Service-Tschechei-unbekannt-Kanne-4-300x263.jpg\" alt=\"\" title=\"Art Deco Service Tschechei unbekannt Kanne 4\" width=\"300\" height=\"263\" class=\"alignnone size-medium wp-image-56224\" srcset=\"http:\/\/museumek.eu\/wp-content\/uploads\/2013\/05\/Art-Deco-Service-Tschechei-unbekannt-Kanne-4-300x263.jpg 300w, http:\/\/museumek.eu\/wp-content\/uploads\/2013\/05\/Art-Deco-Service-Tschechei-unbekannt-Kanne-4-150x131.jpg 150w, http:\/\/museumek.eu\/wp-content\/uploads\/2013\/05\/Art-Deco-Service-Tschechei-unbekannt-Kanne-4-341x300.jpg 341w, http:\/\/museumek.eu\/wp-content\/uploads\/2013\/05\/Art-Deco-Service-Tschechei-unbekannt-Kanne-4.jpg 546w\" sizes=\"(max-width: 300px) 100vw, 300px\" \/><\/a><\/p>\n<p><a href=\"http:\/\/museumek.eu\/?attachment_id=56225\" rel=\"attachment wp-att-56225\"><img loading=\"lazy\" src=\"http:\/\/museumek.eu\/wp-content\/uploads\/2013\/05\/Art-Deco-Service-Tschechei-unbekannt-Kanne-5-148x300.jpg\" alt=\"\" title=\"Art Deco Service Tschechei unbekannt Kanne 5\" width=\"148\" height=\"300\" class=\"alignnone size-medium wp-image-56225\" srcset=\"http:\/\/museumek.eu\/wp-content\/uploads\/2013\/05\/Art-Deco-Service-Tschechei-unbekannt-Kanne-5-148x300.jpg 148w, http:\/\/museumek.eu\/wp-content\/uploads\/2013\/05\/Art-Deco-Service-Tschechei-unbekannt-Kanne-5-74x150.jpg 74w, http:\/\/museumek.eu\/wp-content\/uploads\/2013\/05\/Art-Deco-Service-Tschechei-unbekannt-Kanne-5.jpg 316w\" sizes=\"(max-width: 148px) 100vw, 148px\" \/><\/a><\/p>\n<p><a href=\"http:\/\/museumek.eu\/?attachment_id=56226\" rel=\"attachment wp-att-56226\"><img loading=\"lazy\" src=\"http:\/\/museumek.eu\/wp-content\/uploads\/2013\/05\/Art-Deco-Service-Tschechei-unbekannt-Kanne-6-300x286.jpg\" alt=\"\" title=\"Art Deco Service Tschechei unbekannt Kanne 6\" width=\"300\" height=\"286\" class=\"alignnone size-medium wp-image-56226\" srcset=\"http:\/\/museumek.eu\/wp-content\/uploads\/2013\/05\/Art-Deco-Service-Tschechei-unbekannt-Kanne-6-300x286.jpg 300w, http:\/\/museumek.eu\/wp-content\/uploads\/2013\/05\/Art-Deco-Service-Tschechei-unbekannt-Kanne-6-150x143.jpg 150w, http:\/\/museumek.eu\/wp-content\/uploads\/2013\/05\/Art-Deco-Service-Tschechei-unbekannt-Kanne-6.jpg 502w\" sizes=\"(max-width: 300px) 100vw, 300px\" \/><\/a><\/p>\n<p><a href=\"http:\/\/museumek.eu\/?attachment_id=56227\" rel=\"attachment wp-att-56227\"><img loading=\"lazy\" src=\"http:\/\/museumek.eu\/wp-content\/uploads\/2013\/05\/Art-Deco-Service-Tschechei-unbekannt-Kanne-7-300x259.jpg\" alt=\"\" title=\"Art Deco Service Tschechei unbekannt Kanne 7\" width=\"300\" height=\"259\" class=\"alignnone size-medium wp-image-56227\" srcset=\"http:\/\/museumek.eu\/wp-content\/uploads\/2013\/05\/Art-Deco-Service-Tschechei-unbekannt-Kanne-7-300x259.jpg 300w, http:\/\/museumek.eu\/wp-content\/uploads\/2013\/05\/Art-Deco-Service-Tschechei-unbekannt-Kanne-7-150x129.jpg 150w, http:\/\/museumek.eu\/wp-content\/uploads\/2013\/05\/Art-Deco-Service-Tschechei-unbekannt-Kanne-7-346x300.jpg 346w, http:\/\/museumek.eu\/wp-content\/uploads\/2013\/05\/Art-Deco-Service-Tschechei-unbekannt-Kanne-7.jpg 555w\" sizes=\"(max-width: 300px) 100vw, 300px\" \/><\/a><\/p>\n<p><a href=\"http:\/\/museumek.eu\/?attachment_id=56228\" rel=\"attachment wp-att-56228\"><img loading=\"lazy\" src=\"http:\/\/museumek.eu\/wp-content\/uploads\/2013\/05\/Art-Deco-Service-Tschechei-unbekannt-Kanne-8-300x242.jpg\" alt=\"\" title=\"Art Deco Service Tschechei unbekannt Kanne 8\" width=\"300\" height=\"242\" class=\"alignnone size-medium wp-image-56228\" srcset=\"http:\/\/museumek.eu\/wp-content\/uploads\/2013\/05\/Art-Deco-Service-Tschechei-unbekannt-Kanne-8-300x242.jpg 300w, http:\/\/museumek.eu\/wp-content\/uploads\/2013\/05\/Art-Deco-Service-Tschechei-unbekannt-Kanne-8-150x121.jpg 150w, http:\/\/museumek.eu\/wp-content\/uploads\/2013\/05\/Art-Deco-Service-Tschechei-unbekannt-Kanne-8-371x300.jpg 371w, http:\/\/museumek.eu\/wp-content\/uploads\/2013\/05\/Art-Deco-Service-Tschechei-unbekannt-Kanne-8.jpg 594w\" sizes=\"(max-width: 300px) 100vw, 300px\" \/><\/a><\/p>\n<p><a href=\"http:\/\/museumek.eu\/?attachment_id=56229\" rel=\"attachment wp-att-56229\"><img loading=\"lazy\" src=\"http:\/\/museumek.eu\/wp-content\/uploads\/2013\/05\/Art-Deco-Service-Tschechei-unbekannt-Kanne-9-230x300.jpg\" alt=\"\" title=\"Art Deco Service Tschechei unbekannt Kanne 9\" width=\"230\" height=\"300\" class=\"alignnone size-medium wp-image-56229\" srcset=\"http:\/\/museumek.eu\/wp-content\/uploads\/2013\/05\/Art-Deco-Service-Tschechei-unbekannt-Kanne-9-230x300.jpg 230w, http:\/\/museumek.eu\/wp-content\/uploads\/2013\/05\/Art-Deco-Service-Tschechei-unbekannt-Kanne-9-115x150.jpg 115w, http:\/\/museumek.eu\/wp-content\/uploads\/2013\/05\/Art-Deco-Service-Tschechei-unbekannt-Kanne-9.jpg 480w\" sizes=\"(max-width: 230px) 100vw, 230px\" \/><\/a><\/p>\n<p><a href=\"http:\/\/museumek.eu\/?attachment_id=56230\" rel=\"attachment wp-att-56230\"><img loading=\"lazy\" src=\"http:\/\/museumek.eu\/wp-content\/uploads\/2013\/05\/Art-Deco-Service-Tschechei-unbekannt-Kanne-10-300x251.jpg\" alt=\"\" title=\"Art Deco Service Tschechei unbekannt Kanne 10\" width=\"300\" height=\"251\" class=\"alignnone size-medium wp-image-56230\" srcset=\"http:\/\/museumek.eu\/wp-content\/uploads\/2013\/05\/Art-Deco-Service-Tschechei-unbekannt-Kanne-10-300x251.jpg 300w, http:\/\/museumek.eu\/wp-content\/uploads\/2013\/05\/Art-Deco-Service-Tschechei-unbekannt-Kanne-10-150x125.jpg 150w, http:\/\/museumek.eu\/wp-content\/uploads\/2013\/05\/Art-Deco-Service-Tschechei-unbekannt-Kanne-10-358x300.jpg 358w, http:\/\/museumek.eu\/wp-content\/uploads\/2013\/05\/Art-Deco-Service-Tschechei-unbekannt-Kanne-10.jpg 573w\" sizes=\"(max-width: 300px) 100vw, 300px\" \/><\/a><\/p>\n<p><a href=\"http:\/\/museumek.eu\/?attachment_id=56231\" rel=\"attachment wp-att-56231\"><img loading=\"lazy\" src=\"http:\/\/museumek.eu\/wp-content\/uploads\/2013\/05\/Art-Deco-Service-Tschechei-unbekannt-Kanne-11-250x300.jpg\" alt=\"\" title=\"Art Deco Service Tschechei unbekannt Kanne 11\" width=\"250\" height=\"300\" class=\"alignnone size-medium wp-image-56231\" srcset=\"http:\/\/museumek.eu\/wp-content\/uploads\/2013\/05\/Art-Deco-Service-Tschechei-unbekannt-Kanne-11-250x300.jpg 250w, http:\/\/museumek.eu\/wp-content\/uploads\/2013\/05\/Art-Deco-Service-Tschechei-unbekannt-Kanne-11-125x150.jpg 125w, http:\/\/museumek.eu\/wp-content\/uploads\/2013\/05\/Art-Deco-Service-Tschechei-unbekannt-Kanne-11.jpg 480w\" sizes=\"(max-width: 250px) 100vw, 250px\" \/><\/a><\/p>\n<p><a href=\"http:\/\/museumek.eu\/?attachment_id=56234\" rel=\"attachment wp-att-56234\"><img loading=\"lazy\" src=\"http:\/\/museumek.eu\/wp-content\/uploads\/2013\/05\/Art-Deco-Service-Tschechei-unbekannt-Zuckerdose-1-300x287.jpg\" alt=\"\" title=\"Art Deco Service Tschechei unbekannt Zuckerdose 1\" width=\"300\" height=\"287\" class=\"alignnone size-medium wp-image-56234\" srcset=\"http:\/\/museumek.eu\/wp-content\/uploads\/2013\/05\/Art-Deco-Service-Tschechei-unbekannt-Zuckerdose-1-300x287.jpg 300w, http:\/\/museumek.eu\/wp-content\/uploads\/2013\/05\/Art-Deco-Service-Tschechei-unbekannt-Zuckerdose-1-150x143.jpg 150w, http:\/\/museumek.eu\/wp-content\/uploads\/2013\/05\/Art-Deco-Service-Tschechei-unbekannt-Zuckerdose-1-313x300.jpg 313w, http:\/\/museumek.eu\/wp-content\/uploads\/2013\/05\/Art-Deco-Service-Tschechei-unbekannt-Zuckerdose-1.jpg 501w\" sizes=\"(max-width: 300px) 100vw, 300px\" \/><\/a><\/p>\n<p><a href=\"http:\/\/museumek.eu\/?attachment_id=56235\" rel=\"attachment wp-att-56235\"><img loading=\"lazy\" src=\"http:\/\/museumek.eu\/wp-content\/uploads\/2013\/05\/Art-Deco-Service-Tschechei-unbekannt-Zuckerdose-2-206x300.jpg\" alt=\"\" title=\"Art Deco Service Tschechei unbekannt Zuckerdose 2\" width=\"206\" height=\"300\" class=\"alignnone size-medium wp-image-56235\" srcset=\"http:\/\/museumek.eu\/wp-content\/uploads\/2013\/05\/Art-Deco-Service-Tschechei-unbekannt-Zuckerdose-2-206x300.jpg 206w, http:\/\/museumek.eu\/wp-content\/uploads\/2013\/05\/Art-Deco-Service-Tschechei-unbekannt-Zuckerdose-2-103x150.jpg 103w, http:\/\/museumek.eu\/wp-content\/uploads\/2013\/05\/Art-Deco-Service-Tschechei-unbekannt-Zuckerdose-2.jpg 441w\" sizes=\"(max-width: 206px) 100vw, 206px\" \/><\/a><\/p>\n<p><a href=\"http:\/\/museumek.eu\/?attachment_id=56236\" rel=\"attachment wp-att-56236\"><img loading=\"lazy\" src=\"http:\/\/museumek.eu\/wp-content\/uploads\/2013\/05\/Art-Deco-Service-Tschechei-unbekannt-Zuckerdose-3-181x300.jpg\" alt=\"\" title=\"Art Deco Service Tschechei unbekannt Zuckerdose 3\" width=\"181\" height=\"300\" class=\"alignnone size-medium wp-image-56236\" srcset=\"http:\/\/museumek.eu\/wp-content\/uploads\/2013\/05\/Art-Deco-Service-Tschechei-unbekannt-Zuckerdose-3-181x300.jpg 181w, http:\/\/museumek.eu\/wp-content\/uploads\/2013\/05\/Art-Deco-Service-Tschechei-unbekannt-Zuckerdose-3-90x150.jpg 90w, http:\/\/museumek.eu\/wp-content\/uploads\/2013\/05\/Art-Deco-Service-Tschechei-unbekannt-Zuckerdose-3.jpg 388w\" sizes=\"(max-width: 181px) 100vw, 181px\" \/><\/a><\/p>\n<p><a href=\"http:\/\/museumek.eu\/?attachment_id=56237\" rel=\"attachment wp-att-56237\"><img loading=\"lazy\" src=\"http:\/\/museumek.eu\/wp-content\/uploads\/2013\/05\/Art-Deco-Service-Tschechei-unbekannt-Zuckerdose-4-294x300.jpg\" alt=\"\" title=\"Art Deco Service Tschechei unbekannt Zuckerdose 4\" width=\"294\" height=\"300\" class=\"alignnone size-medium wp-image-56237\" srcset=\"http:\/\/museumek.eu\/wp-content\/uploads\/2013\/05\/Art-Deco-Service-Tschechei-unbekannt-Zuckerdose-4-294x300.jpg 294w, http:\/\/museumek.eu\/wp-content\/uploads\/2013\/05\/Art-Deco-Service-Tschechei-unbekannt-Zuckerdose-4-147x150.jpg 147w, http:\/\/museumek.eu\/wp-content\/uploads\/2013\/05\/Art-Deco-Service-Tschechei-unbekannt-Zuckerdose-4.jpg 480w\" sizes=\"(max-width: 294px) 100vw, 294px\" \/><\/a><\/p>\n<p><a href=\"http:\/\/museumek.eu\/?attachment_id=56238\" rel=\"attachment wp-att-56238\"><img loading=\"lazy\" src=\"http:\/\/museumek.eu\/wp-content\/uploads\/2013\/05\/Art-Deco-Service-Tschechei-unbekannt-Zuckerdose-5-300x269.jpg\" alt=\"\" title=\"Art Deco Service Tschechei unbekannt Zuckerdose 5\" width=\"300\" height=\"269\" class=\"alignnone size-medium wp-image-56238\" srcset=\"http:\/\/museumek.eu\/wp-content\/uploads\/2013\/05\/Art-Deco-Service-Tschechei-unbekannt-Zuckerdose-5-300x269.jpg 300w, http:\/\/museumek.eu\/wp-content\/uploads\/2013\/05\/Art-Deco-Service-Tschechei-unbekannt-Zuckerdose-5-150x134.jpg 150w, http:\/\/museumek.eu\/wp-content\/uploads\/2013\/05\/Art-Deco-Service-Tschechei-unbekannt-Zuckerdose-5-334x300.jpg 334w, http:\/\/museumek.eu\/wp-content\/uploads\/2013\/05\/Art-Deco-Service-Tschechei-unbekannt-Zuckerdose-5.jpg 535w\" sizes=\"(max-width: 300px) 100vw, 300px\" \/><\/a><\/p>\n<p><a href=\"http:\/\/museumek.eu\/?attachment_id=56239\" rel=\"attachment wp-att-56239\"><img loading=\"lazy\" src=\"http:\/\/museumek.eu\/wp-content\/uploads\/2013\/05\/Art-Deco-Service-Tschechei-unbekannt-Zuckerdose-6-300x259.jpg\" alt=\"\" title=\"Art Deco Service Tschechei unbekannt Zuckerdose 6\" width=\"300\" height=\"259\" class=\"alignnone size-medium wp-image-56239\" srcset=\"http:\/\/museumek.eu\/wp-content\/uploads\/2013\/05\/Art-Deco-Service-Tschechei-unbekannt-Zuckerdose-6-300x259.jpg 300w, http:\/\/museumek.eu\/wp-content\/uploads\/2013\/05\/Art-Deco-Service-Tschechei-unbekannt-Zuckerdose-6-150x129.jpg 150w, http:\/\/museumek.eu\/wp-content\/uploads\/2013\/05\/Art-Deco-Service-Tschechei-unbekannt-Zuckerdose-6-346x300.jpg 346w, http:\/\/museumek.eu\/wp-content\/uploads\/2013\/05\/Art-Deco-Service-Tschechei-unbekannt-Zuckerdose-6.jpg 554w\" sizes=\"(max-width: 300px) 100vw, 300px\" \/><\/a><\/p>\n<p><a href=\"http:\/\/museumek.eu\/?attachment_id=56240\" rel=\"attachment wp-att-56240\"><img loading=\"lazy\" src=\"http:\/\/museumek.eu\/wp-content\/uploads\/2013\/05\/Art-Deco-Service-Tschechei-unbekannt-Milchk\u00e4nnchen-1-300x254.jpg\" alt=\"\" title=\"Art Deco Service Tschechei unbekannt Milchk\u00e4nnchen 1\" width=\"300\" height=\"254\" class=\"alignnone size-medium wp-image-56240\" srcset=\"http:\/\/museumek.eu\/wp-content\/uploads\/2013\/05\/Art-Deco-Service-Tschechei-unbekannt-Milchk\u00e4nnchen-1-300x254.jpg 300w, http:\/\/museumek.eu\/wp-content\/uploads\/2013\/05\/Art-Deco-Service-Tschechei-unbekannt-Milchk\u00e4nnchen-1-150x127.jpg 150w, http:\/\/museumek.eu\/wp-content\/uploads\/2013\/05\/Art-Deco-Service-Tschechei-unbekannt-Milchk\u00e4nnchen-1-353x300.jpg 353w, http:\/\/museumek.eu\/wp-content\/uploads\/2013\/05\/Art-Deco-Service-Tschechei-unbekannt-Milchk\u00e4nnchen-1.jpg 565w\" sizes=\"(max-width: 300px) 100vw, 300px\" \/><\/a><\/p>\n<p><a href=\"http:\/\/museumek.eu\/?attachment_id=56241\" rel=\"attachment wp-att-56241\"><img loading=\"lazy\" src=\"http:\/\/museumek.eu\/wp-content\/uploads\/2013\/05\/Art-Deco-Service-Tschechei-unbekannt-Milchk\u00e4nnchen-2-231x300.jpg\" alt=\"\" title=\"Art Deco Service Tschechei unbekannt Milchk\u00e4nnchen 2\" width=\"231\" height=\"300\" class=\"alignnone size-medium wp-image-56241\" srcset=\"http:\/\/museumek.eu\/wp-content\/uploads\/2013\/05\/Art-Deco-Service-Tschechei-unbekannt-Milchk\u00e4nnchen-2-231x300.jpg 231w, http:\/\/museumek.eu\/wp-content\/uploads\/2013\/05\/Art-Deco-Service-Tschechei-unbekannt-Milchk\u00e4nnchen-2-115x150.jpg 115w, http:\/\/museumek.eu\/wp-content\/uploads\/2013\/05\/Art-Deco-Service-Tschechei-unbekannt-Milchk\u00e4nnchen-2.jpg 480w\" sizes=\"(max-width: 231px) 100vw, 231px\" \/><\/a><\/p>\n<p><a href=\"http:\/\/museumek.eu\/?attachment_id=56242\" rel=\"attachment wp-att-56242\"><img loading=\"lazy\" src=\"http:\/\/museumek.eu\/wp-content\/uploads\/2013\/05\/Art-Deco-Service-Tschechei-unbekannt-Milchk\u00e4nnchen-3-171x300.jpg\" alt=\"\" title=\"Art Deco Service Tschechei unbekannt Milchk\u00e4nnchen 3\" width=\"171\" height=\"300\" class=\"alignnone size-medium wp-image-56242\" srcset=\"http:\/\/museumek.eu\/wp-content\/uploads\/2013\/05\/Art-Deco-Service-Tschechei-unbekannt-Milchk\u00e4nnchen-3-171x300.jpg 171w, http:\/\/museumek.eu\/wp-content\/uploads\/2013\/05\/Art-Deco-Service-Tschechei-unbekannt-Milchk\u00e4nnchen-3-85x150.jpg 85w, http:\/\/museumek.eu\/wp-content\/uploads\/2013\/05\/Art-Deco-Service-Tschechei-unbekannt-Milchk\u00e4nnchen-3.jpg 365w\" sizes=\"(max-width: 171px) 100vw, 171px\" \/><\/a><\/p>\n<p><a href=\"http:\/\/museumek.eu\/?attachment_id=56243\" rel=\"attachment wp-att-56243\"><img loading=\"lazy\" src=\"http:\/\/museumek.eu\/wp-content\/uploads\/2013\/05\/Art-Deco-Service-Tschechei-unbekannt-Milchk\u00e4nnchen-4-300x292.jpg\" alt=\"\" title=\"Art Deco Service Tschechei unbekannt Milchk\u00e4nnchen 4\" width=\"300\" height=\"292\" class=\"alignnone size-medium wp-image-56243\" srcset=\"http:\/\/museumek.eu\/wp-content\/uploads\/2013\/05\/Art-Deco-Service-Tschechei-unbekannt-Milchk\u00e4nnchen-4-300x292.jpg 300w, http:\/\/museumek.eu\/wp-content\/uploads\/2013\/05\/Art-Deco-Service-Tschechei-unbekannt-Milchk\u00e4nnchen-4-150x146.jpg 150w, http:\/\/museumek.eu\/wp-content\/uploads\/2013\/05\/Art-Deco-Service-Tschechei-unbekannt-Milchk\u00e4nnchen-4-307x300.jpg 307w, http:\/\/museumek.eu\/wp-content\/uploads\/2013\/05\/Art-Deco-Service-Tschechei-unbekannt-Milchk\u00e4nnchen-4.jpg 492w\" sizes=\"(max-width: 300px) 100vw, 300px\" \/><\/a><\/p>\n","protected":false},"excerpt":{"rendered":"<p>Abteilung Austria\/Ungarn\/B\u00f6hmen, Keramik 1860 \u2013 1960, Inventarnummer A\/XVIII\/7 Manufaktur ohne Zuschreibung, Austria\/B\u00f6hmen (B\u00f6hmen?), Kanne, Zuckerdose und Milchk\u00e4nnchen eines Service, um\/nach 1920, K\u00fcnstler unbekannt, Werks.-Nr. ohne, Exemplar Nr. ohne, gemarkt als schwarzer Dreieckstempel der Schriftzug .IMPORTE. DE LA CZECHOSLOVAQUIE sowie bei &hellip; <a href=\"http:\/\/museumek.eu\/?page_id=1279\">Weiterlesen <span class=\"meta-nav\">&rarr;<\/span><\/a><\/p>\n","protected":false},"author":1,"featured_media":0,"parent":1241,"menu_order":7,"comment_status":"open","ping_status":"open","template":"","meta":[],"_links":{"self":[{"href":"http:\/\/museumek.eu\/index.php?rest_route=\/wp\/v2\/pages\/1279"}],"collection":[{"href":"http:\/\/museumek.eu\/index.php?rest_route=\/wp\/v2\/pages"}],"about":[{"href":"http:\/\/museumek.eu\/index.php?rest_route=\/wp\/v2\/types\/page"}],"author":[{"embeddable":true,"href":"http:\/\/museumek.eu\/index.php?rest_route=\/wp\/v2\/users\/1"}],"replies":[{"embeddable":true,"href":"http:\/\/museumek.eu\/index.php?rest_route=%2Fwp%2Fv2%2Fcomments&post=1279"}],"version-history":[{"count":7,"href":"http:\/\/museumek.eu\/index.php?rest_route=\/wp\/v2\/pages\/1279\/revisions"}],"predecessor-version":[{"id":56251,"href":"http:\/\/museumek.eu\/index.php?rest_route=\/wp\/v2\/pages\/1279\/revisions\/56251"}],"up":[{"embeddable":true,"href":"http:\/\/museumek.eu\/index.php?rest_route=\/wp\/v2\/pages\/1241"}],"wp:attachment":[{"href":"http:\/\/museumek.eu\/index.php?rest_route=%2Fwp%2Fv2%2Fmedia&parent=1279"}],"curies":[{"name":"wp","href":"https:\/\/api.w.org\/{rel}","templated":true}]}}