{"id":12954,"date":"2012-09-01T21:29:56","date_gmt":"2012-09-01T19:29:56","guid":{"rendered":"http:\/\/museumek.eu\/?page_id=12954"},"modified":"2013-05-04T19:55:16","modified_gmt":"2013-05-04T17:55:16","slug":"axxxvi1","status":"publish","type":"page","link":"http:\/\/museumek.eu\/?page_id=12954","title":{"rendered":"A\/XXXVI\/1"},"content":{"rendered":"<p><strong>Abteilung Austria\/Ungarn\/B\u00f6hmen, Keramik 1860 \u2013 1960, Inventarnummer A\/XXXVI\/1<\/strong><\/p>\n<p>Bernhard Bloch Majolika- und Terracottafabrik, B\u00f6hmen\/Austria, Hohenstein\/Uncin, um 1900, Vase mit Nymphe, K\u00fcnstler T. Schoop (attr.), Werks.-Nr. 3830, Exemplar Nr. 215 (7), gemarkt Firmenmarke mit BB sowie 215 (7) gepresst, 3830 mit gegossen, nicht signiert, Literatur: Waltraud Neuwirth, Bl\u00fchender Jugendstil, Band II, S. 223 ff., Beschreibung der Fabrik sowie Seite 231, Marke Nr. 7 identisch, weitere Literatur: Otto Pelka, Keramik der Neuzeit, Markentafel III, Markenkasten 30 identische Marke, Seite 209, Herstellerverzeichnis, Eichwald, B. Bloch 30 sowie Seite 217, Namenverzeichnis, Bloch, B, M 30, weitere Literatur: Volker M\u00f6lle Riessner, Amphora, Die Porzellan- und Keramikmanufaktur in Nord-B\u00f6hmen, Seite 183, Beschreibung der Bloch\u2018schen Fabriken sowie Seite 195, Marke Nr. 40 identisch, weitere Literatur: Barbara Scheffran im Auftrag des Museums f\u00fcr Kunst und Kulturgeschichte der Stadt Dortmund, Prager Jugendstil, Seite 148, Abbildung 216, dort eine Jardiniere mit Nymphe, mit Signatur Uncin, BB sowie T. Schoop, siehe auch ebay 19.04.2011, \u00e4hnliche Nymphe, 1869 Gr\u00fcndung durch Anton Tschinkel Siderolithwaarenfabrik, aufgekauft 1885 von C. Teichert und firmiert als Mei\u00dfner Ofen- und Porzellanfabrik Filiale Eichwald, 1899 \u00dcbernahme durch Bernhard Bloch und Firmierung als B. Bloch &#038; Co. Porzellan-, Majolika-, Ofen- u. Terracottafabriken oder auch B. Bloch &#038; Co. Ofen- und Porzellanfabrik, 1921 Trennung in zwei Firmen, erstens Eichwalder Porzellan- und Ofenfabrik Bernhard Bloch &#038; Co. und zweitens B. Bloch (Inhaber Stella Bloch), sp\u00e4ter firmierte eine der Fabriken dann noch als Eichwalder Porzellan-, Ofen- und Wandplattenfabrik Dr. Widera &#038; Co., in unterschiedlicher Literatur wird die Historie der Bloch\u2018schen Fabriken unterschiedlich dargestellt, das MEK schreibt den Produktionsort und K\u00fcnstler nach o. g. Literatur \u201ePrager Jugendstil\u201c zu, H\u00f6he 36 cm, Breite 17 cm<\/p>\n<p><a href=\"http:\/\/museumek.eu\/wp-content\/uploads\/2011\/08\/Museum-Europ\u00e4ischer-Keramikkunst-Qualit\u00e4tsfotos-291.jpg\"><img loading=\"lazy\" src=\"http:\/\/museumek.eu\/wp-content\/uploads\/2011\/08\/Museum-Europ\u00e4ischer-Keramikkunst-Qualit\u00e4tsfotos-291-152x300.jpg\" alt=\"\" title=\"Museum Europ\u00e4ischer Keramikkunst Qualit\u00e4tsfotos 291\" width=\"152\" height=\"300\" class=\"alignnone size-medium wp-image-1879\" \/><\/a><\/p>\n<p><a href=\"http:\/\/museumek.eu\/wp-content\/uploads\/2011\/08\/Museum-Europ\u00e4ischer-Keramikkunst-336.jpg\"><img loading=\"lazy\" src=\"http:\/\/museumek.eu\/wp-content\/uploads\/2011\/08\/Museum-Europ\u00e4ischer-Keramikkunst-336-300x203.jpg\" alt=\"\" title=\"Museum Europ\u00e4ischer Keramikkunst 336\" width=\"300\" height=\"203\" class=\"alignnone size-medium wp-image-1880\" srcset=\"http:\/\/museumek.eu\/wp-content\/uploads\/2011\/08\/Museum-Europ\u00e4ischer-Keramikkunst-336-300x203.jpg 300w, http:\/\/museumek.eu\/wp-content\/uploads\/2011\/08\/Museum-Europ\u00e4ischer-Keramikkunst-336-441x300.jpg 441w, http:\/\/museumek.eu\/wp-content\/uploads\/2011\/08\/Museum-Europ\u00e4ischer-Keramikkunst-336.jpg 809w\" sizes=\"(max-width: 300px) 100vw, 300px\" \/><\/a><\/p>\n<p><a href=\"http:\/\/museumek.eu\/wp-content\/uploads\/2011\/08\/Schoop-M\u00e4dchen.jpg\"><img loading=\"lazy\" src=\"http:\/\/museumek.eu\/wp-content\/uploads\/2011\/08\/Schoop-M\u00e4dchen-300x128.jpg\" alt=\"\" title=\"Schoop M\u00e4dchen\" width=\"300\" height=\"128\" class=\"alignnone size-medium wp-image-1881\" srcset=\"http:\/\/museumek.eu\/wp-content\/uploads\/2011\/08\/Schoop-M\u00e4dchen-300x128.jpg 300w, http:\/\/museumek.eu\/wp-content\/uploads\/2011\/08\/Schoop-M\u00e4dchen-500x214.jpg 500w, http:\/\/museumek.eu\/wp-content\/uploads\/2011\/08\/Schoop-M\u00e4dchen.jpg 597w\" sizes=\"(max-width: 300px) 100vw, 300px\" \/><\/a><\/p>\n","protected":false},"excerpt":{"rendered":"<p>Abteilung Austria\/Ungarn\/B\u00f6hmen, Keramik 1860 \u2013 1960, Inventarnummer A\/XXXVI\/1 Bernhard Bloch Majolika- und Terracottafabrik, B\u00f6hmen\/Austria, Hohenstein\/Uncin, um 1900, Vase mit Nymphe, K\u00fcnstler T. Schoop (attr.), Werks.-Nr. 3830, Exemplar Nr. 215 (7), gemarkt Firmenmarke mit BB sowie 215 (7) gepresst, 3830 mit &hellip; <a href=\"http:\/\/museumek.eu\/?page_id=12954\">Weiterlesen <span class=\"meta-nav\">&rarr;<\/span><\/a><\/p>\n","protected":false},"author":1,"featured_media":0,"parent":12948,"menu_order":1,"comment_status":"closed","ping_status":"open","template":"","meta":[],"_links":{"self":[{"href":"http:\/\/museumek.eu\/index.php?rest_route=\/wp\/v2\/pages\/12954"}],"collection":[{"href":"http:\/\/museumek.eu\/index.php?rest_route=\/wp\/v2\/pages"}],"about":[{"href":"http:\/\/museumek.eu\/index.php?rest_route=\/wp\/v2\/types\/page"}],"author":[{"embeddable":true,"href":"http:\/\/museumek.eu\/index.php?rest_route=\/wp\/v2\/users\/1"}],"replies":[{"embeddable":true,"href":"http:\/\/museumek.eu\/index.php?rest_route=%2Fwp%2Fv2%2Fcomments&post=12954"}],"version-history":[{"count":4,"href":"http:\/\/museumek.eu\/index.php?rest_route=\/wp\/v2\/pages\/12954\/revisions"}],"predecessor-version":[{"id":21396,"href":"http:\/\/museumek.eu\/index.php?rest_route=\/wp\/v2\/pages\/12954\/revisions\/21396"}],"up":[{"embeddable":true,"href":"http:\/\/museumek.eu\/index.php?rest_route=\/wp\/v2\/pages\/12948"}],"wp:attachment":[{"href":"http:\/\/museumek.eu\/index.php?rest_route=%2Fwp%2Fv2%2Fmedia&parent=12954"}],"curies":[{"name":"wp","href":"https:\/\/api.w.org\/{rel}","templated":true}]}}