{"id":12959,"date":"2012-09-01T21:37:49","date_gmt":"2012-09-01T19:37:49","guid":{"rendered":"http:\/\/museumek.eu\/?page_id=12959"},"modified":"2013-05-04T19:56:36","modified_gmt":"2013-05-04T17:56:36","slug":"axxxvi2","status":"publish","type":"page","link":"http:\/\/museumek.eu\/?page_id=12959","title":{"rendered":"A\/XXXVI\/2"},"content":{"rendered":"<p><strong>Abteilung Austria\/Ungarn\/B\u00f6hmen, Keramik 1860 \u2013 1960, Inventarnummer A\/XXXVI\/2<\/strong><\/p>\n<p>Bernhard Bloch Majolika- und Terracottafabrik, B\u00f6hmen\/Austria, Hohenstein\/Uncin, um 1900, Wandplatte M\u00e4dchen im Stile Alphonse Mucha, K\u00fcnstler unbekannt, Werks.-Nr. 5316, Exemplar Nr. 41, gemarkt Firmenmarke mit BB sowie 5316 gepresst, 41 gelb gemalt, nicht signiert, Literatur: Waltraud Neuwirth, Bl\u00fchender Jugendstil, Band II, S. 223 ff., Beschreibung der Fabrik sowie Seite 231, Marke Nr. 7 identisch, weitere Literatur: Otto Pelka, Keramik der Neuzeit, Markentafel III, Markenkasten 30 identische Marke, Seite 209, Herstellerverzeichnis, Eichwald, B. Bloch 30 sowie Seite 217, Namenverzeichnis, Bloch, B, M 30, weitere Literatur: Volker M\u00f6lle Riessner, Amphora, Die Porzellan- und Keramikmanufaktur in Nord-B\u00f6hmen, Seite 183, Beschreibung der Bloch\u2018schen Fabriken sowie Seite 195, Marke Nr. 40 identisch, 1869 Gr\u00fcndung durch Anton Tschinkel Siderolithwaarenfabrik, aufgekauft 1885 von C. Teichert und firmiert als Mei\u00dfner Ofen- und Porzellanfabrik Filiale Eichwald, 1899 \u00dcbernahme durch Bernhard Bloch und Firmierung als B. Bloch &#038; Co. Porzellan-, Majolika-, Ofen- u. Terracottafabriken oder auch B. Bloch &#038; Co. Ofen- und Porzellanfabrik, 1921 Trennung in zwei Firmen, erstens Eichwalder Porzellan- und Ofenfabrik Bernhard Bloch &#038; Co. und zweitens B. Bloch (Inhaber Stella Bloch), sp\u00e4ter firmierte eine der Fabriken dann noch als Eichwalder Porzellan-, Ofen- und Wandplattenfabrik Dr. Widera &#038; Co., in unterschiedlicher Literatur wird die Historie der Bloch\u2018schen Fabriken unterschiedlich dargestellt, H\u00f6he 23 cm, Breite 19 cm<\/p>\n<p><a href=\"http:\/\/museumek.eu\/wp-content\/uploads\/2011\/08\/Museum-Europ\u00e4ischer-Keramikkunst-840.jpg\"><img loading=\"lazy\" src=\"http:\/\/museumek.eu\/wp-content\/uploads\/2011\/08\/Museum-Europ\u00e4ischer-Keramikkunst-840-249x300.jpg\" alt=\"\" title=\"Museum Europ\u00e4ischer Keramikkunst 840\" width=\"249\" height=\"300\" class=\"alignnone size-medium wp-image-1965\" srcset=\"http:\/\/museumek.eu\/wp-content\/uploads\/2011\/08\/Museum-Europ\u00e4ischer-Keramikkunst-840-249x300.jpg 249w, http:\/\/museumek.eu\/wp-content\/uploads\/2011\/08\/Museum-Europ\u00e4ischer-Keramikkunst-840.jpg 574w\" sizes=\"(max-width: 249px) 100vw, 249px\" \/><\/a><\/p>\n<p><a href=\"http:\/\/museumek.eu\/wp-content\/uploads\/2011\/08\/Museum-Europ\u00e4ischer-Keramikkunst-842.jpg\"><img loading=\"lazy\" src=\"http:\/\/museumek.eu\/wp-content\/uploads\/2011\/08\/Museum-Europ\u00e4ischer-Keramikkunst-842-283x300.jpg\" alt=\"\" title=\"Museum Europ\u00e4ischer Keramikkunst 842\" width=\"283\" height=\"300\" class=\"alignnone size-medium wp-image-1966\" srcset=\"http:\/\/museumek.eu\/wp-content\/uploads\/2011\/08\/Museum-Europ\u00e4ischer-Keramikkunst-842-283x300.jpg 283w, http:\/\/museumek.eu\/wp-content\/uploads\/2011\/08\/Museum-Europ\u00e4ischer-Keramikkunst-842.jpg 337w\" sizes=\"(max-width: 283px) 100vw, 283px\" \/><\/a><\/p>\n<p><a href=\"http:\/\/museumek.eu\/wp-content\/uploads\/2011\/08\/Museum-Europ\u00e4ischer-Keramikkunst-844.jpg\"><img loading=\"lazy\" src=\"http:\/\/museumek.eu\/wp-content\/uploads\/2011\/08\/Museum-Europ\u00e4ischer-Keramikkunst-844.jpg\" alt=\"\" title=\"Museum Europ\u00e4ischer Keramikkunst 844\" width=\"203\" height=\"240\" class=\"alignnone size-full wp-image-1967\" \/><\/a><\/p>\n","protected":false},"excerpt":{"rendered":"<p>Abteilung Austria\/Ungarn\/B\u00f6hmen, Keramik 1860 \u2013 1960, Inventarnummer A\/XXXVI\/2 Bernhard Bloch Majolika- und Terracottafabrik, B\u00f6hmen\/Austria, Hohenstein\/Uncin, um 1900, Wandplatte M\u00e4dchen im Stile Alphonse Mucha, K\u00fcnstler unbekannt, Werks.-Nr. 5316, Exemplar Nr. 41, gemarkt Firmenmarke mit BB sowie 5316 gepresst, 41 gelb gemalt, &hellip; <a href=\"http:\/\/museumek.eu\/?page_id=12959\">Weiterlesen <span class=\"meta-nav\">&rarr;<\/span><\/a><\/p>\n","protected":false},"author":1,"featured_media":0,"parent":12948,"menu_order":2,"comment_status":"closed","ping_status":"open","template":"","meta":[],"_links":{"self":[{"href":"http:\/\/museumek.eu\/index.php?rest_route=\/wp\/v2\/pages\/12959"}],"collection":[{"href":"http:\/\/museumek.eu\/index.php?rest_route=\/wp\/v2\/pages"}],"about":[{"href":"http:\/\/museumek.eu\/index.php?rest_route=\/wp\/v2\/types\/page"}],"author":[{"embeddable":true,"href":"http:\/\/museumek.eu\/index.php?rest_route=\/wp\/v2\/users\/1"}],"replies":[{"embeddable":true,"href":"http:\/\/museumek.eu\/index.php?rest_route=%2Fwp%2Fv2%2Fcomments&post=12959"}],"version-history":[{"count":4,"href":"http:\/\/museumek.eu\/index.php?rest_route=\/wp\/v2\/pages\/12959\/revisions"}],"predecessor-version":[{"id":21397,"href":"http:\/\/museumek.eu\/index.php?rest_route=\/wp\/v2\/pages\/12959\/revisions\/21397"}],"up":[{"embeddable":true,"href":"http:\/\/museumek.eu\/index.php?rest_route=\/wp\/v2\/pages\/12948"}],"wp:attachment":[{"href":"http:\/\/museumek.eu\/index.php?rest_route=%2Fwp%2Fv2%2Fmedia&parent=12959"}],"curies":[{"name":"wp","href":"https:\/\/api.w.org\/{rel}","templated":true}]}}