{"id":12969,"date":"2012-09-01T21:55:24","date_gmt":"2012-09-01T19:55:24","guid":{"rendered":"http:\/\/museumek.eu\/?page_id=12969"},"modified":"2013-05-04T20:00:07","modified_gmt":"2013-05-04T18:00:07","slug":"axxxvi4","status":"publish","type":"page","link":"http:\/\/museumek.eu\/?page_id=12969","title":{"rendered":"A\/XXXVI\/4"},"content":{"rendered":"<p><strong>Abteilung Austria\/Ungarn\/B\u00f6hmen, Keramik 1860 \u2013 1960, Inventarnummer A\/XXXVI\/4<\/strong><\/p>\n<p>B. Bloch &#038; Co. Porzellan-, Majolika-, Ofen- u. Terracottafabriken, B\u00f6hmen\/Austria, Eichwald\/Dubi, um 1910, Schale M\u00e4dchenpaar, K\u00fcnstler T. Schoop, Werks.-Nr. 7841, Exemplar Nr. 45 (?), gemarkt Firmenmarke mit BB, 7841 sowie 45 gepresst sowie , Firmenmarke mit Krone \u00fcber E blau unter Glasur, T in Schoop gestellt geritzt, signiert T. Schoop, Literatur: Waltraud Neuwirth, Bl\u00fchender Jugendstil, Band II, S. 223 ff., Beschreibung der Fabrik sowie Seite 231, Marken Nr. 4 und 7 identisch, weitere Literatur: Otto Pelka, Keramik der Neuzeit, Markentafel III, Markenkasten 30 identische Marken, Seite 209, Herstellerverzeichnis, Eichwald, B. Bloch 30 sowie Seite 217, Namenverzeichnis, Bloch, B, M 30, weitere Literatur: Gustav Wei\u00df, Ullstein Porzellanbuch, Seite 253, Marke Nr. 1 identisch, , weitere Literatur: Volker M\u00f6lle Riessner, Amphora, Die Porzellan- und Keramikmanufaktur in Nord-B\u00f6hmen, Seite 183, Beschreibung der Bloch\u2018schen Fabriken, 1869 Gr\u00fcndung durch Anton Tschinkel Siderolithwaarenfabrik, aufgekauft 1885 von C. Teichert und firmiert als Mei\u00dfner Ofen- und Porzellanfabrik Filiale Eichwald, 1899 \u00dcbernahme durch Bernhard Bloch und Firmierung als B. Bloch &#038; Co. Porzellan-, Majolika-, Ofen- u. Terracottafabriken oder auch B. Bloch &#038; Co. Ofen- und Porzellanfabrik, 1921 Trennung in zwei Firmen, erstens Eichwalder Porzellan- und Ofenfabrik Bernhard Bloch &#038; Co. und zweitens B. Bloch (Inhaber Stella Bloch), sp\u00e4ter firmierte eine der Fabriken dann noch als Eichwalder Porzellan-, Ofen- und Wandplattenfabrik Dr. Widera &#038; Co., in unterschiedlicher Literatur wird die Historie der Bloch\u2018schen Fabriken unterschiedlich dargestellt,<br \/>\nH\u00f6he 25,5 cm, Breite 30 cm<\/p>\n<p><a href=\"http:\/\/museumek.eu\/wp-content\/uploads\/2011\/08\/Museum-Europ\u00e4ischer-Keramikkunst-Qualit\u00e4tsfotos-295.jpg\"><img loading=\"lazy\" src=\"http:\/\/museumek.eu\/wp-content\/uploads\/2011\/08\/Museum-Europ\u00e4ischer-Keramikkunst-Qualit\u00e4tsfotos-295-300x263.jpg\" alt=\"\" title=\"Museum Europ\u00e4ischer Keramikkunst Qualit\u00e4tsfotos 295\" width=\"300\" height=\"263\" class=\"alignnone size-medium wp-image-1895\" srcset=\"http:\/\/museumek.eu\/wp-content\/uploads\/2011\/08\/Museum-Europ\u00e4ischer-Keramikkunst-Qualit\u00e4tsfotos-295-300x263.jpg 300w, http:\/\/museumek.eu\/wp-content\/uploads\/2011\/08\/Museum-Europ\u00e4ischer-Keramikkunst-Qualit\u00e4tsfotos-295-341x300.jpg 341w, http:\/\/museumek.eu\/wp-content\/uploads\/2011\/08\/Museum-Europ\u00e4ischer-Keramikkunst-Qualit\u00e4tsfotos-295.jpg 783w\" sizes=\"(max-width: 300px) 100vw, 300px\" \/><\/a><\/p>\n<p><a href=\"http:\/\/museumek.eu\/wp-content\/uploads\/2011\/08\/Museum-Europ\u00e4ischer-Keramikkunst-394.jpg\"><img loading=\"lazy\" src=\"http:\/\/museumek.eu\/wp-content\/uploads\/2011\/08\/Museum-Europ\u00e4ischer-Keramikkunst-394-231x300.jpg\" alt=\"\" title=\"Museum Europ\u00e4ischer Keramikkunst 394\" width=\"231\" height=\"300\" class=\"alignnone size-medium wp-image-1896\" srcset=\"http:\/\/museumek.eu\/wp-content\/uploads\/2011\/08\/Museum-Europ\u00e4ischer-Keramikkunst-394-231x300.jpg 231w, http:\/\/museumek.eu\/wp-content\/uploads\/2011\/08\/Museum-Europ\u00e4ischer-Keramikkunst-394.jpg 282w\" sizes=\"(max-width: 231px) 100vw, 231px\" \/><\/a><\/p>\n<p><a href=\"http:\/\/museumek.eu\/wp-content\/uploads\/2011\/08\/Schoop-zwei-M\u00e4dchen.jpg\"><img loading=\"lazy\" src=\"http:\/\/museumek.eu\/wp-content\/uploads\/2011\/08\/Schoop-zwei-M\u00e4dchen.jpg\" alt=\"\" title=\"Schoop zwei M\u00e4dchen\" width=\"154\" height=\"227\" class=\"alignnone size-full wp-image-1897\" \/><\/a><\/p>\n<p><a href=\"http:\/\/museumek.eu\/wp-content\/uploads\/2011\/08\/Schoop-zwei-M\u00e4dchen-1.jpg\"><img loading=\"lazy\" src=\"http:\/\/museumek.eu\/wp-content\/uploads\/2011\/08\/Schoop-zwei-M\u00e4dchen-1.jpg\" alt=\"\" title=\"Schoop zwei M\u00e4dchen 1\" width=\"220\" height=\"90\" class=\"alignnone size-full wp-image-1898\" \/><\/a><\/p>\n","protected":false},"excerpt":{"rendered":"<p>Abteilung Austria\/Ungarn\/B\u00f6hmen, Keramik 1860 \u2013 1960, Inventarnummer A\/XXXVI\/4 B. Bloch &#038; Co. Porzellan-, Majolika-, Ofen- u. Terracottafabriken, B\u00f6hmen\/Austria, Eichwald\/Dubi, um 1910, Schale M\u00e4dchenpaar, K\u00fcnstler T. Schoop, Werks.-Nr. 7841, Exemplar Nr. 45 (?), gemarkt Firmenmarke mit BB, 7841 sowie 45 gepresst &hellip; <a href=\"http:\/\/museumek.eu\/?page_id=12969\">Weiterlesen <span class=\"meta-nav\">&rarr;<\/span><\/a><\/p>\n","protected":false},"author":1,"featured_media":0,"parent":12948,"menu_order":4,"comment_status":"closed","ping_status":"open","template":"","meta":[],"_links":{"self":[{"href":"http:\/\/museumek.eu\/index.php?rest_route=\/wp\/v2\/pages\/12969"}],"collection":[{"href":"http:\/\/museumek.eu\/index.php?rest_route=\/wp\/v2\/pages"}],"about":[{"href":"http:\/\/museumek.eu\/index.php?rest_route=\/wp\/v2\/types\/page"}],"author":[{"embeddable":true,"href":"http:\/\/museumek.eu\/index.php?rest_route=\/wp\/v2\/users\/1"}],"replies":[{"embeddable":true,"href":"http:\/\/museumek.eu\/index.php?rest_route=%2Fwp%2Fv2%2Fcomments&post=12969"}],"version-history":[{"count":5,"href":"http:\/\/museumek.eu\/index.php?rest_route=\/wp\/v2\/pages\/12969\/revisions"}],"predecessor-version":[{"id":21401,"href":"http:\/\/museumek.eu\/index.php?rest_route=\/wp\/v2\/pages\/12969\/revisions\/21401"}],"up":[{"embeddable":true,"href":"http:\/\/museumek.eu\/index.php?rest_route=\/wp\/v2\/pages\/12948"}],"wp:attachment":[{"href":"http:\/\/museumek.eu\/index.php?rest_route=%2Fwp%2Fv2%2Fmedia&parent=12969"}],"curies":[{"name":"wp","href":"https:\/\/api.w.org\/{rel}","templated":true}]}}