{"id":12973,"date":"2012-09-01T21:59:22","date_gmt":"2012-09-01T19:59:22","guid":{"rendered":"http:\/\/museumek.eu\/?page_id=12973"},"modified":"2013-05-04T20:00:59","modified_gmt":"2013-05-04T18:00:59","slug":"axxxvi5","status":"publish","type":"page","link":"http:\/\/museumek.eu\/?page_id=12973","title":{"rendered":"A\/XXXVI\/5"},"content":{"rendered":"<p><strong>Abteilung Austria\/Ungarn\/B\u00f6hmen, Keramik 1860 \u2013 1960, Inventarnummer A\/XXXVI\/5<\/strong><\/p>\n<p>B. Bloch &#038; Co. Porzellan-, Majolika-, Ofen- u. Terracottafabriken, B\u00f6hmen\/Austria, Eichwald\/Dubi, um 1910, Schale Junge auf Schubkarre, K\u00fcnstler T. Schoop (attr.), Werks.-Nr. 7326, Exemplar Nr. 15 (0), gemarkt Firmenmarke mit BB, 7326 sowie 15 0 gepresst, nicht signiert, Literatur: Waltraud Neuwirth, Bl\u00fchender Jugendstil, Band II, S. 223 ff., Beschreibung der Fabrik sowie Seite 231, Marke Nr. 7 identisch, weitere Literatur: Otto Pelka, Keramik der Neuzeit, Markentafel III, Markenkasten 30 identische Marke, , Seite 209, Herstellerverzeichnis, Eichwald, B. Bloch 30 sowie Seite 217, Namenverzeichnis, Bloch, B, M 30, weitere Literatur: Volker M\u00f6lle Riessner, Amphora, Die Porzellan- und Keramikmanufaktur in Nord-B\u00f6hmen, Seite 183, Beschreibung der Bloch\u2018schen Fabriken sowie Seite 195, Marke Nr. 40 identisch, 1869 Gr\u00fcndung durch Anton Tschinkel Siderolithwaarenfabrik, aufgekauft 1885 von C. Teichert und firmiert als Mei\u00dfner Ofen- und Porzellanfabrik Filiale Eichwald, 1899 \u00dcbernahme durch Bernhard Bloch und Firmierung als B. Bloch &#038; Co. Porzellan-, Majolika-, Ofen- u. Terracottafabriken oder auch B. Bloch &#038; Co. Ofen- und Porzellanfabrik, 1921 Trennung in zwei Firmen, erstens Eichwalder Porzellan- und Ofenfabrik Bernhard Bloch &#038; Co. und zweitens B. Bloch (Inhaber Stella Bloch), sp\u00e4ter firmierte eine der Fabriken dann noch als Eichwalder Porzellan-, Ofen- und Wandplattenfabrik Dr. Widera &#038; Co., in unterschiedlicher Literatur wird die Historie der Bloch\u2018schen Fabriken unterschiedlich dargestellt, Zuschreibung zu T. Schoop, gleiche qualitativ hochwertiger Entwurf wie MEK A\/XXXVI\/4 und Werks.-Nr. gleichfalls eine sieben Tausender Nummer, deshalb ist die zeitliche N\u00e4he gegeben, H\u00f6he 30 cm, Breite 32 cm<\/p>\n<p><a href=\"http:\/\/museumek.eu\/wp-content\/uploads\/2011\/08\/Museum-Europ\u00e4ischer-Keramikkunst-Qualit\u00e4tsfotos-297.jpg\"><img loading=\"lazy\" src=\"http:\/\/museumek.eu\/wp-content\/uploads\/2011\/08\/Museum-Europ\u00e4ischer-Keramikkunst-Qualit\u00e4tsfotos-297-258x300.jpg\" alt=\"\" title=\"Museum Europ\u00e4ischer Keramikkunst Qualit\u00e4tsfotos 297\" width=\"258\" height=\"300\" class=\"alignnone size-medium wp-image-1902\" srcset=\"http:\/\/museumek.eu\/wp-content\/uploads\/2011\/08\/Museum-Europ\u00e4ischer-Keramikkunst-Qualit\u00e4tsfotos-297-258x300.jpg 258w, http:\/\/museumek.eu\/wp-content\/uploads\/2011\/08\/Museum-Europ\u00e4ischer-Keramikkunst-Qualit\u00e4tsfotos-297.jpg 620w\" sizes=\"(max-width: 258px) 100vw, 258px\" \/><\/a><\/p>\n<p><a href=\"http:\/\/museumek.eu\/wp-content\/uploads\/2011\/08\/Schubkarre.jpg\"><img loading=\"lazy\" src=\"http:\/\/museumek.eu\/wp-content\/uploads\/2011\/08\/Schubkarre-205x300.jpg\" alt=\"\" title=\"Schubkarre\" width=\"205\" height=\"300\" class=\"alignnone size-medium wp-image-1903\" srcset=\"http:\/\/museumek.eu\/wp-content\/uploads\/2011\/08\/Schubkarre-205x300.jpg 205w, http:\/\/museumek.eu\/wp-content\/uploads\/2011\/08\/Schubkarre.jpg 231w\" sizes=\"(max-width: 205px) 100vw, 205px\" \/><\/a><\/p>\n","protected":false},"excerpt":{"rendered":"<p>Abteilung Austria\/Ungarn\/B\u00f6hmen, Keramik 1860 \u2013 1960, Inventarnummer A\/XXXVI\/5 B. Bloch &#038; Co. Porzellan-, Majolika-, Ofen- u. Terracottafabriken, B\u00f6hmen\/Austria, Eichwald\/Dubi, um 1910, Schale Junge auf Schubkarre, K\u00fcnstler T. Schoop (attr.), Werks.-Nr. 7326, Exemplar Nr. 15 (0), gemarkt Firmenmarke mit BB, 7326 &hellip; <a href=\"http:\/\/museumek.eu\/?page_id=12973\">Weiterlesen <span class=\"meta-nav\">&rarr;<\/span><\/a><\/p>\n","protected":false},"author":1,"featured_media":0,"parent":12948,"menu_order":5,"comment_status":"closed","ping_status":"open","template":"","meta":[],"_links":{"self":[{"href":"http:\/\/museumek.eu\/index.php?rest_route=\/wp\/v2\/pages\/12973"}],"collection":[{"href":"http:\/\/museumek.eu\/index.php?rest_route=\/wp\/v2\/pages"}],"about":[{"href":"http:\/\/museumek.eu\/index.php?rest_route=\/wp\/v2\/types\/page"}],"author":[{"embeddable":true,"href":"http:\/\/museumek.eu\/index.php?rest_route=\/wp\/v2\/users\/1"}],"replies":[{"embeddable":true,"href":"http:\/\/museumek.eu\/index.php?rest_route=%2Fwp%2Fv2%2Fcomments&post=12973"}],"version-history":[{"count":4,"href":"http:\/\/museumek.eu\/index.php?rest_route=\/wp\/v2\/pages\/12973\/revisions"}],"predecessor-version":[{"id":21402,"href":"http:\/\/museumek.eu\/index.php?rest_route=\/wp\/v2\/pages\/12973\/revisions\/21402"}],"up":[{"embeddable":true,"href":"http:\/\/museumek.eu\/index.php?rest_route=\/wp\/v2\/pages\/12948"}],"wp:attachment":[{"href":"http:\/\/museumek.eu\/index.php?rest_route=%2Fwp%2Fv2%2Fmedia&parent=12973"}],"curies":[{"name":"wp","href":"https:\/\/api.w.org\/{rel}","templated":true}]}}