{"id":1308,"date":"2011-08-16T23:29:19","date_gmt":"2011-08-16T21:29:19","guid":{"rendered":"http:\/\/museumek.eu\/?page_id=1308"},"modified":"2013-08-17T23:20:52","modified_gmt":"2013-08-17T21:20:52","slug":"aixx2","status":"publish","type":"page","link":"http:\/\/museumek.eu\/?page_id=1308","title":{"rendered":"A\/IXX\/2"},"content":{"rendered":"<p><strong>Abteilung Austria\/Ungarn\/B\u00f6hmen, Keramik 1860 \u2013 1960, Inventarnummer A\/IXX\/2<\/strong><\/p>\n<p>Zsolnay Porzellanmanufaktur und Vorg\u00e4nger Erste F\u00fcnfkirchner Cement-Chamotstein und Feuerfeste Thonwaaren Fabrik Vilmos Zsolnay, Ungarn\/Austria, F\u00fcnfkirchen\/Pecs, 1879 bis 1896, Cachepot, K\u00fcnstler unbekannt, Werks.-Nr. 3456, Exemplar Nr. Unikat, Vergolder Nr. 2 (?), gemarkt Firmenmarke mit Zsolnay gepresst, f\u00fcnf T\u00fcrme mit Hand schwarz auf Glasur gemalt, Made in Austria \u2013 Hungaria schwarzer Stempel auf Glasur, Vergolderstrich, 3456 gepresst, nicht signiert, gemalte 9 auf einem Standfuss, Literatur: \u00c9va H\u00e1rs, Zsolnay Pecs, Seite 139, Marke Nr. 19 identisch (Pecs fehlt) sowie Seite 140, Stempelerkl\u00e4rung IV. (Made in Austria \u2013 Hungaria verwendet f\u00fcr die Zeit von 1879 \u2013 1896), am 01.03. 1853 erhielt Nikolaus (Miklos) Zsolnay (bereits Inhaber des Handelshauses \u201eZum Amerikaner\u201c in Pecs) die Lizenz zur Errichtung einer Steingutfabrik in Pecs, dazu wurde die Einrichtung einer aufgegebenen Steingutfabrik in Lukafa gekauft und nach Pecs transportiert, betrieben wurde die Fabrik von Ignaz (Josef) Zsolnay einem Sohn von Nikolaus Zsolnay, Ignaz war aber kein guter Kaufmann und so sprang 1863 sein j\u00fcngerer Bruder Wilhelm (Vilmos) mit seinen finanziellen Mitteln ein, um letztlich 1864 die Fabrik ganz zu \u00fcbernehmen, er baute diese um und firmierte ab 1868 als Erste F\u00fcnfkirchner Cement-Chamotstein und Feuerfeste Thonwaaren Fabrik, ab 1873 erste anspruchsvolle Produkte mit der neu entwickelten elfenbeinartigen Masse Ivoir-Porzellan, zwischen 1874 und 1877 entwickelte er die sogenannte Porzellanfayence, die Kinder von Vilmos Zsolnay Julia, Therese und Miklos arbeiten engagiert in der Fabrik mit, gleichfalls die Schwiegers\u00f6hne Jakob Mattyasovszky (Mann von Therese) und Tad\u00e8 Sikorski (Mann von Julia), um 1888 erwarb der Wiener Gro\u00dfh\u00e4ndler Ernst Wahliss das alleinige Vertriebsrecht der Zsolnay Produkte im Ausland, ber\u00fchmt wurde die Zsolnay Fabrik durch die sogenannte Eosinglasur, um 1890 kaufte Zsolnay die Porzellanfabrik von Ignaz Fischer (Budapest) zu, 1900 verstarb Vilmos und sein Sohn Miklos \u00fcbernahm die Unternehmensleitung, ab wann sich die Firmierung \u00e4nderte, konnte nicht recherchiert werden, anzunehmen ist vor\/ab 1900, die Produkte von Zsolnay, die dem Historismus zuzurechnen sind,<br \/>\nsind Unikate, Ausf\u00fchrung mit Tigerglasur, H\u00f6he 5,5 cm, Breite 6 cm<\/p>\n<p><a href=\"http:\/\/museumek.eu\/wp-content\/uploads\/2011\/08\/Museum-Europ\u00e4ischer-Keramikkunst-Qualit\u00e4tsfotos-239.jpg\"><img loading=\"lazy\" src=\"http:\/\/museumek.eu\/wp-content\/uploads\/2011\/08\/Museum-Europ\u00e4ischer-Keramikkunst-Qualit\u00e4tsfotos-239-300x280.jpg\" alt=\"\" title=\"Museum Europ\u00e4ischer Keramikkunst Qualit\u00e4tsfotos 239\" width=\"300\" height=\"280\" class=\"alignnone size-medium wp-image-1309\" srcset=\"http:\/\/museumek.eu\/wp-content\/uploads\/2011\/08\/Museum-Europ\u00e4ischer-Keramikkunst-Qualit\u00e4tsfotos-239-300x280.jpg 300w, http:\/\/museumek.eu\/wp-content\/uploads\/2011\/08\/Museum-Europ\u00e4ischer-Keramikkunst-Qualit\u00e4tsfotos-239-320x300.jpg 320w, http:\/\/museumek.eu\/wp-content\/uploads\/2011\/08\/Museum-Europ\u00e4ischer-Keramikkunst-Qualit\u00e4tsfotos-239.jpg 482w\" sizes=\"(max-width: 300px) 100vw, 300px\" \/><\/a><\/p>\n<p><a href=\"http:\/\/museumek.eu\/wp-content\/uploads\/2011\/08\/Museum-Europ\u00e4ischer-Keramikkunst-277.jpg\"><img loading=\"lazy\" src=\"http:\/\/museumek.eu\/wp-content\/uploads\/2011\/08\/Museum-Europ\u00e4ischer-Keramikkunst-277-300x243.jpg\" alt=\"\" title=\"Museum Europ\u00e4ischer Keramikkunst 277\" width=\"300\" height=\"243\" class=\"alignnone size-medium wp-image-1310\" srcset=\"http:\/\/museumek.eu\/wp-content\/uploads\/2011\/08\/Museum-Europ\u00e4ischer-Keramikkunst-277-300x243.jpg 300w, http:\/\/museumek.eu\/wp-content\/uploads\/2011\/08\/Museum-Europ\u00e4ischer-Keramikkunst-277-369x300.jpg 369w, http:\/\/museumek.eu\/wp-content\/uploads\/2011\/08\/Museum-Europ\u00e4ischer-Keramikkunst-277.jpg 945w\" sizes=\"(max-width: 300px) 100vw, 300px\" \/><\/a><\/p>\n","protected":false},"excerpt":{"rendered":"<p>Abteilung Austria\/Ungarn\/B\u00f6hmen, Keramik 1860 \u2013 1960, Inventarnummer A\/IXX\/2 Zsolnay Porzellanmanufaktur und Vorg\u00e4nger Erste F\u00fcnfkirchner Cement-Chamotstein und Feuerfeste Thonwaaren Fabrik Vilmos Zsolnay, Ungarn\/Austria, F\u00fcnfkirchen\/Pecs, 1879 bis 1896, Cachepot, K\u00fcnstler unbekannt, Werks.-Nr. 3456, Exemplar Nr. Unikat, Vergolder Nr. 2 (?), gemarkt Firmenmarke &hellip; <a href=\"http:\/\/museumek.eu\/?page_id=1308\">Weiterlesen <span class=\"meta-nav\">&rarr;<\/span><\/a><\/p>\n","protected":false},"author":1,"featured_media":0,"parent":1299,"menu_order":2,"comment_status":"closed","ping_status":"closed","template":"","meta":[],"_links":{"self":[{"href":"http:\/\/museumek.eu\/index.php?rest_route=\/wp\/v2\/pages\/1308"}],"collection":[{"href":"http:\/\/museumek.eu\/index.php?rest_route=\/wp\/v2\/pages"}],"about":[{"href":"http:\/\/museumek.eu\/index.php?rest_route=\/wp\/v2\/types\/page"}],"author":[{"embeddable":true,"href":"http:\/\/museumek.eu\/index.php?rest_route=\/wp\/v2\/users\/1"}],"replies":[{"embeddable":true,"href":"http:\/\/museumek.eu\/index.php?rest_route=%2Fwp%2Fv2%2Fcomments&post=1308"}],"version-history":[{"count":8,"href":"http:\/\/museumek.eu\/index.php?rest_route=\/wp\/v2\/pages\/1308\/revisions"}],"predecessor-version":[{"id":26391,"href":"http:\/\/museumek.eu\/index.php?rest_route=\/wp\/v2\/pages\/1308\/revisions\/26391"}],"up":[{"embeddable":true,"href":"http:\/\/museumek.eu\/index.php?rest_route=\/wp\/v2\/pages\/1299"}],"wp:attachment":[{"href":"http:\/\/museumek.eu\/index.php?rest_route=%2Fwp%2Fv2%2Fmedia&parent=1308"}],"curies":[{"name":"wp","href":"https:\/\/api.w.org\/{rel}","templated":true}]}}