{"id":1319,"date":"2011-08-17T00:29:18","date_gmt":"2011-08-16T22:29:18","guid":{"rendered":"http:\/\/museumek.eu\/?page_id=1319"},"modified":"2013-08-17T23:23:05","modified_gmt":"2013-08-17T21:23:05","slug":"aixx4","status":"publish","type":"page","link":"http:\/\/museumek.eu\/?page_id=1319","title":{"rendered":"A\/IXX\/4"},"content":{"rendered":"<p><strong>Abteilung Austria\/Ungarn\/B\u00f6hmen, Keramik 1860 \u2013 1960, Inventarnummer A\/IXX\/4<\/strong><\/p>\n<p>Zsolnay Porzellanmanufaktur und Vorg\u00e4nger Erste F\u00fcnfkirchner Cement-Chamotstein und Feuerfeste Thonwaaren Fabrik Vilmos Zsolnay, Ungarn\/Austria, F\u00fcnfkirchen\/Pecs, 1937, Figur Liegender Akt, K\u00fcnstler L\u00fcpola Yrg\u00f6, Werks.-Nr. 7991, Exemplar Nr. 4, gemarkt Firmenmarke mit Kreis daran drei Dreiecke, dar\u00fcber f\u00fcnf T\u00fcrme sowie Zsolnay Pecs, zus\u00e4tzlich Made in Hungary goldbraune Stempel, 7991 ? schwarz gemalt (schwer lesbar), 4 gepresst, signiert Yrg\u00f6 ? (schwer lesbar), Literatur: \u00c9va H\u00e1rs, Zsolnay Pecs, Seite 145, Marke Nr. 94 identisch, vergleiche Auktionshaus Herr, K\u00f6ln, Auktion 27.10.2001, dort wohl falsch datiert, am 01.03. 1853 erhielt Nikolaus (Miklos) Zsolnay (bereits Inhaber des Handelshauses \u201eZum Amerikaner\u201c in Pecs) die Lizenz zur Errichtung einer Steingutfabrik in Pecs, dazu wurde die Einrichtung einer aufgegebenen Steingutfabrik in Lukafa gekauft und nach Pecs transportiert, betrieben wurde die Fabrik von Ignaz (Josef) Zsolnay einem Sohn von Nikolaus Zsolnay, Ignaz war aber kein guter Kaufmann und so sprang 1863 sein j\u00fcngerer Bruder Wilhelm (Vilmos) mit seinen finanziellen Mitteln ein, um letztlich 1864 die Fabrik ganz zu \u00fcbernehmen, er baute diese um und firmierte ab 1868 als Erste F\u00fcnfkirchner Cement-Chamotstein und Feuerfeste Thonwaaren Fabrik, ab 1873 erste anspruchsvolle Produkte mit der neu entwickelten elfenbeinartigen Masse Ivoir-Porzellan, zwischen 1874 und 1877 entwickelte er die sogenannte Porzellanfayence, die Kinder von Vilmos Zsolnay Julia, Therese und Miklos arbeiten engagiert in der Fabrik mit, gleichfalls die Schwiegers\u00f6hne Jakob Mattyasovszky (Mann von Therese) und Tad\u00e8 Sikorski (Mann von Julia), um 1888 erwarb der Wiener Gro\u00dfh\u00e4ndler Ernst Wahliss das alleinige Vertriebsrecht der Zsolnay Produkte im Ausland, ber\u00fchmt wurde die Zsolnay Fabrik durch die sogenannte Eosinglasur, um 1890 kaufte Zsolnay die Porzellanfabrik von Ignaz Fischer (Budapest) zu, 1900 verstarb Vilmos und sein Sohn Miklos \u00fcbernahm die Unternehmensleitung, ab wann sich die Firmierung \u00e4nderte, konnte nicht recherchiert werden, anzunehmen ist vor\/ab 1900, die Produkte von Zsolnay, die dem Historismus zuzurechnen sind, sind Unikate, Ausf\u00fchrung als Porzellanfayence, metallische Reduktionsl\u00fcsterglasur (Name bei Zsolnay = Eosinglasur), H\u00f6he 13,5 cm, Breite 23 cm<\/p>\n<p><a href=\"http:\/\/museumek.eu\/wp-content\/uploads\/2011\/08\/Museum-Europ\u00e4ischer-Keramikkunst-Qualit\u00e4tsfotos-246.jpg\"><img loading=\"lazy\" src=\"http:\/\/museumek.eu\/wp-content\/uploads\/2011\/08\/Museum-Europ\u00e4ischer-Keramikkunst-Qualit\u00e4tsfotos-246-300x243.jpg\" alt=\"\" title=\"Museum Europ\u00e4ischer Keramikkunst Qualit\u00e4tsfotos 246\" width=\"300\" height=\"243\" class=\"alignnone size-medium wp-image-1320\" srcset=\"http:\/\/museumek.eu\/wp-content\/uploads\/2011\/08\/Museum-Europ\u00e4ischer-Keramikkunst-Qualit\u00e4tsfotos-246-300x243.jpg 300w, http:\/\/museumek.eu\/wp-content\/uploads\/2011\/08\/Museum-Europ\u00e4ischer-Keramikkunst-Qualit\u00e4tsfotos-246-369x300.jpg 369w, http:\/\/museumek.eu\/wp-content\/uploads\/2011\/08\/Museum-Europ\u00e4ischer-Keramikkunst-Qualit\u00e4tsfotos-246.jpg 809w\" sizes=\"(max-width: 300px) 100vw, 300px\" \/><\/a><\/p>\n<p><a href=\"http:\/\/museumek.eu\/wp-content\/uploads\/2011\/08\/Museum-Europ\u00e4ischer-Keramikkunst-1892.jpg\"><img loading=\"lazy\" src=\"http:\/\/museumek.eu\/wp-content\/uploads\/2011\/08\/Museum-Europ\u00e4ischer-Keramikkunst-1892-300x281.jpg\" alt=\"\" title=\"Museum Europ\u00e4ischer Keramikkunst 189\" width=\"300\" height=\"281\" class=\"alignnone size-medium wp-image-1323\" srcset=\"http:\/\/museumek.eu\/wp-content\/uploads\/2011\/08\/Museum-Europ\u00e4ischer-Keramikkunst-1892-300x281.jpg 300w, http:\/\/museumek.eu\/wp-content\/uploads\/2011\/08\/Museum-Europ\u00e4ischer-Keramikkunst-1892-319x300.jpg 319w, http:\/\/museumek.eu\/wp-content\/uploads\/2011\/08\/Museum-Europ\u00e4ischer-Keramikkunst-1892.jpg 646w\" sizes=\"(max-width: 300px) 100vw, 300px\" \/><\/a><\/p>\n<p><a href=\"http:\/\/museumek.eu\/wp-content\/uploads\/2011\/08\/Zsolnay-Frau.jpg\"><img loading=\"lazy\" src=\"http:\/\/museumek.eu\/wp-content\/uploads\/2011\/08\/Zsolnay-Frau.jpg\" alt=\"\" title=\"Zsolnay Frau\" width=\"133\" height=\"161\" class=\"alignnone size-full wp-image-1327\" \/><\/a><\/p>\n<p><a href=\"http:\/\/museumek.eu\/wp-content\/uploads\/2011\/08\/Museum-Europ\u00e4ischer-Keramikkunst-190.jpg\"><img loading=\"lazy\" src=\"http:\/\/museumek.eu\/wp-content\/uploads\/2011\/08\/Museum-Europ\u00e4ischer-Keramikkunst-190-300x225.jpg\" alt=\"\" title=\"Museum Europ\u00e4ischer Keramikkunst 190\" width=\"300\" height=\"225\" class=\"alignnone size-medium wp-image-1324\" srcset=\"http:\/\/museumek.eu\/wp-content\/uploads\/2011\/08\/Museum-Europ\u00e4ischer-Keramikkunst-190-300x225.jpg 300w, http:\/\/museumek.eu\/wp-content\/uploads\/2011\/08\/Museum-Europ\u00e4ischer-Keramikkunst-190-400x300.jpg 400w, http:\/\/museumek.eu\/wp-content\/uploads\/2011\/08\/Museum-Europ\u00e4ischer-Keramikkunst-190.jpg 1024w\" sizes=\"(max-width: 300px) 100vw, 300px\" \/><\/a><\/p>\n<p><a href=\"http:\/\/museumek.eu\/wp-content\/uploads\/2011\/08\/Museum-Europ\u00e4ischer-Keramikkunst-192.jpg\"><img loading=\"lazy\" src=\"http:\/\/museumek.eu\/wp-content\/uploads\/2011\/08\/Museum-Europ\u00e4ischer-Keramikkunst-192-300x199.jpg\" alt=\"\" title=\"Museum Europ\u00e4ischer Keramikkunst 192\" width=\"300\" height=\"199\" class=\"alignnone size-medium wp-image-1325\" srcset=\"http:\/\/museumek.eu\/wp-content\/uploads\/2011\/08\/Museum-Europ\u00e4ischer-Keramikkunst-192-300x199.jpg 300w, http:\/\/museumek.eu\/wp-content\/uploads\/2011\/08\/Museum-Europ\u00e4ischer-Keramikkunst-192-451x300.jpg 451w, http:\/\/museumek.eu\/wp-content\/uploads\/2011\/08\/Museum-Europ\u00e4ischer-Keramikkunst-192.jpg 721w\" sizes=\"(max-width: 300px) 100vw, 300px\" \/><\/a><\/p>\n<p><a href=\"http:\/\/museumek.eu\/wp-content\/uploads\/2011\/08\/Museum-Europ\u00e4ischer-Keramikkunst-193.jpg\"><img loading=\"lazy\" src=\"http:\/\/museumek.eu\/wp-content\/uploads\/2011\/08\/Museum-Europ\u00e4ischer-Keramikkunst-193-300x130.jpg\" alt=\"\" title=\"Museum Europ\u00e4ischer Keramikkunst 193\" width=\"300\" height=\"130\" class=\"alignnone size-medium wp-image-1326\" srcset=\"http:\/\/museumek.eu\/wp-content\/uploads\/2011\/08\/Museum-Europ\u00e4ischer-Keramikkunst-193-300x130.jpg 300w, http:\/\/museumek.eu\/wp-content\/uploads\/2011\/08\/Museum-Europ\u00e4ischer-Keramikkunst-193-500x216.jpg 500w, http:\/\/museumek.eu\/wp-content\/uploads\/2011\/08\/Museum-Europ\u00e4ischer-Keramikkunst-193.jpg 574w\" sizes=\"(max-width: 300px) 100vw, 300px\" \/><\/a><\/p>\n<p><a href=\"http:\/\/museumek.eu\/wp-content\/uploads\/2011\/08\/Zsolnay-Frau-1.jpg\"><img loading=\"lazy\" src=\"http:\/\/museumek.eu\/wp-content\/uploads\/2011\/08\/Zsolnay-Frau-1.jpg\" alt=\"\" title=\"Zsolnay Frau 1\" width=\"167\" height=\"218\" class=\"alignnone size-full wp-image-1328\" \/><\/a><\/p>\n","protected":false},"excerpt":{"rendered":"<p>Abteilung Austria\/Ungarn\/B\u00f6hmen, Keramik 1860 \u2013 1960, Inventarnummer A\/IXX\/4 Zsolnay Porzellanmanufaktur und Vorg\u00e4nger Erste F\u00fcnfkirchner Cement-Chamotstein und Feuerfeste Thonwaaren Fabrik Vilmos Zsolnay, Ungarn\/Austria, F\u00fcnfkirchen\/Pecs, 1937, Figur Liegender Akt, K\u00fcnstler L\u00fcpola Yrg\u00f6, Werks.-Nr. 7991, Exemplar Nr. 4, gemarkt Firmenmarke mit Kreis daran &hellip; <a href=\"http:\/\/museumek.eu\/?page_id=1319\">Weiterlesen <span class=\"meta-nav\">&rarr;<\/span><\/a><\/p>\n","protected":false},"author":1,"featured_media":0,"parent":1299,"menu_order":4,"comment_status":"closed","ping_status":"closed","template":"","meta":[],"_links":{"self":[{"href":"http:\/\/museumek.eu\/index.php?rest_route=\/wp\/v2\/pages\/1319"}],"collection":[{"href":"http:\/\/museumek.eu\/index.php?rest_route=\/wp\/v2\/pages"}],"about":[{"href":"http:\/\/museumek.eu\/index.php?rest_route=\/wp\/v2\/types\/page"}],"author":[{"embeddable":true,"href":"http:\/\/museumek.eu\/index.php?rest_route=\/wp\/v2\/users\/1"}],"replies":[{"embeddable":true,"href":"http:\/\/museumek.eu\/index.php?rest_route=%2Fwp%2Fv2%2Fcomments&post=1319"}],"version-history":[{"count":4,"href":"http:\/\/museumek.eu\/index.php?rest_route=\/wp\/v2\/pages\/1319\/revisions"}],"predecessor-version":[{"id":26393,"href":"http:\/\/museumek.eu\/index.php?rest_route=\/wp\/v2\/pages\/1319\/revisions\/26393"}],"up":[{"embeddable":true,"href":"http:\/\/museumek.eu\/index.php?rest_route=\/wp\/v2\/pages\/1299"}],"wp:attachment":[{"href":"http:\/\/museumek.eu\/index.php?rest_route=%2Fwp%2Fv2%2Fmedia&parent=1319"}],"curies":[{"name":"wp","href":"https:\/\/api.w.org\/{rel}","templated":true}]}}