{"id":13322,"date":"2012-09-03T21:04:21","date_gmt":"2012-09-03T19:04:21","guid":{"rendered":"http:\/\/museumek.eu\/?page_id=13322"},"modified":"2014-08-24T15:58:53","modified_gmt":"2014-08-24T13:58:53","slug":"dxlv14","status":"publish","type":"page","link":"http:\/\/museumek.eu\/?page_id=13322","title":{"rendered":"D\/XLV\/14"},"content":{"rendered":"<p><strong>Abteilung Deutschland, Keramik 1860 \u2013 1960, Inventarnummer D\/XLV\/14<\/strong><\/p>\n<p>Steinzeug- &#038; Thonwaarenfabrik, Zinngiesserei &#038; Malerei Reinhold Merkelbach und Nachfolger Steinzeug- und Hartsteingutfabrik, Zinngie\u00dfereien und Malereien Reinhold Merkelbach, Deutschland, Grenzhausen, 1915, Butterdose, K\u00fcnstler Albert Dausener, Werks.-Nr. 3146, Exemplar Nr. ohne, gemarkt Firmenmarke Rundstempel mit R. Merkelbach Grenzhausen, von diesem Rundstempel gab es zwei Ausf\u00fchrugen erste Ausf\u00fchrung wie hier MEK Exemplar und MEK D\/XLV\/5, verwendet ab 1900, zwischen den W\u00f6rtern befindet sich ein kleiner Kreis, zweite Ausf\u00fchrung wie MEK D\/XLV\/40, zwischen den W\u00f6rtern befindet sich statt einem Kreis ein Punkt und das Z von Grenzhausen ist als S \u00e4hnlicher Buchstabe ausgef\u00fchrt, 3146, \u00bc Lt. sowie D (vermutlich f\u00fcr Dausener), gepresst, signiert = gemarkt, Literatur: Gisela Reineking von Bock, Meister der deutschen Keramik, Seite 221 ff., Fabrikbeschreibung, Seite 325, Marke Nr. 153 identisch, weitere Literatur: J\u00fcrgen Schimanski und J\u00fcrgen Erlebach, Westerw\u00e4lder Steinzeug, Die Neue \u00c4ra, Seite 77 ff., Fabrikbeschreibung und Marke Nr. 18 identisch, weitere Literatur: Beate Dry-v. Zezschwitz, Westerw\u00e4lder Steinzeug des Jugendstils I, R. Merkelbach Grenzhausen und M\u00fcnchen, Nachdruck der Spezialpreisliste 1905, Seite 31, Marke Nr. 17 identisch, weitere Literatur: J\u00fcrgen Schimanski, Braun geflammt und grau gesalzen, Seite 208, Beschreibung der Fabrik, Seite 209, Marke Nr. 18 identisch sowie Seite 290, Kopie aus einem Merkelbach Modellbuch, dort Nr. 3146 als Butterdose aufgef\u00fchrt, dort abgebildet, dort mit Entwurf Dausener bezeichnet, dort mit Fertigungsdatum 09.12.1915 angegeben, 1845 gr\u00fcndete Wilhelm Merkelbach (1817 \u2013 1859) in Grenzhausen eine Kannenb\u00e4ckerei, wann sich diese zur Steinzeugfabrik weiterentwickelte und wie diese Fabrik firmierte konnte nicht recherchiert werden, nach dem fr\u00fchen Tod von Wilhelm Merkelbach \u00fcbernahm dessen Sohn Wilhelm Reinhold Merkelbach (1847 \u2013 1891) die Fabrik, wie Reinhold Merkelbach direkt nach der \u00dcbernahme firmierte konnte nicht recherchiert werden, sp\u00e4testens ab 1892 firmierte die Fabrik als Steinzeug- &#038; Thonwaarenfabrik, Zinngiesserei &#038; Malerei Reinhold Merkelbach, dies ergibt sich aus dem Preis-Courant des Jahres 1892, seit 1878 hatte die Fabrik ein Fabriklager in M\u00fcnchen, welches ab 1891 als Bierkrugfabrikniederlage, Inh. Tosca Merkelbach, Grenzhausen bezeichnet wurde, nach Reinhold Merkelbachs Tod 1891 f\u00fchrte seine Witwe Tosca Merkelbach die Fabrik weiter, bis die S\u00f6hne Paul Merkelbach (1882 \u2013 1917) und Reinhold Merkelbach (1885 \u2013 1918) am 23.05.1907 die Fabrik \u00fcbernahmen, ab 1905 firmierte die Fabrik als Steinzeug- und Hartsteingutfabrik, Zinngie\u00dfereien und Malereien Reinhold Merkelbach, dies ergibt sich aus der Spezialpreisliste des Jahres 1905, im Zuge der Fabrik\u00fcbergabe an die S\u00f6hne wurde die Niederlage in M\u00fcnchen gel\u00f6scht und daf\u00fcr als selbstst\u00e4ndiges Unternehmen neu gegr\u00fcndet, nach dem beide S\u00f6hne im WK I gefallen waren, \u00fcbernahm wieder Tosca Merkelbach die Leitung der Fabrik, 1911 gr\u00fcndete die Fabrik zusammen mit den Fabriken M\u00fcller, Hanke und Gerz die Steinzeugwerke H\u00f6hr-Grenzhausen GmbH, um sich gegenseitig im Vertrieb und in der Produktion zu bef\u00f6rdern, bis zum Jahre 1918 stiegen die Fabriken M\u00fcller, Hanke und Gerz wieder aus der GmbH aus, Merkelbach \u00fcbernahm viele der Formen der anderen Fabriken und die GmbH ging im Laufe der n\u00e4chsten Jahre in die Steinzeugfabrik Reinhold Merkelbach auf, w\u00e4hrend des Bestehens der GmbH stellten die Fabriken jeweils auch Steinzeuge nach den Formen der anderen Fabriken her, die GmbH hatte keinen eigenen Markenstempel, die Produkte, auch die nach den Formen der anderen Fabriken hergestellten, wurden mit der jeweils eigenen Marke gekennzeichnet soweit \u00fcberhaupt gemarkt worden ist, nach Tosca Merkelbachs Tod f\u00fchrte die Schwiegertochter Gertrud Merkelbach, wohl zusammen mit anderen Verwandten und nicht verwandten Gesch\u00e4ftsf\u00fchrern die Fabrik weiter, 1957 \u00fcbernahm Prof. Reinhold Paul Bernhard Merkelbach (1918 \u2013 2006), ein Enkel von Reinhold Merkelbach, die Leitung der Fabrik, ab 1970 \u00e4nderte die Fabrik mehrmals ihre Firmierung und ab 1971 stieg die Goebel\u2019sche Porzellanfabrik erst mit 50 % sp\u00e4ter dann mit 100 % in die Eigentumsverh\u00e4ltnisse der Fabrik ein, 1988 kauften Familienangeh\u00f6rige der Merkelbachs zusammen mit Investoren die Fabrik zur\u00fcck, ab 1995 bis 2007 leitete die Familienangeh\u00f6rige Judith Engelmann, geb. Merkelbach die Fabrik, 2007 wurde die Produktion aufgegeben und die Steinzeugfabrik Matthias Girmscheid \u00fcbernahm viele der Formen, sowohl Goebel als auch Girmscheid produzierten viele Jugendstilentw\u00fcrfe als Neuauflagen, H\u00f6he 9,5 cm, Breite 9,5 cm<\/p>\n<p><a href=\"http:\/\/museumek.eu\/wp-content\/uploads\/2012\/09\/Museum-Europ\u00e4ischer-Keramikkunst-2865.jpg\"><img loading=\"lazy\" src=\"http:\/\/museumek.eu\/wp-content\/uploads\/2012\/09\/Museum-Europ\u00e4ischer-Keramikkunst-2865-274x300.jpg\" alt=\"\" title=\"Museum Europ\u00e4ischer Keramikkunst 2865\" width=\"274\" height=\"300\" class=\"alignnone size-medium wp-image-13323\" srcset=\"http:\/\/museumek.eu\/wp-content\/uploads\/2012\/09\/Museum-Europ\u00e4ischer-Keramikkunst-2865-274x300.jpg 274w, http:\/\/museumek.eu\/wp-content\/uploads\/2012\/09\/Museum-Europ\u00e4ischer-Keramikkunst-2865.jpg 557w\" sizes=\"(max-width: 274px) 100vw, 274px\" \/><\/a><\/p>\n<p><a href=\"http:\/\/museumek.eu\/wp-content\/uploads\/2012\/09\/Museum-Europ\u00e4ischer-Keramikkunst-2866.jpg\"><img loading=\"lazy\" src=\"http:\/\/museumek.eu\/wp-content\/uploads\/2012\/09\/Museum-Europ\u00e4ischer-Keramikkunst-2866-300x259.jpg\" alt=\"\" title=\"Museum Europ\u00e4ischer Keramikkunst 2866\" width=\"300\" height=\"259\" class=\"alignnone size-medium wp-image-13324\" srcset=\"http:\/\/museumek.eu\/wp-content\/uploads\/2012\/09\/Museum-Europ\u00e4ischer-Keramikkunst-2866-300x259.jpg 300w, http:\/\/museumek.eu\/wp-content\/uploads\/2012\/09\/Museum-Europ\u00e4ischer-Keramikkunst-2866-346x300.jpg 346w, http:\/\/museumek.eu\/wp-content\/uploads\/2012\/09\/Museum-Europ\u00e4ischer-Keramikkunst-2866.jpg 703w\" sizes=\"(max-width: 300px) 100vw, 300px\" \/><\/a><\/p>\n<p><a href=\"http:\/\/museumek.eu\/wp-content\/uploads\/2012\/09\/Museum-Europ\u00e4ischer-Keramikkunst-2867.jpg\"><img loading=\"lazy\" src=\"http:\/\/museumek.eu\/wp-content\/uploads\/2012\/09\/Museum-Europ\u00e4ischer-Keramikkunst-2867-300x198.jpg\" alt=\"\" title=\"Museum Europ\u00e4ischer Keramikkunst 2867\" width=\"300\" height=\"198\" class=\"alignnone size-medium wp-image-13325\" srcset=\"http:\/\/museumek.eu\/wp-content\/uploads\/2012\/09\/Museum-Europ\u00e4ischer-Keramikkunst-2867-300x198.jpg 300w, http:\/\/museumek.eu\/wp-content\/uploads\/2012\/09\/Museum-Europ\u00e4ischer-Keramikkunst-2867-453x300.jpg 453w, http:\/\/museumek.eu\/wp-content\/uploads\/2012\/09\/Museum-Europ\u00e4ischer-Keramikkunst-2867.jpg 838w\" sizes=\"(max-width: 300px) 100vw, 300px\" \/><\/a><\/p>\n","protected":false},"excerpt":{"rendered":"<p>Abteilung Deutschland, Keramik 1860 \u2013 1960, Inventarnummer D\/XLV\/14 Steinzeug- &#038; Thonwaarenfabrik, Zinngiesserei &#038; Malerei Reinhold Merkelbach und Nachfolger Steinzeug- und Hartsteingutfabrik, Zinngie\u00dfereien und Malereien Reinhold Merkelbach, Deutschland, Grenzhausen, 1915, Butterdose, K\u00fcnstler Albert Dausener, Werks.-Nr. 3146, Exemplar Nr. ohne, gemarkt Firmenmarke &hellip; <a href=\"http:\/\/museumek.eu\/?page_id=13322\">Weiterlesen <span class=\"meta-nav\">&rarr;<\/span><\/a><\/p>\n","protected":false},"author":1,"featured_media":0,"parent":12523,"menu_order":14,"comment_status":"closed","ping_status":"open","template":"","meta":[],"_links":{"self":[{"href":"http:\/\/museumek.eu\/index.php?rest_route=\/wp\/v2\/pages\/13322"}],"collection":[{"href":"http:\/\/museumek.eu\/index.php?rest_route=\/wp\/v2\/pages"}],"about":[{"href":"http:\/\/museumek.eu\/index.php?rest_route=\/wp\/v2\/types\/page"}],"author":[{"embeddable":true,"href":"http:\/\/museumek.eu\/index.php?rest_route=\/wp\/v2\/users\/1"}],"replies":[{"embeddable":true,"href":"http:\/\/museumek.eu\/index.php?rest_route=%2Fwp%2Fv2%2Fcomments&post=13322"}],"version-history":[{"count":5,"href":"http:\/\/museumek.eu\/index.php?rest_route=\/wp\/v2\/pages\/13322\/revisions"}],"predecessor-version":[{"id":33171,"href":"http:\/\/museumek.eu\/index.php?rest_route=\/wp\/v2\/pages\/13322\/revisions\/33171"}],"up":[{"embeddable":true,"href":"http:\/\/museumek.eu\/index.php?rest_route=\/wp\/v2\/pages\/12523"}],"wp:attachment":[{"href":"http:\/\/museumek.eu\/index.php?rest_route=%2Fwp%2Fv2%2Fmedia&parent=13322"}],"curies":[{"name":"wp","href":"https:\/\/api.w.org\/{rel}","templated":true}]}}