{"id":13343,"date":"2012-09-04T22:59:07","date_gmt":"2012-09-04T20:59:07","guid":{"rendered":"http:\/\/museumek.eu\/?page_id=13343"},"modified":"2013-05-19T13:20:16","modified_gmt":"2013-05-19T11:20:16","slug":"axxxviii1","status":"publish","type":"page","link":"http:\/\/museumek.eu\/?page_id=13343","title":{"rendered":"A\/XXXVIII\/1"},"content":{"rendered":"<p><strong>Abteilung Austria\/Ungarn\/B\u00f6hmen, Keramik 1860 \u2013 1960, Inventarnummer A\/XXXVIII\/1<\/strong><\/p>\n<p>Ditmar Keramische Werke AG, B\u00f6hmen\/Austria, Turn\/Trnovany, 1940 &#8211; 1945, Vase mit floraler Malerei, K\u00fcnstler unbekannt, Werks.-Nr. 13837, Exemplar Nr. ohne, gemarkt Firmenmarke mit Ditmar Urbach, Stern mit Punkt, T (f\u00fcr Turn) in einem Kreis, Fl\u00fcgel sowie Deutschland rotbrauner Stempel, Handgemalt sowie 451 rotbraune Stempel, querliegendes T (f\u00fcr Turn\/Teplitz (?) \u00fcber dem Stempel schwarz gemalt, 13837 gepresst, nicht signiert, Literatur: Jana Kybalov\u00e1, Keramikmarken aus aller Welt, Marke Nr. 1744 fast identisch, weitere Literatur: Volker M\u00f6lle Riessner, Amphora, Die Porzellan- und Keramikmanufaktur in Nord-B\u00f6hmen, Seite 177, Beschreibung der Urbach\u2018schen und Ditmar\u2019schen Fabriken sowie Seite 193, Marken Nr 14 und Nr. 15 fast identisch, um 1882 gr\u00fcndeten die Br\u00fcder Alfred und Otto Urbach eine Keramikfabrik und firmierten als Br\u00fcder Urbach, diese Fabrik ging 1906 auf die Porzellanfabrik Triptis und Glasfabriken S. Fischmann \u00fcber, die ab 1909 zur Triptis AG firmierte, Firmierung seit 1906 nun Br\u00fcder Urbach Nachfolgerin AG, Porzellanfabrik Triptis in Turn Teplitz, die Triptis AG war der Ditmar-Urbach AG in Znaim zugeh\u00f6rig, 1914 ging die Triptis AG auf die Br\u00fcder Urbach GmbH \u00fcber, diese ging 1925 auf die Ditmar-Urbach AG, Filiale Teplitz \u00fcber, diese ging 1940 auf die Ditmar Keramische Werke AG \u00fcber, die wiederum der Ostmark-Ceramics AG zugeh\u00f6rig war, 1945 dann \u00dcbergang auf Ditmar- keramicke z\u00e1vody und wohl 1948 Betriebsschlie\u00dfung, evtl. auch Verstaatlichung und Eingliederung in eine staatliche Fabrik zusammen mit andern keramischen Fabriken, in der Literatur werden die Firmierungs- und Eigentumsverh\u00e4ltnisse unterschiedlich dargestellt, gleichfalls ist eine zeitliche Einordnung der Marken schwierig, zeitliche Zuordnung, da in der Firmenmarke Deutschland gestempelt ist, kann diese Marke nur zwischen der Annektion der Czechoslowakei und dem Ende des WK II verwendet worden sein, siehe auch MEK A\/XXXVIII\/2, Krug aus derselben Serie, H\u00f6he 19,4 cm, Breite 12 cm<\/p>\n<p><a href=\"http:\/\/museumek.eu\/wp-content\/uploads\/2011\/08\/Museum-Europ\u00e4ischer-Keramikkunst-Qualit\u00e4tsfotos-298.jpg\"><img loading=\"lazy\" src=\"http:\/\/museumek.eu\/wp-content\/uploads\/2011\/08\/Museum-Europ\u00e4ischer-Keramikkunst-Qualit\u00e4tsfotos-298-179x300.jpg\" alt=\"\" title=\"Museum Europ\u00e4ischer Keramikkunst Qualit\u00e4tsfotos 298\" width=\"179\" height=\"300\" class=\"alignnone size-medium wp-image-1914\" srcset=\"http:\/\/museumek.eu\/wp-content\/uploads\/2011\/08\/Museum-Europ\u00e4ischer-Keramikkunst-Qualit\u00e4tsfotos-298-179x300.jpg 179w, http:\/\/museumek.eu\/wp-content\/uploads\/2011\/08\/Museum-Europ\u00e4ischer-Keramikkunst-Qualit\u00e4tsfotos-298.jpg 567w\" sizes=\"(max-width: 179px) 100vw, 179px\" \/><\/a><\/p>\n<p><a href=\"http:\/\/museumek.eu\/wp-content\/uploads\/2011\/08\/Urbach.jpg\"><img loading=\"lazy\" src=\"http:\/\/museumek.eu\/wp-content\/uploads\/2011\/08\/Urbach.jpg\" alt=\"\" title=\"Urbach\" width=\"210\" height=\"223\" class=\"alignnone size-full wp-image-1915\" \/><\/a><\/p>\n<p><a href=\"http:\/\/museumek.eu\/wp-content\/uploads\/2011\/08\/Urbach-1.jpg\"><img loading=\"lazy\" src=\"http:\/\/museumek.eu\/wp-content\/uploads\/2011\/08\/Urbach-1.jpg\" alt=\"\" title=\"Urbach 1\" width=\"203\" height=\"228\" class=\"alignnone size-full wp-image-1916\" \/><\/a><\/p>\n","protected":false},"excerpt":{"rendered":"<p>Abteilung Austria\/Ungarn\/B\u00f6hmen, Keramik 1860 \u2013 1960, Inventarnummer A\/XXXVIII\/1 Ditmar Keramische Werke AG, B\u00f6hmen\/Austria, Turn\/Trnovany, 1940 &#8211; 1945, Vase mit floraler Malerei, K\u00fcnstler unbekannt, Werks.-Nr. 13837, Exemplar Nr. ohne, gemarkt Firmenmarke mit Ditmar Urbach, Stern mit Punkt, T (f\u00fcr Turn) in &hellip; <a href=\"http:\/\/museumek.eu\/?page_id=13343\">Weiterlesen <span class=\"meta-nav\">&rarr;<\/span><\/a><\/p>\n","protected":false},"author":1,"featured_media":0,"parent":13339,"menu_order":1,"comment_status":"closed","ping_status":"open","template":"","meta":[],"_links":{"self":[{"href":"http:\/\/museumek.eu\/index.php?rest_route=\/wp\/v2\/pages\/13343"}],"collection":[{"href":"http:\/\/museumek.eu\/index.php?rest_route=\/wp\/v2\/pages"}],"about":[{"href":"http:\/\/museumek.eu\/index.php?rest_route=\/wp\/v2\/types\/page"}],"author":[{"embeddable":true,"href":"http:\/\/museumek.eu\/index.php?rest_route=\/wp\/v2\/users\/1"}],"replies":[{"embeddable":true,"href":"http:\/\/museumek.eu\/index.php?rest_route=%2Fwp%2Fv2%2Fcomments&post=13343"}],"version-history":[{"count":6,"href":"http:\/\/museumek.eu\/index.php?rest_route=\/wp\/v2\/pages\/13343\/revisions"}],"predecessor-version":[{"id":22053,"href":"http:\/\/museumek.eu\/index.php?rest_route=\/wp\/v2\/pages\/13343\/revisions\/22053"}],"up":[{"embeddable":true,"href":"http:\/\/museumek.eu\/index.php?rest_route=\/wp\/v2\/pages\/13339"}],"wp:attachment":[{"href":"http:\/\/museumek.eu\/index.php?rest_route=%2Fwp%2Fv2%2Fmedia&parent=13343"}],"curies":[{"name":"wp","href":"https:\/\/api.w.org\/{rel}","templated":true}]}}