{"id":13359,"date":"2012-09-04T23:16:16","date_gmt":"2012-09-04T21:16:16","guid":{"rendered":"http:\/\/museumek.eu\/?page_id=13359"},"modified":"2013-05-19T13:16:54","modified_gmt":"2013-05-19T11:16:54","slug":"axxxviii4","status":"publish","type":"page","link":"http:\/\/museumek.eu\/?page_id=13359","title":{"rendered":"A\/XXXVIII\/4"},"content":{"rendered":"<p><strong>Abteilung Austria\/Ungarn\/B\u00f6hmen, Keramik 1860 \u2013 1960, Inventarnummer A\/XXXVIII\/4<\/strong><\/p>\n<p>Ditmar Urbach AG, B\u00f6hmen\/Austria, Turn\/Trnovany, 1925 &#8211; 1940, Leuchter mit 3 T\u00fcllen, K\u00fcnstler unbekannt, Werks.-Nr. 18894, Exemplar Nr. ohne, gemarkt Firmenmarke mit Ditmar Urbach, Stern mit Punkt, T (f\u00fcr Turn) in einem Kreis, Fl\u00fcgel sowie Made in Czechoslovakia schwarzer Stempel, 18894 gepresst, nicht signiert, Literatur: Jana Kybalov\u00e1, Keramikmarken aus aller Welt, Marke Nr. 1744 fast identisch, weitere Literatur: Volker M\u00f6lle Riessner, Amphora, Die Porzellan- und Keramikmanufaktur in Nord-B\u00f6hmen, Seite 177, Beschreibung der Urbach\u2018schen und Ditmar\u2019schen Fabriken sowie Seite 193, Marke Nr. 15 identisch, um 1882 gr\u00fcndeten die Br\u00fcder Alfred und Otto Urbach eine Keramikfabrik und firmierten als Br\u00fcder Urbach, diese Fabrik ging 1906 auf die Porzellanfabrik Triptis und Glasfabriken S. Fischmann \u00fcber, die ab 1909 zur Triptis AG firmierte, Firmierung seit 1906 nun Br\u00fcder Urbach Nachfolgerin AG, Porzellanfabrik Triptis in Turn Teplitz, die Triptis AG war der Ditmar-Urbach AG in Znaim zugeh\u00f6rig, 1914 ging die Triptis AG auf die Br\u00fcder Urbach GmbH \u00fcber, diese ging 1925 auf die Ditmar-Urbach AG, Filiale Teplitz \u00fcber, diese ging 1940 auf die Ditmar Keramische Werke AG \u00fcber, die wiederum der Ostmark-Ceramics AG zugeh\u00f6rig war, 1945 dann \u00dcbergang auf Ditmar- keramicke z\u00e1vody und wohl 1948 Betriebsschlie\u00dfung, evtl. auch Verstaatlichung und Eingliederung in eine staatliche Fabrik zusammen mit andern keramischen Fabriken, in der Literatur werden die Firmierungs- und Eigentumsverh\u00e4ltnisse unterschiedlich dargestellt, gleichfalls ist eine zeitliche Einordnung der Marken schwierig, H\u00f6he 30,5 cm, Breite 33 cm<\/p>\n<p><a href=\"http:\/\/museumek.eu\/wp-content\/uploads\/2011\/08\/Museum-Europ\u00e4ischer-Keramikkunst-Qualit\u00e4tsfotos-300.jpg\"><img loading=\"lazy\" src=\"http:\/\/museumek.eu\/wp-content\/uploads\/2011\/08\/Museum-Europ\u00e4ischer-Keramikkunst-Qualit\u00e4tsfotos-300-300x295.jpg\" alt=\"\" title=\"Museum Europ\u00e4ischer Keramikkunst Qualit\u00e4tsfotos 300\" width=\"300\" height=\"295\" class=\"alignnone size-medium wp-image-1932\" srcset=\"http:\/\/museumek.eu\/wp-content\/uploads\/2011\/08\/Museum-Europ\u00e4ischer-Keramikkunst-Qualit\u00e4tsfotos-300-300x295.jpg 300w, http:\/\/museumek.eu\/wp-content\/uploads\/2011\/08\/Museum-Europ\u00e4ischer-Keramikkunst-Qualit\u00e4tsfotos-300-304x300.jpg 304w, http:\/\/museumek.eu\/wp-content\/uploads\/2011\/08\/Museum-Europ\u00e4ischer-Keramikkunst-Qualit\u00e4tsfotos-300.jpg 740w\" sizes=\"(max-width: 300px) 100vw, 300px\" \/><\/a><\/p>\n<p><a href=\"http:\/\/museumek.eu\/wp-content\/uploads\/2011\/08\/Museum-Europ\u00e4ischer-Keramikkunst-406.jpg\"><img loading=\"lazy\" src=\"http:\/\/museumek.eu\/wp-content\/uploads\/2011\/08\/Museum-Europ\u00e4ischer-Keramikkunst-406-300x230.jpg\" alt=\"\" title=\"Museum Europ\u00e4ischer Keramikkunst 406\" width=\"300\" height=\"230\" class=\"alignnone size-medium wp-image-1933\" srcset=\"http:\/\/museumek.eu\/wp-content\/uploads\/2011\/08\/Museum-Europ\u00e4ischer-Keramikkunst-406-300x230.jpg 300w, http:\/\/museumek.eu\/wp-content\/uploads\/2011\/08\/Museum-Europ\u00e4ischer-Keramikkunst-406-391x300.jpg 391w, http:\/\/museumek.eu\/wp-content\/uploads\/2011\/08\/Museum-Europ\u00e4ischer-Keramikkunst-406.jpg 755w\" sizes=\"(max-width: 300px) 100vw, 300px\" \/><\/a><\/p>\n<p><a href=\"http:\/\/museumek.eu\/wp-content\/uploads\/2011\/08\/Museum-Europ\u00e4ischer-Keramikkunst-408.jpg\"><img loading=\"lazy\" src=\"http:\/\/museumek.eu\/wp-content\/uploads\/2011\/08\/Museum-Europ\u00e4ischer-Keramikkunst-408-300x225.jpg\" alt=\"\" title=\"Museum Europ\u00e4ischer Keramikkunst 408\" width=\"300\" height=\"225\" class=\"alignnone size-medium wp-image-1934\" srcset=\"http:\/\/museumek.eu\/wp-content\/uploads\/2011\/08\/Museum-Europ\u00e4ischer-Keramikkunst-408-300x225.jpg 300w, http:\/\/museumek.eu\/wp-content\/uploads\/2011\/08\/Museum-Europ\u00e4ischer-Keramikkunst-408-400x300.jpg 400w, http:\/\/museumek.eu\/wp-content\/uploads\/2011\/08\/Museum-Europ\u00e4ischer-Keramikkunst-408.jpg 1024w\" sizes=\"(max-width: 300px) 100vw, 300px\" \/><\/a><\/p>\n","protected":false},"excerpt":{"rendered":"<p>Abteilung Austria\/Ungarn\/B\u00f6hmen, Keramik 1860 \u2013 1960, Inventarnummer A\/XXXVIII\/4 Ditmar Urbach AG, B\u00f6hmen\/Austria, Turn\/Trnovany, 1925 &#8211; 1940, Leuchter mit 3 T\u00fcllen, K\u00fcnstler unbekannt, Werks.-Nr. 18894, Exemplar Nr. ohne, gemarkt Firmenmarke mit Ditmar Urbach, Stern mit Punkt, T (f\u00fcr Turn) in einem &hellip; <a href=\"http:\/\/museumek.eu\/?page_id=13359\">Weiterlesen <span class=\"meta-nav\">&rarr;<\/span><\/a><\/p>\n","protected":false},"author":1,"featured_media":0,"parent":13339,"menu_order":4,"comment_status":"closed","ping_status":"open","template":"","meta":[],"_links":{"self":[{"href":"http:\/\/museumek.eu\/index.php?rest_route=\/wp\/v2\/pages\/13359"}],"collection":[{"href":"http:\/\/museumek.eu\/index.php?rest_route=\/wp\/v2\/pages"}],"about":[{"href":"http:\/\/museumek.eu\/index.php?rest_route=\/wp\/v2\/types\/page"}],"author":[{"embeddable":true,"href":"http:\/\/museumek.eu\/index.php?rest_route=\/wp\/v2\/users\/1"}],"replies":[{"embeddable":true,"href":"http:\/\/museumek.eu\/index.php?rest_route=%2Fwp%2Fv2%2Fcomments&post=13359"}],"version-history":[{"count":5,"href":"http:\/\/museumek.eu\/index.php?rest_route=\/wp\/v2\/pages\/13359\/revisions"}],"predecessor-version":[{"id":22048,"href":"http:\/\/museumek.eu\/index.php?rest_route=\/wp\/v2\/pages\/13359\/revisions\/22048"}],"up":[{"embeddable":true,"href":"http:\/\/museumek.eu\/index.php?rest_route=\/wp\/v2\/pages\/13339"}],"wp:attachment":[{"href":"http:\/\/museumek.eu\/index.php?rest_route=%2Fwp%2Fv2%2Fmedia&parent=13359"}],"curies":[{"name":"wp","href":"https:\/\/api.w.org\/{rel}","templated":true}]}}