{"id":13410,"date":"2012-09-07T18:09:54","date_gmt":"2012-09-07T16:09:54","guid":{"rendered":"http:\/\/museumek.eu\/?page_id=13410"},"modified":"2015-07-24T22:27:10","modified_gmt":"2015-07-24T20:27:10","slug":"dliv1","status":"publish","type":"page","link":"http:\/\/museumek.eu\/?page_id=13410","title":{"rendered":"D\/LIV\/1"},"content":{"rendered":"<p><strong>Abteilung Deutschland, Keramik 1860 \u2013 1960, Inventarnummer D\/LIV\/1<\/strong><\/p>\n<p>R. M. Krause Majolika- und Steingut-Fabrik, Deutschland, Schweidnitz\/Swidnica, um 1890, Jardiniere, K\u00fcnstler unbekannt, Werks.-Nr. 1212, Exemplar Nr. ohne, gemarkt Firmenmarke Wappen \u00e4hnliche bekr\u00f6nte Marke mit M und K(f\u00fcr Majolika Krause oder Max Krause), 1212 sowie 129 gepresst, 26 schwarz gemalt, O J geritzt, Pfeilspitzenf\u00f6rmige Goldmarkung, signiert O J (?), Literatur: Otto Pelka, Keramik der Neuzeit, Markentafel IX, Marke Nr. 134 identisch, Richard Max Krause gr\u00fcndete am 15.06.1882 in Schweidnitz eine Majolika- und Steingutfabrik, Firmierung R. M. Krause Majolika- und Steingut-Fabrik, wobei das R. M. f\u00fcr Richard Max steht (Anm. MEK: die Firmierung wurde von einer Zeitungsanzeige der Fabrik vor 1900 \u00fcbernommen, insofern ist diese Firmierung nachgewiesen und wurde zumindest bis zum Todesjahr von Richard Max Krause verwendet, siehe dazu auch weiter unten), die Fabrik erreichte ein beachtliche Gr\u00f6\u00dfe, sie erlangte Weltruf und f\u00fchrte ihre Fabrikate in Terrakotta, Fayence, Majolika und Steingut aus, in der Spitze arbeitete sie mit rund 150 Mitarbeitern, hatte in vielen europ\u00e4ischen St\u00e4dten Musterlager und exportierte den Gro\u00dfteil der Fabrikate, Krause verstarb 1902 und seine Witwe Martha Krause sowie sein Sohn Richard Krause f\u00fchrten die Fabrik fort, nicht gesichert ist, ob die beiden die Firmierung zu diesem Zeitpunkt in Martha &#038; Richard Krause Majolika- und Steingutfabrik ge\u00e4ndert haben, eher nicht, da in der Regel der Gr\u00fcnder dahingehend von der Familie geehrt wurde, dass die Hinterbliebenen Verwandten ersten Grades die Firmierung des Gr\u00fcnders fortsetzten, insofern ist die von vielen Antiquit\u00e4tenh\u00e4ndlern und Auktionsh\u00e4usern verwendete Firmierung Martha &#038; Richard Krause Majolika- und Steingutfabrik sehr fraglich und wahrscheinlich falsch, ebenso ist nicht gesichert, dass Martha Krause 1910 ablebte und ihr Sohn die Fabrik allein fortf\u00fchrte, um 1930 ging die Fabrik in Konkurs, da im Zuge der Weltwirtschaftskrise die Rentabilit\u00e4t nicht mehr gegeben war, Gold geh\u00f6ht, H\u00f6he 20 cm, Breite 30 cm<\/p>\n<p><a href=\"http:\/\/museumek.eu\/wp-content\/uploads\/2012\/09\/Museum-Europ\u00e4ischer-Keramikkunst-2878.jpg\"><img loading=\"lazy\" src=\"http:\/\/museumek.eu\/wp-content\/uploads\/2012\/09\/Museum-Europ\u00e4ischer-Keramikkunst-2878-300x243.jpg\" alt=\"\" title=\"Museum Europ\u00e4ischer Keramikkunst 2878\" width=\"300\" height=\"243\" class=\"alignnone size-medium wp-image-13411\" srcset=\"http:\/\/museumek.eu\/wp-content\/uploads\/2012\/09\/Museum-Europ\u00e4ischer-Keramikkunst-2878-300x243.jpg 300w, http:\/\/museumek.eu\/wp-content\/uploads\/2012\/09\/Museum-Europ\u00e4ischer-Keramikkunst-2878-369x300.jpg 369w, http:\/\/museumek.eu\/wp-content\/uploads\/2012\/09\/Museum-Europ\u00e4ischer-Keramikkunst-2878.jpg 848w\" sizes=\"(max-width: 300px) 100vw, 300px\" \/><\/a><\/p>\n<p><a href=\"http:\/\/museumek.eu\/?attachment_id=42752\" rel=\"attachment wp-att-42752\"><img loading=\"lazy\" src=\"http:\/\/museumek.eu\/wp-content\/uploads\/2015\/07\/4267-300x289.jpg\" alt=\"\" title=\"4267\" width=\"300\" height=\"289\" class=\"alignnone size-medium wp-image-42752\" srcset=\"http:\/\/museumek.eu\/wp-content\/uploads\/2015\/07\/4267-300x289.jpg 300w, http:\/\/museumek.eu\/wp-content\/uploads\/2015\/07\/4267-150x144.jpg 150w, http:\/\/museumek.eu\/wp-content\/uploads\/2015\/07\/4267-310x300.jpg 310w, http:\/\/museumek.eu\/wp-content\/uploads\/2015\/07\/4267.jpg 621w\" sizes=\"(max-width: 300px) 100vw, 300px\" \/><\/a><\/p>\n<p><a href=\"http:\/\/museumek.eu\/?attachment_id=42753\" rel=\"attachment wp-att-42753\"><img loading=\"lazy\" src=\"http:\/\/museumek.eu\/wp-content\/uploads\/2015\/07\/4268-172x300.jpg\" alt=\"\" title=\"4268\" width=\"172\" height=\"300\" class=\"alignnone size-medium wp-image-42753\" srcset=\"http:\/\/museumek.eu\/wp-content\/uploads\/2015\/07\/4268-172x300.jpg 172w, http:\/\/museumek.eu\/wp-content\/uploads\/2015\/07\/4268-86x150.jpg 86w, http:\/\/museumek.eu\/wp-content\/uploads\/2015\/07\/4268.jpg 460w\" sizes=\"(max-width: 172px) 100vw, 172px\" \/><\/a><\/p>\n<p><a href=\"http:\/\/museumek.eu\/?attachment_id=42754\" rel=\"attachment wp-att-42754\"><img loading=\"lazy\" src=\"http:\/\/museumek.eu\/wp-content\/uploads\/2015\/07\/4269-300x294.jpg\" alt=\"\" title=\"4269\" width=\"300\" height=\"294\" class=\"alignnone size-medium wp-image-42754\" srcset=\"http:\/\/museumek.eu\/wp-content\/uploads\/2015\/07\/4269-300x294.jpg 300w, http:\/\/museumek.eu\/wp-content\/uploads\/2015\/07\/4269-150x147.jpg 150w, http:\/\/museumek.eu\/wp-content\/uploads\/2015\/07\/4269-306x300.jpg 306w, http:\/\/museumek.eu\/wp-content\/uploads\/2015\/07\/4269.jpg 612w\" sizes=\"(max-width: 300px) 100vw, 300px\" \/><\/a><\/p>\n<p><a href=\"http:\/\/museumek.eu\/?attachment_id=42755\" rel=\"attachment wp-att-42755\"><img loading=\"lazy\" src=\"http:\/\/museumek.eu\/wp-content\/uploads\/2015\/07\/4270-300x225.jpg\" alt=\"\" title=\"4270\" width=\"300\" height=\"225\" class=\"alignnone size-medium wp-image-42755\" srcset=\"http:\/\/museumek.eu\/wp-content\/uploads\/2015\/07\/4270-300x225.jpg 300w, http:\/\/museumek.eu\/wp-content\/uploads\/2015\/07\/4270-150x112.jpg 150w, http:\/\/museumek.eu\/wp-content\/uploads\/2015\/07\/4270-400x300.jpg 400w, http:\/\/museumek.eu\/wp-content\/uploads\/2015\/07\/4270.jpg 800w\" sizes=\"(max-width: 300px) 100vw, 300px\" \/><\/a><\/p>\n<p><a href=\"http:\/\/museumek.eu\/?attachment_id=42756\" rel=\"attachment wp-att-42756\"><img loading=\"lazy\" src=\"http:\/\/museumek.eu\/wp-content\/uploads\/2015\/07\/4271-300x275.jpg\" alt=\"\" title=\"4271\" width=\"300\" height=\"275\" class=\"alignnone size-medium wp-image-42756\" srcset=\"http:\/\/museumek.eu\/wp-content\/uploads\/2015\/07\/4271-300x275.jpg 300w, http:\/\/museumek.eu\/wp-content\/uploads\/2015\/07\/4271-150x137.jpg 150w, http:\/\/museumek.eu\/wp-content\/uploads\/2015\/07\/4271-327x300.jpg 327w, http:\/\/museumek.eu\/wp-content\/uploads\/2015\/07\/4271.jpg 654w\" sizes=\"(max-width: 300px) 100vw, 300px\" \/><\/a><\/p>\n<p><a href=\"http:\/\/museumek.eu\/?attachment_id=42757\" rel=\"attachment wp-att-42757\"><img loading=\"lazy\" src=\"http:\/\/museumek.eu\/wp-content\/uploads\/2015\/07\/4272-245x300.jpg\" alt=\"\" title=\"4272\" width=\"245\" height=\"300\" class=\"alignnone size-medium wp-image-42757\" srcset=\"http:\/\/museumek.eu\/wp-content\/uploads\/2015\/07\/4272-245x300.jpg 245w, http:\/\/museumek.eu\/wp-content\/uploads\/2015\/07\/4272-122x150.jpg 122w, http:\/\/museumek.eu\/wp-content\/uploads\/2015\/07\/4272.jpg 600w\" sizes=\"(max-width: 245px) 100vw, 245px\" \/><\/a><\/p>\n<p><a href=\"http:\/\/museumek.eu\/?attachment_id=42758\" rel=\"attachment wp-att-42758\"><img loading=\"lazy\" src=\"http:\/\/museumek.eu\/wp-content\/uploads\/2015\/07\/4273-300x245.jpg\" alt=\"\" title=\"4273\" width=\"300\" height=\"245\" class=\"alignnone size-medium wp-image-42758\" srcset=\"http:\/\/museumek.eu\/wp-content\/uploads\/2015\/07\/4273-300x245.jpg 300w, http:\/\/museumek.eu\/wp-content\/uploads\/2015\/07\/4273-150x122.jpg 150w, http:\/\/museumek.eu\/wp-content\/uploads\/2015\/07\/4273-366x300.jpg 366w, http:\/\/museumek.eu\/wp-content\/uploads\/2015\/07\/4273.jpg 733w\" sizes=\"(max-width: 300px) 100vw, 300px\" \/><\/a><\/p>\n<p><a href=\"http:\/\/museumek.eu\/?attachment_id=42759\" rel=\"attachment wp-att-42759\"><img loading=\"lazy\" src=\"http:\/\/museumek.eu\/wp-content\/uploads\/2015\/07\/4274-139x300.jpg\" alt=\"\" title=\"4274\" width=\"139\" height=\"300\" class=\"alignnone size-medium wp-image-42759\" srcset=\"http:\/\/museumek.eu\/wp-content\/uploads\/2015\/07\/4274-139x300.jpg 139w, http:\/\/museumek.eu\/wp-content\/uploads\/2015\/07\/4274-69x150.jpg 69w, http:\/\/museumek.eu\/wp-content\/uploads\/2015\/07\/4274.jpg 372w\" sizes=\"(max-width: 139px) 100vw, 139px\" \/><\/a><\/p>\n<p><a href=\"http:\/\/museumek.eu\/wp-content\/uploads\/2012\/09\/Museum-Europ\u00e4ischer-Keramikkunst-2880.jpg\"><img loading=\"lazy\" src=\"http:\/\/museumek.eu\/wp-content\/uploads\/2012\/09\/Museum-Europ\u00e4ischer-Keramikkunst-2880-279x300.jpg\" alt=\"\" title=\"Museum Europ\u00e4ischer Keramikkunst 2880\" width=\"279\" height=\"300\" class=\"alignnone size-medium wp-image-13412\" srcset=\"http:\/\/museumek.eu\/wp-content\/uploads\/2012\/09\/Museum-Europ\u00e4ischer-Keramikkunst-2880-279x300.jpg 279w, http:\/\/museumek.eu\/wp-content\/uploads\/2012\/09\/Museum-Europ\u00e4ischer-Keramikkunst-2880.jpg 441w\" sizes=\"(max-width: 279px) 100vw, 279px\" \/><\/a><\/p>\n<p><a href=\"http:\/\/museumek.eu\/wp-content\/uploads\/2012\/09\/Museum-Europ\u00e4ischer-Keramikkunst-2881.jpg\"><img loading=\"lazy\" src=\"http:\/\/museumek.eu\/wp-content\/uploads\/2012\/09\/Museum-Europ\u00e4ischer-Keramikkunst-2881-300x297.jpg\" alt=\"\" title=\"Museum Europ\u00e4ischer Keramikkunst 2881\" width=\"300\" height=\"297\" class=\"alignnone size-medium wp-image-13413\" srcset=\"http:\/\/museumek.eu\/wp-content\/uploads\/2012\/09\/Museum-Europ\u00e4ischer-Keramikkunst-2881-300x297.jpg 300w, http:\/\/museumek.eu\/wp-content\/uploads\/2012\/09\/Museum-Europ\u00e4ischer-Keramikkunst-2881-150x150.jpg 150w, http:\/\/museumek.eu\/wp-content\/uploads\/2012\/09\/Museum-Europ\u00e4ischer-Keramikkunst-2881-302x300.jpg 302w, http:\/\/museumek.eu\/wp-content\/uploads\/2012\/09\/Museum-Europ\u00e4ischer-Keramikkunst-2881.jpg 537w\" sizes=\"(max-width: 300px) 100vw, 300px\" \/><\/a><\/p>\n<p><a href=\"http:\/\/museumek.eu\/wp-content\/uploads\/2012\/09\/Museum-Europ\u00e4ischer-Keramikkunst-2882.jpg\"><img loading=\"lazy\" src=\"http:\/\/museumek.eu\/wp-content\/uploads\/2012\/09\/Museum-Europ\u00e4ischer-Keramikkunst-2882-129x300.jpg\" alt=\"\" title=\"Museum Europ\u00e4ischer Keramikkunst 2882\" width=\"129\" height=\"300\" class=\"alignnone size-medium wp-image-13414\" \/><\/a><\/p>\n","protected":false},"excerpt":{"rendered":"<p>Abteilung Deutschland, Keramik 1860 \u2013 1960, Inventarnummer D\/LIV\/1 R. M. Krause Majolika- und Steingut-Fabrik, Deutschland, Schweidnitz\/Swidnica, um 1890, Jardiniere, K\u00fcnstler unbekannt, Werks.-Nr. 1212, Exemplar Nr. ohne, gemarkt Firmenmarke Wappen \u00e4hnliche bekr\u00f6nte Marke mit M und K(f\u00fcr Majolika Krause oder Max &hellip; <a href=\"http:\/\/museumek.eu\/?page_id=13410\">Weiterlesen <span class=\"meta-nav\">&rarr;<\/span><\/a><\/p>\n","protected":false},"author":1,"featured_media":0,"parent":13407,"menu_order":1,"comment_status":"closed","ping_status":"open","template":"","meta":[],"_links":{"self":[{"href":"http:\/\/museumek.eu\/index.php?rest_route=\/wp\/v2\/pages\/13410"}],"collection":[{"href":"http:\/\/museumek.eu\/index.php?rest_route=\/wp\/v2\/pages"}],"about":[{"href":"http:\/\/museumek.eu\/index.php?rest_route=\/wp\/v2\/types\/page"}],"author":[{"embeddable":true,"href":"http:\/\/museumek.eu\/index.php?rest_route=\/wp\/v2\/users\/1"}],"replies":[{"embeddable":true,"href":"http:\/\/museumek.eu\/index.php?rest_route=%2Fwp%2Fv2%2Fcomments&post=13410"}],"version-history":[{"count":4,"href":"http:\/\/museumek.eu\/index.php?rest_route=\/wp\/v2\/pages\/13410\/revisions"}],"predecessor-version":[{"id":42768,"href":"http:\/\/museumek.eu\/index.php?rest_route=\/wp\/v2\/pages\/13410\/revisions\/42768"}],"up":[{"embeddable":true,"href":"http:\/\/museumek.eu\/index.php?rest_route=\/wp\/v2\/pages\/13407"}],"wp:attachment":[{"href":"http:\/\/museumek.eu\/index.php?rest_route=%2Fwp%2Fv2%2Fmedia&parent=13410"}],"curies":[{"name":"wp","href":"https:\/\/api.w.org\/{rel}","templated":true}]}}