{"id":1343,"date":"2011-08-17T01:02:01","date_gmt":"2011-08-16T23:02:01","guid":{"rendered":"http:\/\/museumek.eu\/?page_id=1343"},"modified":"2013-08-17T23:26:39","modified_gmt":"2013-08-17T21:26:39","slug":"aixx7","status":"publish","type":"page","link":"http:\/\/museumek.eu\/?page_id=1343","title":{"rendered":"A\/IXX\/7"},"content":{"rendered":"<p><strong>Abteilung Austria\/Ungarn\/B\u00f6hmen, Keramik 1860 \u2013 1960, Inventarnummer A\/IXX\/7<\/strong><\/p>\n<p>Zsolnay Porzellanmanufaktur und Vorg\u00e4nger Erste F\u00fcnfkirchner Cement-Chamotstein und Feuerfeste Thonwaaren Fabrik Vilmos Zsolnay, Ungarn\/Austria, F\u00fcnfkirchen\/Pecs, 1888\/1889, Wandteller, K\u00fcnstler Mikl\u00f3s, Julia (verh. Sigorski) und Ter\u00e9z (verh. Mattyasovszky) Zsolnay, Werks.-Nr. 431, Exemplar Nr. ohne, gemarkt Firmenmarke mit Zsolnay Pecs, f\u00fcnf T\u00fcrmen, TJM (f\u00fcr Ter\u00e9z, Julia, Mikl\u00f3s), Made in Hungary blaue Stempel unter Glasur, Zsolnay Pecs sowie 431 gepresst, Vergolder Nr. 24 gemalt, nicht signiert, Literatur: \u00c9va H\u00e1rs, Zsolnay Pecs, Seite 139, Marke Nr. 19 identisch sowie Seite 142, Marke Nr. 57 identisch, am 01.03. 1853 erhielt Nikolaus (Miklos) Zsolnay (bereits Inhaber des Handelshauses \u201eZum Amerikaner\u201c in Pecs) die Lizenz zur Errichtung einer Steingutfabrik in Pecs, dazu wurde die Einrichtung einer aufgegebenen Steingutfabrik in Lukafa gekauft und nach Pecs transportiert, betrieben wurde die Fabrik von Ignaz (Josef) Zsolnay einem Sohn von Nikolaus Zsolnay, Ignaz war aber kein guter Kaufmann und so sprang 1863 sein j\u00fcngerer Bruder Wilhelm (Vilmos) mit seinen finanziellen Mitteln ein, um letztlich 1864 die Fabrik ganz zu \u00fcbernehmen, er baute diese um und firmierte ab 1868 als Erste F\u00fcnfkirchner Cement-Chamotstein und Feuerfeste Thonwaaren Fabrik, ab 1873 erste anspruchsvolle Produkte mit der neu entwickelten elfenbeinartigen Masse Ivoir-Porzellan, zwischen 1874 und 1877 entwickelte er die sogenannte Porzellanfayence, die Kinder von Vilmos Zsolnay Julia, Therese und Miklos arbeiten engagiert in der Fabrik mit, gleichfalls die Schwiegers\u00f6hne Jakob Mattyasovszky und Tad\u00e8 Sikorski, um 1888 erwarb der Wiener Gro\u00dfh\u00e4ndler Ernst Wahliss das alleinige Vertriebsrecht der Zsolnay Produkte im Ausland, ber\u00fchmt wurde die Zsolnay Fabrik durch die sogenannte Eosinglasur, um 1890 kaufte Zsolnay die Porzellanfabrik von Ignaz Fischer (Budapest) zu, 1900 verstarb Vilmos und sein Sohn Miklos \u00fcbernahm die Unternehmensleitung, ab wann sich die Firmierung \u00e4nderte, konnte nicht recherchiert werden, anzunehmen ist vor\/ab 1900, die Produkte von Zsolnay, die dem Historismus zuzurechnen sind, sind Unikate, Gold geh\u00f6ht, Durchmesser 21 cm<\/p>\n<p><a href=\"http:\/\/museumek.eu\/wp-content\/uploads\/2011\/08\/Museum-Europ\u00e4ischer-Keramikkunst-Qualit\u00e4tsfotos-253.jpg\"><img loading=\"lazy\" src=\"http:\/\/museumek.eu\/wp-content\/uploads\/2011\/08\/Museum-Europ\u00e4ischer-Keramikkunst-Qualit\u00e4tsfotos-253-300x300.jpg\" alt=\"\" title=\"Museum Europ\u00e4ischer Keramikkunst Qualit\u00e4tsfotos 253\" width=\"300\" height=\"300\" class=\"alignnone size-medium wp-image-1344\" srcset=\"http:\/\/museumek.eu\/wp-content\/uploads\/2011\/08\/Museum-Europ\u00e4ischer-Keramikkunst-Qualit\u00e4tsfotos-253-300x300.jpg 300w, http:\/\/museumek.eu\/wp-content\/uploads\/2011\/08\/Museum-Europ\u00e4ischer-Keramikkunst-Qualit\u00e4tsfotos-253-150x150.jpg 150w, http:\/\/museumek.eu\/wp-content\/uploads\/2011\/08\/Museum-Europ\u00e4ischer-Keramikkunst-Qualit\u00e4tsfotos-253.jpg 710w\" sizes=\"(max-width: 300px) 100vw, 300px\" \/><\/a><\/p>\n<p><a href=\"http:\/\/museumek.eu\/wp-content\/uploads\/2011\/08\/Zsolnay-Teller.jpg\"><img loading=\"lazy\" src=\"http:\/\/museumek.eu\/wp-content\/uploads\/2011\/08\/Zsolnay-Teller.jpg\" alt=\"\" title=\"Zsolnay Teller\" width=\"197\" height=\"289\" class=\"alignnone size-full wp-image-1345\" \/><\/a><\/p>\n","protected":false},"excerpt":{"rendered":"<p>Abteilung Austria\/Ungarn\/B\u00f6hmen, Keramik 1860 \u2013 1960, Inventarnummer A\/IXX\/7 Zsolnay Porzellanmanufaktur und Vorg\u00e4nger Erste F\u00fcnfkirchner Cement-Chamotstein und Feuerfeste Thonwaaren Fabrik Vilmos Zsolnay, Ungarn\/Austria, F\u00fcnfkirchen\/Pecs, 1888\/1889, Wandteller, K\u00fcnstler Mikl\u00f3s, Julia (verh. Sigorski) und Ter\u00e9z (verh. Mattyasovszky) Zsolnay, Werks.-Nr. 431, Exemplar Nr. ohne, &hellip; <a href=\"http:\/\/museumek.eu\/?page_id=1343\">Weiterlesen <span class=\"meta-nav\">&rarr;<\/span><\/a><\/p>\n","protected":false},"author":1,"featured_media":0,"parent":1299,"menu_order":7,"comment_status":"closed","ping_status":"closed","template":"","meta":[],"_links":{"self":[{"href":"http:\/\/museumek.eu\/index.php?rest_route=\/wp\/v2\/pages\/1343"}],"collection":[{"href":"http:\/\/museumek.eu\/index.php?rest_route=\/wp\/v2\/pages"}],"about":[{"href":"http:\/\/museumek.eu\/index.php?rest_route=\/wp\/v2\/types\/page"}],"author":[{"embeddable":true,"href":"http:\/\/museumek.eu\/index.php?rest_route=\/wp\/v2\/users\/1"}],"replies":[{"embeddable":true,"href":"http:\/\/museumek.eu\/index.php?rest_route=%2Fwp%2Fv2%2Fcomments&post=1343"}],"version-history":[{"count":4,"href":"http:\/\/museumek.eu\/index.php?rest_route=\/wp\/v2\/pages\/1343\/revisions"}],"predecessor-version":[{"id":26396,"href":"http:\/\/museumek.eu\/index.php?rest_route=\/wp\/v2\/pages\/1343\/revisions\/26396"}],"up":[{"embeddable":true,"href":"http:\/\/museumek.eu\/index.php?rest_route=\/wp\/v2\/pages\/1299"}],"wp:attachment":[{"href":"http:\/\/museumek.eu\/index.php?rest_route=%2Fwp%2Fv2%2Fmedia&parent=1343"}],"curies":[{"name":"wp","href":"https:\/\/api.w.org\/{rel}","templated":true}]}}