{"id":13437,"date":"2012-09-08T10:46:01","date_gmt":"2012-09-08T08:46:01","guid":{"rendered":"http:\/\/museumek.eu\/?page_id=13437"},"modified":"2013-07-24T13:50:34","modified_gmt":"2013-07-24T11:50:34","slug":"chii1","status":"publish","type":"page","link":"http:\/\/museumek.eu\/?page_id=13437","title":{"rendered":"CH\/II\/1"},"content":{"rendered":"<p><strong>Abteilung Schweiz, Keramik 1860 \u2013 1960, Inventarnummer CH\/II\/1<\/strong><\/p>\n<p>Porzellanfabrik Langenthal AG, Schweiz, Langenthal, 1945, Figur Deux Perruches (Sittichpaar) auf Sockel, K\u00fcnstler Edouard Marcel Sandoz, Werks.-Nr. ohne, Exemplar Nr. ohne, gemarkt Firmenmarke mit Stadtwappen, dar\u00fcber Swisse, darunter Langenthal sowie 45 (Jahr 1945) hellgr\u00fcne Stempel unter Glasur, Ed. M. Sandoz. gr\u00fcn auf Glasur gemalt, signiert = gemarkt, Literatur: Felix Marcilhac, Sandoz, Seite 546, dort identische Figur abgebildet, siehe auch ebay England, Auktion vom 28.04.2011, identische Figur versteigert, Ausf\u00fchrung in Porzellan, H\u00f6he 19 cm, Breite 8 cm<\/p>\n<p><a href=\"http:\/\/museumek.eu\/wp-content\/uploads\/2012\/09\/Museum-Europ\u00e4ischer-Keramikkunst-2861.jpg\"><img loading=\"lazy\" src=\"http:\/\/museumek.eu\/wp-content\/uploads\/2012\/09\/Museum-Europ\u00e4ischer-Keramikkunst-2861-160x300.jpg\" alt=\"\" title=\"Museum Europ\u00e4ischer Keramikkunst 2861\" width=\"160\" height=\"300\" class=\"alignnone size-medium wp-image-13438\" srcset=\"http:\/\/museumek.eu\/wp-content\/uploads\/2012\/09\/Museum-Europ\u00e4ischer-Keramikkunst-2861-160x300.jpg 160w, http:\/\/museumek.eu\/wp-content\/uploads\/2012\/09\/Museum-Europ\u00e4ischer-Keramikkunst-2861.jpg 476w\" sizes=\"(max-width: 160px) 100vw, 160px\" \/><\/a><\/p>\n<p><a href=\"http:\/\/museumek.eu\/wp-content\/uploads\/2012\/09\/Museum-Europ\u00e4ischer-Keramikkunst-2864.jpg\"><img loading=\"lazy\" src=\"http:\/\/museumek.eu\/wp-content\/uploads\/2012\/09\/Museum-Europ\u00e4ischer-Keramikkunst-2864-300x278.jpg\" alt=\"\" title=\"Museum Europ\u00e4ischer Keramikkunst 2864\" width=\"300\" height=\"278\" class=\"alignnone size-medium wp-image-13439\" srcset=\"http:\/\/museumek.eu\/wp-content\/uploads\/2012\/09\/Museum-Europ\u00e4ischer-Keramikkunst-2864-300x278.jpg 300w, http:\/\/museumek.eu\/wp-content\/uploads\/2012\/09\/Museum-Europ\u00e4ischer-Keramikkunst-2864.jpg 538w\" sizes=\"(max-width: 300px) 100vw, 300px\" \/><\/a><\/p>\n<p><a href=\"http:\/\/museumek.eu\/wp-content\/uploads\/2012\/09\/Museum-Europ\u00e4ischer-Keramikkunst-2863.jpg\"><img loading=\"lazy\" src=\"http:\/\/museumek.eu\/wp-content\/uploads\/2012\/09\/Museum-Europ\u00e4ischer-Keramikkunst-2863-300x205.jpg\" alt=\"\" title=\"Museum Europ\u00e4ischer Keramikkunst 2863\" width=\"300\" height=\"205\" class=\"alignnone size-medium wp-image-13440\" srcset=\"http:\/\/museumek.eu\/wp-content\/uploads\/2012\/09\/Museum-Europ\u00e4ischer-Keramikkunst-2863-300x205.jpg 300w, http:\/\/museumek.eu\/wp-content\/uploads\/2012\/09\/Museum-Europ\u00e4ischer-Keramikkunst-2863-437x300.jpg 437w, http:\/\/museumek.eu\/wp-content\/uploads\/2012\/09\/Museum-Europ\u00e4ischer-Keramikkunst-2863.jpg 661w\" sizes=\"(max-width: 300px) 100vw, 300px\" \/><\/a><\/p>\n<p><a href=\"http:\/\/museumek.eu\/wp-content\/uploads\/2012\/09\/Z-Langenthal-Sandoz.jpg\"><img loading=\"lazy\" src=\"http:\/\/museumek.eu\/wp-content\/uploads\/2012\/09\/Z-Langenthal-Sandoz-300x234.jpg\" alt=\"\" title=\"Z Langenthal Sandoz\" width=\"300\" height=\"234\" class=\"alignnone size-medium wp-image-13441\" srcset=\"http:\/\/museumek.eu\/wp-content\/uploads\/2012\/09\/Z-Langenthal-Sandoz-300x234.jpg 300w, http:\/\/museumek.eu\/wp-content\/uploads\/2012\/09\/Z-Langenthal-Sandoz-383x300.jpg 383w, http:\/\/museumek.eu\/wp-content\/uploads\/2012\/09\/Z-Langenthal-Sandoz.jpg 926w\" sizes=\"(max-width: 300px) 100vw, 300px\" \/><\/a><\/p>\n","protected":false},"excerpt":{"rendered":"<p>Abteilung Schweiz, Keramik 1860 \u2013 1960, Inventarnummer CH\/II\/1 Porzellanfabrik Langenthal AG, Schweiz, Langenthal, 1945, Figur Deux Perruches (Sittichpaar) auf Sockel, K\u00fcnstler Edouard Marcel Sandoz, Werks.-Nr. ohne, Exemplar Nr. ohne, gemarkt Firmenmarke mit Stadtwappen, dar\u00fcber Swisse, darunter Langenthal sowie 45 (Jahr &hellip; <a href=\"http:\/\/museumek.eu\/?page_id=13437\">Weiterlesen <span class=\"meta-nav\">&rarr;<\/span><\/a><\/p>\n","protected":false},"author":1,"featured_media":0,"parent":13434,"menu_order":1,"comment_status":"closed","ping_status":"open","template":"","meta":[],"_links":{"self":[{"href":"http:\/\/museumek.eu\/index.php?rest_route=\/wp\/v2\/pages\/13437"}],"collection":[{"href":"http:\/\/museumek.eu\/index.php?rest_route=\/wp\/v2\/pages"}],"about":[{"href":"http:\/\/museumek.eu\/index.php?rest_route=\/wp\/v2\/types\/page"}],"author":[{"embeddable":true,"href":"http:\/\/museumek.eu\/index.php?rest_route=\/wp\/v2\/users\/1"}],"replies":[{"embeddable":true,"href":"http:\/\/museumek.eu\/index.php?rest_route=%2Fwp%2Fv2%2Fcomments&post=13437"}],"version-history":[{"count":3,"href":"http:\/\/museumek.eu\/index.php?rest_route=\/wp\/v2\/pages\/13437\/revisions"}],"predecessor-version":[{"id":25451,"href":"http:\/\/museumek.eu\/index.php?rest_route=\/wp\/v2\/pages\/13437\/revisions\/25451"}],"up":[{"embeddable":true,"href":"http:\/\/museumek.eu\/index.php?rest_route=\/wp\/v2\/pages\/13434"}],"wp:attachment":[{"href":"http:\/\/museumek.eu\/index.php?rest_route=%2Fwp%2Fv2%2Fmedia&parent=13437"}],"curies":[{"name":"wp","href":"https:\/\/api.w.org\/{rel}","templated":true}]}}